{"id":34209,"date":"2025-11-28T20:44:58","date_gmt":"2025-11-28T20:44:58","guid":{"rendered":"https:\/\/asura.lv\/product\/telesin-smart-swivel-tripod-for-sports-cameras-phones-te-gpyt-001\/"},"modified":"2025-12-12T14:47:07","modified_gmt":"2025-12-12T12:47:07","slug":"telesin-smart-swivel-tripod-for-sports-cameras-phones-te-gpyt-001","status":"publish","type":"product","link":"https:\/\/asura.lv\/et\/toode\/telesin-smart-swivel-tripod-for-sports-cameras-phones-te-gpyt-001\/","title":{"rendered":"Telesin nutikas p\u00f6\u00f6rlev statiiv spordikaameratele\/telefonidele (TE-GPYT-001)"},"content":{"rendered":"<h3>Telesin nutikas p\u00f6\u00f6rlev statiiv spordikaameratele\/telefonidele (TE-GPYT-001)<\/h3>\n<p>Telesini moodne statiiv pakub teile salvestamisel mitmeid uusi v\u00f5imalusi. 360\u00b0 p\u00f6\u00f6rlev ja nutika j\u00e4lgimisfunktsiooniga statiiv v\u00f5imaldab teil luua t\u00e4pselt selliseid kaadreid, nagu soovite. Sisseehitatud HD-kaamera pakub suurep\u00e4rast pildikvaliteeti ja kuni 5-tunnine t\u00f6\u00f6aeg garanteerib teie unistuste vabaduse. Kaasasoleva kaugjuhtimispuldi abil saate statiivi kaugjuhtimisega juhtida. Lisaks v\u00f5imaldavad 1\/4 keermed teil paigaldada lisatarvikuid.<\/p>\n<p>\n<img decoding=\"async\" alt=\"\" border=\"0\" src=\"https:\/\/assets.innpro.pl\/16014\/20200\/18f847091d.jpg\"\/>\n<\/p>\n<h3>Hoiab filmitava inimese t\u00f5husalt kaadris<\/h3>\n<p>Statiiv p\u00f6\u00f6rleb 360\u00b0 ja j\u00e4lgib nutikalt teie filmitavat objekti. Selle optimaalne t\u00f6\u00f6ulatus on 1 m kuni 8 m. See teeb selle sobivaks paljudeks rakendusteks. Saate seda kasutada veebikoosolekutel, veebiseminaridel, \u00f5petuste salvestamisel ja isegi mitmesuguste toodete m\u00fc\u00fcmisel internetis. T\u00e4iustatud algoritm v\u00f5imaldab reaalajas j\u00e4lgimist, mis v\u00f5imaldab teil ka otse\u00fclekandeid teha.<\/p>\n<p>\n<img decoding=\"async\" alt=\"\" border=\"0\" src=\"https:\/\/assets.innpro.pl\/16014\/20200\/f4a7568dbb.jpg\"\/>\n<\/p>\n<h3>Paigaldage lisatarvikuid ja nautige salvestamise ajal suuremat mugavust<\/h3>\n<p>Seadme \u00fcla- ja alaosas on universaalsed 1\/4 keermed, mille abil saate kinnitada lisatarvikuid. Statiivi, valgustuse, kaamera, telefoni v\u00f5i kaamera adapteri v\u00f5i \u00e4kki mikrofoni? V\u00f5imalused on peaaegu l\u00f5putud. Lisaks saate keermeid reguleerida, et anda kinnitatud lisatarvikutele vajalik stabiilsus.<\/p>\n<p>\n<img decoding=\"async\" alt=\"\" border=\"0\" src=\"https:\/\/assets.innpro.pl\/16014\/20200\/53a7aed51e.jpg\"\/>\n<\/p>\n<h3>Looge muretsemata seadme liiga kiire t\u00fchjenemise p\u00e4rast<\/h3>\n<p>Statiiv on varustatud vastupidava 1500 mAh akuga. See v\u00f5imaldab kuni 5 tundi salvestamist p\u00e4rast \u00fchte t\u00e4ielikku laadimist, mis v\u00f5tab aega umbes 2 tundi. Lisaks ei pea te muretsema seadme enneaegse t\u00fchjenemise p\u00e4rast, kui unustate selle v\u00e4lja l\u00fclitada. Statiiv l\u00e4heb automaatselt ootere\u017eiimi p\u00e4rast 15 minutit tegevusetust.<\/p>\n<p>\n<img decoding=\"async\" alt=\"\" border=\"0\" src=\"https:\/\/assets.innpro.pl\/16014\/20200\/61fbe74919.jpg\"\/>\n<\/p>\n<h3>HD panoraamkaamera \u2013 veelgi rohkem rakendusi<\/h3>\n<p>Seadme sisseehitatud HD-kaamerat saab kasutada ka veebikaamerana. Seade \u00fchildub enamiku populaarsete kaubam\u00e4rkide s\u00fclearvutitega. Nii saate nautida suurep\u00e4rase kvaliteediga videok\u00f5nesid s\u00f5prade, pere v\u00f5i kolleegidega! Selle funktsiooni kasutamiseks vajate adapterit.<\/p>\n<p>\n<img decoding=\"async\" alt=\"\" border=\"0\" src=\"https:\/\/assets.innpro.pl\/16014\/20200\/e7fc28a446.jpg\"\/>\n<\/p>\n<h3>Avastage kaugjuhtimispuldi eelised<\/h3>\n<p>Leiate ka h\u00f5lpsasti kasutatava kaugjuhtimispuldi, mis muudab teie t\u00f6\u00f6 nutika statiiviga veelgi lihtsamaks. Selle abil saate seadet mugavalt kaugelt juhtida. Saate seda mitte ainult sisse v\u00f5i v\u00e4lja l\u00fclitada, vaid aktiveerida ka j\u00e4lgimisfunktsiooni. Samuti saate juhtida statiivi p\u00f6\u00f6rlemist.<\/p>\n<p>\n<img decoding=\"async\" alt=\"\" border=\"0\" src=\"https:\/\/assets.innpro.pl\/16014\/20200\/38d6af5b74.jpg\"\/>\n<\/p>\n<h3>Paki sisu<\/h3>\n<ul class=\"list-disc pl-5\">\n<li>Telesin TE-GPYT-001 nutikas statiiv<\/li>\n<li>C-t\u00fc\u00fcpi laadimiskaabel<\/li>\n<li>Kaugjuhtimispult<\/li>\n<li>Kasutusjuhend<\/li>\n<\/ul>\n<div class=\"table-wrapper\">\n<p>\u0412\u00a0<\/p>\n<h3><\/h3>\n<table>\n<tbody>\n<tr>\n<th>Tootja<\/th>\n<td>Telesin<\/td>\n<\/tr>\n<tr>\n<th>Nimi<\/th>\n<td>Nutikas j\u00e4lgimispaneel Kallutus<\/td>\n<\/tr>\n<tr>\n<th>Mudel<\/th>\n<td>TE-GPYT-001<\/td>\n<\/tr>\n<tr>\n<th>Aku<\/th>\n<td>Liitiumioon 3,7<\/td>\n<\/tr>\n<tr>\n<th>Aku mahtuvus<\/th>\n<td>1500mAh<\/td>\n<\/tr>\n<tr>\n<th>Laadimisport<\/th>\n<td>C-t\u00fc\u00fcp, 800mA<\/td>\n<\/tr>\n<tr>\n<th>Nimipinge<\/th>\n<td>5V<\/td>\n<\/tr>\n<tr>\n<th>Laadimisaeg<\/th>\n<td>2 tundi<\/td>\n<\/tr>\n<tr>\n<th>Kaugjuhtimispuldi kaugus<\/th>\n<td>0\u201310 m (optimaalne kaugus: 1\u20138 m)<\/td>\n<\/tr>\n<tr>\n<th>M\u00f5\u00f5tmed<\/th>\n<td>6,2 x 6 x 8,6 cm<\/td>\n<\/tr>\n<tr>\n<th>Kaal<\/th>\n<td>193g<\/td>\n<\/tr>\n<\/tbody>\n<\/table>\n<\/div>\n","protected":false},"excerpt":{"rendered":"<p>Telesin nutikas p\u00f6\u00f6rlev statiiv spordikaameratele\/telefonidele (TE-GPYT-001) Telesini moodne statiiv pakub teile salvestamisel mitmeid uusi v\u00f5imalusi. 360\u00b0 p\u00f6\u00f6rlev ja nutika j\u00e4lgimisfunktsiooniga statiiv v\u00f5imaldab teil luua t\u00e4pselt selliseid kaadreid, nagu soovite. Sisseehitatud HD-kaamera pakub suurep\u00e4rast pildikvaliteeti ja kuni 5-tunnine t\u00f6\u00f6aeg garanteerib teie unistuste vabaduse. Kaasasoleva kaugjuhtimispuldi abil saate statiivi kaugjuhtimisega juhtida. Lisaks v\u00f5imaldavad 1\/4 keermed teil paigaldada [&#8230;]\n","protected":false},"featured_media":34210,"comment_status":"open","ping_status":"closed","template":"","meta":[],"product_brand":[296],"product_cat":[1110],"product_tag":[],"class_list":{"0":"post-34209","1":"product","2":"type-product","3":"status-publish","4":"has-post-thumbnail","6":"product_brand-telesin","7":"product_cat-tripods-mounts","9":"first","10":"outofstock","11":"taxable","12":"shipping-taxable","13":"purchasable","14":"product-type-simple"},"aioseo_notices":[],"_links":{"self":[{"href":"https:\/\/asura.lv\/et\/wp-json\/wp\/v2\/product\/34209","targetHints":{"allow":["GET"]}}],"collection":[{"href":"https:\/\/asura.lv\/et\/wp-json\/wp\/v2\/product"}],"about":[{"href":"https:\/\/asura.lv\/et\/wp-json\/wp\/v2\/types\/product"}],"replies":[{"embeddable":true,"href":"https:\/\/asura.lv\/et\/wp-json\/wp\/v2\/comments?post=34209"}],"wp:featuredmedia":[{"embeddable":true,"href":"https:\/\/asura.lv\/et\/wp-json\/wp\/v2\/media\/34210"}],"wp:attachment":[{"href":"https:\/\/asura.lv\/et\/wp-json\/wp\/v2\/media?parent=34209"}],"wp:term":[{"taxonomy":"product_brand","embeddable":true,"href":"https:\/\/asura.lv\/et\/wp-json\/wp\/v2\/product_brand?post=34209"},{"taxonomy":"product_cat","embeddable":true,"href":"https:\/\/asura.lv\/et\/wp-json\/wp\/v2\/product_cat?post=34209"},{"taxonomy":"product_tag","embeddable":true,"href":"https:\/\/asura.lv\/et\/wp-json\/wp\/v2\/product_tag?post=34209"}],"curies":[{"name":"wp","href":"https:\/\/api.w.org\/{rel}","templated":true}]}}