{"id":34245,"date":"2025-11-28T20:44:52","date_gmt":"2025-11-28T20:44:52","guid":{"rendered":"https:\/\/asura.lv\/product\/baseus-golden-contactor-pro-car-charger-2x-usb-40w-gray-cable-usb-to-usb-c-1m-black\/"},"modified":"2025-12-12T14:47:06","modified_gmt":"2025-12-12T12:47:06","slug":"baseus-golden-contactor-pro-car-charger-2x-usb-40w-gray-cable-usb-to-usb-c-1m-black","status":"publish","type":"product","link":"https:\/\/asura.lv\/et\/toode\/baseus-golden-contactor-pro-car-charger-2x-usb-40w-gray-cable-usb-to-usb-c-1m-black\/","title":{"rendered":"Baseus Golden Contactor Pro autolaadija 2x USB, 40W (hall) + USB-C kaabel 1m (must)"},"content":{"rendered":"<h3>Baseus Golden Contactor Pro autolaadija, 2x USB, 40W (hall) + USB-C kaabel 1m (must).<\/h3>\n<\/p>\n<p>Baseuse autolaadija toetab 3 kiirlaadimisprotokolli. Qualcomm Quick Charge 3.0 laeb teie seadet 4 korda kiiremini kui tavaline laadija. Lisaks tagab Quick Charge 3.0, 2.0, AFC ja MTK tagasi\u00fchilduvus kiireima laadimisv\u00f5imaluse. QC-\u00fchilduvate telefonide hulka kuulub Xiaomi 10\/9. Huawei kiirlaadimisprotokoll muudab teie seadme laadimise kiiremaks ja ei kuumene laadimise ajal palju. \u00dchilduvate telefonide hulka kuuluvad n\u00e4iteks Huawei Mate 30 v\u00f5i Honor Magic 2. Nagu Huaweil, on ka Samsungil oma kiirlaadimisprotokoll. Samsung Adaptive Charge&#8217;iga laeb teie telefon palju kiiremini kui tavalise laadijaga. Samsungi tehnoloogia laeb selliseid mudeleid nagu S20, S9 jne.<\/p>\n<\/p>\n<p>\n<img decoding=\"async\" border=\"0\" src=\"https:\/\/assets.innpro.pl\/5053\/5948\/3.jpg\"\/>\n<\/p>\n<h3>Viimistlus<\/h3>\n<\/p>\n<p>Vastupidavast PC-st ja ABS-materjalidest valmistatud korpus on kriimustuskindel. Kiire soojusjuhtivusega metall aitab laadijal hoida madalat temperatuuri, nii et seadme laadimine on ohutu. Libisemiskindel disain tagab stabiilsuse ja turvalisuse, nii et teie seade laeb turvaliselt isegi konarlikul teel. Kompaktne suurus muudab seadme ideaalselt sobivaks enamiku auto sigaretis\u00fc\u00fctajate jaoks. LED-taustvalgustus lisab ainulaadse v\u00e4limuse ja v\u00f5imaldab laadija pimedas kiiresti \u00fcles leida. Lisaks on kaasas 5A USB-C kaabel, mis toetab selliseid kiirlaadimisprotokolle nagu: Qualcomm Quick Charge 3.0, Huawei Fast Charge Protocol ja Samsung Adaptive Charge. Lisaks on see valmistatud vastupidavatest materjalidest, nii et saate seda ohutult ja pikka aega kasutada.<\/p>\n<\/p>\n<p>\n<img decoding=\"async\" border=\"0\" src=\"https:\/\/assets.innpro.pl\/5053\/5948\/4.jpg\"\/>\n<\/p>\n<h3>7 turvataset<\/h3>\n<\/p>\n<p style=\"text-align:start\">Baseuse laadija on l\u00e4binud arvukalt ohutusteste ja teeninud mitu sertifikaati, nii et saate seda muretult kasutada. Juhtimiskiibistik kohandab voolu igale seadmele ja kaitseb seda kahjustuste eest. 7 kaitsetasemega on nii teie seade kui ka laadija kaitstud \u00fclelaadimise, \u00fclet\u00fchjendamise, \u00fclepinge, \u00fclekuumenemise, liigvoolu, l\u00fchise ja elektromagnetv\u00e4lja eest.<\/p>\n<\/p>\n<p>\n<img decoding=\"async\" border=\"0\" src=\"https:\/\/assets.innpro.pl\/5053\/5948\/1.jpg\"\/>\n<\/p>\n<div class=\"table-wrapper\">\n<p>B\u00a0<\/p>\n<h3><\/h3>\n<table>\n<tbody>\n<tr>\n<th>Tootja<\/th>\n<td>Baseus<\/td>\n<\/tr>\n<tr>\n<th>Mudel<\/th>\n<td>TZCCJD-A0G<\/td>\n<\/tr>\n<tr>\n<th>Kindlustatud <\/th>\n<td>ABS (leegikindel) + alumiinium + Arvuti<\/td>\n<\/tr>\n<tr>\n<th>\u00dchilduvus<\/th>\n<td>Universaalne<\/td>\n<\/tr>\n<tr>\n<th>V\u00e4rv<\/th>\n<td>hall<\/td>\n<\/tr>\n<tr>\n<th>Sisendpinge<\/th>\n<td>DC 12V-24V<\/td>\n<\/tr>\n<tr>\n<th>M\u00f5\u00f5tmed<\/th>\n<td>55mm x 26,5mm<\/td>\n<\/tr>\n<tr>\n<th>V\u00e4ljundpinge<\/th>\n<td>USB-A: 5V\/3A, 9V\/2A, 10V\/2A, 12V\/1,5A 20W max; USB-A: 5V\/3A, 9V\/2A, 10V\/2A, 12V\/1,5A 20W max; USB-A + USB-A = 20W + 20W (40W max)<\/td>\n<\/tr>\n<tr>\n<th>Kaabel mudel<\/th>\n<td>Lihtne juhtmestik USB &#8211; C-t\u00fc\u00fcp 5A<\/td>\n<\/tr>\n<tr>\n<th>Kaabli pikkus<\/th>\n<td>1m<\/td>\n<\/tr>\n<tr>\n<th>Kaabli viimistlus<\/th>\n<td>TPE<\/td>\n<\/tr>\n<tr>\n<th>Kaabli v\u00f5imsusintensiivsus<\/th>\n<td>5A<\/td>\n<\/tr>\n<\/tbody>\n<\/table>\n<\/div>\n","protected":false},"excerpt":{"rendered":"<p>Baseus Golden Contactor Pro autolaadija, 2x USB, 40W (hall) + USB-C kaabel 1m (must). Baseuse autolaadija toetab 3 kiirlaadimisprotokolli. Qualcomm Quick Charge 3.0 laeb teie seadet 4 korda kiiremini kui tavaline laadija. Lisaks tagab Quick Charge 3.0, 2.0, AFC ja MTK tagasi\u00fchilduvus kiireima laadimisv\u00f5imaluse. QC-\u00fchilduvate telefonide hulka kuulub Xiaomi 10\/9. Huawei kiirlaadimisprotokoll muudab teie seadme [&#8230;]\n","protected":false},"featured_media":34246,"comment_status":"open","ping_status":"closed","template":"","meta":[],"product_brand":[95],"product_cat":[1284],"product_tag":[],"class_list":{"0":"post-34245","1":"product","2":"type-product","3":"status-publish","4":"has-post-thumbnail","6":"product_brand-baseus","7":"product_cat-car-chargers","9":"first","10":"outofstock","11":"taxable","12":"shipping-taxable","13":"purchasable","14":"product-type-simple"},"aioseo_notices":[],"_links":{"self":[{"href":"https:\/\/asura.lv\/et\/wp-json\/wp\/v2\/product\/34245","targetHints":{"allow":["GET"]}}],"collection":[{"href":"https:\/\/asura.lv\/et\/wp-json\/wp\/v2\/product"}],"about":[{"href":"https:\/\/asura.lv\/et\/wp-json\/wp\/v2\/types\/product"}],"replies":[{"embeddable":true,"href":"https:\/\/asura.lv\/et\/wp-json\/wp\/v2\/comments?post=34245"}],"wp:featuredmedia":[{"embeddable":true,"href":"https:\/\/asura.lv\/et\/wp-json\/wp\/v2\/media\/34246"}],"wp:attachment":[{"href":"https:\/\/asura.lv\/et\/wp-json\/wp\/v2\/media?parent=34245"}],"wp:term":[{"taxonomy":"product_brand","embeddable":true,"href":"https:\/\/asura.lv\/et\/wp-json\/wp\/v2\/product_brand?post=34245"},{"taxonomy":"product_cat","embeddable":true,"href":"https:\/\/asura.lv\/et\/wp-json\/wp\/v2\/product_cat?post=34245"},{"taxonomy":"product_tag","embeddable":true,"href":"https:\/\/asura.lv\/et\/wp-json\/wp\/v2\/product_tag?post=34245"}],"curies":[{"name":"wp","href":"https:\/\/api.w.org\/{rel}","templated":true}]}}