{"id":34299,"date":"2025-11-28T20:44:47","date_gmt":"2025-11-28T20:44:47","guid":{"rendered":"https:\/\/asura.lv\/product\/dji-fpv-intelligent-flight-battery\/"},"modified":"2025-12-12T14:47:03","modified_gmt":"2025-12-12T12:47:03","slug":"dji-fpv-intelligent-flight-battery","status":"publish","type":"product","link":"https:\/\/asura.lv\/et\/toode\/dji-fpv-intelligent-flight-battery\/","title":{"rendered":"DJI FPV intelligentne lennuaku"},"content":{"rendered":"<h3 style=\"text-align: center;\">DJI FPV nutikas aku<\/h3>\n<p style=\"text-align: justify;\">Aku mahtuvus on kuni 44,4 Wh, mis v\u00f5imaldab teil lennata kuni umbes 20 minutit. Sisseehitatud intelligentne aku halduss\u00fcsteem j\u00e4lgib selle olekut reaalajas, v\u00f5imaldades teil muretult lennata.<\/p>\n<p>\u0412\u00a0<\/p>\n<h3>Spetsifikatsioonid<\/h3>\n<p>\u0412\u00a0<\/p>\n<table>\n<tbody>\n<tr>\n<th style=\"min-width: 300px;\">Aku mahtuvus<\/th>\n<td>2000 mAh<\/td>\n<\/tr>\n<tr style=\"background-color: #f7f7f7;\">\n<th>Pinge<\/th>\n<td>22,2 V<\/td>\n<\/tr>\n<tr>\n<th>Maks. Laadimispinge<\/th>\n<td>25,2 V<\/td>\n<\/tr>\n<tr style=\"background-color: #f7f7f7;\">\n<th>Aku t\u00fc\u00fcp<\/th>\n<td>LiPo 6S<\/td>\n<\/tr>\n<tr>\n<th>Energia<\/th>\n<td>44,4 Wh @ 0,5C<\/td>\n<\/tr>\n<tr style=\"background-color: #f7f7f7;\">\n<th>T\u00fchjenduskiirus<\/th>\n<td>Standard: 10C<\/td>\n<\/tr>\n<tr>\n<th>Kaal<\/th>\n<td>Ligikaudu 295g<\/td>\n<\/tr>\n<tr style=\"background-color: #f7f7f7;\">\n<th>Laadimistemperatuuri vahemik<\/th>\n<td>5\u00b0 kuni 40\u00b0C<\/td>\n<\/tr>\n<tr>\n<th>Max. laadimisv\u00f5imsus<\/th>\n<td>90 W<\/td>\n<\/tr>\n<\/tbody>\n<\/table>\n<p>B\u00a0<\/p>\n<p>B\u00a0<\/p>\n","protected":false},"excerpt":{"rendered":"<p>DJI FPV nutikas aku Aku mahtuvus on kuni 44,4 Wh, mis v\u00f5imaldab teil lennata kuni umbes 20 minutit. Sisseehitatud intelligentne aku halduss\u00fcsteem j\u00e4lgib selle olekut reaalajas, v\u00f5imaldades teil muretult lennata. \u0412\u00a0 Spetsifikatsioonid \u0412\u00a0 Aku mahtuvus 2000 mAh Pinge 22,2 V Maks. Laadimispinge 25,2 V Aku t\u00fc\u00fcp LiPo 6S Energia 44,4 Wh @ 0,5C T\u00fchjenduskiirus Standard: [&#8230;]\n","protected":false},"featured_media":34300,"comment_status":"open","ping_status":"closed","template":"","meta":[],"product_brand":[89],"product_cat":[1026],"product_tag":[],"class_list":{"0":"post-34299","1":"product","2":"type-product","3":"status-publish","4":"has-post-thumbnail","6":"product_brand-dji","7":"product_cat-dji","9":"first","10":"outofstock","11":"taxable","12":"shipping-taxable","13":"purchasable","14":"product-type-simple"},"aioseo_notices":[],"_links":{"self":[{"href":"https:\/\/asura.lv\/et\/wp-json\/wp\/v2\/product\/34299","targetHints":{"allow":["GET"]}}],"collection":[{"href":"https:\/\/asura.lv\/et\/wp-json\/wp\/v2\/product"}],"about":[{"href":"https:\/\/asura.lv\/et\/wp-json\/wp\/v2\/types\/product"}],"replies":[{"embeddable":true,"href":"https:\/\/asura.lv\/et\/wp-json\/wp\/v2\/comments?post=34299"}],"wp:featuredmedia":[{"embeddable":true,"href":"https:\/\/asura.lv\/et\/wp-json\/wp\/v2\/media\/34300"}],"wp:attachment":[{"href":"https:\/\/asura.lv\/et\/wp-json\/wp\/v2\/media?parent=34299"}],"wp:term":[{"taxonomy":"product_brand","embeddable":true,"href":"https:\/\/asura.lv\/et\/wp-json\/wp\/v2\/product_brand?post=34299"},{"taxonomy":"product_cat","embeddable":true,"href":"https:\/\/asura.lv\/et\/wp-json\/wp\/v2\/product_cat?post=34299"},{"taxonomy":"product_tag","embeddable":true,"href":"https:\/\/asura.lv\/et\/wp-json\/wp\/v2\/product_tag?post=34299"}],"curies":[{"name":"wp","href":"https:\/\/api.w.org\/{rel}","templated":true}]}}