{"id":34407,"date":"2025-11-28T20:44:37","date_gmt":"2025-11-28T20:44:37","guid":{"rendered":"https:\/\/asura.lv\/product\/ecoflow-solar-extension-cable-3m\/"},"modified":"2025-12-12T14:46:56","modified_gmt":"2025-12-12T12:46:56","slug":"ecoflow-solar-extension-cable-3m","status":"publish","type":"product","link":"https:\/\/asura.lv\/et\/toode\/ecoflow-solar-extension-cable-3m\/","title":{"rendered":"EcoFlow p\u00e4ikesepaneeli pikenduskaabel 3m"},"content":{"rendered":"<h3>Pikenduskaabel EcoFlow p\u00e4ikesepaneelidele MC4 3m<\/h3>\n<p>MC4 pikenduskaabel v\u00f5imaldab teil oma p\u00e4ikesepaneele veelgi mugavamalt valitud seadmega \u00fchendada. Selle pikkus on kuni 3 m, mis annab teile suurema paindlikkuse \u2013 n\u00fc\u00fcd saate oma paneele h\u00f5lpsalt paigutada nii, et need saaksid parimat p\u00e4ikesevalgust. Hankige veelgi rohkem rohelist p\u00e4ikeseenergiat ja s\u00e4\u00e4stke oma elektriarvetelt!<\/p>\n<p><img decoding=\"async\" src=\"https:\/\/b2b.innpro.pl\/data\/include\/cms\/12EcoFlow\/Extension-cable-EcoFlow-for-photovoltaic-MC4-panels-3m\/1.jpg\" border=\"0\" alt=\"12EcoFlow\/Extension-cable-EcoFlow-for-photovoltaic-MC4-panels-3m\/1\" \/><\/p>\n<div class=\"table-wrapper\">\n<table>\n<tbody>\n<tr>\n<th>Kaubam\u00e4rk<\/th>\n<td>EcoFlow<\/td>\n<\/tr>\n<tr>\n<th>Nimi<\/th>\n<td>EcoFlow pikenduskaabel MC4 p\u00e4ikesepaneelidele<\/td>\n<\/tr>\n<tr>\n<th>Pikkus<\/th>\n<td>3 m<\/td>\n<\/tr>\n<\/tbody>\n<\/table>\n<\/div>\n","protected":false},"excerpt":{"rendered":"<p>Pikenduskaabel EcoFlow p\u00e4ikesepaneelidele MC4 3m MC4 pikenduskaabel v\u00f5imaldab teil oma p\u00e4ikesepaneele veelgi mugavamalt valitud seadmega \u00fchendada. Selle pikkus on kuni 3 m, mis annab teile suurema paindlikkuse \u2013 n\u00fc\u00fcd saate oma paneele h\u00f5lpsalt paigutada nii, et need saaksid parimat p\u00e4ikesevalgust. Hankige veelgi rohkem rohelist p\u00e4ikeseenergiat ja s\u00e4\u00e4stke oma elektriarvetelt! Kaubam\u00e4rk EcoFlow Nimi EcoFlow pikenduskaabel MC4 [&#8230;]\n","protected":false},"featured_media":34408,"comment_status":"open","ping_status":"closed","template":"","meta":[],"product_brand":[247],"product_cat":[978],"product_tag":[],"class_list":{"0":"post-34407","1":"product","2":"type-product","3":"status-publish","4":"has-post-thumbnail","6":"product_brand-ecoflow","7":"product_cat-accessories-power-stations","9":"first","10":"outofstock","11":"taxable","12":"shipping-taxable","13":"purchasable","14":"product-type-simple"},"aioseo_notices":[],"_links":{"self":[{"href":"https:\/\/asura.lv\/et\/wp-json\/wp\/v2\/product\/34407","targetHints":{"allow":["GET"]}}],"collection":[{"href":"https:\/\/asura.lv\/et\/wp-json\/wp\/v2\/product"}],"about":[{"href":"https:\/\/asura.lv\/et\/wp-json\/wp\/v2\/types\/product"}],"replies":[{"embeddable":true,"href":"https:\/\/asura.lv\/et\/wp-json\/wp\/v2\/comments?post=34407"}],"wp:featuredmedia":[{"embeddable":true,"href":"https:\/\/asura.lv\/et\/wp-json\/wp\/v2\/media\/34408"}],"wp:attachment":[{"href":"https:\/\/asura.lv\/et\/wp-json\/wp\/v2\/media?parent=34407"}],"wp:term":[{"taxonomy":"product_brand","embeddable":true,"href":"https:\/\/asura.lv\/et\/wp-json\/wp\/v2\/product_brand?post=34407"},{"taxonomy":"product_cat","embeddable":true,"href":"https:\/\/asura.lv\/et\/wp-json\/wp\/v2\/product_cat?post=34407"},{"taxonomy":"product_tag","embeddable":true,"href":"https:\/\/asura.lv\/et\/wp-json\/wp\/v2\/product_tag?post=34407"}],"curies":[{"name":"wp","href":"https:\/\/api.w.org\/{rel}","templated":true}]}}