{"id":34413,"date":"2025-11-28T20:44:37","date_gmt":"2025-11-28T20:44:37","guid":{"rendered":"https:\/\/asura.lv\/product\/ecoflow-cable-solar-parallel-connection-30cm\/"},"modified":"2025-12-12T14:46:56","modified_gmt":"2025-12-12T12:46:56","slug":"ecoflow-cable-solar-parallel-connection-30cm","status":"publish","type":"product","link":"https:\/\/asura.lv\/et\/toode\/ecoflow-cable-solar-parallel-connection-30cm\/","title":{"rendered":"EcoFlow p\u00e4ikesepaneelide paralleel\u00fchenduskaabel 30 cm"},"content":{"rendered":"<h3>EcoFlow kaabel 30 cm p\u00e4ikesepaneelide paralleel\u00fchenduseks<\/h3>\n<p>EcoFlow kaabel v\u00f5imaldab teil p\u00e4ikeseenergiat t\u00f5husalt kasutada. See kaabel v\u00f5imaldab teil \u00fchendada fotogalvaanilisi paneele paralleelselt, mida saate l\u00fchikese aja jooksul samaaegselt laadida, suurendades nende koguv\u00f5imsust.<\/p>\n<p><img decoding=\"async\" src=\"https:\/\/b2b.innpro.pl\/data\/include\/cms\/12EcoFlow\/Solar-Parallel-Connection-MC4-30cm\/1.jpg\" alt=\"12EcoFlow\/Solar-Parallel-Connection-MC4-30cm\/1\"><\/p>\n<div class=\"table-wrapper\">\n<table>\n<tbody>\n<tr>\n<th>Tootja<\/th>\n<td>EcoFlow<\/td>\n<\/tr>\n<tr>\n<th>Pikkus <\/th>\n<td>30 cm<\/td>\n<\/tr>\n<\/tbody>\n<\/table>\n<\/div>\n","protected":false},"excerpt":{"rendered":"<p>EcoFlow kaabel 30 cm p\u00e4ikesepaneelide paralleel\u00fchenduseks EcoFlow kaabel v\u00f5imaldab teil p\u00e4ikeseenergiat t\u00f5husalt kasutada. See kaabel v\u00f5imaldab teil \u00fchendada fotogalvaanilisi paneele paralleelselt, mida saate l\u00fchikese aja jooksul samaaegselt laadida, suurendades nende koguv\u00f5imsust. Tootja EcoFlow Pikkus 30 cm<\/p>\n","protected":false},"featured_media":34414,"comment_status":"open","ping_status":"closed","template":"","meta":[],"product_brand":[247],"product_cat":[978],"product_tag":[],"class_list":{"0":"post-34413","1":"product","2":"type-product","3":"status-publish","4":"has-post-thumbnail","6":"product_brand-ecoflow","7":"product_cat-accessories-power-stations","9":"first","10":"outofstock","11":"taxable","12":"shipping-taxable","13":"purchasable","14":"product-type-simple"},"aioseo_notices":[],"_links":{"self":[{"href":"https:\/\/asura.lv\/et\/wp-json\/wp\/v2\/product\/34413","targetHints":{"allow":["GET"]}}],"collection":[{"href":"https:\/\/asura.lv\/et\/wp-json\/wp\/v2\/product"}],"about":[{"href":"https:\/\/asura.lv\/et\/wp-json\/wp\/v2\/types\/product"}],"replies":[{"embeddable":true,"href":"https:\/\/asura.lv\/et\/wp-json\/wp\/v2\/comments?post=34413"}],"wp:featuredmedia":[{"embeddable":true,"href":"https:\/\/asura.lv\/et\/wp-json\/wp\/v2\/media\/34414"}],"wp:attachment":[{"href":"https:\/\/asura.lv\/et\/wp-json\/wp\/v2\/media?parent=34413"}],"wp:term":[{"taxonomy":"product_brand","embeddable":true,"href":"https:\/\/asura.lv\/et\/wp-json\/wp\/v2\/product_brand?post=34413"},{"taxonomy":"product_cat","embeddable":true,"href":"https:\/\/asura.lv\/et\/wp-json\/wp\/v2\/product_cat?post=34413"},{"taxonomy":"product_tag","embeddable":true,"href":"https:\/\/asura.lv\/et\/wp-json\/wp\/v2\/product_tag?post=34413"}],"curies":[{"name":"wp","href":"https:\/\/api.w.org\/{rel}","templated":true}]}}