{"id":34539,"date":"2025-11-28T20:44:24","date_gmt":"2025-11-28T20:44:24","guid":{"rendered":"https:\/\/asura.lv\/product\/baseus-super-si-quick-charger-1c-20w-white\/"},"modified":"2025-12-12T14:46:50","modified_gmt":"2025-12-12T12:46:50","slug":"baseus-super-si-quick-charger-1c-20w-white","status":"publish","type":"product","link":"https:\/\/asura.lv\/et\/toode\/baseus-super-si-quick-charger-1c-20w-white\/","title":{"rendered":"Baseus Super Si kiirlaadija 1C 20W (valge)"},"content":{"rendered":"<h3>Baseus Super Si kiirlaadija 1C<\/h3>\n<p>Kompaktne Baseus 1C laadija v\u00f5imaldab seadmete kiiret laadimist kuni 20W v\u00f5imsusega. T\u00e4nu keerukale turvas\u00fcsteemile kaitseb see toiteallikat kahjustuste eest. See \u00fchildub k\u00f5igi nutitelefonide ja tahvelarvutitega ning vahelduvpinge vahemik 100\u2013240V v\u00f5imaldab seda kasutada peaaegu k\u00f5ikjal maailmas. Selle tohutud v\u00f5imalused k\u00e4ivad k\u00e4sik\u00e4es v\u00e4ikese suurusega \u2013 see mahub kergesti isegi taskusse!<\/p>\n<p><img decoding=\"async\" src=\"https:\/\/b2b.innpro.pl\/data\/include\/cms\/0011Baseus\/TZCCSUP\/0_01.jpg\"><\/p>\n<h3>Kuni 3 korda kiirem laadimine<\/h3>\n<p>Selle praktilise seadmega saate PD-toega telefone laadida kuni 3 korda kiiremini kui traditsiooniliste laadijatega. See v\u00f5imaldab teil laadida umbes 50% akust vaid 30 minutiga. See on suurep\u00e4rane aja kokkuhoid \u2013 te ei pea tunde ootama, kuni teie nutitelefon on uuesti kasutusvalmis!<\/p>\n<p><img decoding=\"async\" src=\"https:\/\/b2b.innpro.pl\/data\/include\/cms\/0011Baseus\/TZCCSUP\/0_02.jpg\"><\/p>\n<h3>\u00dcletamatu kasutajaohutus<\/h3>\n<p>Baseuse laadija reguleerib automaatselt voolutugevust vastavalt toidetavale seadmele, et tagada optimaalne laadimiskiirus ja kaitsta seda kahjustuste eest. Seadmel on ka spetsiaalne kaitse \u00fclekoormuse, l\u00fchise ja \u00fclekuumenemise eest. ABS-korpus aitab kaasa soojuse t\u00f5husamale jaotumisele, kaitstes teid p\u00f5letuste eest ja hoides \u00e4ra laadija kahjustumise.<\/p>\n<p><img decoding=\"async\" src=\"https:\/\/b2b.innpro.pl\/data\/include\/cms\/0011Baseus\/TZCCSUP\/0_04.jpg\"><\/p>\n<h3>See laeb paljusid erinevaid seadmeid<\/h3>\n<p>Toode \u00fchildub k\u00f5igi iPhone&#8217;idega, mis toetavad kiirlaadimist. See t\u00f6\u00f6tab suurep\u00e4raselt ka Androidi nutitelefonide v\u00f5i tahvelarvutitega. Samuti saab seda edukalt kasutada koos v\u00e4liste akupankade, laualampide v\u00f5i pihuventilaatoritega. Paljude kiirlaadimisprotokollide tugi muudab selle ainulaadse laadija sobivaks peaaegu igaks olukorraks!<\/p>\n<p><img decoding=\"async\" src=\"https:\/\/b2b.innpro.pl\/data\/include\/cms\/0011Baseus\/TZCCSUP\/0_10.jpg\"><\/p>\n<h3>Suured v\u00f5imalused, v\u00e4ikesed m\u00f5\u00f5tmed<\/h3>\n<p>T\u00e4nu Super Si tehnoloogia kasutamisele oli v\u00f5imalik laadija suurust v\u00e4hendada, suurendades samal ajal selle mahtuvust. Seade on \u00e4\u00e4rmiselt t\u00f5hus ja ohutu kasutada. See t\u00f6\u00f6tab ka k\u00f5rgetel temperatuuridel. Siiski on see \u00e4\u00e4rmiselt v\u00e4ike ja kerge \u2013 see ei koorma teie pagasit, mahub kotti v\u00f5i isegi taskusse ja seda saab kaasa v\u00f5tta k\u00f5ikjale, kus seda vaja on.<\/p>\n<p><img decoding=\"async\" src=\"https:\/\/b2b.innpro.pl\/data\/include\/cms\/0011Baseus\/TZCCSUP\/0_05.jpg\"><\/p>\n<div class=\"table-wrapper\">\n<table class=\"table-specs\" style=\"margin-left: auto; margin-right: auto;\">\n<tbody>\n<tr>\n<th><span>Kaubam\u00e4rk<\/span><\/th>\n<td><span>Baseus<\/span><\/td>\n<\/tr>\n<tr>\n<th><span>Nimi<\/span><\/th>\n<td><span>Super Si kiirlaadija 1C<\/span><\/td>\n<\/tr>\n<tr>\n<th><span>Mudel<\/span><\/th>\n<td><span>CCSUP-B02<\/span><\/td>\n<\/tr>\n<tr>\n<th><span>Kaal<\/span><\/th>\n<td><span>49g<\/span><\/td>\n<\/tr>\n<tr>\n<th><span>V\u00e4rv<\/span><\/th>\n<td><span>Valge<\/span><\/td>\n<\/tr>\n<tr>\n<th><span>Sisend<\/span><\/th>\n<td><span>Vahelduvvool 100V-240V~, 50\/60Hz, 0.8A<\/span><\/td>\n<\/tr>\n<tr>\n<th><span>USB-C v\u00e4ljund<\/span><\/th>\n<td><span>5V=3A, 9V=2A, 9V=2.22A, 12V=1.67A 15 V = 1,3 A, maks. 20 W.<\/span><\/td>\n<\/tr>\n<\/tbody>\n<\/table>\n<\/div>\n","protected":false},"excerpt":{"rendered":"<p>Baseus Super Si kiirlaadija 1C Kompaktne Baseus 1C laadija v\u00f5imaldab seadmete kiiret laadimist kuni 20W v\u00f5imsusega. T\u00e4nu keerukale turvas\u00fcsteemile kaitseb see toiteallikat kahjustuste eest. See \u00fchildub k\u00f5igi nutitelefonide ja tahvelarvutitega ning vahelduvpinge vahemik 100\u2013240V v\u00f5imaldab seda kasutada peaaegu k\u00f5ikjal maailmas. Selle tohutud v\u00f5imalused k\u00e4ivad k\u00e4sik\u00e4es v\u00e4ikese suurusega \u2013 see mahub kergesti isegi taskusse! Kuni 3 [&#8230;]\n","protected":false},"featured_media":34540,"comment_status":"open","ping_status":"closed","template":"","meta":[],"product_brand":[95],"product_cat":[1098],"product_tag":[],"class_list":{"0":"post-34539","1":"product","2":"type-product","3":"status-publish","4":"has-post-thumbnail","6":"product_brand-baseus","7":"product_cat-mains-chargers-chargers-gsm-accessories","9":"first","10":"outofstock","11":"taxable","12":"shipping-taxable","13":"purchasable","14":"product-type-simple"},"aioseo_notices":[],"_links":{"self":[{"href":"https:\/\/asura.lv\/et\/wp-json\/wp\/v2\/product\/34539","targetHints":{"allow":["GET"]}}],"collection":[{"href":"https:\/\/asura.lv\/et\/wp-json\/wp\/v2\/product"}],"about":[{"href":"https:\/\/asura.lv\/et\/wp-json\/wp\/v2\/types\/product"}],"replies":[{"embeddable":true,"href":"https:\/\/asura.lv\/et\/wp-json\/wp\/v2\/comments?post=34539"}],"wp:featuredmedia":[{"embeddable":true,"href":"https:\/\/asura.lv\/et\/wp-json\/wp\/v2\/media\/34540"}],"wp:attachment":[{"href":"https:\/\/asura.lv\/et\/wp-json\/wp\/v2\/media?parent=34539"}],"wp:term":[{"taxonomy":"product_brand","embeddable":true,"href":"https:\/\/asura.lv\/et\/wp-json\/wp\/v2\/product_brand?post=34539"},{"taxonomy":"product_cat","embeddable":true,"href":"https:\/\/asura.lv\/et\/wp-json\/wp\/v2\/product_cat?post=34539"},{"taxonomy":"product_tag","embeddable":true,"href":"https:\/\/asura.lv\/et\/wp-json\/wp\/v2\/product_tag?post=34539"}],"curies":[{"name":"wp","href":"https:\/\/api.w.org\/{rel}","templated":true}]}}