{"id":34611,"date":"2025-11-28T20:44:18","date_gmt":"2025-11-28T20:44:18","guid":{"rendered":"https:\/\/asura.lv\/product\/flashlight-superfire-x60-t-1500lm-usb\/"},"modified":"2025-12-12T14:46:47","modified_gmt":"2025-12-12T12:46:47","slug":"flashlight-superfire-x60-t-1500lm-usb","status":"publish","type":"product","link":"https:\/\/asura.lv\/et\/toode\/flashlight-superfire-x60-t-1500lm-usb\/","title":{"rendered":"Taskulamp Superfire X60-T, 1500lm, USB"},"content":{"rendered":"<h3 style=\"text-align: center;\">Superfire X60-T taskulamp<\/h3>\n<p>K\u00e4ep\u00e4rane Superfire X60-T taskulamp valgustab kuni 300 m kauguselt. See pakub kuni 5 t\u00f6\u00f6re\u017eiimi, nii et saate seda h\u00f5lpsalt peaaegu iga olukorraga kohandada. 3\u20138-tunnise t\u00f6\u00f6aja ja IP34 veekindlusega \u00fcllatab see teid oma usaldusv\u00e4\u00e4rse j\u00f5udlusega. See v\u00f5imaldab teil t\u00e4pselt valgustada nii kaugemal asuvaid alasid kui ka teile l\u00e4hedal asuvaid objekte v\u00f5i kohti.<\/p>\n<p><img loading=\"lazy\" decoding=\"async\" src=\"https:\/\/b2b.innpro.pl\/data\/include\/cms\/01Superfire\/X60-T\/1.jpg?v=1634894468285\" border=\"0\" alt=\"\" width=\"1100\" height=\"700\" \/><\/p>\n<p><\/p>\n<h3 style=\"text-align: center;\">Paistab eredamalt ja kaugemalt<\/h3>\n<p>Taskulamp on varustatud suure l\u00e4\u00e4tsega parema j\u00f5udluse tagamiseks. Seade suudab valgustada suure v\u00f5imsusega ja t\u00e4pselt soovitud heledusega. See avaldab muljet ka oma tohutu ulatusega, mis on kuni 300 meetrit. See teeb X60-T ideaalseks paljudes erinevates olukordades. Saate selle j\u00f5udlust h\u00f5lpsalt oma vajadustele vastavaks reguleerida ja panna see ideaalselt valgustama nii kaugel kui ka otse teie k\u00f5rval asuvaid asju.<\/p>\n<p><img loading=\"lazy\" decoding=\"async\" src=\"https:\/\/b2b.innpro.pl\/data\/include\/cms\/01Superfire\/X60-T\/2.jpg?v=1634894468285\" border=\"0\" alt=\"\" width=\"1100\" height=\"700\" \/><\/p>\n<p><\/p>\n<h3 style=\"text-align: center;\">5 valgustusre\u017eiimi<\/h3>\n<p>Valige \u00fcks saadaolevatest valgustusre\u017eiimidest, et taskulambi t\u00f6\u00f6 optimaalselt praeguse olukorraga sobitada. X60-T v\u00f5ib kiirata k\u00f5rge v\u00f5i keskmise intensiivsusega valgust. Seade pakub ka energias\u00e4\u00e4stu- ja SOS-re\u017eiimi. Ja kui satute ohtu, saate taskulampi edukalt kasutada ka r\u00fcndaja ajutiseks pimestamiseks, et saada aega enda kaitsmiseks, p\u00f5genemiseks v\u00f5i abi kutsumiseks.<\/p>\n<p><img loading=\"lazy\" decoding=\"async\" src=\"https:\/\/b2b.innpro.pl\/data\/include\/cms\/01Superfire\/X60-T\/3.jpg?v=1634894468285\" border=\"0\" alt=\"\" width=\"1100\" height=\"700\" \/><\/p>\n<p><\/p>\n<h3 style=\"text-align: center;\">See t\u00f6\u00f6tab h\u00e4sti ka varupatareina<\/h3>\n<p>Seadmel on 2 USB-porti. \u00dchte neist kasutatakse taskulambi laadimiseks, teise abil saate selle h\u00f5lpsalt ja mugavalt k\u00e4ep\u00e4raseks varupatareiks muuta. X60-T mitte ainult ei r\u00f5\u00f5musta teid pika t\u00f6\u00f6ajaga, vaid v\u00f5imaldab teil vajadusel ka nutitelefoni laadida. Lisamugavuseks on praktiline indikaator, mis annab sulle vajalikku teavet aku oleku kohta.<\/p>\n<p><img loading=\"lazy\" decoding=\"async\" src=\"https:\/\/b2b.innpro.pl\/data\/include\/cms\/01Superfire\/X60-T\/4.jpg?v=1634894468285\" border=\"0\" alt=\"\" width=\"1100\" height=\"700\" \/><\/p>\n<p><\/p>\n<h3 style=\"text-align: center;\">See ei ole veekindel<\/h3>\n<p>IP34 kaitseklass t\u00e4hendab, et taskulampi saab muretult kasutada peaaegu igasugustes tingimustes. Seade on varustatud vastupidava tihendiga, mis takistab vee sattumist seadmesse. Kerge vihm, kogemata sattunud prits v\u00f5i isegi \u00e4kiline paduvihm \u2013 Superfire X60-T abil leiad tee pimedas, olenemata olukorrast.<\/p>\n<p><img loading=\"lazy\" decoding=\"async\" src=\"https:\/\/b2b.innpro.pl\/data\/include\/cms\/01Superfire\/X60-T\/5.jpg?v=1634894468285\" border=\"0\" alt=\"\" width=\"1100\" height=\"700\" \/><\/p>\n<p><\/p>\n<h3 style=\"text-align: center;\">Alati k\u00e4ep\u00e4rast<\/h3>\n<p>Seadme m\u00f5\u00f5tmed ei \u00fcleta 15,8&#215;4,1 cm ja see kaalub vaid 190 g. Seet\u00f5ttu on see \u00e4\u00e4rmiselt mugav \u2013 saad seda alati kaasas kanda, et vajadusel kasutada usaldusv\u00e4\u00e4rset valgusallikat. Selle transportimist h\u00f5lbustab spetsiaalne klamber, mille abil saad X60-T oma seljakoti v\u00f5i riiete k\u00fclge kinnitada ja k\u00e4ed vabastada. Samal ajal on taskulamp \u00fcllatavalt vastupidav \u2013 selle vastupidavust suurendab muuhulgas alumiiniumisulamist kork.<\/p>\n<p><img loading=\"lazy\" decoding=\"async\" src=\"https:\/\/b2b.innpro.pl\/data\/include\/cms\/01Superfire\/X60-T\/6.jpg?v=1634894468285\" border=\"0\" alt=\"\" width=\"1100\" height=\"700\" \/><\/p>\n<p><\/p>\n<div class=\"table-wrapper\">\n<table>\n<tbody>\n<tr>\n<th>Tootja <\/th>\n<td>Superfire<\/td>\n<\/tr>\n<tr>\n<th>Mudel <\/th>\n<td>X60-T<\/td>\n<\/tr>\n<tr>\n<th>Ulatus <\/th>\n<td>kuni 300 m<\/td>\n<\/tr>\n<tr>\n<th>Mahutavus <\/th>\n<td>3400 mAh<\/td>\n<\/tr>\n<tr>\n<th>Kaal <\/th>\n<td>190 g<\/td>\n<\/tr>\n<tr>\n<th>M\u00f5\u00f5tmed <\/th>\n<td>158x41x34 mm<\/td>\n<\/tr>\n<tr>\n<th>T\u00f6\u00f6aeg <\/th>\n<td>kuni 3-8 tundi<\/td>\n<\/tr>\n<tr>\n<th>Kaitseaste <\/th>\n<td>IP34<\/td>\n<\/tr>\n<\/tbody>\n<\/table>\n<\/div>\n<style type=\"text\/css\">.table-wrapper{width:100%;overflow-x:auto}.table-wrapper>table{border-spacing:0}.table-wrapper>table>tbody>tr>td,.table-wrapper>table>tbody>tr>th{padding:10px 35px;text-align:left}.table-wrapper>table>tbody>tr>th{vertical-align:top}.table-wrapper>table>tbody>tr:nth-child(even){background-color:#f7f7f7}<\/style>\n","protected":false},"excerpt":{"rendered":"<p>Superfire X60-T taskulamp K\u00e4ep\u00e4rane Superfire X60-T taskulamp valgustab kuni 300 m kauguselt. See pakub kuni 5 t\u00f6\u00f6re\u017eiimi, nii et saate seda h\u00f5lpsalt peaaegu iga olukorraga kohandada. 3\u20138-tunnise t\u00f6\u00f6aja ja IP34 veekindlusega \u00fcllatab see teid oma usaldusv\u00e4\u00e4rse j\u00f5udlusega. See v\u00f5imaldab teil t\u00e4pselt valgustada nii kaugemal asuvaid alasid kui ka teile l\u00e4hedal asuvaid objekte v\u00f5i kohti. Paistab [&#8230;]\n","protected":false},"featured_media":34612,"comment_status":"open","ping_status":"closed","template":"","meta":[],"product_brand":[195],"product_cat":[1299],"product_tag":[],"class_list":{"0":"post-34611","1":"product","2":"type-product","3":"status-publish","4":"has-post-thumbnail","6":"product_brand-superfire","7":"product_cat-other-flashlights","9":"first","10":"outofstock","11":"taxable","12":"shipping-taxable","13":"purchasable","14":"product-type-simple"},"aioseo_notices":[],"_links":{"self":[{"href":"https:\/\/asura.lv\/et\/wp-json\/wp\/v2\/product\/34611","targetHints":{"allow":["GET"]}}],"collection":[{"href":"https:\/\/asura.lv\/et\/wp-json\/wp\/v2\/product"}],"about":[{"href":"https:\/\/asura.lv\/et\/wp-json\/wp\/v2\/types\/product"}],"replies":[{"embeddable":true,"href":"https:\/\/asura.lv\/et\/wp-json\/wp\/v2\/comments?post=34611"}],"wp:featuredmedia":[{"embeddable":true,"href":"https:\/\/asura.lv\/et\/wp-json\/wp\/v2\/media\/34612"}],"wp:attachment":[{"href":"https:\/\/asura.lv\/et\/wp-json\/wp\/v2\/media?parent=34611"}],"wp:term":[{"taxonomy":"product_brand","embeddable":true,"href":"https:\/\/asura.lv\/et\/wp-json\/wp\/v2\/product_brand?post=34611"},{"taxonomy":"product_cat","embeddable":true,"href":"https:\/\/asura.lv\/et\/wp-json\/wp\/v2\/product_cat?post=34611"},{"taxonomy":"product_tag","embeddable":true,"href":"https:\/\/asura.lv\/et\/wp-json\/wp\/v2\/product_tag?post=34611"}],"curies":[{"name":"wp","href":"https:\/\/api.w.org\/{rel}","templated":true}]}}