{"id":34683,"date":"2025-11-28T20:44:11","date_gmt":"2025-11-28T20:44:11","guid":{"rendered":"https:\/\/asura.lv\/product\/smart-light-switch-wifi-gosund-sw9-tuya\/"},"modified":"2025-12-12T14:46:43","modified_gmt":"2025-12-12T12:46:43","slug":"smart-light-switch-wifi-gosund-sw9-tuya","status":"publish","type":"product","link":"https:\/\/asura.lv\/et\/toode\/smart-light-switch-wifi-gosund-sw9-tuya\/","title":{"rendered":"Nutikas valgusl\u00fcliti WiFi Gosund SW9 Tuya"},"content":{"rendered":"<h3>Suur \u00fchilduvus<\/h3>\n<p>Gosund SW9 valgusl\u00fcliti v\u00f5imaldab kasutajatel oma kodus tulesid h\u00e4\u00e4ljuhtimisega juhtida, tehes koost\u00f6\u00f6d Google Assistanti ja Amazon Alexaga. See pakub t\u00e4ielikku valgustuse juhtimise vabadust ilma vajaduseta tulesid k\u00e4sitsi l\u00fclitiga aktiveerida v\u00f5i rakendust kasutada.<\/p>\n<p><img decoding=\"async\" src=\"https:\/\/b2b.innpro.pl\/data\/include\/cms\/Gosund-Nitebird\/SW9\/1.jpg\"><\/p>\n<h3>Taimeri\/ajastamise funktsioon<\/h3>\n<p>Spetsiaalne rakendus pakub 2,4 GHz edastusega veelgi rohkem v\u00f5imalusi. N\u00e4iteks saate ajastada valitud seadme aktiveerimise kindlale ajale, et saaksite oma kodu valgustuse \u00fcle t\u00e4ielikku kontrolli nautida ilma tarbetute lisatoiminguteta.<\/p>\n<p><img decoding=\"async\" src=\"https:\/\/b2b.innpro.pl\/data\/include\/cms\/Gosund-Nitebird\/SW9\/2.jpg\"><\/p>\n<h3>H\u00e4\u00e4ljuhtimine<\/h3>\n<p>Te ei pea enam diivanilt ega toolilt t\u00f5usma, et tulesid sisse v\u00f5i v\u00e4lja l\u00fclitada. L\u00fcliti integreerimine Google Assistantiga v\u00f5i Amazon Alexaga annab teile v\u00f5imaluse oma seadmeid veelgi mugavamalt juhtida. Lihtsa h\u00e4\u00e4lk\u00e4skluse abil saate nautida t\u00e4pselt soovitud valgustust!<\/p>\n<p><img decoding=\"async\" src=\"https:\/\/b2b.innpro.pl\/data\/include\/cms\/Gosund-Nitebird\/SW9\/3.jpg\"><\/p>\n<h3>Moodne ja minimalistlik disain<\/h3>\n<p>Topeltl\u00fcliti eristub mitte ainult oma funktsionaalsuse ja kasutusmugavuse, vaid ka moodsa ja minimalistliku disaini poolest. Klassikaline valge v\u00e4rv ja lihtne kuju muudavad selle ideaalselt sobivaks peaaegu igasse paigutusse. Selle t\u00e4iustatud seadme elegantne disain r\u00f5\u00f5mustab teid kahtlemata.<\/p>\n<p><img decoding=\"async\" src=\"https:\/\/b2b.innpro.pl\/data\/include\/cms\/Gosund-Nitebird\/SW9\/5.jpg\"><\/p>\n<h3>Juhtimine k\u00f5ikjal<\/h3>\n<p>Rakendus v\u00f5imaldab teil seadet kaugjuhtimise teel juhtida k\u00f5ikjalt. Selline lahendus mitte ainult ei anna kasutajale erakordset vabadust oma kodu valgustuse juhtimiseks, vaid on ka \u00e4\u00e4rmiselt praktiline. Miski ei piira teid enam \u2013 saate oma lampide t\u00f6\u00f6d h\u00f5lpsalt reguleerida k\u00f5ikjal, kus te viibite.<\/p>\n<p><img decoding=\"async\" src=\"https:\/\/b2b.innpro.pl\/data\/include\/cms\/Gosund-Nitebird\/SW9\/4.jpg\"><\/p>\n<div class=\"table-wrapper\">\n<table>\n<tbody>\n<tr>\n<th>Kaubam\u00e4rk<\/th>\n<td>Gosund<\/td>\n<\/tr>\n<tr>\n<th>Mudel<\/th>\n<td>SW9<\/td>\n<\/tr>\n<tr>\n<th>Koormus<\/th>\n<td>230V\/10A<\/td>\n<\/tr>\n<tr>\n<th>Rakendus<\/th>\n<td>Gosund, SmartTuya<\/td>\n<\/tr>\n<tr>\n<th>\u00dchilduvus<\/th>\n<td>Amazon Alexa, Google Avaleht<\/td>\n<\/tr>\n<tr>\n<th>\u00dchenduvus<\/th>\n<td>802.11 b\/g\/n, 2,4 GHz<\/td>\n<\/tr>\n<tr>\n<th>M\u00f5\u00f5tmed<\/th>\n<td>14 x 10 x 6 cm<\/td>\n<\/tr>\n<\/tbody>\n<\/table>\n<\/div>\n","protected":false},"excerpt":{"rendered":"<p>Suur \u00fchilduvus Gosund SW9 valgusl\u00fcliti v\u00f5imaldab kasutajatel oma kodus tulesid h\u00e4\u00e4ljuhtimisega juhtida, tehes koost\u00f6\u00f6d Google Assistanti ja Amazon Alexaga. See pakub t\u00e4ielikku valgustuse juhtimise vabadust ilma vajaduseta tulesid k\u00e4sitsi l\u00fclitiga aktiveerida v\u00f5i rakendust kasutada. Taimeri\/ajastamise funktsioon Spetsiaalne rakendus pakub 2,4 GHz edastusega veelgi rohkem v\u00f5imalusi. N\u00e4iteks saate ajastada valitud seadme aktiveerimise kindlale ajale, et saaksite [&#8230;]\n","protected":false},"featured_media":34684,"comment_status":"open","ping_status":"closed","template":"","meta":[],"product_brand":[166],"product_cat":[930],"product_tag":[],"class_list":{"0":"post-34683","1":"product","2":"type-product","3":"status-publish","4":"has-post-thumbnail","6":"product_brand-gosund","7":"product_cat-switches","9":"first","10":"outofstock","11":"taxable","12":"shipping-taxable","13":"purchasable","14":"product-type-simple"},"aioseo_notices":[],"_links":{"self":[{"href":"https:\/\/asura.lv\/et\/wp-json\/wp\/v2\/product\/34683","targetHints":{"allow":["GET"]}}],"collection":[{"href":"https:\/\/asura.lv\/et\/wp-json\/wp\/v2\/product"}],"about":[{"href":"https:\/\/asura.lv\/et\/wp-json\/wp\/v2\/types\/product"}],"replies":[{"embeddable":true,"href":"https:\/\/asura.lv\/et\/wp-json\/wp\/v2\/comments?post=34683"}],"wp:featuredmedia":[{"embeddable":true,"href":"https:\/\/asura.lv\/et\/wp-json\/wp\/v2\/media\/34684"}],"wp:attachment":[{"href":"https:\/\/asura.lv\/et\/wp-json\/wp\/v2\/media?parent=34683"}],"wp:term":[{"taxonomy":"product_brand","embeddable":true,"href":"https:\/\/asura.lv\/et\/wp-json\/wp\/v2\/product_brand?post=34683"},{"taxonomy":"product_cat","embeddable":true,"href":"https:\/\/asura.lv\/et\/wp-json\/wp\/v2\/product_cat?post=34683"},{"taxonomy":"product_tag","embeddable":true,"href":"https:\/\/asura.lv\/et\/wp-json\/wp\/v2\/product_tag?post=34683"}],"curies":[{"name":"wp","href":"https:\/\/api.w.org\/{rel}","templated":true}]}}