{"id":34815,"date":"2025-11-29T00:09:07","date_gmt":"2025-11-29T00:09:07","guid":{"rendered":"https:\/\/asura.lv\/product\/blitzwolf-bw-ssd4-magnetic-ssd-256gb\/"},"modified":"2025-12-12T15:17:54","modified_gmt":"2025-12-12T13:17:54","slug":"blitzwolf-bw-ssd4-magnetic-ssd-256gb","status":"publish","type":"product","link":"https:\/\/asura.lv\/et\/toode\/blitzwolf-bw-ssd4-magnetic-ssd-256gb\/","title":{"rendered":"BlitzWolf BW-SSD4 magnetiline SSD 256GB"},"content":{"rendered":"<h3>BlitzWolf BW-SSD4 magnetiline SSD 256GB.<\/h3>\n<p>BlitzWolf BW-SSD4 on M.2 NVMe SSD korpus, mis pakub kiiret andmeedastust ja meediakaitset. Magnetiline kinnitus muudab paigaldamise lihtsaks ja 100W toiteallika (PD) tugi v\u00f5imaldab seadmete kiiret laadimist. Toode \u00fchildub 22 x 30 mm SSD-ketastega ja pakub 256 GB mahtu.<\/p>\n<p>\n<img decoding=\"async\" alt=\"\" border=\"0\" src=\"https:\/\/assets.innpro.pl\/12696\/15370\/3.jpg\"\/>\n<\/p>\n<h3>J\u00f5udlus k\u00f5rgeimal tasemel<\/h3>\n<p>\u00dchilduvus M.2 NVMe protokolliga ja 4K@30Hz ja 1080P@60Hz videokvaliteedi tugi muudavad BW-SSD4 ideaalseks videot\u00f6\u00f6tluseks, suurte failide salvestamiseks v\u00f5i igap\u00e4evaste andmet\u00f6\u00f6tlustoimingute jaoks.<\/p>\n<p>\n<img decoding=\"async\" alt=\"\" border=\"0\" src=\"https:\/\/assets.innpro.pl\/12696\/15370\/2.jpg\"\/>\n<\/p>\n<h3>Vastupidav konstruktsioon<\/h3>\n<p>Alumiiniumkorpus hajutab t\u00f5husalt soojust, kaitstes ketast intensiivse kasutamise ajal \u00fclekuumenemise eest. Kompaktne suurus ja magnetiline kinnitus tagavad mugava kasutamise ja kiire juurdep\u00e4\u00e4su andmetele.<\/p>\n<p>\n<img decoding=\"async\" alt=\"\" border=\"0\" src=\"https:\/\/assets.innpro.pl\/12696\/15370\/1.jpg\"\/>\n<\/p>\n<h3>Komplektis:<\/h3>\n<ul class=\"list-disc pl-5\">\n<li>M.2 NVMe SSD korpus<\/li>\n<li>USB-C &#8211; USB-C andmesidekaabel<\/li>\n<li>Raudr\u00f5ngas<\/li>\n<li>Kruvikeeraja x2<\/li>\n<li>Kasutusjuhend<\/li>\n<\/ul>\n<div class=\"table-wrapper\">\n<p>\u0412\u00a0<\/p>\n<h3><\/h3>\n<table>\n<tbody>\n<tr>\n<th>Tootja<\/th>\n<td>BlitzWolf<\/td>\n<\/tr>\n<tr>\n<th>Tootja kood<\/th>\n<td>BW-SSD4<\/td>\n<\/tr>\n<tr>\n<th>Materjal<\/th>\n<td>Alumiiniumisulam<\/td>\n<\/tr>\n<tr>\n<th>Toiteallikas (PD)<\/th>\n<td>100 W<\/td>\n<\/tr>\n<tr>\n<th>Videotugi<\/th>\n<td>4K@30Hz \/ 1080P@60Hz<\/td>\n<\/tr>\n<tr>\n<th>Maht<\/th>\n<td>256GB<\/td>\n<\/tr>\n<tr>\n<th>SSD suurus<\/th>\n<td>Toetab 22 x 30 mm<\/td>\n<\/tr>\n<tr>\n<th>Protokoll<\/th>\n<td>M.2 NVMe<\/td>\n<\/tr>\n<tr>\n<th>\u00dchilduvus<\/th>\n<td>Windows, Linux, macOS<\/td>\n<\/tr>\n<\/tbody>\n<\/table>\n<\/div>\n","protected":false},"excerpt":{"rendered":"<p>BlitzWolf BW-SSD4 magnetiline SSD 256GB. BlitzWolf BW-SSD4 on M.2 NVMe SSD korpus, mis pakub kiiret andmeedastust ja meediakaitset. Magnetiline kinnitus muudab paigaldamise lihtsaks ja 100W toiteallika (PD) tugi v\u00f5imaldab seadmete kiiret laadimist. Toode \u00fchildub 22 x 30 mm SSD-ketastega ja pakub 256 GB mahtu. J\u00f5udlus k\u00f5rgeimal tasemel \u00dchilduvus M.2 NVMe protokolliga ja 4K@30Hz ja 1080P@60Hz [&#8230;]\n","protected":false},"featured_media":34816,"comment_status":"open","ping_status":"closed","template":"","meta":[],"product_brand":[224],"product_cat":[1713],"product_tag":[],"class_list":{"0":"post-34815","1":"product","2":"type-product","3":"status-publish","4":"has-post-thumbnail","6":"product_brand-blitzwolf","7":"product_cat-ssds","9":"first","10":"outofstock","11":"taxable","12":"shipping-taxable","13":"purchasable","14":"product-type-simple"},"aioseo_notices":[],"_links":{"self":[{"href":"https:\/\/asura.lv\/et\/wp-json\/wp\/v2\/product\/34815","targetHints":{"allow":["GET"]}}],"collection":[{"href":"https:\/\/asura.lv\/et\/wp-json\/wp\/v2\/product"}],"about":[{"href":"https:\/\/asura.lv\/et\/wp-json\/wp\/v2\/types\/product"}],"replies":[{"embeddable":true,"href":"https:\/\/asura.lv\/et\/wp-json\/wp\/v2\/comments?post=34815"}],"wp:featuredmedia":[{"embeddable":true,"href":"https:\/\/asura.lv\/et\/wp-json\/wp\/v2\/media\/34816"}],"wp:attachment":[{"href":"https:\/\/asura.lv\/et\/wp-json\/wp\/v2\/media?parent=34815"}],"wp:term":[{"taxonomy":"product_brand","embeddable":true,"href":"https:\/\/asura.lv\/et\/wp-json\/wp\/v2\/product_brand?post=34815"},{"taxonomy":"product_cat","embeddable":true,"href":"https:\/\/asura.lv\/et\/wp-json\/wp\/v2\/product_cat?post=34815"},{"taxonomy":"product_tag","embeddable":true,"href":"https:\/\/asura.lv\/et\/wp-json\/wp\/v2\/product_tag?post=34815"}],"curies":[{"name":"wp","href":"https:\/\/api.w.org\/{rel}","templated":true}]}}