{"id":34917,"date":"2025-11-29T00:08:59","date_gmt":"2025-11-29T00:08:59","guid":{"rendered":"https:\/\/asura.lv\/product\/viofo-a129-pro-duo-g-4k-1080p-wifi-gps\/"},"modified":"2025-12-12T15:17:46","modified_gmt":"2025-12-12T13:17:46","slug":"viofo-a129-pro-duo-g-4k-1080p-wifi-gps","status":"publish","type":"product","link":"https:\/\/asura.lv\/et\/toode\/viofo-a129-pro-duo-g-4k-1080p-wifi-gps\/","title":{"rendered":"VIOFO A129 PRO DUO-G 4K + 1080p WiFi, GPS"},"content":{"rendered":"<h3>VIOFO A129 PRO DUO-G 4K + 1080p WiFi, GPS-videosalvesti<\/h3>\n<p>VIOFO A129 PRO DUO-G on t\u00e4iustatud kahekanaliline videosalvesti, mis j\u00e4\u00e4dvustab videot esikaameraga 4K ja tagakaameraga 1080p resolutsiooniga. Kahe Sony anduriga varustatud seade v\u00f5imaldab selgeid salvestusi isegi \u00f6\u00f6sel. Sisseehitatud WiFi (2,4\/5 GHz), v\u00e4line GPS-moodul ja erinevate parkimisre\u017eiimide (s\u00fcndmuste tuvastamine, aegluubis salvestamine, madala bitikiirusega salvestamine) tugi teevad sellest oma valdkonnas juhtiva seadme. Seade pakub k\u00f5rge temperatuuri kaitses\u00fcsteemi, t\u00f6\u00f6tab CPL-filtriga ja toetab kolme salvestusre\u017eiimi (h\u00e4daolukord, ts\u00fckliline salvestamine, liikumistuvastus). T\u00e4nu spetsiaalsele aknakleebisele on paigaldamine kiire ja intuitiivne.<\/p>\n<p>\n<img decoding=\"async\" alt=\"\" border=\"0\" src=\"https:\/\/assets.innpro.pl\/12529\/15018\/1.jpg\"\/>\n<\/p>\n<h3>Kahekanaliline salvestus<\/h3>\n<p>Ultra HD 4K esikaamera saab tagakaameraga koost\u00f6\u00f6d tehes salvestada kahekanalilist videot. Esikaamera pakub laia vaatenurka 130\u00b0, nii et te ei j\u00e4\u00e4 millestki ilma. Lisaks pakub F1.8 ava ja 7-kihiline objektiiv \u00e4\u00e4rmiselt detailseid pilte nii p\u00e4eval kui ka \u00f6\u00f6sel. See aitab teil j\u00e4\u00e4dvustada numbrim\u00e4rke ja muid olulisi funktsioone, olenemata teeoludest. Videosalvesti pakub esikaamerale resolutsiooni 3840\u20132160P 30 kaadrit sekundis ja tagakaamerale resolutsiooni 1920\u20131080P 30 kaadrit sekundis. See on t\u00f6\u00f6kindlus, mis muudab teie igap\u00e4evast s\u00f5idukogemust.<\/p>\n<p>\n<img decoding=\"async\" alt=\"\" border=\"0\" src=\"https:\/\/assets.innpro.pl\/12529\/15018\/2.jpg\"\/>\n<\/p>\n<h3>T\u00e4iustatud Sony sensorid<\/h3>\n<p>A129 Pro Duo on varustatud Sony Exmor R 8 MP ja Sony Starvis 2 MP sensoritega m\u00f5lema kanali jaoks, mille tulemuseks on eredamad ja selgemad pildid rikkalike detailidega isegi h\u00e4maras. See pakub erakordset \u00f6ise salvestuse kvaliteeti, mis on igas olukorras \u00e4\u00e4rmiselt oluline. VIOFO on iga p\u00e4ev liikluses ohutuse ja t\u00e4ieliku t\u00e4helepanu garantii.<\/p>\n<p>\n<img decoding=\"async\" alt=\"\" border=\"0\" src=\"https:\/\/assets.innpro.pl\/12529\/15018\/12.jpg\"\/>\n<\/p>\n<h3>Sisseehitatud kahe sagedusribaga WiFi<\/h3>\n<p>Sisseehitatud WiFi sagedusalas 2,4 GHz ja 5 GHz v\u00f5imaldab palju kiiremat edastust. 5 GHz sagedusalas v\u00f5ib edastuskiirus ulatuda kuni 8 Mbps-ni. Spetsiaalse VIOFO rakenduse abil saate juhtida seadeid, eelvaadata otsevideot, alla laadida salvestisi ja neid hallata. Rakendus pakub ka salvestiste allalaadimist ja redigeerimist, GPS-i abil salvestatud andmete vaatamist ning kaamera juhtimist ja seadistamist. VIOFO rakendusega ei sea miski sulle piire!<\/p>\n<p>\n<img decoding=\"async\" alt=\"\" border=\"0\" src=\"https:\/\/assets.innpro.pl\/12529\/15018\/7.jpg\"\/>\n<\/p>\n<h3>V\u00e4line GPS-moodul<\/h3>\n<p>GPS-moodul salvestab kiiruse ja marsruudi andmed t\u00e4pselt videofaili, mida saab kuvada \u00fchilduval m\u00e4ngijal. Lisaks s\u00fcnkroniseerib see kaamera aja GPS-ajaga, nii et salvestised on \u00f5igesti kuup\u00e4eva ja kellaajaga m\u00e4rgitud. M\u00e4rkus: kui kasutate VIOFO rakendust salvestiste esitamiseks ja GPS-kaartide samaaegseks vaatamiseks, on enne protsessi alustamist vaja salvestis oma telefoni alla laadida.<\/p>\n<p>\n<img decoding=\"async\" alt=\"\" border=\"0\" src=\"https:\/\/assets.innpro.pl\/12529\/15018\/3.jpg\"\/>\n<\/p>\n<h3>Kolm parkimisre\u017eiimi<\/h3>\n<p>A129 PRO DUO-G pakub parkimise lihtsustamiseks kolme erinevat valikut. Automaatne s\u00fcndmuste tuvastamine ei ole midagi muud kui videoklipi automaatne salvestamine, kui pargitud s\u00f5idukil tuvastatakse liikumine, \u0161okk v\u00f5i l\u00f6\u00f6k. Aegv\u00f5tte re\u017eiim on pidev salvestamine madala kaadrisagedusega, et s\u00e4\u00e4sta m\u00e4lukaardi ruumi ja energiat (taasesitus n\u00e4eb v\u00e4lja kiirendatud). Madala bitikiirusega salvestusre\u017eiim seevastu h\u00f5lmab pidevat salvestamist normaalkiirusel, kuid madala bitikiirusega, mis s\u00e4\u00e4stab oluliselt m\u00e4lukaardi ruumi (selles re\u017eiimis salvestatakse ka heli).<\/p>\n<p>\n<img decoding=\"async\" alt=\"\" border=\"0\" src=\"https:\/\/assets.innpro.pl\/12529\/15018\/5.jpg\"\/>\n<\/p>\n<h3>Lisatarvikud<\/h3>\n<p>Parkimisre\u017eiim pakub pargitud s\u00f5iduki \u00f6\u00f6p\u00e4evaringset j\u00e4lgimist. Kui mootor on v\u00e4lja l\u00fclitatud, saate kasutada HK3 HCC toitekomplekti (m\u00fc\u00fcakse eraldi), mis pakub pidevat toidet, et kaitsta autoakut t\u00fchjenemise eest. Valikulise Bluetooth-kaugjuhtimispuldi (saadaval v\u00e4ljaspool komplekti) abil, mille saab mugavalt armatuurlauale paigaldada, saate olulisi salvestisi kiiresti \u00fclekirjutamise eest kaitsta \u2013 ilma et peaksite teelt silmi maha v\u00f5tma. See on mugav lahendus, mis v\u00f5imaldab teil t\u00e4ielikult teele keskenduda.<\/p>\n<p>\n<img decoding=\"async\" alt=\"\" border=\"0\" src=\"https:\/\/assets.innpro.pl\/12529\/15018\/19.jpg\"\/>\n<\/p>\n<h3>Kaitse k\u00f5rgete temperatuuride eest<\/h3>\n<p>A129 Pro Duo kasutab soojuse hajutamise disaini ja sisseehitatud andurit peamise kiibistiku temperatuuri j\u00e4lgimiseks. Seade l\u00fclitub automaatselt v\u00e4lja, et kaitsta kaamerat \u00fclekuumenemise eest. See t\u00e4hendab, et seade t\u00f6\u00f6tab sujuvalt isegi k\u00f5ige kuumematel suvedel, pakkudes teile meelerahu ja usaldusv\u00e4\u00e4rset t\u00f6\u00f6d.<\/p>\n<p>\n<img decoding=\"async\" alt=\"\" border=\"0\" src=\"https:\/\/assets.innpro.pl\/12529\/15018\/8.jpg\"\/>\n<\/p>\n<h3>CPL-filter paremate piltide ja kaitse tagamiseks<\/h3>\n<p>Kasutage CPL-filtrit (ringpolariseeritud l\u00e4\u00e4tsed), mis v\u00e4hendab t\u00f5husalt pimestamist ja valguse peegeldusi esiklaasilt ja teekattelt. CPL-filter parandab pildikvaliteeti, nii et iga detail salvestatakse t\u00e4pselt, olenemata valgustingimustest. See toimib sarnaselt polariseeritud prillidega. Filter on eraldi m\u00fc\u00fcgil.<\/p>\n<p>\n<img decoding=\"async\" alt=\"\" border=\"0\" src=\"https:\/\/assets.innpro.pl\/12529\/15018\/9.jpg\"\/>\n<\/p>\n<h3>Kolm salvestust\u00fc\u00fcpi<\/h3>\n<p>A129 PRO DUO-G pakub kolme usaldusv\u00e4\u00e4rset salvestusre\u017eiimi. H\u00e4daolukorra salvestus tuvastab automaatselt tugeva l\u00f6\u00f6gi v\u00f5i kokkup\u00f5rke, lukustab salvestise ja kaitseb seda \u00fclekirjutamise eest. Ts\u00fcklisalvestus kirjutab vanima salvestise uuega \u00fcle, kui m\u00e4lukaart on t\u00e4is. Liikumistuvastuse re\u017eiim alustab salvestamist automaatselt, kui see tuvastab s\u00f5iduki \u00fcmber liikumise. Olenemata teie n\u00f5udmistest \u2013 VIOFO videosalvesti vastab teie ootustele.<\/p>\n<p>\n<img decoding=\"async\" alt=\"\" border=\"0\" src=\"https:\/\/assets.innpro.pl\/12529\/15018\/11.jpg\"\/>\n<\/p>\n<h3>Praktiline kleebis<\/h3>\n<p>Staatiline kinnituskleebis on eriti soovitatav rendi-, ettev\u00f5tte- ja autopargi autojuhtidele. See k\u00f5rvaldab vibratsiooni ega j\u00e4ta esiklaasile liimi ning on odavam alternatiiv iminapaga kinnitusele v\u00f5i traditsioonilisele kleebisele. Vaata, kui palju v\u00f5idad VIOFO videosalvestiga!<\/p>\n<p>\n<img decoding=\"async\" alt=\"\" border=\"0\" src=\"https:\/\/assets.innpro.pl\/12529\/15018\/15.jpg\"\/>\n<\/p>\n<h3>Kaasas<\/h3>\n<ul class=\"list-disc pl-5\">\n<li>esikaamera<\/li>\n<li>tagakaamera<\/li>\n<li>autolaadija<\/li>\n<li>mini-USB-kaabel<\/li>\n<li>tagakaamera kaabel (6m)<\/li>\n<li>GPS-hoidik<\/li>\n<li>liistude eemaldamise t\u00f6\u00f6riist<\/li>\n<li>staatilised esiklaasikleebised 2x<\/li>\n<li>3M kinnituskleebised esi- ja tagakaamerale<\/li>\n<li>tagakaamera hoidik<\/li>\n<li>klambrid<\/li>\n<li>kasutusjuhend<\/li>\n<\/ul>\n<div class=\"table-wrapper\">\n<p>B\u00a0<\/p>\n<h3><\/h3>\n<table>\n<tbody>\n<tr>\n<th>Tootja<\/th>\n<td>VIOFO<\/td>\n<\/tr>\n<tr>\n<th>Mudel<\/th>\n<td>A129 PRO DUO-G<\/td>\n<\/tr>\n<tr>\n<th>Salvestusresolutsioon<\/th>\n<td>Eesmine kaamera: Ultra HD 4K (3840\u0413\u20142160 kiirusel 30 kaadrit sekundis); Tagumine kaamera: 1080P (1920\u20131080 kiirusel 30 kaadrit sekundis)<\/td>\n<\/tr>\n<tr>\n<th>Vaatev\u00e4li<\/th>\n<td>130\u00b0<\/td>\n<\/tr>\n<tr>\n<th>Ava<\/th>\n<td>F1.8 (7-elemendiline objektiiv)<\/td>\n<\/tr>\n<tr>\n<th>Maatriks<\/th>\n<td>Esikaamera: Sony Exmor R 8MP, tagumine kaamera: Sony Starvis 2MP<\/td>\n<\/tr>\n<tr>\n<th>\u00dchendus<\/th>\n<td>Kahe sagedusribaga Wi-Fi (2,4 GHz ja 5 GHz)<\/td>\n<\/tr>\n<tr>\n<th>Failiedastus<\/th>\n<td>8 Mbps 5 GHz sagedusalas<\/td>\n<\/tr>\n<tr>\n<th>Spetsiaalne rakendus<\/th>\n<td>VIOFO<\/td>\n<\/tr>\n<tr>\n<th>Parkimisre\u017eiimid<\/th>\n<td>Toetatud, 3 re\u017eiimi (automaatne s\u00fcndmuste tuvastamine, aegv\u00f5tte re\u017eiim, madala bitikiirusega salvestus)<\/td>\n<\/tr>\n<tr>\n<th>Lisakaitse<\/th>\n<td>\u00dclekuumenemise kaitses\u00fcsteem<\/td>\n<\/tr>\n<tr>\n<th>Salvestusre\u017eiimid<\/th>\n<td>3 re\u017eiimi (h\u00e4daolukord, ts\u00fckliline, liikumistuvastus)<\/td>\n<\/tr>\n<tr>\n<th>Paigalduse t\u00fc\u00fcp<\/th>\n<td>staatiline kleebis, kronstein<\/td>\n<\/tr>\n<tr>\n<th>Toetatud m\u00e4lu<\/th>\n<td>max. 512 GB<\/td>\n<\/tr>\n<\/tbody>\n<\/table>\n<\/div>\n","protected":false},"excerpt":{"rendered":"<p>VIOFO A129 PRO DUO-G 4K + 1080p WiFi, GPS-videosalvesti VIOFO A129 PRO DUO-G on t\u00e4iustatud kahekanaliline videosalvesti, mis j\u00e4\u00e4dvustab videot esikaameraga 4K ja tagakaameraga 1080p resolutsiooniga. Kahe Sony anduriga varustatud seade v\u00f5imaldab selgeid salvestusi isegi \u00f6\u00f6sel. Sisseehitatud WiFi (2,4\/5 GHz), v\u00e4line GPS-moodul ja erinevate parkimisre\u017eiimide (s\u00fcndmuste tuvastamine, aegluubis salvestamine, madala bitikiirusega salvestamine) tugi teevad sellest [&#8230;]\n","protected":false},"featured_media":34918,"comment_status":"open","ping_status":"closed","template":"","meta":[],"product_brand":[727],"product_cat":[906],"product_tag":[],"class_list":{"0":"post-34917","1":"product","2":"type-product","3":"status-publish","4":"has-post-thumbnail","6":"product_brand-viofo","7":"product_cat-video-recorders","9":"first","10":"outofstock","11":"taxable","12":"shipping-taxable","13":"purchasable","14":"product-type-simple"},"aioseo_notices":[],"_links":{"self":[{"href":"https:\/\/asura.lv\/et\/wp-json\/wp\/v2\/product\/34917","targetHints":{"allow":["GET"]}}],"collection":[{"href":"https:\/\/asura.lv\/et\/wp-json\/wp\/v2\/product"}],"about":[{"href":"https:\/\/asura.lv\/et\/wp-json\/wp\/v2\/types\/product"}],"replies":[{"embeddable":true,"href":"https:\/\/asura.lv\/et\/wp-json\/wp\/v2\/comments?post=34917"}],"wp:featuredmedia":[{"embeddable":true,"href":"https:\/\/asura.lv\/et\/wp-json\/wp\/v2\/media\/34918"}],"wp:attachment":[{"href":"https:\/\/asura.lv\/et\/wp-json\/wp\/v2\/media?parent=34917"}],"wp:term":[{"taxonomy":"product_brand","embeddable":true,"href":"https:\/\/asura.lv\/et\/wp-json\/wp\/v2\/product_brand?post=34917"},{"taxonomy":"product_cat","embeddable":true,"href":"https:\/\/asura.lv\/et\/wp-json\/wp\/v2\/product_cat?post=34917"},{"taxonomy":"product_tag","embeddable":true,"href":"https:\/\/asura.lv\/et\/wp-json\/wp\/v2\/product_tag?post=34917"}],"curies":[{"name":"wp","href":"https:\/\/api.w.org\/{rel}","templated":true}]}}