{"id":35037,"date":"2025-11-29T00:08:47","date_gmt":"2025-11-29T00:08:47","guid":{"rendered":"https:\/\/asura.lv\/product\/adapter-usb-baseus-encok-ba04-bluetooth-5-4\/"},"modified":"2025-12-12T15:17:37","modified_gmt":"2025-12-12T13:17:37","slug":"adapter-usb-baseus-encok-ba04-bluetooth-5-4","status":"publish","type":"product","link":"https:\/\/asura.lv\/et\/toode\/adapter-usb-baseus-encok-ba04-bluetooth-5-4\/","title":{"rendered":"USB-adapter Baseus Encok BA04+ Bluetooth 5.4"},"content":{"rendered":"<h3>Baseus Encok BA04+ USB-adapter<\/h3>\n<p>Baseus Encok BA04+ on kompaktne Bluetooth USB-adapter, mis pakub kiiret ja stabiilset traadita \u00fchendust teie arvuti, s\u00fclearvuti v\u00f5i muu seadmega. Bluetooth 5.4 kiibistiku abil pakub see kiiret andmeedastust, madalat latentsusaega ja kuni 20-meetrist leviala. Lisatarvik sobib ideaalselt nii t\u00f6\u00f6ks kui ka m\u00e4ngimiseks, pakkudes katkematut sidet seadmete vahel.<\/p>\n<p>\n<img decoding=\"async\" alt=\"\" border=\"0\" src=\"https:\/\/assets.innpro.pl\/15731\/19796\/9.jpg\"\/>\n<\/p>\n<h3>Bluetooth 5.4 tehnoloogia<\/h3>\n<p>Sisseehitatud Bluetooth 5.4 kiip toetab kahesuunalist andmeedastust ja t\u00f6\u00f6tab minimaalse energiatarbega. Kasutatavad lahendused piiravad h\u00e4ireid, v\u00e4hendavad latentsust ja tagavad sujuva signaali isegi n\u00f5udlikes keskkondades, n\u00e4iteks kontorites, kus on palju aktiivseid traadita \u00fchendusi.<\/p>\n<p>\n<img decoding=\"async\" alt=\"\" border=\"0\" src=\"https:\/\/assets.innpro.pl\/15731\/19796\/6.jpg\"\/>\n<\/p>\n<h3>Traadita vabadus<\/h3>\n<p>Tehisintellekti digitaalne algoritm v\u00f5imendab antenni signaali, nii et \u00fchendus p\u00fcsib kogu korteris v\u00f5i kontoris stabiilsena. Adapter t\u00f6\u00f6tab suure t\u00e4psusega isegi 20 meetri kaugusel, v\u00f5imaldades teil vabalt liikuda ilma edastuskvaliteeti kaotamata.<\/p>\n<p>\n<img decoding=\"async\" alt=\"\" border=\"0\" src=\"https:\/\/assets.innpro.pl\/15731\/19796\/8.jpg\"\/>\n<\/p>\n<h3>Kaovaba heli<\/h3>\n<p>Encok BA04+ toetab kadudeta heliedastust minimaalse moonutusega, mida hindavad eriti Bluetooth-k\u00f5rvaklappide ja -k\u00f5larite kasutajad. Adapter v\u00f5imaldab teil faile mugavalt Bluetoothi \u200b\u200b\u200b\u200bkaudu edastada &#8211; ilma kaablite v\u00f5i WiFi-\u00fchenduseta. M\u00e4rkus: Apple&#8217;i seadmed toetavad ainult heli edastamist.<\/p>\n<p>\n<img decoding=\"async\" alt=\"\" border=\"0\" src=\"https:\/\/assets.innpro.pl\/15731\/19796\/2.jpg\"\/>\n<\/p>\n<h3>Toetab mitut seadet samaaegselt<\/h3>\n<p>Adapter v\u00f5imaldab teil samaaegselt \u00fchendada kuni 5 seadet, n\u00e4iteks k\u00f5rvaklapid, klaviatuurid, hiired, kontrollerid, telefonid v\u00f5i tahvelarvutid \u2013 ilma nendevaheliste h\u00e4ireteta. See funktsionaalsus sobib h\u00e4sti nii kontorit\u00f6\u00f6ks kui ka meelelahutuseks.<\/p>\n<p>\n<img decoding=\"async\" alt=\"\" border=\"0\" src=\"https:\/\/assets.innpro.pl\/15731\/19796\/4.jpg\"\/>\n<\/p>\n<h3>\u00dchenda ja m\u00e4ngi ning lai \u00fchilduvus<\/h3>\n<p>Lisaseade t\u00f6\u00f6tab ilma draiverite installimise vajaduseta Windows 8.1, 10 ja 11 puhul. See toetab ka Windows 7-d (p\u00e4rast draiveri installimist) ja \u00fchenda ja m\u00e4ngi disain v\u00f5imaldab kiiret k\u00e4ivitamist. P\u00e4rast esimest sidumist j\u00e4tab adapter seadmed meelde ja loob automaatselt \u00fchenduse.<\/p>\n<p>\n<img decoding=\"async\" alt=\"\" border=\"0\" src=\"https:\/\/assets.innpro.pl\/15731\/19796\/1.jpg\"\/>\n<\/p>\n<div class=\"table-wrapper\">\n<p>\u0412\u00a0<\/p>\n<h3><\/h3>\n<table>\n<tbody>\n<tr>\n<th>Tootja<\/th>\n<td>Baseus<\/td>\n<\/tr>\n<tr>\n<th>Mudel<\/th>\n<td>Encok BA04+<\/td>\n<\/tr>\n<tr>\n<th>Tootjakood<\/th>\n<td>A10082600121-00<\/td>\n<\/tr>\n<tr>\n<th>Pistik<\/th>\n<td>USB-A<\/td>\n<\/tr>\n<tr>\n<th>Materjal<\/th>\n<td>ABS-plastik + metall<\/td>\n<\/tr>\n<tr>\n<th>Bluetoothi \u200b\u200bversioon<\/th>\n<td>5.4<\/td>\n<\/tr>\n<tr>\n<th>\u00dchendusulatus<\/th>\n<td>Kuni 20 m (takistusteta)<\/td>\n<\/tr>\n<tr>\n<th>Toetatud protokollid<\/th>\n<td>A2DP, HSP, AVRCP, HID, HOGP, PAN, GAP, OPP<\/td>\n<\/tr>\n<tr>\n<th>\u00dchilduvad s\u00fcsteemid<\/th>\n<td>Windows 7 \/ 8.1 \/ 10 \/ 11<\/td>\n<\/tr>\n<tr>\n<th>M\u00f5\u00f5tmed<\/th>\n<td>33,7 x 17 x 8 mm<\/td>\n<\/tr>\n<\/tbody>\n<\/table>\n<\/div>\n","protected":false},"excerpt":{"rendered":"<p>Baseus Encok BA04+ USB-adapter Baseus Encok BA04+ on kompaktne Bluetooth USB-adapter, mis pakub kiiret ja stabiilset traadita \u00fchendust teie arvuti, s\u00fclearvuti v\u00f5i muu seadmega. Bluetooth 5.4 kiibistiku abil pakub see kiiret andmeedastust, madalat latentsusaega ja kuni 20-meetrist leviala. Lisatarvik sobib ideaalselt nii t\u00f6\u00f6ks kui ka m\u00e4ngimiseks, pakkudes katkematut sidet seadmete vahel. Bluetooth 5.4 tehnoloogia Sisseehitatud [&#8230;]\n","protected":false},"featured_media":35038,"comment_status":"open","ping_status":"closed","template":"","meta":[],"product_brand":[95],"product_cat":[1662],"product_tag":[],"class_list":{"0":"post-35037","1":"product","2":"type-product","3":"status-publish","4":"has-post-thumbnail","6":"product_brand-baseus","7":"product_cat-accessories-headphones","9":"first","10":"outofstock","11":"taxable","12":"shipping-taxable","13":"purchasable","14":"product-type-simple"},"aioseo_notices":[],"_links":{"self":[{"href":"https:\/\/asura.lv\/et\/wp-json\/wp\/v2\/product\/35037","targetHints":{"allow":["GET"]}}],"collection":[{"href":"https:\/\/asura.lv\/et\/wp-json\/wp\/v2\/product"}],"about":[{"href":"https:\/\/asura.lv\/et\/wp-json\/wp\/v2\/types\/product"}],"replies":[{"embeddable":true,"href":"https:\/\/asura.lv\/et\/wp-json\/wp\/v2\/comments?post=35037"}],"wp:featuredmedia":[{"embeddable":true,"href":"https:\/\/asura.lv\/et\/wp-json\/wp\/v2\/media\/35038"}],"wp:attachment":[{"href":"https:\/\/asura.lv\/et\/wp-json\/wp\/v2\/media?parent=35037"}],"wp:term":[{"taxonomy":"product_brand","embeddable":true,"href":"https:\/\/asura.lv\/et\/wp-json\/wp\/v2\/product_brand?post=35037"},{"taxonomy":"product_cat","embeddable":true,"href":"https:\/\/asura.lv\/et\/wp-json\/wp\/v2\/product_cat?post=35037"},{"taxonomy":"product_tag","embeddable":true,"href":"https:\/\/asura.lv\/et\/wp-json\/wp\/v2\/product_tag?post=35037"}],"curies":[{"name":"wp","href":"https:\/\/api.w.org\/{rel}","templated":true}]}}