{"id":35067,"date":"2025-11-29T00:08:44","date_gmt":"2025-11-29T00:08:44","guid":{"rendered":"https:\/\/asura.lv\/product\/esr-qi2-magslim-5000-mah-magnetic-powerbank-with-stand-white\/"},"modified":"2025-12-12T15:17:32","modified_gmt":"2025-12-12T13:17:32","slug":"esr-qi2-magslim-5000-mah-magnetic-powerbank-with-stand-white","status":"publish","type":"product","link":"https:\/\/asura.lv\/et\/toode\/esr-qi2-magslim-5000-mah-magnetic-powerbank-with-stand-white\/","title":{"rendered":"ESR Qi2 MagSlim 5000 mAh magnetiline varupatarei alusega (valge)"},"content":{"rendered":"<h3>ESR Qi2 MagSlim 5000 mAh magnetiline v\u00e4lislaadija alusega (valge).<\/h3>\n<p>Kui otsite v\u00e4lislaadijat, mis \u00fchendab endas kiire laadimise, kompaktse disaini ja ohutu kasutamise, on ESR Qi2 MagSlim ideaalne valik. T\u00e4nu t\u00e4iustatud tehnoloogiatele ja ainulaadsele esteetikale v\u00f5ite alati olla kindel, et teie seadmed on kasutusvalmis, kus iganes te ka poleks.<\/p>\n<p>\n<img decoding=\"async\" border=\"0\" src=\"https:\/\/assets.innpro.pl\/12436\/14816\/2.jpg\"\/>\n<\/p>\n<h3>K\u00f5ige \u00f5hem ja kiirem \u2013 alati valmis, kui seda vajate<\/h3>\n<p>ESR Qi2 MagSlim on v\u00e4lislaadija, mis \u00fchendab endas erakordse j\u00f5udluse ja kaasaegsed tehnoloogiad. Mahtuvusega 5000 mAh ja toega 15W kiirlaadimisele annab see teie seadmetele kohese energia \u2013 kuni 84 minutit v\u00e4hem kui standardmudelitel. Intelligentsed tehisintellekti algoritmid ja NTC jahutussensorid tagavad ohutu t\u00f6\u00f6temperatuuri alla 36,7 \u00b0C (standard on 48 \u00b0C), garanteerides efektiivsuse ja kaitse kasutamise ajal.<\/p>\n<p>\n<img decoding=\"async\" border=\"0\" src=\"https:\/\/assets.innpro.pl\/12436\/14816\/4.jpg\"\/>\n<\/p>\n<h3>Revolutsioonilised laadimistehnoloogiad<\/h3>\n<p>Qi2 sertifikaadi ja SiCore Fast Tech tehnoloogiaga pakub MagSlim stabiilset ja kiiret laadimist, mis sobib ideaalselt t\u00e4nap\u00e4evaste seadmete vajadustega. 8-bitine protsessor j\u00e4lgib laadimist reaalajas, tagades optimaalse j\u00f5udluse ja ohutuse. V\u00f5imas 1200 g magnet tagab turvalise \u00fchenduse iPhone&#8217;ide 12. seeria ja uuemate mudelitega, MagSafe&#8217;i \u00fcmbriste, ESR-i universaalsete r\u00f5ngaste ja \u00fcmbriste ning \u00fchilduvate seadmetega, sh AirPods Pro\/3\/2 ja valitud Samsungi mudelitega.<\/p>\n<p>\n<img decoding=\"async\" border=\"0\" src=\"https:\/\/assets.innpro.pl\/12436\/14816\/5.jpg\"\/>\n<\/p>\n<h3>Suurep\u00e4rane disain ja mitmek\u00fclgne funktsionaalsus<\/h3>\n<p>MagSlim Powerbanki eristab \u00fclikompaktne disain ja auhinnatud alus (Disain Award 2023, Red Dot 2023). Reguleeritav nurk v\u00f5imaldab teil seda vastavalt oma vajadustele kohandada, mis sobib h\u00e4sti nii t\u00f6\u00f6ks kui ka igap\u00e4evaseks kasutamiseks. Selle \u00f5huke kuju ja moodne disain teevad sellest ideaalse reisikaaslase ja stiilse lisandi teie seadmele.<\/p>\n<p>\n<img decoding=\"async\" border=\"0\" src=\"https:\/\/assets.innpro.pl\/12436\/14816\/6.jpg\"\/>\n<\/p>\n<h3>Lai \u00fchilduvus<\/h3>\n<p>ESR Qi2 MagSlim \u00fchildub iPhone 12 seeria ja uuemate mudelitega, MagSafe \u00fcmbriste ning ESR-i universaalsete lisatarvikutega. Olenemata iOS-i v\u00e4rskendustest pakub seade stabiilset laadimist, mis teeb sellest usaldusv\u00e4\u00e4rse lahenduse igaks s\u00fcndmuseks.<\/p>\n<p>\n<img decoding=\"async\" border=\"0\" src=\"https:\/\/assets.innpro.pl\/12436\/14816\/7.jpg\"\/>\n<\/p>\n<div class=\"table-wrapper\">\n<p>\u0412\u00a0<\/p>\n<h3><\/h3>\n<table>\n<tbody>\n<tr>\n<th>Tootja<\/th>\n<td>ESR<\/td>\n<\/tr>\n<tr>\n<th>Aku mahutavus<\/th>\n<td>5000 mAh<\/td>\n<\/tr>\n<tr>\n<th>Laadimisv\u00f5imsus<\/th>\n<td>15 W<\/td>\n<\/tr>\n<tr>\n<th>Kiirlaadimine<\/th>\n<td>jah, Qi2<\/td>\n<\/tr>\n<tr>\n<th>\u00dchilduvus<\/th>\n<td>iPhone 12 ja uuemad (MagSafe&#8217;iga), MagSafe&#8217;i \u00fcmbris, ESR-i magnet\u00fcmbris, ESR-i universaalne magnetiline laadija r\u00f5ngas, AirPods Pro\/3\/2, valitud Samsungi mudelid<\/td>\n<\/tr>\n<tr>\n<th>Jahutuss\u00fcsteem<\/th>\n<td>Intelligentsed NTC-andurid<\/td>\n<\/tr>\n<tr>\n<th>Maksimaalne t\u00f6\u00f6temperatuur<\/th>\n<td>36,7 \u00b0C<\/td>\n<\/tr>\n<tr>\n<th>Magnetiline t\u00f5mbej\u00f5ud<\/th>\n<td>1200 g<\/td>\n<\/tr>\n<tr>\n<th>Protsessor<\/th>\n<td>Sisseehitatud 8-bitine protsessor<\/td>\n<\/tr>\n<tr>\n<th>Lisafunktsioonid<\/th>\n<td>Mitmekordselt auhinnatud disain (disainiauhind 2023, Red Dot 2023)<\/td>\n<\/tr>\n<tr>\n<th>V\u00e4rv<\/th>\n<td>Valge<\/td>\n<\/tr>\n<tr>\n<th>Sertifikaadid<\/th>\n<td>Qi2 sertifikaat<\/td>\n<\/tr>\n<tr>\n<th>Kasutatud tehnoloogiad<\/th>\n<td>Qi2, tehisintellekti algoritmid, NTC, SiCore Fast Tech<\/td>\n<\/tr>\n<\/tbody>\n<\/table>\n<\/div>\n","protected":false},"excerpt":{"rendered":"<p>ESR Qi2 MagSlim 5000 mAh magnetiline v\u00e4lislaadija alusega (valge). Kui otsite v\u00e4lislaadijat, mis \u00fchendab endas kiire laadimise, kompaktse disaini ja ohutu kasutamise, on ESR Qi2 MagSlim ideaalne valik. T\u00e4nu t\u00e4iustatud tehnoloogiatele ja ainulaadsele esteetikale v\u00f5ite alati olla kindel, et teie seadmed on kasutusvalmis, kus iganes te ka poleks. K\u00f5ige \u00f5hem ja kiirem \u2013 alati valmis, [&#8230;]\n","protected":false},"featured_media":35068,"comment_status":"open","ping_status":"closed","template":"","meta":[],"product_brand":[500],"product_cat":[1050],"product_tag":[],"class_list":{"0":"post-35067","1":"product","2":"type-product","3":"status-publish","4":"has-post-thumbnail","6":"product_brand-esr","7":"product_cat-powerbanks-gsm-accessories","9":"first","10":"outofstock","11":"taxable","12":"shipping-taxable","13":"purchasable","14":"product-type-simple"},"aioseo_notices":[],"_links":{"self":[{"href":"https:\/\/asura.lv\/et\/wp-json\/wp\/v2\/product\/35067","targetHints":{"allow":["GET"]}}],"collection":[{"href":"https:\/\/asura.lv\/et\/wp-json\/wp\/v2\/product"}],"about":[{"href":"https:\/\/asura.lv\/et\/wp-json\/wp\/v2\/types\/product"}],"replies":[{"embeddable":true,"href":"https:\/\/asura.lv\/et\/wp-json\/wp\/v2\/comments?post=35067"}],"wp:featuredmedia":[{"embeddable":true,"href":"https:\/\/asura.lv\/et\/wp-json\/wp\/v2\/media\/35068"}],"wp:attachment":[{"href":"https:\/\/asura.lv\/et\/wp-json\/wp\/v2\/media?parent=35067"}],"wp:term":[{"taxonomy":"product_brand","embeddable":true,"href":"https:\/\/asura.lv\/et\/wp-json\/wp\/v2\/product_brand?post=35067"},{"taxonomy":"product_cat","embeddable":true,"href":"https:\/\/asura.lv\/et\/wp-json\/wp\/v2\/product_cat?post=35067"},{"taxonomy":"product_tag","embeddable":true,"href":"https:\/\/asura.lv\/et\/wp-json\/wp\/v2\/product_tag?post=35067"}],"curies":[{"name":"wp","href":"https:\/\/api.w.org\/{rel}","templated":true}]}}