{"id":35097,"date":"2025-11-29T00:08:42","date_gmt":"2025-11-29T00:08:42","guid":{"rendered":"https:\/\/asura.lv\/product\/esr-qi2-magslim-10000-mah-magnetic-powerbank-sand\/"},"modified":"2025-12-12T15:17:31","modified_gmt":"2025-12-12T13:17:31","slug":"esr-qi2-magslim-10000-mah-magnetic-powerbank-sand","status":"publish","type":"product","link":"https:\/\/asura.lv\/et\/toode\/esr-qi2-magslim-10000-mah-magnetic-powerbank-sand\/","title":{"rendered":"ESR Qi2 MagSlim 10000 mAh magnetiline akupank (liiv)"},"content":{"rendered":"<h3>ESR Qi2 MagSlim 10000 mAh magnetiline v\u00e4lispatarei (liiv)<\/h3>\n<p>Tutvuge uuendusliku ESR Qi2 MagSlim magnetilise v\u00e4lispatareiga, mille mahutavus on 10 000 mAh ja mis loodi Apple&#8217;i seadmete kasutajaid silmas pidades. See paistab silma mitte ainult oma elegantse ja minimalistliku disaini, vaid ka t\u00e4iustatud tehnoloogia poolest, mis pakub kiiremat, jahedamat ja ohutumat laadimist kui kunagi varem.<\/p>\n<p>\n<img decoding=\"async\" border=\"0\" src=\"https:\/\/assets.innpro.pl\/12437\/14817\/1.jpg\"\/>\n<\/p>\n<h3>\u00dcletamatu laadimiskiirus<\/h3>\n<p>ESR Qi2 MagSlim laeb teie iPhone 15 Pro 50% ulatuses vaid 50 minutiga t\u00e4nu 15W kiirlaadimisele. See on kuni 34 minutit kiirem kui traditsioonilised v\u00e4lispatareid. SiCore tehnoloogia ja 32-bitise protsessoriga varustatud varupatarei mitte ainult ei kiirenda laadimist, vaid tagab ka selle stabiilsuse ja ohutuse, kohandades protsessi reaalajas.<\/p>\n<p>\n<img decoding=\"async\" border=\"0\" src=\"https:\/\/assets.innpro.pl\/12437\/14817\/5.jpg\"\/>\n<\/p>\n<h3>Ohutu ja jahe laadimine<\/h3>\n<p>Unustage oma seadmete \u00fclekuumenemine! ESR Qi2 MagSlim t\u00f6\u00f6tab kuni 5,8 \u00b0C jahedamatel temperatuuridel kui konkureerivad varupatareid, hoides laadimistemperatuuri madalal kuni 35 \u00b0C (v\u00f5rreldes standardse 48 \u00b0C-ga). T\u00e4nu t\u00e4iustatud NTC-anduritele ja tehisintellekti algoritmidele, mis j\u00e4lgivad laadimisprotsessi reaalajas, j\u00e4\u00e4b seade turvaliseks isegi suure kasutuse korral.<\/p>\n<p>\n<img decoding=\"async\" border=\"0\" src=\"https:\/\/assets.innpro.pl\/12437\/14817\/4.jpg\"\/>\n<\/p>\n<h3>Magnetiline tugevus ja kahekordne j\u00f5udlus<\/h3>\n<p>T\u00e4nu oma 1200 g magnetilisele tugevusele kleepub varupatarei stabiilselt seadme k\u00fclge, tagades probleemivaba laadimise isegi liikvel olles. Lisaks muudab kahe seadme samaaegne laadimise v\u00f5imalus \u2013 USB-C kaudu (27 vatti) ja juhtmevabalt (15 vatti) \u2013 MagSlimist asendamatu kaaslase igas olukorras.<\/p>\n<p>\n<img decoding=\"async\" border=\"0\" src=\"https:\/\/assets.innpro.pl\/12437\/14817\/3.jpg\"\/>\n<\/p>\n<h3>Kompaktne suurus, tohutu mahutavus<\/h3>\n<p>Kuigi ESR Qi2 MagSlim on \u00e4\u00e4rmiselt \u00f5huke, on selle mahutavus piisav iPhone 15 t\u00e4ielikuks laadimiseks kuni 1,5 korda. See \u00fchildub iPhone 12 ja uuemate mudelitega, pakkudes enneolematut mugavust. Qi2 sertifikaat garanteerib t\u00e4ieliku \u00fchilduvuse MagSafe tehnoloogia ja uusimate iOS-i v\u00e4rskendustega.<\/p>\n<p>\n<img decoding=\"async\" border=\"0\" src=\"https:\/\/assets.innpro.pl\/12437\/14817\/2.jpg\"\/>\n<\/p>\n<h3>Kaasas<\/h3>\n<ul class=\"list-disc pl-5\">\n<li>ESR Qi2 MagSlim 10000 mAh v\u00e4lislaadija<\/li>\n<li>USB-C kaabel<\/li>\n<li>Kasutusjuhend<\/li>\n<\/ul>\n<div class=\"table-wrapper\">\n<p>\u0412\u00a0<\/p>\n<h3><\/h3>\n<table>\n<tbody>\n<tr>\n<th>Tootja<\/th>\n<td>ESR<\/td>\n<\/tr>\n<tr>\n<th>Mahutavus<\/th>\n<td>10 000 mAh<\/td>\n<\/tr>\n<tr>\n<th>Laadimistehnoloogia<\/th>\n<td>Juhtmevaba laadimine: 15 W (MagSafe); Juhtmega laadimine: 27 W (USB-C)<\/td>\n<\/tr>\n<tr>\n<th>Kahesuunaline laadimine<\/th>\n<td>Jah<\/td>\n<\/tr>\n<tr>\n<th>\u00dchilduvus:<\/th>\n<td>iPhone 15, iPhone 15 Pro, iPhone 15 Plus, iPhone 15 Pro Max, k\u00f5ik MagSafe tehnoloogiaga \u00fchilduvad seadmed.<\/td>\n<\/tr>\n<tr>\n<th>Magnetilise kinnituse tugevus<\/th>\n<td>1200 g<\/td>\n<\/tr>\n<tr>\n<th>Kasutatud tehnoloogiad<\/th>\n<td>NTC andurid, tehisintellekti algoritmid, Qi2 tehnoloogia, SiCore Fast Tech<\/td>\n<\/tr>\n<tr>\n<th>Protsessor<\/th>\n<td>32-bitine<\/td>\n<\/tr>\n<tr>\n<th>Seadme laadimisaeg<\/th>\n<td>iPhone 15 Pro 50%-ni 50 minutiga<\/td>\n<\/tr>\n<tr>\n<th>T\u00f6\u00f6temperatuur laadimise ajal<\/th>\n<td>Maksimaalne temperatuur 35 \u00b0C<\/td>\n<\/tr>\n<tr>\n<th>Sertifitseerimine<\/th>\n<td>Qi2<\/td>\n<\/tr>\n<tr>\n<th>V\u00e4rv<\/th>\n<td>Liivakarva<\/td>\n<\/tr>\n<tr>\n<th>Lisafunktsioonid:<\/th>\n<td>Kahe seadme samaaegne laadimine, stabiilne laadimine, mis \u00fchildub iOS-i v\u00e4rskendustega<\/td>\n<\/tr>\n<\/tbody>\n<\/table>\n<\/div>\n","protected":false},"excerpt":{"rendered":"<p>ESR Qi2 MagSlim 10000 mAh magnetiline v\u00e4lispatarei (liiv) Tutvuge uuendusliku ESR Qi2 MagSlim magnetilise v\u00e4lispatareiga, mille mahutavus on 10 000 mAh ja mis loodi Apple&#8217;i seadmete kasutajaid silmas pidades. See paistab silma mitte ainult oma elegantse ja minimalistliku disaini, vaid ka t\u00e4iustatud tehnoloogia poolest, mis pakub kiiremat, jahedamat ja ohutumat laadimist kui kunagi varem. \u00dcletamatu [&#8230;]\n","protected":false},"featured_media":35098,"comment_status":"open","ping_status":"closed","template":"","meta":[],"product_brand":[500],"product_cat":[1050],"product_tag":[],"class_list":{"0":"post-35097","1":"product","2":"type-product","3":"status-publish","4":"has-post-thumbnail","6":"product_brand-esr","7":"product_cat-powerbanks-gsm-accessories","9":"first","10":"outofstock","11":"taxable","12":"shipping-taxable","13":"purchasable","14":"product-type-simple"},"aioseo_notices":[],"_links":{"self":[{"href":"https:\/\/asura.lv\/et\/wp-json\/wp\/v2\/product\/35097","targetHints":{"allow":["GET"]}}],"collection":[{"href":"https:\/\/asura.lv\/et\/wp-json\/wp\/v2\/product"}],"about":[{"href":"https:\/\/asura.lv\/et\/wp-json\/wp\/v2\/types\/product"}],"replies":[{"embeddable":true,"href":"https:\/\/asura.lv\/et\/wp-json\/wp\/v2\/comments?post=35097"}],"wp:featuredmedia":[{"embeddable":true,"href":"https:\/\/asura.lv\/et\/wp-json\/wp\/v2\/media\/35098"}],"wp:attachment":[{"href":"https:\/\/asura.lv\/et\/wp-json\/wp\/v2\/media?parent=35097"}],"wp:term":[{"taxonomy":"product_brand","embeddable":true,"href":"https:\/\/asura.lv\/et\/wp-json\/wp\/v2\/product_brand?post=35097"},{"taxonomy":"product_cat","embeddable":true,"href":"https:\/\/asura.lv\/et\/wp-json\/wp\/v2\/product_cat?post=35097"},{"taxonomy":"product_tag","embeddable":true,"href":"https:\/\/asura.lv\/et\/wp-json\/wp\/v2\/product_tag?post=35097"}],"curies":[{"name":"wp","href":"https:\/\/api.w.org\/{rel}","templated":true}]}}