{"id":35121,"date":"2025-11-29T00:08:40","date_gmt":"2025-11-29T00:08:40","guid":{"rendered":"https:\/\/asura.lv\/product\/esr-qi2-magslim-10000-mah-magnetic-powerbank-white\/"},"modified":"2025-12-12T15:17:28","modified_gmt":"2025-12-12T13:17:28","slug":"esr-qi2-magslim-10000-mah-magnetic-powerbank-white","status":"publish","type":"product","link":"https:\/\/asura.lv\/et\/toode\/esr-qi2-magslim-10000-mah-magnetic-powerbank-white\/","title":{"rendered":"ESR Qi2 MagSlim 10000 mAh magnetiline akupank (valge)"},"content":{"rendered":"<h3>ESR Qi2 MagSlim 10000 mAh magnetiline v\u00e4lislaadija (valge).<\/h3>\n<p>ESR Qi2 MagSlim magnetiline v\u00e4lislaadija on ideaalne lahendus neile, kes otsivad usaldusv\u00e4\u00e4rset, kiiret ja kompaktset toiteallikat. Selle t\u00e4iustatud tehnoloogiad, erakordne \u00fchilduvus ja t\u00e4pne temperatuuri reguleerimine muudavad selle ideaalseks kaaslaseks iga p\u00e4ev. Vali MagSlim ja naudi energiat, mis hoiab sinuga sammu!<\/p>\n<p>\n<img decoding=\"async\" border=\"0\" src=\"https:\/\/assets.innpro.pl\/12423\/14804\/2.jpg\"\/>\n<\/p>\n<h3>Kiirus, ohutus ja mugavus \u00fches seadmes<\/h3>\n<p>ESR Qi2 MagSlim on v\u00e4lislaadija, mis \u00fchendab endas uuendusliku tehnoloogia kompaktse disainiga. T\u00e4iustatud SiCore tehnoloogia ja 10000 mAh mahutavusega on laadimine mitte ainult \u00e4\u00e4rmiselt kiire, vaid ka t\u00f5husam ja ohutum. V\u00f5rreldes teiste mudelitega t\u00f6\u00f6tab seade 1,9 \u00b0C jahedamalt ja laeb kuni 34 minutit kiiremini, tagades mugavuse ja t\u00f6\u00f6kindluse igas olukorras.<\/p>\n<p>\n<img decoding=\"async\" border=\"0\" src=\"https:\/\/assets.innpro.pl\/12423\/14804\/1.jpg\"\/>\n<\/p>\n<h3>V\u00f5imsus, millele v\u00f5id kindel olla<\/h3>\n<p>ESR MagSlim Powerbank pakub 15-vatist juhtmevaba laadimist, et laadida sinu iPhone 15 Pro 50%-ni vaid 50 minutiga. Qi2 sertifikaadiga saad seda kiirust nautida iga p\u00e4ev, muretsemata seadmete \u00fclekuumenemise p\u00e4rast. Lisaks pakub kahesuunaline laadimistehnoloogia kiiret laadimist USB-C pordi kaudu kuni 27-vatise v\u00f5imsusega. Olenemata sellest, kas kasutate MagSafe&#8217;i v\u00f5i juhtmega \u00fchendust, olete kindel, et olete valmis igaks v\u00e4ljakutseks.<\/p>\n<p>\n<img decoding=\"async\" border=\"0\" src=\"https:\/\/assets.innpro.pl\/12423\/14804\/5.jpg\"\/>\n<\/p>\n<h3>Tugev magnetiline haare \u2013 v\u00f5rratu stabiilsus<\/h3>\n<p>ESR-i 1200 g magnetiline tugevus tagab stabiilse ja turvalise \u00fchenduse MagSafe&#8217;i seadmetega. \u00dchilduvus iPhone 12 seeria ja uuemate mudelitega, ametlike MagSafe&#8217;i \u00fcmbriste, ESR-i \u00fcmbriste ja magnetiliste r\u00f5ngastega v\u00f5i AirPodidega tagab mitmek\u00fclgsuse ja mugavuse.<\/p>\n<p>\n<img decoding=\"async\" border=\"0\" src=\"https:\/\/assets.innpro.pl\/12423\/14804\/3.jpg\"\/>\n<\/p>\n<h3>T\u00e4iustatud temperatuuri reguleerimine teie ohutuse tagamiseks<\/h3>\n<p>ESR MagSlim kasutab intelligentset NTC jahutustehnoloogiat. Temperatuuriandurite ja tehisintellekti algoritmide abil j\u00e4lgib seade pidevalt t\u00f6\u00f6tingimusi, tagades laadimise efektiivsuse ja ohutuse temperatuuril alla 36,8 \u00b0C. See on palju madalam l\u00e4vi kui tavaline 48 \u00b0C, mis t\u00e4hendab teie seadmetele suuremat ohutust ja teile meelerahu. Lisaks pakub MagSlim oma v\u00e4iksusest hoolimata piisavalt mahtu, et laadida iPhone 15 1,5 korda, iPhone 15 Pro 1,56 korda, iPhone 15 Plus 1,12 korda ja iPhone 15 Pro Max 1,15 korda.<\/p>\n<p>\n<img decoding=\"async\" border=\"0\" src=\"https:\/\/assets.innpro.pl\/12423\/14804\/4.jpg\"\/>\n<\/p>\n<h3>Tehisintellektil p\u00f5hinev tehnoloogia<\/h3>\n<p>32-bitise protsessoriga varustatud MagSlim haldab t\u00f5husalt laadimisprotsessi, optimeerides j\u00f5udlust ja tagades ohutuse reaalajas. See tagab, et laadimine on alati stabiilne ja \u00fchildub uusimate iOS-i v\u00e4rskendustega.<\/p>\n<p>\n<img decoding=\"async\" border=\"0\" src=\"https:\/\/assets.innpro.pl\/12423\/14804\/6.jpg\"\/>\n<\/p>\n<h3><\/h3>\n<ul class=\"list-disc pl-5\">\n<li>ESR Qi2 MagSlim 10 000 mAh v\u00e4lislaadija<\/li>\n<li>USB-C kaabel<\/li>\n<li>Kasutusjuhend<\/li>\n<\/ul>\n<div class=\"table-wrapper\">\n<p>\u0412\u00a0<\/p>\n<h3><\/h3>\n<table>\n<tbody>\n<tr>\n<th>Tootja<\/th>\n<td>ESR<\/td>\n<\/tr>\n<tr>\n<th>Mudel<\/th>\n<td>MagSlim<\/td>\n<\/tr>\n<tr>\n<th>Mahutavus<\/th>\n<td>10 000 mAh<\/td>\n<\/tr>\n<tr>\n<th>Laadimisv\u00f5imsus<\/th>\n<td>Juhtmevaba laadimine: kuni 15 vatti (Qi2 sertifikaat); juhtmega laadimine (USB-C): kuni 27 vatti.<\/td>\n<\/tr>\n<tr>\n<th>Laadimisaeg<\/th>\n<td>iPhone 15 Pro kuni 50% 50 minutiga<\/td>\n<\/tr>\n<tr>\n<th>\u00dchilduvus<\/th>\n<td>iPhone 12 ja uuemad MagSafe-funktsiooniga, ametlik MagSafe-\u00fcmbris, ESR-magnetiline \u00fcmbris, ESR-universaalsed r\u00f5ngad, AirPods Pro\/3\/2, Samsungi nutitelefonid<\/td>\n<\/tr>\n<tr>\n<th>Magnetiline haardetugevus<\/th>\n<td>1200 g<\/td>\n<\/tr>\n<tr>\n<th>Laadimistemperatuuri haldamine<\/th>\n<td>NTC jahutustehnoloogia<\/td>\n<\/tr>\n<tr>\n<th>Maksimaalne temperatuur laadimise ajal t\u00f6\u00f6temperatuur<\/th>\n<td>36,8 \u00b0C<\/td>\n<\/tr>\n<tr>\n<th>Protsessor<\/th>\n<td>32-bitine laadimishaldusprotsessor<\/td>\n<\/tr>\n<tr>\n<th>Tehnoloogiad<\/th>\n<td>SiCore Fast Tech, Qi2, tehisintellekti algoritmid, NTC<\/td>\n<\/tr>\n<tr>\n<th>V\u00e4rv<\/th>\n<td>Valge<\/td>\n<\/tr>\n<tr>\n<th>Lisafunktsioonid<\/th>\n<td>Kahe seadme samaaegne laadimine, stabiilne laadimine, \u00fchildub k\u00f5igi iOS-i v\u00e4rskendustega<\/td>\n<\/tr>\n<\/tbody>\n<\/table>\n<\/div>\n","protected":false},"excerpt":{"rendered":"<p>ESR Qi2 MagSlim 10000 mAh magnetiline v\u00e4lislaadija (valge). ESR Qi2 MagSlim magnetiline v\u00e4lislaadija on ideaalne lahendus neile, kes otsivad usaldusv\u00e4\u00e4rset, kiiret ja kompaktset toiteallikat. Selle t\u00e4iustatud tehnoloogiad, erakordne \u00fchilduvus ja t\u00e4pne temperatuuri reguleerimine muudavad selle ideaalseks kaaslaseks iga p\u00e4ev. Vali MagSlim ja naudi energiat, mis hoiab sinuga sammu! Kiirus, ohutus ja mugavus \u00fches seadmes ESR [&#8230;]\n","protected":false},"featured_media":35122,"comment_status":"open","ping_status":"closed","template":"","meta":[],"product_brand":[500],"product_cat":[1050],"product_tag":[],"class_list":{"0":"post-35121","1":"product","2":"type-product","3":"status-publish","4":"has-post-thumbnail","6":"product_brand-esr","7":"product_cat-powerbanks-gsm-accessories","9":"first","10":"outofstock","11":"taxable","12":"shipping-taxable","13":"purchasable","14":"product-type-simple"},"aioseo_notices":[],"_links":{"self":[{"href":"https:\/\/asura.lv\/et\/wp-json\/wp\/v2\/product\/35121","targetHints":{"allow":["GET"]}}],"collection":[{"href":"https:\/\/asura.lv\/et\/wp-json\/wp\/v2\/product"}],"about":[{"href":"https:\/\/asura.lv\/et\/wp-json\/wp\/v2\/types\/product"}],"replies":[{"embeddable":true,"href":"https:\/\/asura.lv\/et\/wp-json\/wp\/v2\/comments?post=35121"}],"wp:featuredmedia":[{"embeddable":true,"href":"https:\/\/asura.lv\/et\/wp-json\/wp\/v2\/media\/35122"}],"wp:attachment":[{"href":"https:\/\/asura.lv\/et\/wp-json\/wp\/v2\/media?parent=35121"}],"wp:term":[{"taxonomy":"product_brand","embeddable":true,"href":"https:\/\/asura.lv\/et\/wp-json\/wp\/v2\/product_brand?post=35121"},{"taxonomy":"product_cat","embeddable":true,"href":"https:\/\/asura.lv\/et\/wp-json\/wp\/v2\/product_cat?post=35121"},{"taxonomy":"product_tag","embeddable":true,"href":"https:\/\/asura.lv\/et\/wp-json\/wp\/v2\/product_tag?post=35121"}],"curies":[{"name":"wp","href":"https:\/\/api.w.org\/{rel}","templated":true}]}}