{"id":35139,"date":"2025-11-29T00:08:38","date_gmt":"2025-11-29T00:08:38","guid":{"rendered":"https:\/\/asura.lv\/product\/aukey-ep-m1nc-tws-wireless-headphones-black\/"},"modified":"2025-12-12T15:17:25","modified_gmt":"2025-12-12T13:17:25","slug":"aukey-ep-m1nc-tws-wireless-headphones-black","status":"publish","type":"product","link":"https:\/\/asura.lv\/et\/toode\/aukey-ep-m1nc-tws-wireless-headphones-black\/","title":{"rendered":"Aukey EP-M1NC TWS juhtmevabad k\u00f5rvaklapid (mustad)"},"content":{"rendered":"<h3>TWS Aukey EP-M1NC k\u00f5rvaklapid (mustad)<\/h3>\n<p>TWS Aukey EP-M1NC on tipptasemel k\u00f5rvaklapid, mis \u00fchendavad endas pika t\u00f6\u00f6aja, k\u00f5rge helikvaliteedi ja t\u00e4iustatud funktsioonide, n\u00e4iteks aktiivse m\u00fcrasummutuse (ANC) ja l\u00e4bipaistvusre\u017eiimi eelised. Need on kerged, ergonoomilised ja pakuvad t\u00e4nu IPX5 veekindlusele mugavust terveks p\u00e4evaks olenemata ilmastikutingimustest.<\/p>\n<p>\n<img decoding=\"async\" border=\"0\" src=\"https:\/\/assets.innpro.pl\/12330\/14670\/1.jpg\"\/>\n<\/p>\n<h3>Katkematu muusika<\/h3>\n<p>Aukey EP-M1NC k\u00f5rvaklapid pakuvad \u00fche laadimisega kuni 6 tundi muusika taasesitust ja laadimis\u00fcmbris annab lisaks 18 tundi kasutusaega, kokku 24 tundi katkematut meelelahutust. See t\u00e4hendab, et saate oma lemmikmuusikat nautida terve p\u00e4eva ilma sagedase laadimiseta.<\/p>\n<p>\n<img decoding=\"async\" border=\"0\" src=\"https:\/\/assets.innpro.pl\/12330\/14670\/6.jpg\"\/>\n<\/p>\n<h3>Sujuv \u00fchendus<\/h3>\n<p>Bluetooth 5.1 tehnoloogia tagab stabiilse ja kiire \u00fchenduse teie seadmetega sujuvaks muusika kuulamiseks ja helistamiseks. K\u00f5rvaklapid paaristuvad automaatselt valitud heliallikaga, v\u00e4listades k\u00e4sitsi \u00fchendamise vajaduse.<\/p>\n<p>\n<img decoding=\"async\" border=\"0\" src=\"https:\/\/assets.innpro.pl\/12330\/14670\/9.jpg\"\/>\n<\/p>\n<h3>Suurep\u00e4rane helikvaliteet<\/h3>\n<p>Kvaliteetne draiver (10 mm) PEEK + PU komposiitmembraaniga pakub erakordset heli, et saaksite oma lemmiklugudesse t\u00e4ielikult sukelduda. Heli selgus ja s\u00fcgav bass on nende k\u00f5rvaklappide peamised eelised. Nendega on iga noot selgelt kuuldav.<\/p>\n<p>\n<img decoding=\"async\" border=\"0\" src=\"https:\/\/assets.innpro.pl\/12330\/14670\/5.jpg\"\/>\n<\/p>\n<h3>Ergonoomiline disain<\/h3>\n<p>EP-M1NC k\u00f5rvaklapid on kerge disainiga, kaaludes vaid 4 grammi. Ergonoomiline disain muudab need mugavaks pikkade tundide jooksul ilma ebamugavustundeta. Samal ajal muudab stiilne disain need nii funktsionaalseks kui ka esteetiliselt meeldivaks.<\/p>\n<p>\n<img decoding=\"async\" border=\"0\" src=\"https:\/\/assets.innpro.pl\/12330\/14670\/2.jpg\"\/>\n<\/p>\n<h3>Ilmakindlus<\/h3>\n<p>IPX5 veekindlusega Aukey EP-M1NC k\u00f5rvaklapid on higi- ja vihmakindlad, mist\u00f5ttu on need ideaalne valik aktiivsetele kasutajatele. Olenemata ilmast saate oma lemmikmuusikat nautida jooksmise v\u00f5i treenimise ajal.<\/p>\n<p>\n<img decoding=\"async\" border=\"0\" src=\"https:\/\/assets.innpro.pl\/12330\/14670\/8.jpg\"\/>\n<\/p>\n<h3>Aktiivne m\u00fcrasummutus ja l\u00e4bipaistvusre\u017eiim<\/h3>\n<p>ANC-funktsioon pakub kuni 28 detsibelli m\u00fcrasummutust, mis v\u00f5imaldab teil keskenduda oma muusikale ilma \u00fcmbritsevate segajateta. L\u00e4bipaistvusre\u017eiim seevastu v\u00f5imaldab teil kuulda \u00fcmbritsevaid helisid k\u00f5rvaklappe eemaldamata, muutes selle linnas liikumise turvalisemaks.<\/p>\n<p>\n<img decoding=\"async\" border=\"0\" src=\"https:\/\/assets.innpro.pl\/12330\/14670\/7.jpg\"\/>\n<\/p>\n<h3>Intuitiivsed puutetundlikud juhtnupud<\/h3>\n<p>Lihtsad puutetundlikud juhtnupud muudavad muusika ja k\u00f5nede haldamise lihtsaks. Saate lugusid esitada, peatada, lugusid vahetada, k\u00f5nedele vastata ja neist keelduda, helitugevust reguleerida ja h\u00e4\u00e4lassistenti aktiveerida ilma telefoni j\u00e4rele haaramata.<\/p>\n<p>\n<img decoding=\"async\" border=\"0\" src=\"https:\/\/assets.innpro.pl\/12330\/14670\/4.jpg\"\/>\n<\/p>\n<h3>Kaasas<\/h3>\n<ul class=\"list-disc pl-5\">\n<li>K\u00f5rvaklapid<\/li>\n<li>Laadimiskaabel<\/li>\n<li>M\u00e4rkus: laadijat pole<\/li>\n<\/ul>\n<div class=\"table-wrapper\">\n<p>\u0412\u00a0<\/p>\n<h3><\/h3>\n<table>\n<tbody>\n<tr>\n<th>Tootja<\/th>\n<td>Aukey<\/td>\n<\/tr>\n<tr>\n<th>Mudel<\/th>\n<td>EP-M1NC<\/td>\n<\/tr>\n<tr>\n<th>V\u00e4rv<\/th>\n<td>Must<\/td>\n<\/tr>\n<tr>\n<th>\u00dchenduvus<\/th>\n<td>Bluetooth 5.1<\/td>\n<\/tr>\n<tr>\n<th>T\u00f6\u00f6aeg<\/th>\n<td>6 tundi \u00fche laadimisega, laadimis\u00fcmbrisega lisaks 18 tundi<\/td>\n<\/tr>\n<tr>\n<th>Muundur<\/th>\n<td>10 mm, PEEK + PU komposiit<\/td>\n<\/tr>\n<tr>\n<th>Kaal<\/th>\n<td>4 g iga k\u00f5rvaklapp<\/td>\n<\/tr>\n<tr>\n<th>Veekindel<\/th>\n<td>IPX5<\/td>\n<\/tr>\n<tr>\n<th>Juhtimine funktsioonid<\/th>\n<td>Muusika, k\u00f5nede ja ANC puutetundlik juhtimine<\/td>\n<\/tr>\n<\/tbody>\n<\/table>\n<\/div>\n","protected":false},"excerpt":{"rendered":"<p>TWS Aukey EP-M1NC k\u00f5rvaklapid (mustad) TWS Aukey EP-M1NC on tipptasemel k\u00f5rvaklapid, mis \u00fchendavad endas pika t\u00f6\u00f6aja, k\u00f5rge helikvaliteedi ja t\u00e4iustatud funktsioonide, n\u00e4iteks aktiivse m\u00fcrasummutuse (ANC) ja l\u00e4bipaistvusre\u017eiimi eelised. Need on kerged, ergonoomilised ja pakuvad t\u00e4nu IPX5 veekindlusele mugavust terveks p\u00e4evaks olenemata ilmastikutingimustest. Katkematu muusika Aukey EP-M1NC k\u00f5rvaklapid pakuvad \u00fche laadimisega kuni 6 tundi muusika taasesitust [&#8230;]\n","protected":false},"featured_media":35140,"comment_status":"open","ping_status":"closed","template":"","meta":[],"product_brand":[548],"product_cat":[954],"product_tag":[],"class_list":{"0":"post-35139","1":"product","2":"type-product","3":"status-publish","4":"has-post-thumbnail","6":"product_brand-aukey","7":"product_cat-tws","9":"first","10":"outofstock","11":"taxable","12":"shipping-taxable","13":"purchasable","14":"product-type-simple"},"aioseo_notices":[],"_links":{"self":[{"href":"https:\/\/asura.lv\/et\/wp-json\/wp\/v2\/product\/35139","targetHints":{"allow":["GET"]}}],"collection":[{"href":"https:\/\/asura.lv\/et\/wp-json\/wp\/v2\/product"}],"about":[{"href":"https:\/\/asura.lv\/et\/wp-json\/wp\/v2\/types\/product"}],"replies":[{"embeddable":true,"href":"https:\/\/asura.lv\/et\/wp-json\/wp\/v2\/comments?post=35139"}],"wp:featuredmedia":[{"embeddable":true,"href":"https:\/\/asura.lv\/et\/wp-json\/wp\/v2\/media\/35140"}],"wp:attachment":[{"href":"https:\/\/asura.lv\/et\/wp-json\/wp\/v2\/media?parent=35139"}],"wp:term":[{"taxonomy":"product_brand","embeddable":true,"href":"https:\/\/asura.lv\/et\/wp-json\/wp\/v2\/product_brand?post=35139"},{"taxonomy":"product_cat","embeddable":true,"href":"https:\/\/asura.lv\/et\/wp-json\/wp\/v2\/product_cat?post=35139"},{"taxonomy":"product_tag","embeddable":true,"href":"https:\/\/asura.lv\/et\/wp-json\/wp\/v2\/product_tag?post=35139"}],"curies":[{"name":"wp","href":"https:\/\/api.w.org\/{rel}","templated":true}]}}