{"id":35157,"date":"2025-11-29T00:08:37","date_gmt":"2025-11-29T00:08:37","guid":{"rendered":"https:\/\/asura.lv\/product\/smart-safe-lockin-yeeuu-k441-fingerprint\/"},"modified":"2025-12-12T15:17:25","modified_gmt":"2025-12-12T13:17:25","slug":"smart-safe-lockin-yeeuu-k441-fingerprint","status":"publish","type":"product","link":"https:\/\/asura.lv\/et\/toode\/smart-safe-lockin-yeeuu-k441-fingerprint\/","title":{"rendered":"Nutikas seifilukk YEEUU K441 (s\u00f5rmej\u00e4ljelugeja)"},"content":{"rendered":"<h3>Nutikas seif Lockin YEEUU K441 (s\u00f5rmej\u00e4ljelugeja)<\/h3>\n<p>Lockin YEEUU K441 on nutikas seif s\u00f5rmej\u00e4ljelugeja ja p\u00e4\u00e4sukoodi toega, mis on loodud v\u00f5tmete ja muude v\u00e4ikeste esemete turvaliseks hoidmiseks. See mudel pakub kiiret avamist s\u00f5rmej\u00e4ljega \u2013 tuvastamine v\u00f5tab vaid 0,5 sekundit ja andur t\u00f6\u00f6tab iga nurga all (360\u00b0). Seif toetab kuni 50 s\u00f5rmej\u00e4lge ja kuni 100 koodi. K441 t\u00f6\u00f6tab energias\u00e4\u00e4stlikul Nordic 52832 kiibil ja selle korpus vastab IP65 standarditele, nii et seda saab paigaldada ka \u00f5ue. Mobiilirakendus v\u00f5imaldab teil hallata ligip\u00e4\u00e4se ja vaadata avamisajalugu \u2013 see t\u00f6\u00f6tab nii Androidis kui ka iOS-is.<\/p>\n<p>\n<img decoding=\"async\" alt=\"\" border=\"0\" src=\"https:\/\/assets.innpro.pl\/13671\/16809\/3.jpg\"\/>\n<\/p>\n<h3>Kiire paigaldamine ja ohutu kasutamine<\/h3>\n<p>K441 mudeli korpus v\u00f5imaldab paigaldamist laienduskruvide, isekeermestavate kruvide v\u00f5i kaasasoleva kronsteini abil \u2013 nii saab seifi vastavalt vajadusele paigaldada erinevatele pindadele. Sisseehitatud aku t\u00fchjenemise alarm annab m\u00e4rku toiteallika vahetamise vajadusest \u2013 nii LED-tule ja piiksu abil kui ka rakendusesiseste teadete kaudu (p\u00e4rast Wi-Fi sillaga integreerimist). Lisaks toetab seade NFC-\u00fchendust Androidis ja Bluetooth-\u00fchendust, mis v\u00f5imaldab seifi nutitelefoniga avada. Ligip\u00e4\u00e4su saab luua koodide abil: ajutised, ts\u00fcklilised, d\u00fcnaamilised ja v\u00f5rgu\u00fchenduseta ning &#8220;piilumisvastane&#8221; funktsioon kaitseb sisestatud koodi kahtluste eest.<\/p>\n<p>\n<img decoding=\"async\" alt=\"\" border=\"0\" src=\"https:\/\/assets.innpro.pl\/13671\/16809\/5.jpg\"\/>\n<\/p>\n<h3>Kaks toitev\u00f5imalust ja kohalik andmesalvestus<\/h3>\n<p>K441 toiteallikaks on 3 AAA-patareid (kuni 18 kuud) v\u00f5i 2 CR123A-patareid (kuni 24 kuud). Seade salvestab biomeetrilisi andmeid lokaalselt ilma neid pilve edastamata, mis suurendab privaatsuse taset. Rakendus vastab GDPR\/CCPA standarditele ja v\u00f5imaldab teil m\u00e4\u00e4rata s\u00f5rmej\u00e4lgi ja juurdep\u00e4\u00e4sukoode konkreetsetele kasutajatele, samuti vaadata nendele isikutele m\u00e4\u00e4ratud avamisajalugu. Kogu seade on \u00fcmbritsetud vastupidavast alumiiniumisulamist ja roostevabast terasest korpusest, mis tagab vastupidavuse ja vastupidavuse mehaanilistele kahjustustele.<\/p>\n<p>\n<img decoding=\"async\" alt=\"\" border=\"0\" src=\"https:\/\/assets.innpro.pl\/13671\/16809\/4.jpg\"\/>\n<\/p>\n<h3>Komplektis:<\/h3>\n<ul class=\"list-disc pl-5\">\n<li>Lockin YEEUU K441 nutikas seif (puutetundlik nupp)<\/li>\n<li>Peav\u00f5ru<\/li>\n<li>Silikoonist siset\u00fckk x2<\/li>\n<li>Laiendush\u00fclss x3<\/li>\n<li>Isekeermestav kruvi x3<\/li>\n<li>Patareipesa kruvi<\/li>\n<li>AAA patarei x3<\/li>\n<\/ul>\n<div class=\"table-wrapper\">\n<p>\u0412\u00a0<\/p>\n<h3><\/h3>\n<table>\n<tbody>\n<tr>\n<th>Tootja<\/th>\n<td>Lukustus<\/td>\n<\/tr>\n<tr>\n<th>Mudel<\/th>\n<td>K441<\/td>\n<\/tr>\n<tr>\n<th>S\u00f5rmej\u00e4ljelugeja<\/th>\n<td>Jah<\/td>\n<\/tr>\n<tr>\n<th>Ligip\u00e4\u00e4sukood<\/th>\n<td>Jah<\/td>\n<\/tr>\n<tr>\n<th>Bluetooth<\/th>\n<td>Jah<\/td>\n<\/tr>\n<tr>\n<th>M\u00e4lumaht<\/th>\n<td>100 tk (s\u00f5rmej\u00e4lgi ja p\u00e4\u00e4sukoode kokku; s\u00f5rmej\u00e4lgi kuni 50 tk)<\/td>\n<\/tr>\n<tr>\n<th>Korpuse materjal<\/th>\n<td>Alumiiniumisulam ja roostevaba teras<\/td>\n<\/tr>\n<\/tbody>\n<\/table>\n<\/div>\n","protected":false},"excerpt":{"rendered":"<p>Nutikas seif Lockin YEEUU K441 (s\u00f5rmej\u00e4ljelugeja) Lockin YEEUU K441 on nutikas seif s\u00f5rmej\u00e4ljelugeja ja p\u00e4\u00e4sukoodi toega, mis on loodud v\u00f5tmete ja muude v\u00e4ikeste esemete turvaliseks hoidmiseks. See mudel pakub kiiret avamist s\u00f5rmej\u00e4ljega \u2013 tuvastamine v\u00f5tab vaid 0,5 sekundit ja andur t\u00f6\u00f6tab iga nurga all (360\u00b0). Seif toetab kuni 50 s\u00f5rmej\u00e4lge ja kuni 100 koodi. K441 [&#8230;]\n","protected":false},"featured_media":35158,"comment_status":"open","ping_status":"closed","template":"","meta":[],"product_brand":[726],"product_cat":[915],"product_tag":[],"class_list":{"0":"post-35157","1":"product","2":"type-product","3":"status-publish","4":"has-post-thumbnail","6":"product_brand-lockin","7":"product_cat-access-control","9":"first","10":"outofstock","11":"taxable","12":"shipping-taxable","13":"purchasable","14":"product-type-simple"},"aioseo_notices":[],"_links":{"self":[{"href":"https:\/\/asura.lv\/et\/wp-json\/wp\/v2\/product\/35157","targetHints":{"allow":["GET"]}}],"collection":[{"href":"https:\/\/asura.lv\/et\/wp-json\/wp\/v2\/product"}],"about":[{"href":"https:\/\/asura.lv\/et\/wp-json\/wp\/v2\/types\/product"}],"replies":[{"embeddable":true,"href":"https:\/\/asura.lv\/et\/wp-json\/wp\/v2\/comments?post=35157"}],"wp:featuredmedia":[{"embeddable":true,"href":"https:\/\/asura.lv\/et\/wp-json\/wp\/v2\/media\/35158"}],"wp:attachment":[{"href":"https:\/\/asura.lv\/et\/wp-json\/wp\/v2\/media?parent=35157"}],"wp:term":[{"taxonomy":"product_brand","embeddable":true,"href":"https:\/\/asura.lv\/et\/wp-json\/wp\/v2\/product_brand?post=35157"},{"taxonomy":"product_cat","embeddable":true,"href":"https:\/\/asura.lv\/et\/wp-json\/wp\/v2\/product_cat?post=35157"},{"taxonomy":"product_tag","embeddable":true,"href":"https:\/\/asura.lv\/et\/wp-json\/wp\/v2\/product_tag?post=35157"}],"curies":[{"name":"wp","href":"https:\/\/api.w.org\/{rel}","templated":true}]}}