{"id":35301,"date":"2025-11-28T23:08:18","date_gmt":"2025-11-28T23:08:18","guid":{"rendered":"https:\/\/asura.lv\/product\/phomemo-m120-portable-label-printer-black\/"},"modified":"2025-12-12T15:14:14","modified_gmt":"2025-12-12T13:14:14","slug":"phomemo-m120-portable-label-printer-black","status":"publish","type":"product","link":"https:\/\/asura.lv\/et\/toode\/phomemo-m120-portable-label-printer-black\/","title":{"rendered":"Phomemo M120 kaasaskantav sildiprinter (must)"},"content":{"rendered":"<h3>Phomemo M120 kaasaskantav sildiprinter (must)<\/h3>\n<p>Phomemo M120 kaasaskantav sildiprinter sobib h\u00e4sti mitmesugusteks rakendusteks. Selle abil saate printida aadressikleebiseid, konteinerisilte, pilte ja palju muud! See pakub printimislaiust 20 mm kuni 50 mm ja 203 DPI eraldusv\u00f5imega v\u00f5imaldab see saavutada t\u00e4pset ja teravat graafikat ning t\u00e4hti. Lisaks tagab 1500 mAh laetav aku pika t\u00f6\u00f6aja. Samuti on olemas spetsiaalne Print Master rakendus, mis pakub palju malle, ikoone ja muud.<\/p>\n<p>\n<img decoding=\"async\" alt=\"\" border=\"0\" src=\"https:\/\/assets.innpro.pl\/11400\/13512\/2.jpg\"\/>\n<\/p>\n<h3>Suurep\u00e4rane prindikvaliteet<\/h3>\n<p>203 DPI eraldusv\u00f5imega printer v\u00f5imaldab teil luua selgeid ja t\u00e4pseid silte. See sobib ideaalselt isegi detailse graafika ja kirjade jaoks! Seade \u00fcllatab teid ka oma j\u00f5udlusega \u2013 see prindib kiirusega umbes 50\u201370 mm\/s. See v\u00f5imaldab teil printida umbes 50 silti minutis! Lisaks v\u00e4listab termotr\u00fcki tehnoloogia tindi vajaduse.<\/p>\n<p>\n<img decoding=\"async\" alt=\"\" border=\"0\" src=\"https:\/\/assets.innpro.pl\/11400\/13512\/6.jpg\"\/>\n<\/p>\n<h3>Rakendusega on palju v\u00f5imalusi<\/h3>\n<p>Androidi ja iOS-i nutitelefonidele saadaval olev rakendus Print Master muudab printeri kasutamise ja siltide kujundamise lihtsaks. See sisaldab palju valmismalle, ikoone ja palju muud, et saaksite oma loovusel lennata! Tarkvara toetab ka h\u00e4\u00e4le- ja pildituvastust ning v\u00f5imaldab teil skannida QR-koode. Lisaks \u00fchendub printer teie nutitelefoniga Bluetoothi \u200b\u200bkaudu \u2013 printimise alustamiseks kulub vaid paar kl\u00f5psu!<\/p>\n<p>\n<img decoding=\"async\" alt=\"\" border=\"0\" src=\"https:\/\/assets.innpro.pl\/11400\/13512\/1.jpg\"\/>\n<\/p>\n<h3>Mitmed rakendused<\/h3>\n<p>Printer v\u00f5imaldab teil printida silte laiusega 20 mm kuni 50 mm, nii et saate seda kasutada mitmesugusteks rakendusteks. Looge mugavalt aadressikleebiseid, kujundage v\u00fcrtsipurkide silte, genereerige v\u00f6\u00f6tkoode, sildikarpe ja palju muud \u2013 te ei pea ennast piirama!<\/p>\n<p>\n<img decoding=\"async\" alt=\"\" border=\"0\" src=\"https:\/\/assets.innpro.pl\/11400\/13512\/5.jpg\"\/>\n<\/p>\n<h3>Juhtmevaba t\u00f6\u00f6<\/h3>\n<p>Unustage sassis kaablid \u2013 printer t\u00f6\u00f6tab juhtmevabalt, nii et saate seda vabalt k\u00f5ikjal kasutada! 1500 mAh aku tagab pika t\u00f6\u00f6aja \u2013 ootere\u017eiimis kuni 7 p\u00e4eva. Seadme laadimiseks pole samuti palju aega vaja \u2013 M120 toetab kiirlaadimist USB-C kaudu. Samal ajal on printer v\u00e4ga kerge ja kompaktne \u2013 see kaalub vaid 409 g ja selle m\u00f5\u00f5tmed on 111 x 86 x 59 mm. Nii et saate selle peaaegu k\u00f5ikjale kaasa v\u00f5tta!<\/p>\n<p>\n<img decoding=\"async\" alt=\"\" border=\"0\" src=\"https:\/\/assets.innpro.pl\/11400\/13512\/3.jpg\"\/>\n<\/p>\n<h3>Kaasas<\/h3>\n<ul class=\"list-disc pl-5\">\n<li>Sildiprinter<\/li>\n<li>Paberirull siltide printimiseks<\/li>\n<li>USB-kaabel<\/li>\n<li>Kasutusjuhend<\/li>\n<\/ul>\n<div class=\"table-wrapper\">\n<p>\u0412\u00a0<\/p>\n<h3><\/h3>\n<table>\n<tbody>\n<tr>\n<th>Tootja<\/th>\n<td>Phomemo<\/td>\n<\/tr>\n<tr>\n<th>Mudel<\/th>\n<td>M120-BK<\/td>\n<\/tr>\n<tr>\n<th>V\u00e4rv<\/th>\n<td>Must<\/td>\n<\/tr>\n<tr>\n<th>Silt laius<\/th>\n<td>20\u201350 mm<\/td>\n<\/tr>\n<tr>\n<th>Tr\u00fckitehnoloogia<\/th>\n<td>Termotr\u00fckk<\/td>\n<\/tr>\n<tr>\n<th>Eraldusv\u00f5ime<\/th>\n<td>203 DPI<\/td>\n<\/tr>\n<tr>\n<th>Printimiskiirus<\/th>\n<td>Ligikaudu 50\u201370 mm\/s \/ u. 50 etiketti minutis<\/td>\n<\/tr>\n<tr>\n<th>\u00dchenduvus<\/th>\n<td>Bluetooth<\/td>\n<\/tr>\n<tr>\n<th>Aku mahtuvus<\/th>\n<td>1500 mAh<\/td>\n<\/tr>\n<tr>\n<th>T\u00f6\u00f6aeg ootere\u017eiimis<\/th>\n<td>Ligikaudu 7 p\u00e4eva<\/td>\n<\/tr>\n<tr>\n<th>Laadimisport<\/th>\n<td>USB-C<\/td>\n<\/tr>\n<tr>\n<th>Kaal<\/th>\n<td>409 g<\/td>\n<\/tr>\n<tr>\n<th>M\u00f5\u00f5tmed<\/th>\n<td>111 x 86 x 59 mm<\/td>\n<\/tr>\n<tr>\n<th>Rakendus<\/th>\n<td>Print Master<\/td>\n<\/tr>\n<tr>\n<th>\u00dchilduvus<\/th>\n<td>Android, iOS<\/td>\n<\/tr>\n<tr>\n<th>Toiteallikas<\/th>\n<td>Juhe \/ laetav liitiumaku aku<\/td>\n<\/tr>\n<tr>\n<th>Aku mahtuvus<\/th>\n<td>1200 mAh<\/td>\n<\/tr>\n<tr>\n<th>Printimise t\u00fc\u00fcp<\/th>\n<td>mustvalge<\/td>\n<\/tr>\n<\/tbody>\n<\/table>\n<\/div>\n","protected":false},"excerpt":{"rendered":"<p>Phomemo M120 kaasaskantav sildiprinter (must) Phomemo M120 kaasaskantav sildiprinter sobib h\u00e4sti mitmesugusteks rakendusteks. Selle abil saate printida aadressikleebiseid, konteinerisilte, pilte ja palju muud! See pakub printimislaiust 20 mm kuni 50 mm ja 203 DPI eraldusv\u00f5imega v\u00f5imaldab see saavutada t\u00e4pset ja teravat graafikat ning t\u00e4hti. Lisaks tagab 1500 mAh laetav aku pika t\u00f6\u00f6aja. Samuti on olemas [&#8230;]\n","protected":false},"featured_media":35302,"comment_status":"open","ping_status":"closed","template":"","meta":[],"product_brand":[700],"product_cat":[1020],"product_tag":[],"class_list":{"0":"post-35301","1":"product","2":"type-product","3":"status-publish","4":"has-post-thumbnail","6":"product_brand-phomemo","7":"product_cat-labels","9":"first","10":"outofstock","11":"taxable","12":"shipping-taxable","13":"purchasable","14":"product-type-simple"},"aioseo_notices":[],"_links":{"self":[{"href":"https:\/\/asura.lv\/et\/wp-json\/wp\/v2\/product\/35301","targetHints":{"allow":["GET"]}}],"collection":[{"href":"https:\/\/asura.lv\/et\/wp-json\/wp\/v2\/product"}],"about":[{"href":"https:\/\/asura.lv\/et\/wp-json\/wp\/v2\/types\/product"}],"replies":[{"embeddable":true,"href":"https:\/\/asura.lv\/et\/wp-json\/wp\/v2\/comments?post=35301"}],"wp:featuredmedia":[{"embeddable":true,"href":"https:\/\/asura.lv\/et\/wp-json\/wp\/v2\/media\/35302"}],"wp:attachment":[{"href":"https:\/\/asura.lv\/et\/wp-json\/wp\/v2\/media?parent=35301"}],"wp:term":[{"taxonomy":"product_brand","embeddable":true,"href":"https:\/\/asura.lv\/et\/wp-json\/wp\/v2\/product_brand?post=35301"},{"taxonomy":"product_cat","embeddable":true,"href":"https:\/\/asura.lv\/et\/wp-json\/wp\/v2\/product_cat?post=35301"},{"taxonomy":"product_tag","embeddable":true,"href":"https:\/\/asura.lv\/et\/wp-json\/wp\/v2\/product_tag?post=35301"}],"curies":[{"name":"wp","href":"https:\/\/api.w.org\/{rel}","templated":true}]}}