{"id":35307,"date":"2025-11-28T23:08:18","date_gmt":"2025-11-28T23:08:18","guid":{"rendered":"https:\/\/asura.lv\/product\/phomemo-m200-portable-label-printer-black\/"},"modified":"2025-12-12T15:14:14","modified_gmt":"2025-12-12T13:14:14","slug":"phomemo-m200-portable-label-printer-black","status":"publish","type":"product","link":"https:\/\/asura.lv\/et\/toode\/phomemo-m200-portable-label-printer-black\/","title":{"rendered":"Phomemo M200 kaasaskantav sildiprinter (must)"},"content":{"rendered":"<h3>Phomemo M200 kaasaskantav sildiprinter (must)<\/h3>\n<p>Phomemo M200 on t\u00e4iustatud sildiprinter, mis \u00fchendab funktsionaalsuse moodsa disainiga. See kasutab termoprintimise tehnoloogiat ja pakub 203 dpi eraldusv\u00f5imet, et saaksite nautida selget ja t\u00e4pset graafikat. See paistab silma ka oma laia \u00fchilduvuse poolest ja seda saab \u00fchendada kahel viisil &#8211; Bluetoothi \u200b\u200b\u200b\u200bkaudu (nutitelefonide ja tahvelarvutitega) v\u00f5i USB kaudu (s\u00fclearvutitega). Seadme kasutamine ja siltide kujundamine on teile Print Masteri rakenduse abil lihtsam.<\/p>\n<p>\n<img decoding=\"async\" alt=\"\" border=\"0\" src=\"https:\/\/assets.innpro.pl\/11417\/13531\/1.jpg\"\/>\n<\/p>\n<h3>T\u00e4pne printimine igaks otstarbeks<\/h3>\n<p>203 dpi eraldusv\u00f5ime muudab iga sildi loetavaks ja esteetiliselt meeldivaks. Samal ajal pakub printer printimislaiust 20 mm kuni 75 mm, nii et saate seda kasutada mitmesuguste \u00fclesannete jaoks \u2013 alates v\u00f6\u00f6tkoodide ja QR-koodide printimisest kuni aadressisiltide ja loominguliste kleebisteni.<\/p>\n<p>\n<img decoding=\"async\" alt=\"\" border=\"0\" src=\"https:\/\/assets.innpro.pl\/11417\/13531\/5.jpg\"\/>\n<\/p>\n<h3>Intuitiivne Print Masteri rakendus<\/h3>\n<p>Androidi ja iOS-i seadmetele saadaval oleva Print Masteri rakendusega muutub siltide kujundamine \u00e4\u00e4rmiselt lihtsaks ja kiireks. Leiate mitmesuguseid sisseehitatud malle, mis aitavad teil luua erakordseid prindit\u00f6id! Teie k\u00e4sutuses on ka mitmeid t\u00e4iustatud funktsioone, n\u00e4iteks teksti-, pildi- ja h\u00e4\u00e4letuvastus.<\/p>\n<p>\n<img decoding=\"async\" alt=\"\" border=\"0\" src=\"https:\/\/assets.innpro.pl\/11417\/13531\/3.jpg\"\/>\n<\/p>\n<h3>Kompaktne disain<\/h3>\n<p>Phomemo M200 printer on loodud kasutajamugavust silmas pidades. Selle kompaktne suurus (120 x 117 x 60 mm) v\u00f5imaldab h\u00f5lpsat kaasaskandmist ja hoiustamist ning sisseehitatud liitiumaku tagab juhtmevaba t\u00f6\u00f6 \u2013 pole vaja iga kord otsida saadaolevaid pistikupesasid ega muretseda kaablite p\u00e4rast! See on seade, mida saate endaga peaaegu k\u00f5ikjale kaasa v\u00f5tta.<\/p>\n<p>\n<img decoding=\"async\" alt=\"\" border=\"0\" src=\"https:\/\/assets.innpro.pl\/11417\/13531\/7.jpg\"\/>\n<\/p>\n<h3>Lai \u00fchilduvus ja kasutusmugavus<\/h3>\n<p>M200 toetab Bluetooth-\u00fchendust, mis v\u00f5imaldab teil kiiresti \u00fchenduda mobiilseadmetega, n\u00e4iteks nutitelefonide ja tahvelarvutitega. Samuti saate selle USB-kaabli abil arvutiga \u00fchendada. Printer \u00fchildub enamiku populaarsete operatsioonis\u00fcsteemidega, n\u00e4iteks Android, iOS, Windows, macOS, Chrome OS ja Linux.<\/p>\n<p>\n<img decoding=\"async\" alt=\"\" border=\"0\" src=\"https:\/\/assets.innpro.pl\/11417\/13531\/2.jpg\"\/>\n<\/p>\n<h3>Kaasas<\/h3>\n<ul class=\"list-disc pl-5\">\n<li>Printer<\/li>\n<li>USB-kaabel<\/li>\n<li>Paberijuhik (printeris)<\/li>\n<li>Kasutusjuhend<\/li>\n<\/ul>\n<div class=\"table-wrapper\">\n<p>B\u00a0<\/p>\n<h3><\/h3>\n<table>\n<tbody>\n<tr>\n<th>Tootja<\/th>\n<td>Phomemo<\/td>\n<\/tr>\n<tr>\n<th>Mudel<\/th>\n<td>M200-BK<\/td>\n<\/tr>\n<tr>\n<th>V\u00e4rv<\/th>\n<td>Must<\/td>\n<\/tr>\n<tr>\n<th>Tr\u00fckitehnoloogia<\/th>\n<td>Termotr\u00fckk<\/td>\n<\/tr>\n<tr>\n<th>Printimislaius<\/th>\n<td>20\u201375 mm<\/td>\n<\/tr>\n<tr>\n<th>Printimiskiirus<\/th>\n<td>30\u201350 mm\/s (tasemed 1\u20135)<\/td>\n<\/tr>\n<tr>\n<th>Printimise intensiivsuse reguleerimise tasemed<\/th>\n<td>1\u201315<\/td>\n<\/tr>\n<tr>\n<th>Eraldusv\u00f5ime<\/th>\n<td>203 DPI<\/td>\n<\/tr>\n<tr>\n<th>Toetatud koodid<\/th>\n<td>1D v\u00f6\u00f6tkoodid ja QR-koodid<\/td>\n<\/tr>\n<tr>\n<th>\u00dchilduvad sildid<\/th>\n<td>Musta m\u00e4rgistusega termosildid, l\u00f5igatud sildid, pidevad sildid<\/td>\n<\/tr>\n<tr>\n<th>Sildi maksimaalne laius<\/th>\n<td>80 mm<\/td>\n<\/tr>\n<tr>\n<th>Maks. Sildi l\u00e4bim\u00f5\u00f5t<\/th>\n<td>50 mm<\/td>\n<\/tr>\n<tr>\n<th>\u00dchenduvus<\/th>\n<td>Bluetooth (nutitelefonid ja tahvelarvutid) \/ USB (s\u00fclearvutid)<\/td>\n<\/tr>\n<tr>\n<th>M\u00f5\u00f5tmed<\/th>\n<td>120 x 117 x 60 mm<\/td>\n<\/tr>\n<tr>\n<th>Kaal<\/th>\n<td>581 g<\/td>\n<\/tr>\n<tr>\n<th>Sisendvool<\/th>\n<td>5 V &#8211; 2 A<\/td>\n<\/tr>\n<tr>\n<th>Toiteallikas<\/th>\n<td>Juhe \/ laetav liitiumaku<\/td>\n<\/tr>\n<tr>\n<th>T\u00f6\u00f6temperatuur<\/th>\n<td>5 \u00b0C kuni 50 \u00b0C<\/td>\n<\/tr>\n<tr>\n<th>S\u00e4ilitustemperatuur<\/th>\n<td>-20 \u00b0C kuni 60 \u00b0C<\/td>\n<\/tr>\n<tr>\n<th>\u00dchilduvus<\/th>\n<td>Android, iOS, macOS, Windows, Chrome OS, Linux<\/td>\n<\/tr>\n<tr>\n<th>Rakendus<\/th>\n<td>Print Master<\/td>\n<\/tr>\n<tr>\n<th>Aku mahtuvus<\/th>\n<td>2200 mAh<\/td>\n<\/tr>\n<\/tbody>\n<\/table>\n<\/div>\n","protected":false},"excerpt":{"rendered":"<p>Phomemo M200 kaasaskantav sildiprinter (must) Phomemo M200 on t\u00e4iustatud sildiprinter, mis \u00fchendab funktsionaalsuse moodsa disainiga. See kasutab termoprintimise tehnoloogiat ja pakub 203 dpi eraldusv\u00f5imet, et saaksite nautida selget ja t\u00e4pset graafikat. See paistab silma ka oma laia \u00fchilduvuse poolest ja seda saab \u00fchendada kahel viisil &#8211; Bluetoothi \u200b\u200b\u200b\u200bkaudu (nutitelefonide ja tahvelarvutitega) v\u00f5i USB kaudu (s\u00fclearvutitega). [&#8230;]\n","protected":false},"featured_media":35308,"comment_status":"open","ping_status":"closed","template":"","meta":[],"product_brand":[700],"product_cat":[1020],"product_tag":[],"class_list":{"0":"post-35307","1":"product","2":"type-product","3":"status-publish","4":"has-post-thumbnail","6":"product_brand-phomemo","7":"product_cat-labels","9":"first","10":"outofstock","11":"taxable","12":"shipping-taxable","13":"purchasable","14":"product-type-simple"},"aioseo_notices":[],"_links":{"self":[{"href":"https:\/\/asura.lv\/et\/wp-json\/wp\/v2\/product\/35307","targetHints":{"allow":["GET"]}}],"collection":[{"href":"https:\/\/asura.lv\/et\/wp-json\/wp\/v2\/product"}],"about":[{"href":"https:\/\/asura.lv\/et\/wp-json\/wp\/v2\/types\/product"}],"replies":[{"embeddable":true,"href":"https:\/\/asura.lv\/et\/wp-json\/wp\/v2\/comments?post=35307"}],"wp:featuredmedia":[{"embeddable":true,"href":"https:\/\/asura.lv\/et\/wp-json\/wp\/v2\/media\/35308"}],"wp:attachment":[{"href":"https:\/\/asura.lv\/et\/wp-json\/wp\/v2\/media?parent=35307"}],"wp:term":[{"taxonomy":"product_brand","embeddable":true,"href":"https:\/\/asura.lv\/et\/wp-json\/wp\/v2\/product_brand?post=35307"},{"taxonomy":"product_cat","embeddable":true,"href":"https:\/\/asura.lv\/et\/wp-json\/wp\/v2\/product_cat?post=35307"},{"taxonomy":"product_tag","embeddable":true,"href":"https:\/\/asura.lv\/et\/wp-json\/wp\/v2\/product_tag?post=35307"}],"curies":[{"name":"wp","href":"https:\/\/api.w.org\/{rel}","templated":true}]}}