{"id":35325,"date":"2025-11-28T23:08:16","date_gmt":"2025-11-28T23:08:16","guid":{"rendered":"https:\/\/asura.lv\/product\/phomemo-m03-portable-label-printer-green\/"},"modified":"2025-12-12T15:14:12","modified_gmt":"2025-12-12T13:14:12","slug":"phomemo-m03-portable-label-printer-green","status":"publish","type":"product","link":"https:\/\/asura.lv\/et\/toode\/phomemo-m03-portable-label-printer-green\/","title":{"rendered":"Phomemo M03 kaasaskantav sildiprinter (roheline)"},"content":{"rendered":"<h3>Phomemo M03 kaasaskantav sildiprinter (roheline)<\/h3>\n<p>Phomemo M03 on kaasaskantav termoprinter, mis pakub laia valikut rakendusi. See pakub erakordset t\u00e4psust ja suudab printida laiustes (53 mm ja 80 mm), mist\u00f5ttu sobib see nii kontorit\u00f6\u00f6ks kui ka loomingulisteks projektideks, nagu n\u00e4iteks bullet journal&#8217;i ja kleebiste valmistamine. Selle lisav\u00e4\u00e4rtuseks on kerge ja kompaktne disain, mis v\u00f5imaldab teil seda endaga k\u00f5ikjale kaasa v\u00f5tta.<\/p>\n<p>\n<img decoding=\"async\" alt=\"\" border=\"0\" src=\"https:\/\/assets.innpro.pl\/11361\/13469\/1.jpg\"\/>\n<\/p>\n<h3>Lai printimisv\u00f5imalused<\/h3>\n<p>Kahe saadaoleva printimislaiusega &#8211; 53 mm ja 80 mm &#8211; pakub Phomemo M03 kasutajatele paindlikkust oma projektide kohandamiseks. See on ideaalne lahendus nii professionaalidele kui ka neile, kes otsivad igap\u00e4evaseks kasutamiseks seadmeid. Lisaks v\u00e4listab termoprintimise tehnoloogia tindi vajaduse, mis v\u00e4hendab tegevuskulusid.<\/p>\n<p>\n<img decoding=\"async\" alt=\"\" border=\"0\" src=\"https:\/\/assets.innpro.pl\/11361\/13469\/7.jpg\"\/>\n<\/p>\n<h3>Mugav kasutamine Phomemo rakendusega<\/h3>\n<p>Printer t\u00f6\u00f6tab Phomemo rakendusega, mis on saadaval Androidile ja iOS-ile. Selle abil saate h\u00f5lpsalt kujundada silte, graafikat v\u00f5i m\u00e4rkmeid. Rakendus pakub ka rikkalikku valikut malle ja redigeerimisvahendeid, mis muudavad loomise protsessi lihtsaks ja l\u00f5busaks. See on ideaalne t\u00f6\u00f6riist neile, kes hindavad loovust!<\/p>\n<p>\n<img decoding=\"async\" alt=\"\" border=\"0\" src=\"https:\/\/assets.innpro.pl\/11361\/13469\/2.jpg\"\/>\n<\/p>\n<h3>Juhtmevaba t\u00f6\u00f6, kaasaskantav disain<\/h3>\n<p>M03 on v\u00e4ga kerge ja kompaktne, nii et saate selle mugavalt kontorisse, \u00fclikooli v\u00f5i reisidele kaasa v\u00f5tta. Lisaks t\u00f6\u00f6tab seade juhtmevabalt, seega ei pea te otsima vabu pistikupesasid ega muretsema kaablite p\u00e4rast.<\/p>\n<p>\n<img decoding=\"async\" alt=\"\" border=\"0\" src=\"https:\/\/assets.innpro.pl\/11361\/13469\/3.jpg\"\/>\n<\/p>\n<h3>Kaasas<\/h3>\n<ul class=\"list-disc pl-5\">\n<li>Printer<\/li>\n<li>Toitejuhe<\/li>\n<li>Paberirull<\/li>\n<li>Kasutusjuhend<\/li>\n<\/ul>\n<div class=\"table-wrapper\">\n<p>\u0412\u00a0<\/p>\n<h3><\/h3>\n<table>\n<tbody>\n<tr>\n<th>Tootja<\/th>\n<td>Phomemo<\/td>\n<\/tr>\n<tr>\n<th>Mudel<\/th>\n<td>M03-GN<\/td>\n<\/tr>\n<tr>\n<th>V\u00e4rv<\/th>\n<td>Roheline<\/td>\n<\/tr>\n<tr>\n<th>Printimislaius<\/th>\n<td>53 \/ 80 mm<\/td>\n<\/tr>\n<tr>\n<th>Kaal<\/th>\n<td>617 g<\/td>\n<\/tr>\n<tr>\n<th>M\u00f5\u00f5tmed<\/th>\n<td>145 x 70 x 54 mm<\/td>\n<\/tr>\n<tr>\n<th>Rakendus<\/th>\n<td>Phomemo<\/td>\n<\/tr>\n<tr>\n<th>Toiteallikas<\/th>\n<td>Kaabel \/ laetav liitiumaku<\/td>\n<\/tr>\n<tr>\n<th>Aku mahutavus<\/th>\n<td>2200 mAh<\/td>\n<\/tr>\n<tr>\n<th>Printimistehnoloogia<\/th>\n<td>termotr\u00fckk<\/td>\n<\/tr>\n<tr>\n<th>Printimise t\u00fc\u00fcp<\/th>\n<td>mustvalge<\/td>\n<\/tr>\n<\/tbody>\n<\/table>\n<\/div>\n","protected":false},"excerpt":{"rendered":"<p>Phomemo M03 kaasaskantav sildiprinter (roheline) Phomemo M03 on kaasaskantav termoprinter, mis pakub laia valikut rakendusi. See pakub erakordset t\u00e4psust ja suudab printida laiustes (53 mm ja 80 mm), mist\u00f5ttu sobib see nii kontorit\u00f6\u00f6ks kui ka loomingulisteks projektideks, nagu n\u00e4iteks bullet journal&#8217;i ja kleebiste valmistamine. Selle lisav\u00e4\u00e4rtuseks on kerge ja kompaktne disain, mis v\u00f5imaldab teil seda [&#8230;]\n","protected":false},"featured_media":35326,"comment_status":"open","ping_status":"closed","template":"","meta":[],"product_brand":[700],"product_cat":[1020],"product_tag":[],"class_list":{"0":"post-35325","1":"product","2":"type-product","3":"status-publish","4":"has-post-thumbnail","6":"product_brand-phomemo","7":"product_cat-labels","9":"first","10":"outofstock","11":"taxable","12":"shipping-taxable","13":"purchasable","14":"product-type-simple"},"aioseo_notices":[],"_links":{"self":[{"href":"https:\/\/asura.lv\/et\/wp-json\/wp\/v2\/product\/35325","targetHints":{"allow":["GET"]}}],"collection":[{"href":"https:\/\/asura.lv\/et\/wp-json\/wp\/v2\/product"}],"about":[{"href":"https:\/\/asura.lv\/et\/wp-json\/wp\/v2\/types\/product"}],"replies":[{"embeddable":true,"href":"https:\/\/asura.lv\/et\/wp-json\/wp\/v2\/comments?post=35325"}],"wp:featuredmedia":[{"embeddable":true,"href":"https:\/\/asura.lv\/et\/wp-json\/wp\/v2\/media\/35326"}],"wp:attachment":[{"href":"https:\/\/asura.lv\/et\/wp-json\/wp\/v2\/media?parent=35325"}],"wp:term":[{"taxonomy":"product_brand","embeddable":true,"href":"https:\/\/asura.lv\/et\/wp-json\/wp\/v2\/product_brand?post=35325"},{"taxonomy":"product_cat","embeddable":true,"href":"https:\/\/asura.lv\/et\/wp-json\/wp\/v2\/product_cat?post=35325"},{"taxonomy":"product_tag","embeddable":true,"href":"https:\/\/asura.lv\/et\/wp-json\/wp\/v2\/product_tag?post=35325"}],"curies":[{"name":"wp","href":"https:\/\/api.w.org\/{rel}","templated":true}]}}