{"id":35427,"date":"2025-11-28T23:08:06","date_gmt":"2025-11-28T23:08:06","guid":{"rendered":"https:\/\/asura.lv\/product\/tws-choetech-bh-t60-encanc-wireless-headphones\/"},"modified":"2025-12-12T15:14:04","modified_gmt":"2025-12-12T13:14:04","slug":"tws-choetech-bh-t60-encanc-wireless-headphones","status":"publish","type":"product","link":"https:\/\/asura.lv\/et\/toode\/tws-choetech-bh-t60-encanc-wireless-headphones\/","title":{"rendered":"TWS Choetech BH-T60 ENC+ANC juhtmevabad k\u00f5rvaklapid"},"content":{"rendered":"<h3>TWS Choetech BH-T60 ENC+ANC juhtmevabad k\u00f5rvaklapid<\/h3>\n<p>Sukeldu suurep\u00e4rase heli maailma Choetech BH-T60 juhtmevabade k\u00f5rvaklappidega, mis \u00fchendavad endas moodsa disaini t\u00e4iustatud helifunktsioonidega. Aktiivse m\u00fcrasummutuse ja ENC-tehnoloogiaga pakuvad need puhast heli, k\u00f5rvaldades \u00fcmbritseva m\u00fcra nii muusikat kuulates kui ka k\u00f5nesid tehes. Stabiilse \u00fchenduse ja muljetavaldava t\u00f6\u00f6aja tagamiseks m\u00f5eldud Bluetooth 5.3 abil on Choetech BH-T60 ideaalne valik neile, kes hindavad kvaliteeti ja funktsionaalsust igas detailis.<\/p>\n<p>\n<img decoding=\"async\" border=\"0\" src=\"https:\/\/assets.innpro.pl\/11087\/13076\/3.jpg\"\/>\n<\/p>\n<h3>K\u00f5rgeima taseme heli<\/h3>\n<p>T\u00e4nu l\u00e4bim\u00f5eldud disainile pakuvad BH-T60 k\u00f5rvaklapid t\u00e4ielikku heli, mis r\u00f5\u00f5mustab nii klassikalise muusika austajaid kui ka raskemate r\u00fctmide austajaid. S\u00fcgav bass, selged keskmised sagedused ja kristallselged k\u00f5rged sagedused tagavad iga noodi t\u00e4iusliku edastamise, luues unustamatu helielamuse.<\/p>\n<p>\n<img decoding=\"async\" border=\"0\" src=\"https:\/\/assets.innpro.pl\/11087\/13076\/1.jpg\"\/>\n<\/p>\n<h3>T\u00e4iustatud m\u00fcrasummutus t\u00e4ielikuks keskendumiseks<\/h3>\n<p>Choetech BH-T60 k\u00f5rvaklapid on varustatud kahe m\u00fcrasummutustehnoloogiaga, mis v\u00f5imaldavad teil nautida kristallselget heli isegi l\u00e4rmakas keskkonnas. ANC summutab t\u00f5husalt v\u00e4liseid helisid, v\u00f5imaldades teil segajateta muusikasse, filmidesse v\u00f5i audioraamatutesse sukelduda. Ja nelja mikrofoniga toetatud ENC tagab k\u00f5nede ajal selge h\u00e4\u00e4le\u00fclekande, k\u00f5rvaldades h\u00e4ired ja muutes iga vestluse selgeks olenemata keskkonnast.<\/p>\n<p>\n<img decoding=\"async\" border=\"0\" src=\"https:\/\/assets.innpro.pl\/11087\/13076\/6.jpg\"\/>\n<\/p>\n<h3>P\u00fcsige \u00fchenduses \u00fcmbritseva maailmaga<\/h3>\n<p>BH-T60 k\u00f5rvaklapid pakuvad l\u00e4bipaistvusre\u017eiimi, mis v\u00f5imaldab teil olla \u00fcmbritsevate helide suhtes teadlik ilma k\u00f5rvaklappe eemaldamata. See on ideaalne inimestele, kes viibivad sageli avalikes kohtades v\u00f5i soovivad oma lemmikmuusikat kuulates \u00fcmbritsevaga kursis olla.<\/p>\n<p>\n<img decoding=\"async\" border=\"0\" src=\"https:\/\/assets.innpro.pl\/11087\/13076\/2.jpg\"\/>\n<\/p>\n<h3>Stabiilne \u00fchendus Bluetooth 5.3 abil<\/h3>\n<p>Choetech BH-T60 k\u00f5rvaklapid kasutavad Bluetooth 5.3 tehnoloogiat, mis pakub stabiilset ja kiiret \u00fchendust teie seadmega, minimeerides samal ajal latentsust ja h\u00e4ireid. Selle t\u00e4iustatud Bluetoothi \u200b\u200bversiooniga saate nautida paremat helikvaliteeti ja v\u00e4iksemat energiatarbimist, muutes BH-T60 kasutamise veelgi mugavamaks.<\/p>\n<p>\n<img decoding=\"async\" border=\"0\" src=\"https:\/\/assets.innpro.pl\/11087\/13076\/8.jpg\"\/>\n<\/p>\n<h3>Kuni 6 tundi muusika kuulamist<\/h3>\n<p>Mahukate 35 mAh akudega m\u00f5lemas k\u00f5rvaklapis pakuvad BH-T60 kuni 6 tundi katkematut muusika taasesitust v\u00f5i k\u00f5nesid. Lisaks pakub 320 mAh laadimis\u00fcmbris, mida saab laadida ka juhtmevabalt, t\u00e4iendavaid laadimists\u00fckleid, nii et saate k\u00f5rvaklappe kasutada terve p\u00e4eva ilma sagedase laadimiseta.<\/p>\n<p>\n<img decoding=\"async\" border=\"0\" src=\"https:\/\/assets.innpro.pl\/11087\/13076\/5.jpg\"\/>\n<\/p>\n<h3>Digitaalne ekraan t\u00e4ieliku energiakontrolli jaoks<\/h3>\n<p>Choetech BH-T60 k\u00f5rvaklappide laadimis\u00fcmbrisel on h\u00f5lpsasti loetav digitaalne ekraan, mis hoiab teid kursis nii k\u00f5rvaklappide kui ka \u00fcmbrise enda laadimistasemega. Nii tead alati, kui palju energiat sul on saadaval, mis v\u00e4listab ootamatu t\u00fchjenemise ohu k\u00f5ige ebasobivamal hetkel.<\/p>\n<p>\n<img decoding=\"async\" border=\"0\" src=\"https:\/\/assets.innpro.pl\/11087\/13076\/4.jpg\"\/>\n<\/p>\n<h3>Komplektis:<\/h3>\n<ul class=\"list-disc pl-5\">\n<li>K\u00f5rvaklapid<\/li>\n<li>Laadimis\u00fcmbris<\/li>\n<li>USB-C &#8211; USB-C laadimiskaabel<\/li>\n<\/ul>\n<div class=\"table-wrapper\">\n<p>\u0412\u00a0<\/p>\n<h3><\/h3>\n<table>\n<tbody>\n<tr>\n<th>Tootja<\/th>\n<td>Choetech<\/td>\n<\/tr>\n<tr>\n<th>Mudel<\/th>\n<td>BH-T60<\/td>\n<\/tr>\n<tr>\n<th>V\u00e4rv<\/th>\n<td>Must<\/td>\n<\/tr>\n<tr>\n<th>K\u00f5rvaklappide t\u00fc\u00fcp<\/th>\n<td>K\u00f5rvaklapid<\/td>\n<\/tr>\n<tr>\n<th>\u00dchendus<\/th>\n<td>Traadita<\/td>\n<\/tr>\n<tr>\n<th>Bluetoothi \u200b\u200bversioon<\/th>\n<td>5.3<\/td>\n<\/tr>\n<tr>\n<th>ANC-funktsioon<\/th>\n<td>Jah<\/td>\n<\/tr>\n<tr>\n<th>Mikrofonid<\/th>\n<td>Jah, 4<\/td>\n<\/tr>\n<tr>\n<th>ENC-funktsioon<\/th>\n<td>Jah<\/td>\n<\/tr>\n<tr>\n<th>K\u00f5rvaklapid Aku mahtuvus<\/th>\n<td>35 mAh x2<\/td>\n<\/tr>\n<tr>\n<th>Laadimis\u00fcmbrise aku mahtuvus<\/th>\n<td>320 mAh<\/td>\n<\/tr>\n<tr>\n<th>T\u00f6\u00f6aeg \u00fche laadimisega<\/th>\n<td>Kuni 6 tundi<\/td>\n<\/tr>\n<tr>\n<th>Laadimisaeg<\/th>\n<td>2 tundi<\/td>\n<\/tr>\n<tr>\n<th>Juhtmevaba laadimis\u00fcmbrise v\u00f5imalus<\/th>\n<td>Jah<\/td>\n<\/tr>\n<\/tbody>\n<\/table>\n<\/div>\n","protected":false},"excerpt":{"rendered":"<p>TWS Choetech BH-T60 ENC+ANC juhtmevabad k\u00f5rvaklapid Sukeldu suurep\u00e4rase heli maailma Choetech BH-T60 juhtmevabade k\u00f5rvaklappidega, mis \u00fchendavad endas moodsa disaini t\u00e4iustatud helifunktsioonidega. Aktiivse m\u00fcrasummutuse ja ENC-tehnoloogiaga pakuvad need puhast heli, k\u00f5rvaldades \u00fcmbritseva m\u00fcra nii muusikat kuulates kui ka k\u00f5nesid tehes. Stabiilse \u00fchenduse ja muljetavaldava t\u00f6\u00f6aja tagamiseks m\u00f5eldud Bluetooth 5.3 abil on Choetech BH-T60 ideaalne valik neile, [&#8230;]\n","protected":false},"featured_media":35428,"comment_status":"open","ping_status":"closed","template":"","meta":[],"product_brand":[445],"product_cat":[954],"product_tag":[],"class_list":{"0":"post-35427","1":"product","2":"type-product","3":"status-publish","4":"has-post-thumbnail","6":"product_brand-choetech","7":"product_cat-tws","9":"first","10":"outofstock","11":"taxable","12":"shipping-taxable","13":"purchasable","14":"product-type-simple"},"aioseo_notices":[],"_links":{"self":[{"href":"https:\/\/asura.lv\/et\/wp-json\/wp\/v2\/product\/35427","targetHints":{"allow":["GET"]}}],"collection":[{"href":"https:\/\/asura.lv\/et\/wp-json\/wp\/v2\/product"}],"about":[{"href":"https:\/\/asura.lv\/et\/wp-json\/wp\/v2\/types\/product"}],"replies":[{"embeddable":true,"href":"https:\/\/asura.lv\/et\/wp-json\/wp\/v2\/comments?post=35427"}],"wp:featuredmedia":[{"embeddable":true,"href":"https:\/\/asura.lv\/et\/wp-json\/wp\/v2\/media\/35428"}],"wp:attachment":[{"href":"https:\/\/asura.lv\/et\/wp-json\/wp\/v2\/media?parent=35427"}],"wp:term":[{"taxonomy":"product_brand","embeddable":true,"href":"https:\/\/asura.lv\/et\/wp-json\/wp\/v2\/product_brand?post=35427"},{"taxonomy":"product_cat","embeddable":true,"href":"https:\/\/asura.lv\/et\/wp-json\/wp\/v2\/product_cat?post=35427"},{"taxonomy":"product_tag","embeddable":true,"href":"https:\/\/asura.lv\/et\/wp-json\/wp\/v2\/product_tag?post=35427"}],"curies":[{"name":"wp","href":"https:\/\/api.w.org\/{rel}","templated":true}]}}