{"id":35457,"date":"2025-11-28T23:08:03","date_gmt":"2025-11-28T23:08:03","guid":{"rendered":"https:\/\/asura.lv\/product\/choetech-pd6013-gan-2x-usb-c-pd65w-network-charger-white\/"},"modified":"2025-12-12T15:13:59","modified_gmt":"2025-12-12T13:13:59","slug":"choetech-pd6013-gan-2x-usb-c-pd65w-network-charger-white","status":"publish","type":"product","link":"https:\/\/asura.lv\/et\/toode\/choetech-pd6013-gan-2x-usb-c-pd65w-network-charger-white\/","title":{"rendered":"Choetech PD6013, GaN, 2x USB-C, PD65W v\u00f5rgulaadija (valge)"},"content":{"rendered":"<h3>Choetech PD6013, GaN, 2x USB-C, PD65W (valge) v\u00f5rgulaadija.<\/h3>\n<p>Choetech PD6013 v\u00f5rgulaadija on seade, mis \u00fchendab suure laadimisv\u00f5imsuse t\u00e4iustatud GaN-tehnoloogiaga. Kahe USB-C-pordi ja kuni 65-vatise laadimisv\u00f5imsusega v\u00f5imaldab see s\u00fclearvutite, nutitelefonide, tahvelarvutite ja muude seadmete kiiret laadimist. GaN-tehnoloogia v\u00e4hendab laadija suurust, suurendades samal ajal selle efektiivsust.<\/p>\n<p>\n<img decoding=\"async\" border=\"0\" src=\"https:\/\/assets.innpro.pl\/11066\/13051\/1.jpg\"\/>\n<\/p>\n<h3>Laadige kahte seadet samaaegselt<\/h3>\n<p>Kahe USB-C-pordiga v\u00f5imaldab Choetech PD6013 laadida kahte seadet korraga, pakkudes iga pordi kohta 45 ja 20 vatti v\u00f5imsust. Kiirlaadimise standardite (nt Power Delivery, Quick Charge 3.0 ja FCP) toel reguleerib laadija automaatselt v\u00f5imsust, tagades iga \u00fchendatud seadme vajadustele vastava optimaalse laadimise.<\/p>\n<p>\n<img decoding=\"async\" border=\"0\" src=\"https:\/\/assets.innpro.pl\/11066\/13051\/4.jpg\"\/>\n<\/p>\n<h3><strong>Maksimaalne ohutus<\/strong>\u0412\u00a0<\/h3>\n<p>PD6013 laadija on varustatud t\u00e4iustatud ohutusfunktsioonidega, mis kaitsevad teie seadmeid \u00fclepinge, \u00fclekuumenemise, l\u00fchiste ja \u00fclevoolu eest. Kasutatav GaN-tehnoloogia mitte ainult ei suurenda laadimise efektiivsust, vaid parandab ka soojuse hajumist, muutes laadimise ohutuks ja stabiilseks.<\/p>\n<p>\n<img decoding=\"async\" border=\"0\" src=\"https:\/\/assets.innpro.pl\/11066\/13051\/3.jpg\"\/>\n<\/p>\n<div class=\"table-wrapper\">\n<p>\u0412\u00a0<\/p>\n<h3><\/h3>\n<table>\n<tbody>\n<tr>\n<th>Tootja<\/th>\n<td>Choetech<\/td>\n<\/tr>\n<tr>\n<th>Mudel<\/th>\n<td>PD6013<\/td>\n<\/tr>\n<tr>\n<th>V\u00e4rv<\/th>\n<td>Valge<\/td>\n<\/tr>\n<tr>\n<th>USB-C-portide arv<\/th>\n<td>2<\/td>\n<\/tr>\n<tr>\n<th>USB-A-portide arv<\/th>\n<td>Puudub<\/td>\n<\/tr>\n<tr>\n<th>\u00dche seadme maksimaalne laadimisv\u00f5imsus port<\/th>\n<td>65 W<\/td>\n<\/tr>\n<tr>\n<th>USB-C + USB-C laadimisv\u00f5imsus<\/th>\n<td>45 W + 20 W<\/td>\n<\/tr>\n<tr>\n<th>Toetatud kiirlaadimise standardid<\/th>\n<td>Power Delivery, Quick Charge 3.0, FCP jne.<\/td>\n<\/tr>\n<tr>\n<th>M\u00f5\u00f5tmed<\/th>\n<td>91,2 x 29,4 x 44,4 mm<\/td>\n<\/tr>\n<\/tbody>\n<\/table>\n<\/div>\n","protected":false},"excerpt":{"rendered":"<p>Choetech PD6013, GaN, 2x USB-C, PD65W (valge) v\u00f5rgulaadija. Choetech PD6013 v\u00f5rgulaadija on seade, mis \u00fchendab suure laadimisv\u00f5imsuse t\u00e4iustatud GaN-tehnoloogiaga. Kahe USB-C-pordi ja kuni 65-vatise laadimisv\u00f5imsusega v\u00f5imaldab see s\u00fclearvutite, nutitelefonide, tahvelarvutite ja muude seadmete kiiret laadimist. GaN-tehnoloogia v\u00e4hendab laadija suurust, suurendades samal ajal selle efektiivsust. Laadige kahte seadet samaaegselt Kahe USB-C-pordiga v\u00f5imaldab Choetech PD6013 laadida kahte [&#8230;]\n","protected":false},"featured_media":35458,"comment_status":"open","ping_status":"closed","template":"","meta":[],"product_brand":[445],"product_cat":[1098],"product_tag":[],"class_list":{"0":"post-35457","1":"product","2":"type-product","3":"status-publish","4":"has-post-thumbnail","6":"product_brand-choetech","7":"product_cat-mains-chargers-chargers-gsm-accessories","9":"first","10":"outofstock","11":"taxable","12":"shipping-taxable","13":"purchasable","14":"product-type-simple"},"aioseo_notices":[],"_links":{"self":[{"href":"https:\/\/asura.lv\/et\/wp-json\/wp\/v2\/product\/35457","targetHints":{"allow":["GET"]}}],"collection":[{"href":"https:\/\/asura.lv\/et\/wp-json\/wp\/v2\/product"}],"about":[{"href":"https:\/\/asura.lv\/et\/wp-json\/wp\/v2\/types\/product"}],"replies":[{"embeddable":true,"href":"https:\/\/asura.lv\/et\/wp-json\/wp\/v2\/comments?post=35457"}],"wp:featuredmedia":[{"embeddable":true,"href":"https:\/\/asura.lv\/et\/wp-json\/wp\/v2\/media\/35458"}],"wp:attachment":[{"href":"https:\/\/asura.lv\/et\/wp-json\/wp\/v2\/media?parent=35457"}],"wp:term":[{"taxonomy":"product_brand","embeddable":true,"href":"https:\/\/asura.lv\/et\/wp-json\/wp\/v2\/product_brand?post=35457"},{"taxonomy":"product_cat","embeddable":true,"href":"https:\/\/asura.lv\/et\/wp-json\/wp\/v2\/product_cat?post=35457"},{"taxonomy":"product_tag","embeddable":true,"href":"https:\/\/asura.lv\/et\/wp-json\/wp\/v2\/product_tag?post=35457"}],"curies":[{"name":"wp","href":"https:\/\/api.w.org\/{rel}","templated":true}]}}