{"id":35517,"date":"2025-11-28T23:07:58","date_gmt":"2025-11-28T23:07:58","guid":{"rendered":"https:\/\/asura.lv\/product\/blitzwolf-bw-ar1-smartwatch-black\/"},"modified":"2025-12-12T15:13:53","modified_gmt":"2025-12-12T13:13:53","slug":"blitzwolf-bw-ar1-smartwatch-black","status":"publish","type":"product","link":"https:\/\/asura.lv\/et\/toode\/blitzwolf-bw-ar1-smartwatch-black\/","title":{"rendered":"BlitzWolf BW-AR1 nutikell (must)"},"content":{"rendered":"<h3>BlitzWolf BW-AR1 nutikell (must)<\/h3>\n<p>BlitzWolf BW-AR1 on t\u00e4iustatud nutikell, mis vastab ka k\u00f5ige n\u00f5udlikumate kasutajate ootustele. Varustatud 1,43-tollise AMOLED-ekraaniga, mille eraldusv\u00f5ime on 466\u2013466 pikslit, pakub see selget ja detailset pilti igas olukorras. Tugev tsingisulamist \u00fcmbris tagab vastupidavuse, samas kui v\u00f5imas aku garanteerib kuni 10-p\u00e4evase kasutuse. Samuti on sellel 1 GB sisem\u00e4lu, NFC-moodul ja palju kasulikke funktsioone, nagu pulsisageduse m\u00f5\u00f5tmine, spordire\u017eiimid ja palju muud.<\/p>\n<p>\n<img decoding=\"async\" alt=\"\" border=\"0\" src=\"https:\/\/assets.innpro.pl\/11578\/13709\/1.jpg\"\/>\n<\/p>\n<h3>T\u00e4pne tervise j\u00e4lgimine<\/h3>\n<p>BW-AR1 nutikell on teie isiklik tervisekeskus. Selle t\u00e4iustatud andurid v\u00f5imaldavad teil m\u00f5\u00f5ta oma pulssi \u00f6\u00f6p\u00e4evaringselt ning m\u00f5\u00f5davad ka verer\u00f5hku ja hapniku k\u00fcllastust (SpO2), pakkudes t\u00e4pseid andmeid reaalajas. Lisaks anal\u00fc\u00fcsib une j\u00e4lgimise funktsioon teie puhkuse kvaliteeti. K\u00f5ik see aitab teil elada tervislikumat eluviisi!<\/p>\n<p>\n<img decoding=\"async\" alt=\"\" border=\"0\" src=\"https:\/\/assets.innpro.pl\/11578\/13709\/3.jpg\"\/>\n<\/p>\n<h3>Valida saab mitmete spordire\u017eiimide vahel<\/h3>\n<p>Hoolitsege oma vormisoleku eest. Nutikell salvestab andmeid, nagu sammude arv, distants, p\u00f5letatud kalorid v\u00f5i tempo, et saaksite oma edusamme j\u00e4lgida. Samuti saate valida paljude spordire\u017eiimide vahel, n\u00e4iteks jooksmine, jalgrattas\u00f5it v\u00f5i k\u00f5ndimine. Kindlasti leiate midagi oma maitsele vastavat! Lisaks aitab sisseehitatud kompass sul ruumis orienteeruda.<\/p>\n<p>\n<img decoding=\"async\" alt=\"\" border=\"0\" src=\"https:\/\/assets.innpro.pl\/11578\/13709\/8.jpg\"\/>\n<\/p>\n<h3>P\u00fcsi \u00fchenduses<\/h3>\n<p>\u00c4ra j\u00e4ta midagi olulist kahe silma vahele \u2013 BW-AR1 pakub sulle mugavat juurdep\u00e4\u00e4su teavitustele. Kell v\u00f5imaldab sul ka Bluetoothi \u200b\u200bkaudu telefonik\u00f5nesid teha. See on varustatud k\u00f5lari ja mikrofoniga, nii et saad k\u00f5nele vastata v\u00f5i seda teha ilma nutitelefoni j\u00e4rele haaramata. Kuid see pole veel k\u00f5ik \u2013 nutikell v\u00f5imaldab salvestada heli, mis t\u00e4hendab, et see t\u00f6\u00f6tab h\u00e4sti n\u00e4iteks diktofonina.<\/p>\n<p>\n<img decoding=\"async\" alt=\"\" border=\"0\" src=\"https:\/\/assets.innpro.pl\/11578\/13709\/9.jpg\"\/>\n<\/p>\n<h3>Kuni 1 GB m\u00e4lu muusika, fotode ja muu jaoks<\/h3>\n<p>Kellal on 1 GB sisem\u00e4lu, mis v\u00f5imaldab salvestada oma lemmikmuusikat, fotosid v\u00f5i e-raamatuid. Nii saate treeningu ajal h\u00f5lpsalt muusikat esitada, fotosid vaadata v\u00f5i raamatuid lugeda otse ekraanilt! BW-AR1-ga ei ole teil igavuse ohtu.<\/p>\n<p>\n<img decoding=\"async\" alt=\"\" border=\"0\" src=\"https:\/\/assets.innpro.pl\/11578\/13709\/7.jpg\"\/>\n<\/p>\n<h3>Lisav\u00f5imalused &#8211; NFC ja tehisintellektiga h\u00e4\u00e4lassistent<\/h3>\n<p>Integreeritud NFC-moodul v\u00f5imaldab paljude funktsioonide kiiret ja mugavat kasutamist, n\u00e4iteks uste avamist simuleeritud juurdep\u00e4\u00e4sukaartidega. Nutikell pakub ka t\u00e4iustatud tehisintellektil p\u00f5hinevat h\u00e4\u00e4lassistenti, mille abil saate mugavalt ilmateadet kontrollida, telefonik\u00f5nesid teha, aadressi k\u00fcsida ja palju muud.<\/p>\n<p>\n<img decoding=\"async\" alt=\"\" border=\"0\" src=\"https:\/\/assets.innpro.pl\/11578\/13709\/6.jpg\"\/>\n<\/p>\n<h3>Pikk t\u00f6\u00f6aeg<\/h3>\n<p>Kellal on 400 mAh aku, mis tagab kuni 10 p\u00e4eva kasutamist v\u00f5i kuni 40 p\u00e4eva ootere\u017eiimis t\u00f6\u00f6tamist. Lisaks laeb nutikell juhtmevabalt. T\u00e4islaadimine ei v\u00f5ta kaua aega \u2013 piisab umbes 2-3 tunnist.<\/p>\n<p>\n<img decoding=\"async\" alt=\"\" border=\"0\" src=\"https:\/\/assets.innpro.pl\/11578\/13709\/5.jpg\"\/>\n<\/p>\n<h3>AMOLED-ekraan<\/h3>\n<p>Suur 1,43-tolline AMOLED-ekraan eraldusv\u00f5imega 466\u2013466 pikslit pakub suurep\u00e4rast pildikvaliteeti ja mugavat kasutamist. Intuitiivne liides ja puutepaneel pakuvad kiiret juurdep\u00e4\u00e4su k\u00f5igile funktsioonidele ning seadme t\u00f6\u00f6 on sujuv ja usaldusv\u00e4\u00e4rne. Samuti saate ekraani v\u00e4limust oma maitse j\u00e4rgi kohandada, valides mitmesuguste saadaolevate sihverplaadi kujunduste hulgast.<\/p>\n<p>\n<img decoding=\"async\" alt=\"\" border=\"0\" src=\"https:\/\/assets.innpro.pl\/11578\/13709\/4.jpg\"\/>\n<\/p>\n<h3>Veekindel ja vastupidav<\/h3>\n<p>Nutikella valmistamiseks on kasutatud kvaliteetset tsingisulamit, mis muudab seadme kergeks, kuid vastupidavaks. Lisaks on TPU-plastist rihm meeldiv puudutusele ja nahas\u00f5bralik. BW-AR1 eristub ka oma IP67 veekindluse reitingu poolest, nii et saate seda muretult kasutada treeningul v\u00f5i vihmas. M\u00e4rkus: \u00e4rge kasutage kella ujumise ega suplemise ajal.<\/p>\n<p>\n<img decoding=\"async\" alt=\"\" border=\"0\" src=\"https:\/\/assets.innpro.pl\/11578\/13709\/2.jpg\"\/>\n<\/p>\n<h3>Kaasas<\/h3>\n<ul class=\"list-disc pl-5\">\n<li>Nutikell<\/li>\n<li>Juhtmevaba laadija<\/li>\n<li>Kasutusjuhend<\/li>\n<\/ul>\n<div class=\"table-wrapper\">\n<p>\u0412\u00a0<\/p>\n<h3><\/h3>\n<table>\n<tbody>\n<tr>\n<th>Tootja<\/th>\n<td>BlitzWolf<\/td>\n<\/tr>\n<tr>\n<th>Mudel<\/th>\n<td>BW-AR1<\/td>\n<\/tr>\n<tr>\n<th>Bluetoothi \u200b\u200bversioon<\/th>\n<td>3.0 + BLE 5.3<\/td>\n<\/tr>\n<tr>\n<th>\u00dchilduvus<\/th>\n<td>Android 6.0 ja uuemad; iOS 10.0 ja uuemad<\/td>\n<\/tr>\n<tr>\n<th>Rakendus<\/th>\n<td>Qifit \/ Lewear<\/td>\n<\/tr>\n<tr>\n<th>Protsessor<\/th>\n<td>JL701X<\/td>\n<\/tr>\n<tr>\n<th>M\u00e4lu<\/th>\n<td>ROM: 128 MB + 1 GB<\/td>\n<\/tr>\n<tr>\n<th>S\u00fcsteemikeeled<\/th>\n<td>Hiina, inglise, kreeka, prantsuse, saksa, itaalia, hispaania, hollandi, portugali, vene, t\u00fcrgi, jaapani, poola, araabia, tai, vietnami, indoneesia, p\u00e4rsia<\/td>\n<\/tr>\n<tr>\n<th>Peamised funktsioonid<\/th>\n<td>Tervise j\u00e4lgimine, Bluetooth-\u00fchendused, muusika taasesitus v\u00f5rgu\u00fchenduseta, veebinavigatsioon, kompass, NFC, sammulugeja, helisalvestus<\/td>\n<\/tr>\n<tr>\n<th>Tervise j\u00e4lgimine<\/th>\n<td>S\u00fcdame l\u00f6\u00f6gisageduse j\u00e4lgimine, verer\u00f5hu j\u00e4lgimine, vere k\u00fcllastuse (SpO2) j\u00e4lgimine, une j\u00e4lgimine<\/td>\n<\/tr>\n<tr>\n<th>Muud funktsioonid<\/th>\n<td>Kella sihverplaat valik, s\u00f5numiteated, sammuloendur, kalorite ja aktiivsuse loendur, telefonialbum, mobiilne teek, telefoni leidmise funktsioon, ekraani heleduse reguleerimine, re\u017eiim \u201e\u00c4ra sega\u201c<\/td>\n<\/tr>\n<tr>\n<th>Veekindlus<\/th>\n<td>IP67 (\u00e4rge kasutage kella ujumise v\u00f5i suplemise ajal)<\/td>\n<\/tr>\n<tr>\n<th>Ekraan<\/th>\n<td>AMOLED<\/td>\n<\/tr>\n<tr>\n<th>Ekraani suurus<\/th>\n<td>1,43 tolli<\/td>\n<\/tr>\n<tr>\n<th>Eraldusv\u00f5ime<\/th>\n<td>466 \u00d7 466 pikslit<\/td>\n<\/tr>\n<tr>\n<th>Aku mahtuvus<\/th>\n<td>400 mAh<\/td>\n<\/tr>\n<tr>\n<th>Ooteaeg<\/th>\n<td>Ligikaudu 40 p\u00e4eva<\/td>\n<\/tr>\n<tr>\n<th>T\u00f6\u00f6aeg<\/th>\n<td>Ligikaudu 7\u201310 p\u00e4eva<\/td>\n<\/tr>\n<tr>\n<th>Laadimine aeg<\/th>\n<td>Ligikaudu 2\u20133 h<\/td>\n<\/tr>\n<tr>\n<th>Laadimismeetod<\/th>\n<td>Juhtmevaba laadimine<\/td>\n<\/tr>\n<tr>\n<th>\u00dcmbrise materjal<\/th>\n<td>Tsingisulam<\/td>\n<\/tr>\n<tr>\n<th>Rihma materjal<\/th>\n<td>TPU<\/td>\n<\/tr>\n<tr>\n<th>Kella sihverplaadi suurus<\/th>\n<td>46,7 \u00d7 54,1 \u00d7 14,3 mm<\/td>\n<\/tr>\n<tr>\n<th>Rihma pikkus<\/th>\n<td>Ligikaudu 260 mm<\/td>\n<\/tr>\n<tr>\n<th>Rihma laius<\/th>\n<td>Ligikaudu 22 mm<\/td>\n<\/tr>\n<tr>\n<th>Kaal<\/th>\n<td>42,9 g<\/td>\n<\/tr>\n<\/tbody>\n<\/table>\n<\/div>\n","protected":false},"excerpt":{"rendered":"<p>BlitzWolf BW-AR1 nutikell (must) BlitzWolf BW-AR1 on t\u00e4iustatud nutikell, mis vastab ka k\u00f5ige n\u00f5udlikumate kasutajate ootustele. Varustatud 1,43-tollise AMOLED-ekraaniga, mille eraldusv\u00f5ime on 466\u2013466 pikslit, pakub see selget ja detailset pilti igas olukorras. Tugev tsingisulamist \u00fcmbris tagab vastupidavuse, samas kui v\u00f5imas aku garanteerib kuni 10-p\u00e4evase kasutuse. Samuti on sellel 1 GB sisem\u00e4lu, NFC-moodul ja palju kasulikke [&#8230;]\n","protected":false},"featured_media":35518,"comment_status":"open","ping_status":"closed","template":"","meta":[],"product_brand":[224],"product_cat":[984],"product_tag":[],"class_list":{"0":"post-35517","1":"product","2":"type-product","3":"status-publish","4":"has-post-thumbnail","6":"product_brand-blitzwolf","7":"product_cat-smartwatches-smartwatches","9":"first","10":"outofstock","11":"taxable","12":"shipping-taxable","13":"purchasable","14":"product-type-simple"},"aioseo_notices":[],"_links":{"self":[{"href":"https:\/\/asura.lv\/et\/wp-json\/wp\/v2\/product\/35517","targetHints":{"allow":["GET"]}}],"collection":[{"href":"https:\/\/asura.lv\/et\/wp-json\/wp\/v2\/product"}],"about":[{"href":"https:\/\/asura.lv\/et\/wp-json\/wp\/v2\/types\/product"}],"replies":[{"embeddable":true,"href":"https:\/\/asura.lv\/et\/wp-json\/wp\/v2\/comments?post=35517"}],"wp:featuredmedia":[{"embeddable":true,"href":"https:\/\/asura.lv\/et\/wp-json\/wp\/v2\/media\/35518"}],"wp:attachment":[{"href":"https:\/\/asura.lv\/et\/wp-json\/wp\/v2\/media?parent=35517"}],"wp:term":[{"taxonomy":"product_brand","embeddable":true,"href":"https:\/\/asura.lv\/et\/wp-json\/wp\/v2\/product_brand?post=35517"},{"taxonomy":"product_cat","embeddable":true,"href":"https:\/\/asura.lv\/et\/wp-json\/wp\/v2\/product_cat?post=35517"},{"taxonomy":"product_tag","embeddable":true,"href":"https:\/\/asura.lv\/et\/wp-json\/wp\/v2\/product_tag?post=35517"}],"curies":[{"name":"wp","href":"https:\/\/api.w.org\/{rel}","templated":true}]}}