{"id":35667,"date":"2025-11-28T23:07:45","date_gmt":"2025-11-28T23:07:45","guid":{"rendered":"https:\/\/asura.lv\/product\/ecoflow-river-3-plus-battery-286wh\/"},"modified":"2025-12-12T15:13:39","modified_gmt":"2025-12-12T13:13:39","slug":"ecoflow-river-3-plus-battery-286wh","status":"publish","type":"product","link":"https:\/\/asura.lv\/et\/toode\/ecoflow-river-3-plus-battery-286wh\/","title":{"rendered":"EcoFlow RIVER 3 Plus aku (286Wh)"},"content":{"rendered":"<h3>Aku EcoFlow RIVER 3 Plus (286Wh) jaoks<\/h3>\n<p>Laienda oma EcoFlow RIVER 3 Plus kaasaskantava laadija v\u00f5imekust. See lisaaku v\u00f5imaldab sul suurendada selle mahtuvust 286 Wh v\u00f5rra, nii et saad oma seadmeid veelgi kauem toita! Spetsiaalsed Pogo Pin kontaktid v\u00f5imaldavad mugavat paigaldamist ja USB-C v\u00e4ljundport v\u00f5imaldab sul oma seadmeid laadida kuni 140 vatti v\u00f5imsusega. Samal ajal on toode v\u00e4ga kerge &#8211; see kaalub vaid 3,3 kg. Selle kaasaskantavus ei tekita sulle probleeme!<\/p>\n<p>\n<img decoding=\"async\" border=\"0\" src=\"https:\/\/assets.innpro.pl\/11103\/13095\/6.jpg\"\/>\n<\/p>\n<h3>Lisaannus energiat<\/h3>\n<p>Kas plaanid mitmep\u00e4evast reisi? V\u00f5i soovid lihtsalt oma seadmeid veelgi kauem toita? Lisaaku RIVER 3 Plusile on just sulle! Selle abil saad oma jaama mahtu h\u00f5lpsalt 286 Wh v\u00f5rra suurendada, mis v\u00f5imaldab sul varustada oma vajalikke seadmeid energiaga nii kaua kui vaja.<\/p>\n<p>\n<img decoding=\"async\" border=\"0\" src=\"https:\/\/assets.innpro.pl\/11103\/13095\/1.jpg\"\/>\n<\/p>\n<h3>Kiire ja lihtne paigaldus<\/h3>\n<p>Unustage aegan\u00f5udev paigaldus. T\u00e4nu Pogo Pinside kasutamisele on akupaki paigaldamine v\u00e4ga lihtne ja v\u00f5tab vaid hetke \u2013 selleks pole vaja t\u00e4iendavaid kaableid ega kruvisid. Vaid l\u00fchikese hetkega saate jaama v\u00f5imekust suurendada ja oma seadmetele kauakestvat energiat nautida!<\/p>\n<p>\n<img decoding=\"async\" border=\"0\" src=\"https:\/\/assets.innpro.pl\/11103\/13095\/5.jpg\"\/>\n<\/p>\n<h3>Mitmeotstarbeline USB-C port<\/h3>\n<p>EcoFlow RIVER 3 Plus akupakki saab kasutada ka jaamast s\u00f5ltumatult. See on varustatud kuni 140-vatise v\u00f5imsusega USB-C pordiga, mille abil saate mugavalt laadida valitud seadmeid, n\u00e4iteks nutitelefone v\u00f5i juhtmevabasid k\u00f5lareid. See sobib ideaalselt n\u00e4iteks reisimiseks, kui te ei soovi liiga palju seadmeid kaasa v\u00f5tta! Port v\u00f5imaldab teil ka akut ise laadida \u2013 see v\u00f5tab umbes 3,5 tundi.<\/p>\n<p>\n<img decoding=\"async\" border=\"0\" src=\"https:\/\/assets.innpro.pl\/11103\/13095\/3.jpg\"\/>\n<\/p>\n<h3>Vastupidavus aastateks<\/h3>\n<p>Investeerige t\u00f5estatud lahendustesse. Aku kasutab tipptasemel LFP (LiFEPO4) elemente, seega paistab see silma kuni 3000 laadimists\u00fckliga (kuni 80% mahutavusega). Seega teenib see teid h\u00e4sti aastaid!<\/p>\n<p>\n<img decoding=\"async\" border=\"0\" src=\"https:\/\/assets.innpro.pl\/11103\/13095\/8.jpg\"\/>\n<\/p>\n<h3>Mugav transport<\/h3>\n<p>Aku transportimine ei tekita teile mingeid raskusi. Seade kaalub vaid 3,3 kg ja selle m\u00f5\u00f5tmed on 234 x 224 x 110 mm. T\u00e4nu sellele saate seda h\u00f5lpsalt k\u00f5ikjale kaasa v\u00f5tta v\u00f5i autos hoiustada. See on ideaalne reisikaaslane!<\/p>\n<p>\n<img decoding=\"async\" border=\"0\" src=\"https:\/\/assets.innpro.pl\/11103\/13095\/4.jpg\"\/>\n<\/p>\n<h3>Kaasas<\/h3>\n<ul class=\"list-disc pl-5\">\n<li>Laetav aku RIVER 3 Plus jaoks (286 Wh)<\/li>\n<li>Kiirjuhend ja garantiikaart<\/li>\n<\/ul>\n<div class=\"table-wrapper\">\n<p>\u0412\u00a0<\/p>\n<h3><\/h3>\n<table>\n<tbody>\n<tr>\n<th>Tootja<\/th>\n<td>EcoFlow<\/td>\n<\/tr>\n<tr>\n<th>Mudel<\/th>\n<td>EB300<\/td>\n<\/tr>\n<tr>\n<th>Mahutavus<\/th>\n<td>286 Wh (89600 mAh)<\/td>\n<\/tr>\n<tr>\n<th>M\u00f5\u00f5tmed<\/th>\n<td>234 x 224 x 110 mm<\/td>\n<\/tr>\n<tr>\n<th>Kaal<\/th>\n<td>3,3 kg<\/td>\n<\/tr>\n<tr>\n<th>Aku t\u00fc\u00fcp<\/th>\n<td>LFP (LiFePO4)<\/td>\n<\/tr>\n<tr>\n<th>Eluiga<\/th>\n<td>Ligikaudu 3000 laadimists\u00fcklit (kuni 80% mahutavusega)<\/td>\n<\/tr>\n<tr>\n<th>USB-C v\u00e4ljund<\/th>\n<td>5 V \/ 9 V \/ 12 V \/ 15 V = 3 A max, 20 V \/ 28 V = 5 A max, 140 W.<\/td>\n<\/tr>\n<tr>\n<th>USB-C sisend<\/th>\n<td>5 V \/ 9 V \/ 12 V \/ 15 V = 3 A max, 20 V \/ 28 V = 5 A max, 140 W max (0\u2013100% umbes 3,5 tunniga);<\/td>\n<\/tr>\n<tr>\n<th>EB-liides<\/th>\n<td>17,5\u201325,5 V = 14 A max.<\/td>\n<\/tr>\n<tr>\n<th>Kiire<\/th>\n<td>Sisend: 30 W max; V\u00e4ljundv\u00f5imsus: 15 W (juhtmevaba), 30 W (juhtmega);<\/td>\n<\/tr>\n<tr>\n<th>Optimaalne t\u00f6\u00f6temperatuur<\/th>\n<td>20 \u00b0C kuni 30 \u00b0C<\/td>\n<\/tr>\n<tr>\n<th>Laadimistemperatuur<\/th>\n<td>0 \u00b0C kuni 45 \u00b0C<\/td>\n<\/tr>\n<tr>\n<th>T\u00fchjendustemperatuur<\/th>\n<td>-10 \u00b0C kuni 45 \u00b0C<\/td>\n<\/tr>\n<tr>\n<th>S\u00e4ilitustemperatuur<\/th>\n<td>20 \u00b0C kuni 30 \u00b0C<\/td>\n<\/tr>\n<\/tbody>\n<\/table>\n<\/div>\n","protected":false},"excerpt":{"rendered":"<p>Aku EcoFlow RIVER 3 Plus (286Wh) jaoks Laienda oma EcoFlow RIVER 3 Plus kaasaskantava laadija v\u00f5imekust. See lisaaku v\u00f5imaldab sul suurendada selle mahtuvust 286 Wh v\u00f5rra, nii et saad oma seadmeid veelgi kauem toita! Spetsiaalsed Pogo Pin kontaktid v\u00f5imaldavad mugavat paigaldamist ja USB-C v\u00e4ljundport v\u00f5imaldab sul oma seadmeid laadida kuni 140 vatti v\u00f5imsusega. Samal ajal [&#8230;]\n","protected":false},"featured_media":35668,"comment_status":"open","ping_status":"closed","template":"","meta":[],"product_brand":[247],"product_cat":[978],"product_tag":[],"class_list":{"0":"post-35667","1":"product","2":"type-product","3":"status-publish","4":"has-post-thumbnail","6":"product_brand-ecoflow","7":"product_cat-accessories-power-stations","9":"first","10":"outofstock","11":"taxable","12":"shipping-taxable","13":"purchasable","14":"product-type-simple"},"aioseo_notices":[],"_links":{"self":[{"href":"https:\/\/asura.lv\/et\/wp-json\/wp\/v2\/product\/35667","targetHints":{"allow":["GET"]}}],"collection":[{"href":"https:\/\/asura.lv\/et\/wp-json\/wp\/v2\/product"}],"about":[{"href":"https:\/\/asura.lv\/et\/wp-json\/wp\/v2\/types\/product"}],"replies":[{"embeddable":true,"href":"https:\/\/asura.lv\/et\/wp-json\/wp\/v2\/comments?post=35667"}],"wp:featuredmedia":[{"embeddable":true,"href":"https:\/\/asura.lv\/et\/wp-json\/wp\/v2\/media\/35668"}],"wp:attachment":[{"href":"https:\/\/asura.lv\/et\/wp-json\/wp\/v2\/media?parent=35667"}],"wp:term":[{"taxonomy":"product_brand","embeddable":true,"href":"https:\/\/asura.lv\/et\/wp-json\/wp\/v2\/product_brand?post=35667"},{"taxonomy":"product_cat","embeddable":true,"href":"https:\/\/asura.lv\/et\/wp-json\/wp\/v2\/product_cat?post=35667"},{"taxonomy":"product_tag","embeddable":true,"href":"https:\/\/asura.lv\/et\/wp-json\/wp\/v2\/product_tag?post=35667"}],"curies":[{"name":"wp","href":"https:\/\/api.w.org\/{rel}","templated":true}]}}