{"id":35703,"date":"2025-11-28T23:07:41","date_gmt":"2025-11-28T23:07:41","guid":{"rendered":"https:\/\/asura.lv\/product\/ecoflow-rapid-magnetic-powerbank-5000mah-black\/"},"modified":"2025-12-12T15:13:37","modified_gmt":"2025-12-12T13:13:37","slug":"ecoflow-rapid-magnetic-powerbank-5000mah-black","status":"publish","type":"product","link":"https:\/\/asura.lv\/et\/toode\/ecoflow-rapid-magnetic-powerbank-5000mah-black\/","title":{"rendered":"EcoFlow RAPID magnetiline varupatarei, 5000mAh, (must)."},"content":{"rendered":"<h3>EcoFlow RAPID magnetiline v\u00e4lislaadija, 5000mAh (must).<\/h3>\n<p>EcoFlow RAPID magnetilise v\u00e4lislaadija mahutavus on 5000mAh. Selle abil saate laadida oma seadmeid nii juhtmega (30W) kui ka juhtmevabalt (15W). Teie k\u00e4sutuses on USB-C port ja integreeritud USB-C kaabel. Seade toetab populaarseid laadimisprotokolle, nagu PD, QC ja PPS, mis v\u00f5imaldab teil energiat kiiresti ja ohutult taastada.<\/p>\n<p>\n<img decoding=\"async\" border=\"0\" src=\"https:\/\/assets.innpro.pl\/11059\/13037\/4.jpg\"\/>\n<\/p>\n<h3>Kiire juhtmega laadimine<\/h3>\n<p>EcoFlow RAPIDil on USB-C port ja integreeritud USB-C kaabel, mis v\u00f5imaldavad 30W kiirlaadimist. Laadimisaeg on muljetavaldavalt l\u00fchike \u2013 12 minutist piisab aku 30% taseme saavutamiseks, 29 minutiga saavutatakse 70% ja t\u00e4islaadimine v\u00f5tab vaid 55 minutit. Tugi laadimisprotokollidele nagu PD, QC, PPS, FCP, SCP ja UFCS tagab suurep\u00e4rase \u00fchilduvuse paljude seadmetega.<\/p>\n<p>\n<img decoding=\"async\" border=\"0\" src=\"https:\/\/assets.innpro.pl\/11059\/13037\/7.jpg\"\/>\n<\/p>\n<h3>Juhtmevaba mugavus<\/h3>\n<p>Samuti on olemas juhtmevaba laadimise v\u00f5imalus 15 W v\u00f5imsusega. EcoFlow RAPID varupatarei toetab Qi1.0 (5W) tehnoloogiat ja uuemat Qi2.0 (15W) versiooni, mis sobib iPhone&#8217;i mudelitele alates 13. seeriast. See muudab Apple&#8217;i seadmete laadimise veelgi t\u00f5husamaks \u2013 k\u00f5igest 44 minutiga j\u00f5uab iPhone 15 laadimistase 50%-ni.<\/p>\n<p>\n<img decoding=\"async\" border=\"0\" src=\"https:\/\/assets.innpro.pl\/11059\/13037\/2.jpg\"\/>\n<\/p>\n<h3>Alati k\u00e4ep\u00e4rast<\/h3>\n<p>EcoFlow RAPID v\u00e4lispatarei m\u00f5\u00f5tmed on 108 x 70 x 13,9 mm ja see kaalub alla 165 g. Seega saate seda mugavalt kotti v\u00f5i taskusse panna, ilma et peaksite muretsema lisaraskuse p\u00e4rast. 5000 mAh mahutavus pakub usaldusv\u00e4\u00e4rset tuge isegi reisil olles.<\/p>\n<p>\n<img decoding=\"async\" border=\"0\" src=\"https:\/\/assets.innpro.pl\/11059\/13037\/5.jpg\"\/>\n<\/p>\n<div class=\"table-wrapper\">\n<p>\u0412\u00a0<\/p>\n<h3><\/h3>\n<table>\n<tbody>\n<tr>\n<th>Tootja<\/th>\n<td>EcoFlow<\/td>\n<\/tr>\n<tr>\n<th>Mudel<\/th>\n<td>RAPID<\/td>\n<\/tr>\n<tr>\n<th>V\u00e4rv<\/th>\n<td>must<\/td>\n<\/tr>\n<tr>\n<th>Aku t\u00fc\u00fcp<\/th>\n<td>liitium-koobalt<\/td>\n<\/tr>\n<tr>\n<th>Aku mahtuvus<\/th>\n<td>5000 mAh<\/td>\n<\/tr>\n<tr>\n<th>Pordid<\/th>\n<td>C1: Sisseehitatud USB-C kaabel (sisend\/v\u00e4ljund) \/ C2: USB-C port (sisend\/v\u00e4ljund).<\/td>\n<\/tr>\n<tr>\n<th>Juhtmega laadimise sisendv\u00f5imsus<\/th>\n<td>30W<\/td>\n<\/tr>\n<tr>\n<th>Laadimisaeg<\/th>\n<td>12 min &#8211; 30% \/ 29 min &#8211; 70% \/ 55 min &#8211; 100%<\/td>\n<\/tr>\n<tr>\n<th>Juhtmega laadimise v\u00e4ljundv\u00f5imsus<\/th>\n<td>30W<\/td>\n<\/tr>\n<tr>\n<th>Toetatud juhtmega laadimise protokollid<\/th>\n<td>PD, QC, PPS, FCP, SCP, UFCS<\/td>\n<\/tr>\n<tr>\n<th>Juhtmevaba laadimise v\u00e4ljundv\u00f5imsus<\/th>\n<td>15W<\/td>\n<\/tr>\n<tr>\n<th>Toetatud juhtmevaba laadimise protokollid<\/th>\n<td>Qi1.0 (5W, Android) \/ Qi2.0 (15W, iPhone 13 ja (vt eespool)<\/td>\n<\/tr>\n<tr>\n<th>Juhtmevaba laadimise aeg<\/th>\n<td>44 minutit iPhone&#8217;i laadimiseks 15\u201350%<\/td>\n<\/tr>\n<tr>\n<th>EMC<\/th>\n<td>Klass B<\/td>\n<\/tr>\n<tr>\n<th>M\u00f5\u00f5tmed<\/th>\n<td>108 x 70 x 13,9 mm<\/td>\n<\/tr>\n<tr>\n<th>Kaal<\/th>\n<td>165 g<\/td>\n<\/tr>\n<\/tbody>\n<\/table>\n<\/div>\n","protected":false},"excerpt":{"rendered":"<p>EcoFlow RAPID magnetiline v\u00e4lislaadija, 5000mAh (must). EcoFlow RAPID magnetilise v\u00e4lislaadija mahutavus on 5000mAh. Selle abil saate laadida oma seadmeid nii juhtmega (30W) kui ka juhtmevabalt (15W). Teie k\u00e4sutuses on USB-C port ja integreeritud USB-C kaabel. Seade toetab populaarseid laadimisprotokolle, nagu PD, QC ja PPS, mis v\u00f5imaldab teil energiat kiiresti ja ohutult taastada. Kiire juhtmega laadimine [&#8230;]\n","protected":false},"featured_media":35704,"comment_status":"open","ping_status":"closed","template":"","meta":[],"product_brand":[247],"product_cat":[1023],"product_tag":[],"class_list":{"0":"post-35703","1":"product","2":"type-product","3":"status-publish","4":"has-post-thumbnail","6":"product_brand-ecoflow","7":"product_cat-powerbanks","9":"first","10":"outofstock","11":"taxable","12":"shipping-taxable","13":"purchasable","14":"product-type-simple"},"aioseo_notices":[],"_links":{"self":[{"href":"https:\/\/asura.lv\/et\/wp-json\/wp\/v2\/product\/35703","targetHints":{"allow":["GET"]}}],"collection":[{"href":"https:\/\/asura.lv\/et\/wp-json\/wp\/v2\/product"}],"about":[{"href":"https:\/\/asura.lv\/et\/wp-json\/wp\/v2\/types\/product"}],"replies":[{"embeddable":true,"href":"https:\/\/asura.lv\/et\/wp-json\/wp\/v2\/comments?post=35703"}],"wp:featuredmedia":[{"embeddable":true,"href":"https:\/\/asura.lv\/et\/wp-json\/wp\/v2\/media\/35704"}],"wp:attachment":[{"href":"https:\/\/asura.lv\/et\/wp-json\/wp\/v2\/media?parent=35703"}],"wp:term":[{"taxonomy":"product_brand","embeddable":true,"href":"https:\/\/asura.lv\/et\/wp-json\/wp\/v2\/product_brand?post=35703"},{"taxonomy":"product_cat","embeddable":true,"href":"https:\/\/asura.lv\/et\/wp-json\/wp\/v2\/product_cat?post=35703"},{"taxonomy":"product_tag","embeddable":true,"href":"https:\/\/asura.lv\/et\/wp-json\/wp\/v2\/product_tag?post=35703"}],"curies":[{"name":"wp","href":"https:\/\/api.w.org\/{rel}","templated":true}]}}