{"id":35817,"date":"2025-11-28T23:07:30","date_gmt":"2025-11-28T23:07:30","guid":{"rendered":"https:\/\/asura.lv\/product\/elegoo-mini-heater-for-3d-printer\/"},"modified":"2025-12-12T15:13:25","modified_gmt":"2025-12-12T13:13:25","slug":"elegoo-mini-heater-for-3d-printer","status":"publish","type":"product","link":"https:\/\/asura.lv\/et\/toode\/elegoo-mini-heater-for-3d-printer\/","title":{"rendered":"ELEGOO minik\u00fctteseade 3D-printerile"},"content":{"rendered":"<h3>ELEGOO minik\u00fctteseade 3D-printerile<\/h3>\n<p>ELEGOO minik\u00fctteseade on v\u00e4ike, kuid v\u00f5imas seade, mis on loodud ideaalse termilise stabiilsuse tagamiseks 3D-printimise ajal. Intelligentse temperatuuri reguleerimise, kiire kuumutamise ja t\u00f5husa soojusjaotusega tagab minik\u00fctteseade sujuva printimisprotsessi, k\u00f5rvaldades adhesiooni, deformatsiooni ja halva kihtide sidumise probleemid. Seade sobib ideaalselt kasutajatele, kes otsivad usaldusv\u00e4\u00e4rset termilist tuge, et tagada oma prinditud toodete vastavus k\u00f5rgeimatele kvaliteedistandarditele.<\/p>\n<p>\n<img decoding=\"async\" border=\"0\" src=\"https:\/\/assets.innpro.pl\/10961\/12916\/1.jpg\"\/>\n<\/p>\n<h3>Intelligentne temperatuuri reguleerimine<\/h3>\n<p>Unustage k\u00e4sitsi temperatuuri reguleerimine ja kuumuse k\u00f5ikumised. ELEGOO minik\u00fctteseade on varustatud intelligentse automaatse temperatuuri reguleerimiss\u00fcsteemiga, mis l\u00fclitub automaatselt sisse, kui temperatuur langeb alla 25 \u00b0C, ja l\u00fclitub v\u00e4lja, kui temperatuur langeb \u00fcle selle taseme. Selline funktsioon mitte ainult ei taga termilist stabiilsust kogu printimisprotsessi v\u00e4ltel, vaid hoiab \u00e4ra ka sellised probleemid nagu mudeli koorumine v\u00f5i kihi deformatsioon, muutes printimise probleemivabaks ja mugavaks.<\/p>\n<p>\n<img decoding=\"async\" border=\"0\" src=\"https:\/\/assets.innpro.pl\/10961\/12916\/2.jpg\"\/>\n<\/p>\n<h3>\u00dcletamatu kiirus ja j\u00f5udlus<\/h3>\n<p>Minik\u00fctteseade kasutab t\u00e4iustatud PTC-tehnoloogiat, et saavutada printerikambris koheselt optimaalne temperatuur 25 \u00b0C. PTC ehk keraamiline isereguleeruv element tagab, et seade ei kuumene \u00fcle, suurendades veelgi kasutusohutust. 120 W v\u00f5imsusega Mini Heater kuumeneb kiiresti, v\u00e4hendades samal ajal energiatarbimist, muutes selle \u00e4\u00e4rmiselt energias\u00e4\u00e4stlikuks valikuks.<\/p>\n<p>\n<img decoding=\"async\" border=\"0\" src=\"https:\/\/assets.innpro.pl\/10961\/12916\/6.jpg\"\/>\n<\/p>\n<h3>T\u00f5hus soojusringlus<\/h3>\n<p>T\u00e4nu oma 10 000 p\/min ventilaatorile tagab Mini Heater kiire ja \u00fchtlase soojusjaotuse, k\u00f5rvaldades kuumad kohad ja hoides kogu kambris konstantset temperatuuri. See \u00f5huvool tagab materjali parema sulamise ja sadestumise, mis omakorda tagab kvaliteetsemad ja t\u00e4psemad prindid.<\/p>\n<p>\n<img decoding=\"async\" border=\"0\" src=\"https:\/\/assets.innpro.pl\/10961\/12916\/3.jpg\"\/>\n<\/p>\n<h3>Pidev temperatuuri reguleerimine<\/h3>\n<p>Mini Heater pakub reaalajas temperatuuri j\u00e4lgimist. See v\u00f5imaldab teil kiiresti tuvastada v\u00f5imalikke probleeme ja reageerida koheselt, tagades katkematu t\u00f6\u00f6kvaliteedi ja kindluse, et iga v\u00e4ljatr\u00fckk toodetakse k\u00f5rgeimal tasemel.<\/p>\n<p>\n<img decoding=\"async\" border=\"0\" src=\"https:\/\/assets.innpro.pl\/10961\/12916\/9.jpg\"\/>\n<\/p>\n<h3>T\u00f5hus \u00f5hufiltreerimine<\/h3>\n<p>ELEGOO minik\u00fctteseade on varustatud ka \u00f5hufiltreerimiss\u00fcsteemiga, mis aitab s\u00e4ilitada printerikambris puhtust. Filter eemaldab lisandid ja parandab t\u00f6\u00f6keskkonna kvaliteeti, mis mitte ainult ei kaitse printerit, vaid avaldab positiivset m\u00f5ju ka v\u00e4ljatr\u00fcki kvaliteedile.<\/p>\n<p>\n<img decoding=\"async\" border=\"0\" src=\"https:\/\/assets.innpro.pl\/10961\/12916\/8.jpg\"\/>\n<\/p>\n<h3>Printimiseks valmis m\u00f5ne hetkega<\/h3>\n<p>Lihtsa ja intuitiivse paigaldusprotsessi abil saab minik\u00fctteseadme paigaldada ilma suurema vaevata. Lihtsalt \u00fchendage adapter printeri korpuse k\u00fclge, \u00fchendage see k\u00fcttekehaga ja ongi k\u00f5ik \u2013 seade on kasutusvalmis. ELEGOO Mini Heater tagab sujuva k\u00e4ivituse ja v\u00f5imaldab teil kiiresti oma j\u00e4rgmiste projektidega alustada.<\/p>\n<p>\n<img decoding=\"async\" border=\"0\" src=\"https:\/\/assets.innpro.pl\/10961\/12916\/7.jpg\"\/>\n<\/p>\n<h3>Integratsioon populaarsete mudelitega<\/h3>\n<p>Mini Heater \u00fchildub paljude ELEGOO printeritega, sealhulgas Mars 5 Ultra, Mars 5, Mars 4 Max, Mars 4 DLP, Saturn 4, Saturn 4 Ultra, Saturn 3, Saturn 3 Ultra, Saturn 2, Saturn 8K, Saturn S ja Jupiter SE mudelitega. Kohanduvus teiste printeribr\u00e4ndidega muudab Mini Heater&#8217;i mitmek\u00fclgseks ja paindlikuks \u2013 kontrollige lihtsalt adapteri suurust ja reguleerige printeri korpuse perforeeringuid ideaalse sobivuse tagamiseks.<\/p>\n<p>\n<img decoding=\"async\" border=\"0\" src=\"https:\/\/assets.innpro.pl\/10961\/12916\/4.jpg\"\/>\n<\/p>\n<h3>Kaasas<\/h3>\n<ul class=\"list-disc pl-5\">\n<li>ELEGOO Mini Heater<\/li>\n<li>\u00d5hufilter x 2<\/li>\n<li>Paigaldusadapter<\/li>\n<li>Toiteallikas<\/li>\n<li>T\u00f6\u00f6riistakomplekt<\/li>\n<li>Kasutusjuhend<\/li>\n<\/ul>\n<div class=\"table-wrapper\">\n<p>\u0412\u00a0<\/p>\n<h3><\/h3>\n<table>\n<tbody>\n<tr>\n<th>Tootja<\/th>\n<td>ELEGOO<\/td>\n<\/tr>\n<tr>\n<th>Mudel<\/th>\n<td>Mini K\u00fctteseade<\/td>\n<\/tr>\n<tr>\n<th>Seadme m\u00f5\u00f5tmed:<\/th>\n<td>59 x 71 x 132 mm<\/td>\n<\/tr>\n<tr>\n<th>Filtri m\u00f5\u00f5tmed:<\/th>\n<td>40,5 x 40,5 x 23 mm<\/td>\n<\/tr>\n<tr>\n<th>Sisendpinge:<\/th>\n<td>100\u2013240 V 50\/60 Hz, 24 V 5 A<\/td>\n<\/tr>\n<tr>\n<th>Nimiv\u00f5imsus:<\/th>\n<td>120 W<\/td>\n<\/tr>\n<\/tbody>\n<\/table>\n<\/div>\n","protected":false},"excerpt":{"rendered":"<p>ELEGOO minik\u00fctteseade 3D-printerile ELEGOO minik\u00fctteseade on v\u00e4ike, kuid v\u00f5imas seade, mis on loodud ideaalse termilise stabiilsuse tagamiseks 3D-printimise ajal. Intelligentse temperatuuri reguleerimise, kiire kuumutamise ja t\u00f5husa soojusjaotusega tagab minik\u00fctteseade sujuva printimisprotsessi, k\u00f5rvaldades adhesiooni, deformatsiooni ja halva kihtide sidumise probleemid. Seade sobib ideaalselt kasutajatele, kes otsivad usaldusv\u00e4\u00e4rset termilist tuge, et tagada oma prinditud toodete vastavus k\u00f5rgeimatele [&#8230;]\n","protected":false},"featured_media":35818,"comment_status":"open","ping_status":"closed","template":"","meta":[],"product_brand":[694],"product_cat":[1077],"product_tag":[],"class_list":{"0":"post-35817","1":"product","2":"type-product","3":"status-publish","4":"has-post-thumbnail","6":"product_brand-elegoo","7":"product_cat-3d-printer-accessories","9":"first","10":"outofstock","11":"taxable","12":"shipping-taxable","13":"purchasable","14":"product-type-simple"},"aioseo_notices":[],"_links":{"self":[{"href":"https:\/\/asura.lv\/et\/wp-json\/wp\/v2\/product\/35817","targetHints":{"allow":["GET"]}}],"collection":[{"href":"https:\/\/asura.lv\/et\/wp-json\/wp\/v2\/product"}],"about":[{"href":"https:\/\/asura.lv\/et\/wp-json\/wp\/v2\/types\/product"}],"replies":[{"embeddable":true,"href":"https:\/\/asura.lv\/et\/wp-json\/wp\/v2\/comments?post=35817"}],"wp:featuredmedia":[{"embeddable":true,"href":"https:\/\/asura.lv\/et\/wp-json\/wp\/v2\/media\/35818"}],"wp:attachment":[{"href":"https:\/\/asura.lv\/et\/wp-json\/wp\/v2\/media?parent=35817"}],"wp:term":[{"taxonomy":"product_brand","embeddable":true,"href":"https:\/\/asura.lv\/et\/wp-json\/wp\/v2\/product_brand?post=35817"},{"taxonomy":"product_cat","embeddable":true,"href":"https:\/\/asura.lv\/et\/wp-json\/wp\/v2\/product_cat?post=35817"},{"taxonomy":"product_tag","embeddable":true,"href":"https:\/\/asura.lv\/et\/wp-json\/wp\/v2\/product_tag?post=35817"}],"curies":[{"name":"wp","href":"https:\/\/api.w.org\/{rel}","templated":true}]}}