{"id":35955,"date":"2025-11-28T23:04:31","date_gmt":"2025-11-28T23:04:31","guid":{"rendered":"https:\/\/asura.lv\/product\/mcdodo-cc-0370-car-charger-usb-c-lightning-120w-retractable-cables\/"},"modified":"2025-12-12T15:10:52","modified_gmt":"2025-12-12T13:10:52","slug":"mcdodo-cc-0370-car-charger-usb-c-lightning-120w-retractable-cables","status":"publish","type":"product","link":"https:\/\/asura.lv\/et\/toode\/mcdodo-cc-0370-car-charger-usb-c-lightning-120w-retractable-cables\/","title":{"rendered":"Mcdodo CC-0370 autolaadija, USB-C, Lightning, 120W, sisset\u00f5mmatavad kaablid"},"content":{"rendered":"<h3>Mcdodo CC-0370 autolaadija, USB-C, Lightning, 120W, sisset\u00f5mmatavad kaablid<\/h3>\n<p>Mcdodo CC-0370 autolaadija on ideaalne lahendus neile, kes vajavad kiiret ja mugavat laadimist liikvel olles. Integreeritud USB-C ja Lightning-kaablitega varustatud laadija v\u00f5imaldab teil laadida kahte seadet samaaegselt ilma t\u00e4iendavate kaabliteta. Kuni 120 W v\u00f5imsusega pakub see kiiret laadimist nii nutitelefonidele kui ka teistele mobiilseadmetele.<\/p>\n<p>\n<img decoding=\"async\" border=\"0\" src=\"https:\/\/assets.innpro.pl\/9778\/11413\/8.jpg\"\/>\n<\/p>\n<h3>Kiire laadimine k\u00f5igile teie seadmetele<\/h3>\n<p>Mcdodo laadija t\u00e4iustatud laadimistehnoloogia pakub kiiret laadimist m\u00f5lemale seadmele USB-C ja Lightning-portidega. Olenemata sellest, kas kasutate iPhone&#8217;i, tahvelarvutit v\u00f5i s\u00fclearvutit, reguleerib laadija v\u00f5imsust, et tagada optimaalne ja ohutu laadimine.<\/p>\n<p>\n<img decoding=\"async\" border=\"0\" src=\"https:\/\/assets.innpro.pl\/9778\/11413\/9.jpg\"\/>\n<\/p>\n<h3>Sisset\u00f5mmatavad kaablid mugavuse ja organiseerituse tagamiseks<\/h3>\n<p>Sisseehitatud sisset\u00f5mmatavad kaablid on uuenduslik lahendus, mis v\u00f5imaldab teil kaablid p\u00e4rast laadimist kiiresti \u00e4ra panna. Enam pole autos sassis kaableid \u2013 n\u00fc\u00fcd on k\u00f5ik organiseeritud ja alati kasutusvalmis.<\/p>\n<p>\n<img decoding=\"async\" border=\"0\" src=\"https:\/\/assets.innpro.pl\/9778\/11413\/6.jpg\"\/>\n<\/p>\n<h3>Ohutus k\u00f5rgeimal tasemel<\/h3>\n<p>Mcdodo CC-0370 autolaadija on varustatud t\u00e4iustatud ohutusfunktsioonidega, mis kaitsevad teie seadmeid \u00fclekuumenemise, pingeh\u00fcpete v\u00f5i \u00fclekoormuse eest. Nutikas s\u00fcsteem tunneb \u00e4ra \u00fchendatud seadme ja reguleerib v\u00f5imsust, et tagada optimaalne j\u00f5udlus ilma kahjustuste riskita.<\/p>\n<p>\n<img decoding=\"async\" border=\"0\" src=\"https:\/\/assets.innpro.pl\/9778\/11413\/5.jpg\"\/>\n<\/p>\n<h3>Universaalne \u00fchilduvus<\/h3>\n<p>Laadija t\u00f6\u00f6tab paljude seadmetega \u2013 nutitelefonidest tahvelarvutite, s\u00fclearvutite ja muude vidinateni. See teeb selle ideaalseks nii igap\u00e4evaseks kasutamiseks kui ka pikemateks reisideks.<\/p>\n<p>\n<img decoding=\"async\" border=\"0\" src=\"https:\/\/assets.innpro.pl\/9778\/11413\/4.jpg\"\/>\n<\/p>\n<div class=\"table-wrapper\">\n<p>\u0412\u00a0<\/p>\n<h3><\/h3>\n<table>\n<tbody>\n<tr>\n<th>Nimi:<\/th>\n<td>Mcdodo CC-0370 autolaadija, USB-C, Lightning, 120W, sisset\u00f5mmatavad kaablid<\/td>\n<\/tr>\n<tr>\n<th>Tootja:<\/th>\n<td>Mcdodo<\/td>\n<\/tr>\n<tr>\n<th>Mudel:<\/th>\n<td>CC-0370<\/td>\n<\/tr>\n<tr>\n<th>Materjal:<\/th>\n<td>Alumiiniumisulam + Arvuti<\/td>\n<\/tr>\n<tr>\n<th>M\u00f5\u00f5tmed:<\/th>\n<td>76*O\u00a637,5 mm<\/td>\n<\/tr>\n<tr>\n<th>Kaal:<\/th>\n<td>97 g<\/td>\n<\/tr>\n<tr>\n<th>V\u00e4rv:<\/th>\n<td>Must<\/td>\n<\/tr>\n<tr>\n<th>Alalisvool 12\u201324 V, 10 A max:<\/th>\n<td>Alalisvool 12\u201324 V, 10 A max.<\/td>\n<\/tr>\n<tr>\n<th>Kaabli pikkus:<\/th>\n<td>1,2 m (SR-SR)<\/td>\n<\/tr>\n<tr>\n<th>V\u00e4ljund (USB-C):<\/th>\n<td>5 V \u00d7 3 A, 9 V \u00d7 3 A, 12 V \u00d7 3 A, 15 V \u00d7 3 A, 20 V \u00d7 3 A, (PPS: 3,3\u201311 V \u00d7 3 A), 60 W max.<\/td>\n<\/tr>\n<tr>\n<th>V\u00e4ljund (USB-A):<\/th>\n<td>5 V \u00d7 3 A, 9 V \u00d7 3 A, (SCP 10 V \u00d7 2,2 A), 12 V \u00d7 2,5 A, 30 W max.<\/td>\n<\/tr>\n<tr>\n<th>V\u00e4ljund (C-kaabel):<\/th>\n<td>5 V \u00d7 3 A, 9 V \u00d7 3 A, 12 V \u00d7 3 A, 15 V \u00d7 3 A, 20 V \u00d7 3 A, (PPS: 3,3\u201311 V \u00d7 3 A), 60 W max.<\/td>\n<\/tr>\n<tr>\n<th>V\u00e4ljund (L-kaabel):<\/th>\n<td>5 V \u00d7 2,4 A<\/td>\n<\/tr>\n<tr>\n<th>V\u00e4ljund (USB-C+USB-A)+(C-kaabel + L-kaabel):<\/th>\n<td>5V\u00d73A + 5V\u00d73A<\/td>\n<\/tr>\n<tr>\n<th>Kogu v\u00e4ljundv\u00f5imsus:<\/th>\n<td>120W max.<\/td>\n<\/tr>\n<\/tbody>\n<\/table>\n<\/div>\n","protected":false},"excerpt":{"rendered":"<p>Mcdodo CC-0370 autolaadija, USB-C, Lightning, 120W, sisset\u00f5mmatavad kaablid Mcdodo CC-0370 autolaadija on ideaalne lahendus neile, kes vajavad kiiret ja mugavat laadimist liikvel olles. Integreeritud USB-C ja Lightning-kaablitega varustatud laadija v\u00f5imaldab teil laadida kahte seadet samaaegselt ilma t\u00e4iendavate kaabliteta. Kuni 120 W v\u00f5imsusega pakub see kiiret laadimist nii nutitelefonidele kui ka teistele mobiilseadmetele. Kiire laadimine k\u00f5igile [&#8230;]\n","protected":false},"featured_media":35956,"comment_status":"open","ping_status":"closed","template":"","meta":[],"product_brand":[461],"product_cat":[1284],"product_tag":[],"class_list":{"0":"post-35955","1":"product","2":"type-product","3":"status-publish","4":"has-post-thumbnail","6":"product_brand-mcdodo","7":"product_cat-car-chargers","9":"first","10":"outofstock","11":"taxable","12":"shipping-taxable","13":"purchasable","14":"product-type-simple"},"aioseo_notices":[],"_links":{"self":[{"href":"https:\/\/asura.lv\/et\/wp-json\/wp\/v2\/product\/35955","targetHints":{"allow":["GET"]}}],"collection":[{"href":"https:\/\/asura.lv\/et\/wp-json\/wp\/v2\/product"}],"about":[{"href":"https:\/\/asura.lv\/et\/wp-json\/wp\/v2\/types\/product"}],"replies":[{"embeddable":true,"href":"https:\/\/asura.lv\/et\/wp-json\/wp\/v2\/comments?post=35955"}],"wp:featuredmedia":[{"embeddable":true,"href":"https:\/\/asura.lv\/et\/wp-json\/wp\/v2\/media\/35956"}],"wp:attachment":[{"href":"https:\/\/asura.lv\/et\/wp-json\/wp\/v2\/media?parent=35955"}],"wp:term":[{"taxonomy":"product_brand","embeddable":true,"href":"https:\/\/asura.lv\/et\/wp-json\/wp\/v2\/product_brand?post=35955"},{"taxonomy":"product_cat","embeddable":true,"href":"https:\/\/asura.lv\/et\/wp-json\/wp\/v2\/product_cat?post=35955"},{"taxonomy":"product_tag","embeddable":true,"href":"https:\/\/asura.lv\/et\/wp-json\/wp\/v2\/product_tag?post=35955"}],"curies":[{"name":"wp","href":"https:\/\/api.w.org\/{rel}","templated":true}]}}