{"id":36015,"date":"2025-11-28T23:04:27","date_gmt":"2025-11-28T23:04:27","guid":{"rendered":"https:\/\/asura.lv\/product\/mcdodo-ca-4250-usb-c-to-usb-c-cable-100w-led-display-1-2m\/"},"modified":"2025-12-12T15:10:48","modified_gmt":"2025-12-12T13:10:48","slug":"mcdodo-ca-4250-usb-c-to-usb-c-cable-100w-led-display-1-2m","status":"publish","type":"product","link":"https:\/\/asura.lv\/et\/toode\/mcdodo-ca-4250-usb-c-to-usb-c-cable-100w-led-display-1-2m\/","title":{"rendered":"Mcdodo CA-4250 USB-C &#8211; USB-C kaabel, 100W, LED-ekraan, 1,2m"},"content":{"rendered":"<h3>Mcdodo CA-4250 USB-C &#8211; USB-C kaabel, 100W, LED-ekraan, 1,2m<\/h3>\n<p>Mcdodo CA-4250 on t\u00e4iustatud USB-C &#8211; USB-C kaabel pikkusega 1,2m, mis toetab kiirlaadimist kuni 100W. Sisseehitatud LED-ekraani abil saate laadimiskiirust reaalajas j\u00e4lgida, muutes kaabli mitte ainult funktsionaalseks, vaid ka praktiliseks igap\u00e4evaseks kasutamiseks.<\/p>\n<p>\n<img decoding=\"async\" border=\"0\" src=\"https:\/\/assets.innpro.pl\/9753\/11385\/1.jpg\"\/>\n<\/p>\n<h3>\u00dclikiire 100W laadimine<\/h3>\n<p>Mcdodo CA-4250 kaabel pakub kuni 100W laadimist, mis v\u00f5imaldab teil oma seadmeid laadida kuni 60% ulatuses vaid 30 minutiga. See sobib ideaalselt s\u00fclearvutite, tahvelarvutite ja nutitelefonide kiireks laadimiseks, pakkudes samal ajal stabiilset ja ohutut toiteallikat.<\/p>\n<p>\n<img decoding=\"async\" border=\"0\" src=\"https:\/\/assets.innpro.pl\/9753\/11385\/6.jpg\"\/>\n<\/p>\n<h3>LED-ekraan laadimisprotsessi j\u00e4lgimiseks<\/h3>\n<p>Kaabli integreeritud LED-ekraan n\u00e4itab d\u00fcnaamiliselt laadimiskiirust, nii et saate laadimisprotsessi olekut igal ajal kontrollida. See on praktiline lahendus, mis muudab seadme laadimise haldamise lihtsaks.<\/p>\n<p>\n<img decoding=\"async\" border=\"0\" src=\"https:\/\/assets.innpro.pl\/9753\/11385\/7.jpg\"\/>\n<\/p>\n<h3>Vastupidav disain ja kulumiskindlus<\/h3>\n<p>Kaabel on valmistatud vastupidavatest materjalidest, sealhulgas tsingisulamkattest, mis kaitseb mehaaniliste kahjustuste eest. Lisaks pakub kvaliteetne nailonist punutis vastupidavust paindumisele ja h\u00f5\u00f5rdumisele, mist\u00f5ttu sobib see ideaalselt igap\u00e4evaseks kasutamiseks.<\/p>\n<p>\n<img decoding=\"async\" border=\"0\" src=\"https:\/\/assets.innpro.pl\/9753\/11385\/4.jpg\"\/>\n<\/p>\n<h3>Kiire andmeedastus ja lai \u00fchilduvus<\/h3>\n<p>Mcdodo CA-4250 kaabel mitte ainult ei lae kiiresti, vaid pakub ka samaaegset andmeedastust. Selle lai \u00fchilduvus selliste seadmetega nagu nutitelefonid, tahvelarvutid, s\u00fclearvutid ja muud USB-C-portidega seadmed muudab selle mitmek\u00fclgseks t\u00f6\u00f6riistaks igale kasutajale.<\/p>\n<p>\n<img decoding=\"async\" border=\"0\" src=\"https:\/\/assets.innpro.pl\/9753\/11385\/3.jpg\"\/>\n<\/p>\n<div class=\"table-wrapper\">\n<p>\u0412\u00a0<\/p>\n<h3><\/h3>\n<table>\n<tbody>\n<tr>\n<th>Nimi:<\/th>\n<td>Mcdodo CA-4250 USB-C &#8211; USB-C kaabel, 100W, LED-ekraan, 1,2m<\/td>\n<\/tr>\n<tr>\n<th>Tootja:<\/th>\n<td>Mcdodo<\/td>\n<\/tr>\n<tr>\n<th>Mudel:<\/th>\n<td>CA-425<\/td>\n<\/tr>\n<tr>\n<th>Liides:<\/th>\n<td>USB-C &#8211; USB-C<\/td>\n<\/tr>\n<tr>\n<th>V\u00e4rv:<\/th>\n<td>Must<\/td>\n<\/tr>\n<tr>\n<th>Materjal:<\/th>\n<td>Tsingisulam \/ nailon<\/td>\n<\/tr>\n<tr>\n<th>Pikkus:<\/th>\n<td>1,2 m<\/td>\n<\/tr>\n<tr>\n<th>Voolutugevus:<\/th>\n<td>5A (100 Max).<\/td>\n<\/tr>\n<tr>\n<th>\u00dchildub:<\/th>\n<td>iPhone 15 seeria, Huawei, Honor, Xiaomi, OPPO, vivo, Samsung, Google, LG, iPad, MatePad, Galaxy Tab, MacBook, Dell, HP, Lenovo, Microsoft<\/td>\n<\/tr>\n<\/tbody>\n<\/table>\n<\/div>\n","protected":false},"excerpt":{"rendered":"<p>Mcdodo CA-4250 USB-C &#8211; USB-C kaabel, 100W, LED-ekraan, 1,2m Mcdodo CA-4250 on t\u00e4iustatud USB-C &#8211; USB-C kaabel pikkusega 1,2m, mis toetab kiirlaadimist kuni 100W. Sisseehitatud LED-ekraani abil saate laadimiskiirust reaalajas j\u00e4lgida, muutes kaabli mitte ainult funktsionaalseks, vaid ka praktiliseks igap\u00e4evaseks kasutamiseks. \u00dclikiire 100W laadimine Mcdodo CA-4250 kaabel pakub kuni 100W laadimist, mis v\u00f5imaldab teil oma [&#8230;]\n","protected":false},"featured_media":36016,"comment_status":"open","ping_status":"closed","template":"","meta":[],"product_brand":[461],"product_cat":[1140],"product_tag":[],"class_list":{"0":"post-36015","1":"product","2":"type-product","3":"status-publish","4":"has-post-thumbnail","6":"product_brand-mcdodo","7":"product_cat-usb-c-to-usb-c-usb-cables","9":"first","10":"outofstock","11":"taxable","12":"shipping-taxable","13":"purchasable","14":"product-type-simple"},"aioseo_notices":[],"_links":{"self":[{"href":"https:\/\/asura.lv\/et\/wp-json\/wp\/v2\/product\/36015","targetHints":{"allow":["GET"]}}],"collection":[{"href":"https:\/\/asura.lv\/et\/wp-json\/wp\/v2\/product"}],"about":[{"href":"https:\/\/asura.lv\/et\/wp-json\/wp\/v2\/types\/product"}],"replies":[{"embeddable":true,"href":"https:\/\/asura.lv\/et\/wp-json\/wp\/v2\/comments?post=36015"}],"wp:featuredmedia":[{"embeddable":true,"href":"https:\/\/asura.lv\/et\/wp-json\/wp\/v2\/media\/36016"}],"wp:attachment":[{"href":"https:\/\/asura.lv\/et\/wp-json\/wp\/v2\/media?parent=36015"}],"wp:term":[{"taxonomy":"product_brand","embeddable":true,"href":"https:\/\/asura.lv\/et\/wp-json\/wp\/v2\/product_brand?post=36015"},{"taxonomy":"product_cat","embeddable":true,"href":"https:\/\/asura.lv\/et\/wp-json\/wp\/v2\/product_cat?post=36015"},{"taxonomy":"product_tag","embeddable":true,"href":"https:\/\/asura.lv\/et\/wp-json\/wp\/v2\/product_tag?post=36015"}],"curies":[{"name":"wp","href":"https:\/\/api.w.org\/{rel}","templated":true}]}}