{"id":36129,"date":"2025-11-28T23:04:16","date_gmt":"2025-11-28T23:04:16","guid":{"rendered":"https:\/\/asura.lv\/product\/waudog-gradient-nylon-dog-leash-15mm-wide-122cm-long-purple\/"},"modified":"2025-12-12T15:10:37","modified_gmt":"2025-12-12T13:10:37","slug":"waudog-gradient-nylon-dog-leash-15mm-wide-122cm-long-purple","status":"publish","type":"product","link":"https:\/\/asura.lv\/et\/toode\/waudog-gradient-nylon-dog-leash-15mm-wide-122cm-long-purple\/","title":{"rendered":"WAUDOG gradientv\u00e4rvi nailonist koerarihm, 15 mm lai, 122 cm pikk, lilla"},"content":{"rendered":"<h3>WAUDOG gradientv\u00e4rvi nailonist koerarihm, 15 mm lai, 122 cm pikk (lilla).<\/h3>\n<p>Kas otsite oma koerale stiilset ja vastupidavat jalutusrihma? WAUDOG jalutusrihm on suurep\u00e4rane valik igale koeraomanikule, kes hindab nii moodsat v\u00e4limust kui ka funktsionaalsust. 15 mm laius tagab mugava haarde ja 122 cm pikkus v\u00f5imaldab t\u00e4ielikku kontrolli v\u00e4ikeste koerat\u00f5ugudega jalutades. See on valmistatud rPET materjalist, mis muudab selle \u00e4\u00e4rmiselt vastupidavaks, ja titaankate pakub t\u00e4iendavat kulumiskindlust, tagades pikaajalise kasutamise isegi intensiivsete jalutusk\u00e4ikude korral.<\/p>\n<p>\n<img decoding=\"async\" border=\"0\" src=\"https:\/\/assets.innpro.pl\/9712\/11335\/2.jpg\"\/>\n<\/p>\n<div class=\"table-wrapper\">\n<p>\u0412\u00a0<\/p>\n<h3><\/h3>\n<table>\n<tbody>\n<tr>\n<th>Tootja<\/th>\n<td>Waudog<\/td>\n<\/tr>\n<tr>\n<th>Materjal<\/th>\n<td>rPET<\/td>\n<\/tr>\n<tr>\n<th>V\u00e4rv<\/th>\n<td>Lilla<\/td>\n<\/tr>\n<tr>\n<th>Pikkus<\/th>\n<td>122 cm<\/td>\n<\/tr>\n<tr>\n<th>Laius<\/th>\n<td>15 mm<\/td>\n<\/tr>\n<tr>\n<th>Suurus<\/th>\n<td>S<\/td>\n<\/tr>\n<tr>\n<th>Koerat\u00f5ud<\/th>\n<td>V\u00e4ike<\/td>\n<\/tr>\n<\/tbody>\n<\/table>\n<\/div>\n","protected":false},"excerpt":{"rendered":"<p>WAUDOG gradientv\u00e4rvi nailonist koerarihm, 15 mm lai, 122 cm pikk (lilla). Kas otsite oma koerale stiilset ja vastupidavat jalutusrihma? WAUDOG jalutusrihm on suurep\u00e4rane valik igale koeraomanikule, kes hindab nii moodsat v\u00e4limust kui ka funktsionaalsust. 15 mm laius tagab mugava haarde ja 122 cm pikkus v\u00f5imaldab t\u00e4ielikku kontrolli v\u00e4ikeste koerat\u00f5ugudega jalutades. See on valmistatud rPET materjalist, [&#8230;]\n","protected":false},"featured_media":36130,"comment_status":"open","ping_status":"closed","template":"","meta":[],"product_brand":[640],"product_cat":[1278],"product_tag":[],"class_list":{"0":"post-36129","1":"product","2":"type-product","3":"status-publish","4":"has-post-thumbnail","6":"product_brand-waudog","7":"product_cat-walking-and-transportation","9":"first","10":"outofstock","11":"taxable","12":"shipping-taxable","13":"purchasable","14":"product-type-simple"},"aioseo_notices":[],"_links":{"self":[{"href":"https:\/\/asura.lv\/et\/wp-json\/wp\/v2\/product\/36129","targetHints":{"allow":["GET"]}}],"collection":[{"href":"https:\/\/asura.lv\/et\/wp-json\/wp\/v2\/product"}],"about":[{"href":"https:\/\/asura.lv\/et\/wp-json\/wp\/v2\/types\/product"}],"replies":[{"embeddable":true,"href":"https:\/\/asura.lv\/et\/wp-json\/wp\/v2\/comments?post=36129"}],"wp:featuredmedia":[{"embeddable":true,"href":"https:\/\/asura.lv\/et\/wp-json\/wp\/v2\/media\/36130"}],"wp:attachment":[{"href":"https:\/\/asura.lv\/et\/wp-json\/wp\/v2\/media?parent=36129"}],"wp:term":[{"taxonomy":"product_brand","embeddable":true,"href":"https:\/\/asura.lv\/et\/wp-json\/wp\/v2\/product_brand?post=36129"},{"taxonomy":"product_cat","embeddable":true,"href":"https:\/\/asura.lv\/et\/wp-json\/wp\/v2\/product_cat?post=36129"},{"taxonomy":"product_tag","embeddable":true,"href":"https:\/\/asura.lv\/et\/wp-json\/wp\/v2\/product_tag?post=36129"}],"curies":[{"name":"wp","href":"https:\/\/api.w.org\/{rel}","templated":true}]}}