{"id":36201,"date":"2025-11-28T23:04:10","date_gmt":"2025-11-28T23:04:10","guid":{"rendered":"https:\/\/asura.lv\/product\/powerbank-5000mah-vention-fhwy0-20w-usb-c-to-lightning-cable-yellow\/"},"modified":"2025-12-12T15:10:30","modified_gmt":"2025-12-12T13:10:30","slug":"powerbank-5000mah-vention-fhwy0-20w-usb-c-to-lightning-cable-yellow","status":"publish","type":"product","link":"https:\/\/asura.lv\/et\/toode\/powerbank-5000mah-vention-fhwy0-20w-usb-c-to-lightning-cable-yellow\/","title":{"rendered":"V\u00e4line akupank 5000mAh Vention FHWY0 20W + USB-C &#8211; Lightning kaabel (kollane)."},"content":{"rendered":"<h3>V\u00e4lipatarei 5000mAh Vention FHWY0 20W + USB-C &#8211; Lightning kaabel (kollane).<\/h3>\n<p>\u00c4ra lase vajalikel seadmetel valel ajal t\u00fchjeneda. Vention FHWY0 v\u00e4lkpatarei pakub 5000 mAh mahtuvust ja selle v\u00f5imsus ulatub 20 vattini. USB-C\/v\u00e4lklaadimiskaabli abil v\u00f5id olla kindel, et vajalikud seadmed on kohe kasutusvalmis. Kompaktne disain muudab kaasaskandmise ja transpordi lihtsaks.<\/p>\n<p>\n<img decoding=\"async\" border=\"0\" src=\"https:\/\/assets.innpro.pl\/9361\/10926\/3.jpg\"\/>\n<\/p>\n<h3>Praktiline kaabel<\/h3>\n<p>Vention v\u00e4lkpatarei on varustatud USB-C &#8211; Lightning kiirlaadimiskaabliga, mis tagab laia \u00fchilduvuse ja v\u00f5imaldab sul energiat taastada kuni 20 vati v\u00f5imsusega. Lisatarvik toimib ka kaelan\u00f6\u00f6rina ning muudab seadme kaasaskandmise ja transportimise lihtsaks \u2013 saate selle mugavalt oma kotti kinnitada!<\/p>\n<p>\n<img decoding=\"async\" border=\"0\" src=\"https:\/\/assets.innpro.pl\/9361\/10926\/7.jpg\"\/>\n<\/p>\n<h3>Rafineeritud disain<\/h3>\n<p>V\u00e4lisaku suurus on umbes huulepulga suurune \u2013 selle m\u00f5\u00f5tmed on 30 x 30 x 99,8 mm. Stiilne disain r\u00f5\u00f5mustab paljusid kasutajaid ja praktilised LED-indikaatorid annavad teada laadimise olekust. Toode vastab ka lennufirmade n\u00f5uetele, seega saab see teid lennukis kaasa v\u00f5tta.<\/p>\n<p>\n<img decoding=\"async\" border=\"0\" src=\"https:\/\/assets.innpro.pl\/9361\/10926\/2.jpg\"\/>\n<\/p>\n<h3>V\u00f5imas ja laialdaselt \u00fchilduv<\/h3>\n<p>5000 mAh mahutavus v\u00f5imaldab teil \u00fchilduvat seadet terveks t\u00f6\u00f6p\u00e4evaks ette valmistada. Saate varupatareid edukalt kasutada nutitelefonide, tahvelarvutite, juhtmevabade k\u00f5rvaklappide, kellade ja miniventilaatorite \u00fcmbristega.<\/p>\n<p>\n<img decoding=\"async\" border=\"0\" src=\"https:\/\/assets.innpro.pl\/9361\/10926\/6.jpg\"\/>\n<\/p>\n<h3>Turvafunktsioonid<\/h3>\n<p>V\u00f5ite olla kindlad, et laadimine toimub alati ohutult. V\u00e4lislaadija liitiumpol\u00fcmeeraku pakub kaitset l\u00fchise, \u00fclepinge, \u00fclelaadimise, \u00fclet\u00fchjenemise, vastupidise polaarsuse ja \u00fclekoormuse eest.<\/p>\n<p>\n<img decoding=\"async\" border=\"0\" src=\"https:\/\/assets.innpro.pl\/9361\/10926\/1.jpg\"\/>\n<\/p>\n<h3>Komplektis:<\/h3>\n<ul class=\"list-disc pl-5\">\n<li>V\u00e4lislaadija Vention FHWY0<\/li>\n<li>0,11 meetri pikkune USB-C\/Lightning kaabel<\/li>\n<\/ul>\n<div class=\"table-wrapper\">\n<p>\u0412\u00a0<\/p>\n<h3><\/h3>\n<table>\n<tbody>\n<tr>\n<th>Tootja<\/th>\n<td>Vention<\/td>\n<\/tr>\n<tr>\n<th>Tootja kood<\/th>\n<td>FHWY0<\/td>\n<\/tr>\n<tr>\n<th>V\u00e4rv<\/th>\n<td>kollane<\/td>\n<\/tr>\n<tr>\n<th>Korpuse materjal<\/th>\n<td>PC + ABS<\/td>\n<\/tr>\n<tr>\n<th>Liidese t\u00fc\u00fcp<\/th>\n<td>USB-C\/Lightning<\/td>\n<\/tr>\n<tr>\n<th>Aku mahtuvus<\/th>\n<td>5000 mAh \/ 3,7 V 18,5 Wh<\/td>\n<\/tr>\n<tr>\n<th>USB-C sisend<\/th>\n<td>5 V = 3 A; 9 V = 2 A; 12 V = 1,5 A (max 18 W)<\/td>\n<\/tr>\n<tr>\n<th>Lightning sisend<\/th>\n<td>5 V = 3 A; 9 V = 2 A; 12 V = 1,5 A (max 18 W).<\/td>\n<\/tr>\n<tr>\n<th>USB-C v\u00e4ljund<\/th>\n<td>5 V = 3 A; 9 V = 2,22 A; 12 V = 1,67 A (maksimaalselt 20 W).<\/td>\n<\/tr>\n<tr>\n<th>Lightningi v\u00e4ljund<\/th>\n<td>5 V = 3 A; 9 V = 2,22 A; 12 V = 1,67 A (maksimaalselt 20 W).<\/td>\n<\/tr>\n<tr>\n<th>M\u00f5\u00f5tmed<\/th>\n<td>30 x 30 x 99,8 mm<\/td>\n<\/tr>\n<\/tbody>\n<\/table>\n<\/div>\n","protected":false},"excerpt":{"rendered":"<p>V\u00e4lipatarei 5000mAh Vention FHWY0 20W + USB-C &#8211; Lightning kaabel (kollane). \u00c4ra lase vajalikel seadmetel valel ajal t\u00fchjeneda. Vention FHWY0 v\u00e4lkpatarei pakub 5000 mAh mahtuvust ja selle v\u00f5imsus ulatub 20 vattini. USB-C\/v\u00e4lklaadimiskaabli abil v\u00f5id olla kindel, et vajalikud seadmed on kohe kasutusvalmis. Kompaktne disain muudab kaasaskandmise ja transpordi lihtsaks. Praktiline kaabel Vention v\u00e4lkpatarei on varustatud [&#8230;]\n","protected":false},"featured_media":36202,"comment_status":"open","ping_status":"closed","template":"","meta":[],"product_brand":[474],"product_cat":[1050],"product_tag":[],"class_list":{"0":"post-36201","1":"product","2":"type-product","3":"status-publish","4":"has-post-thumbnail","6":"product_brand-vention","7":"product_cat-powerbanks-gsm-accessories","9":"first","10":"outofstock","11":"taxable","12":"shipping-taxable","13":"purchasable","14":"product-type-simple"},"aioseo_notices":[],"_links":{"self":[{"href":"https:\/\/asura.lv\/et\/wp-json\/wp\/v2\/product\/36201","targetHints":{"allow":["GET"]}}],"collection":[{"href":"https:\/\/asura.lv\/et\/wp-json\/wp\/v2\/product"}],"about":[{"href":"https:\/\/asura.lv\/et\/wp-json\/wp\/v2\/types\/product"}],"replies":[{"embeddable":true,"href":"https:\/\/asura.lv\/et\/wp-json\/wp\/v2\/comments?post=36201"}],"wp:featuredmedia":[{"embeddable":true,"href":"https:\/\/asura.lv\/et\/wp-json\/wp\/v2\/media\/36202"}],"wp:attachment":[{"href":"https:\/\/asura.lv\/et\/wp-json\/wp\/v2\/media?parent=36201"}],"wp:term":[{"taxonomy":"product_brand","embeddable":true,"href":"https:\/\/asura.lv\/et\/wp-json\/wp\/v2\/product_brand?post=36201"},{"taxonomy":"product_cat","embeddable":true,"href":"https:\/\/asura.lv\/et\/wp-json\/wp\/v2\/product_cat?post=36201"},{"taxonomy":"product_tag","embeddable":true,"href":"https:\/\/asura.lv\/et\/wp-json\/wp\/v2\/product_tag?post=36201"}],"curies":[{"name":"wp","href":"https:\/\/api.w.org\/{rel}","templated":true}]}}