{"id":36423,"date":"2025-11-28T23:03:51","date_gmt":"2025-11-28T23:03:51","guid":{"rendered":"https:\/\/asura.lv\/product\/smartring-colmi-r06-18-1mm-8-z%d0%b5oty\/"},"modified":"2025-12-12T15:10:10","modified_gmt":"2025-12-12T13:10:10","slug":"smartring-colmi-r06-18-1mm-8-z%d0%b5oty","status":"publish","type":"product","link":"https:\/\/asura.lv\/et\/toode\/smartring-colmi-r06-18-1mm-8-z%d0%b5oty\/","title":{"rendered":"Nutir\u00f5ngas Colmi R06 18.1MM 8 (Zeroty)"},"content":{"rendered":"<h3>SmartRing Colmi R06 18.1MM 8 (kuldne)<\/h3>\n<p>SmartRing Colmi R06 on kaasaegne lahendus neile, kes hindavad funktsionaalsust kompaktses vormis. Bluetooth 5.0 tehnoloogia abil \u00fchendub r\u00f5ngas teie nutitelefoniga, pakkudes stabiilset \u00fchendust kuni 10 meetri kauguselt. Olenemata sellest, kas olete liikvel v\u00f5i puhkate, pakub Colmi R06 laia valikut funktsioone, mis aitavad teil oma aktiivsust ja tervist j\u00e4lgida.<\/p>\n<p>\n<img decoding=\"async\" border=\"0\" src=\"https:\/\/assets.innpro.pl\/9434\/11004\/6.jpg\"\/>\n<\/p>\n<h3>Elegantne disain ja vastupidavus<\/h3>\n<p>Colmi R06 on valmistatud kergest alumiiniumsulamist ja kaalub vaid 2,7 grammi, mist\u00f5ttu on see s\u00f5rmel kandmisel praktiliselt m\u00e4rkamatu. Selle elegantne disain sobib ideaalselt nii igap\u00e4evase kui ka sportliku stiiliga. Lisaks on r\u00f5ngas 5ATM vee-, tolmu- ja korrosioonikindel, nii et saate seda kasutada olenemata ilmast.<\/p>\n<p>\n<img decoding=\"async\" border=\"0\" src=\"https:\/\/assets.innpro.pl\/9434\/11004\/5.jpg\"\/>\n<\/p>\n<h3>T\u00e4ielik tervise j\u00e4lgimine<\/h3>\n<p>QRing rakenduse abil saate juurdep\u00e4\u00e4su t\u00e4iustatud tervise j\u00e4lgimise funktsioonidele. R\u00f5ngas j\u00e4lgib teie pulssi \u00f6\u00f6p\u00e4evaringselt, mis v\u00f5imaldab teil paremini m\u00f5ista oma keha seisundit nii treeningu kui ka puhkuse ajal. Une j\u00e4lgimise funktsioon anal\u00fc\u00fcsib unefaase ja pikkust, v\u00f5imaldades teil tuvastada halbu harjumusi ja parandada unekvaliteeti. Lisaks m\u00f5\u00f5dab Colmi R06 vere k\u00fcllastust, verer\u00f5hku ja stressitaset, andes t\u00e4ieliku \u00fclevaate kasutaja tervisest.<\/p>\n<p>\n<img decoding=\"async\" border=\"0\" src=\"https:\/\/assets.innpro.pl\/9434\/11004\/8.jpg\"\/>\n<\/p>\n<h3>Mitmek\u00fclgsus ja funktsionaalsus<\/h3>\n<p>Colmi R06 pakub 21 spordire\u017eiimi, mist\u00f5ttu on see kohandatav erinevate tegevuste vormidega. Lisaks m\u00f5\u00f5dab see l\u00e4bitud vahemaad, p\u00f5letatud kaloreid ja sammude arvu. QRingi rakendus pakub juurdep\u00e4\u00e4su ka p\u00e4eva-, n\u00e4dala- ja kuuaktiivsuse graafikutele, mis v\u00f5imaldavad teil j\u00e4lgida oma edusamme ja paremini hallata oma tervist.<\/p>\n<p>\n<img decoding=\"async\" border=\"0\" src=\"https:\/\/assets.innpro.pl\/9434\/11004\/2.jpg\"\/>\n<\/p>\n<h3>Kuni 5 p\u00e4eva t\u00f6\u00f6aega<\/h3>\n<p>SmartRing Colmi R06-l on 15 mAh liitiumpol\u00fcmeeraku, mis tagab \u00fche laadimisega 3-5 p\u00e4eva kasutusaega. Kaasasolev magnetkaabel v\u00f5imaldab teil seadme toidet mugavalt uuendada &#8211; see on umbes 1 tunni p\u00e4rast t\u00f6\u00f6ks valmis. Samuti saate aku taset reaalajas kontrollida QRing rakenduse abil, mis v\u00e4listab ootamatu t\u00fchjenemise ohu.<\/p>\n<p>\n<img decoding=\"async\" border=\"0\" src=\"https:\/\/assets.innpro.pl\/9434\/11004\/3.jpg\"\/>\n<\/p>\n<h3>Kaasas<\/h3>\n<ul class=\"list-disc pl-5\">\n<li>smartring<\/li>\n<li>\n<p style=\"text-align:justify\">magnetkaabel<\/p>\n<\/li>\n<li>\n<p style=\"text-align:justify\">kasutusjuhend<\/p>\n<\/li>\n<\/ul>\n<div class=\"table-wrapper\">\n<p>B\u00a0<\/p>\n<h3><\/h3>\n<table>\n<tbody>\n<tr>\n<th>Tootja<\/th>\n<td>Colmi<\/td>\n<\/tr>\n<tr>\n<th>Mudel<\/th>\n<td>R06<\/td>\n<\/tr>\n<tr>\n<th>V\u00e4rv<\/th>\n<td>kuldne<\/td>\n<\/tr>\n<tr>\n<th>Suurus<\/th>\n<td>8<\/td>\n<\/tr>\n<tr>\n<th>Kiibistik<\/th>\n<td><\/td>\n<\/tr>\n<tr>\n<th>Peamine kiibistik<\/th>\n<td>BlueX Micro RF03<\/td>\n<\/tr>\n<tr>\n<th>M\u00e4lu<\/th>\n<td>ROM 512 KB<\/td>\n<\/tr>\n<tr>\n<th>Pulsiandur<\/th>\n<td>Vcare VC30F<\/td>\n<\/tr>\n<tr>\n<th>Kiirendusm\u00f5\u00f5tur (G-andur)<\/th>\n<td>STK8321<\/td>\n<\/tr>\n<tr>\n<th><\/th>\n<td>\u00dchendus<\/td>\n<\/tr>\n<tr>\n<th>Bluetooth<\/th>\n<td>5.0<\/td>\n<\/tr>\n<tr>\n<th>Bluetoothi \u200b\u200bleviala<\/th>\n<td>10 m<\/td>\n<\/tr>\n<tr>\n<th>Laetav aku<\/th>\n<td><\/td>\n<\/tr>\n<tr>\n<th>Aku t\u00fc\u00fcp<\/th>\n<td>Liitiumpol\u00fcmeer<\/td>\n<\/tr>\n<tr>\n<th>Mahutavus<\/th>\n<td>15 mAh<\/td>\n<\/tr>\n<tr>\n<th>Laadimismeetod<\/th>\n<td>magnetiline<\/td>\n<\/tr>\n<tr>\n<th>Laadimists\u00fcklite arv<\/th>\n<td>\u00fcle 300<\/td>\n<\/tr>\n<tr>\n<th>Laadimisaeg<\/th>\n<td>umbes 1 h<\/td>\n<\/tr>\n<tr>\n<th>T\u00f6\u00f6re\u017eiim aeg<\/th>\n<td>3-5 p\u00e4eva<\/td>\n<\/tr>\n<tr>\n<th>Disain<\/th>\n<td><\/td>\n<\/tr>\n<tr>\n<th>Sisemine l\u00e4bim\u00f5\u00f5t<\/th>\n<td>18,1 mm<\/td>\n<\/tr>\n<tr>\n<th>Materjal<\/th>\n<td>alumiiniumisulam<\/td>\n<\/tr>\n<tr>\n<th>Kaal<\/th>\n<td>2,7 g<\/td>\n<\/tr>\n<tr>\n<th>S\u00fcsteem<\/th>\n<td><\/td>\n<\/tr>\n<tr>\n<th>\u00dchilduvus<\/th>\n<td>Android 4.4 v\u00f5i uuem, iOS 8.0 v\u00f5i uuem, Harmony OS<\/td>\n<\/tr>\n<tr>\n<th>Rakendus<\/th>\n<td>QRing<\/td>\n<\/tr>\n<tr>\n<th>Muu<\/th>\n<td><\/td>\n<\/tr>\n<tr>\n<th>Veekindel<\/th>\n<td>5ATM<\/td>\n<\/tr>\n<tr>\n<th>Uuendused<\/th>\n<td>OTA<\/td>\n<\/tr>\n<tr>\n<th>Keeled<\/th>\n<td><\/td>\n<\/tr>\n<tr>\n<th>Toetatud keeled<\/th>\n<td>Rakendus: taani, ukraina, vene, horvaadi, ungari, hindi, indoneesia, t\u00fcrgi, heebrea, kreeka, saksa, itaalia, l\u00e4ti, t\u0161ehhi, slovaki, sloveeni, jaapani, prantsuse, poola, tai, eesti, rootsi, leedu, lihtsustatud hiina, traditsiooniline hiina, rumeenia, inglise, hollandi, portugali, hispaania, vietnami, araabia, korea, malaisia<\/td>\n<\/tr>\n<tr>\n<th>Funktsioonid<\/th>\n<td><\/td>\n<\/tr>\n<tr>\n<th>Saadaval rakenduses<\/th>\n<td>Sammude loendur, kalorite loendur, vahemaa loendur m\u00f5\u00f5tmine, pulsisageduse m\u00f5\u00f5tmine, une j\u00e4lgimine, 21 spordire\u017eiimi, treeninglogi, verer\u00f5hu m\u00f5\u00f5tmine, vere k\u00fcllastumise m\u00f5\u00f5tmine, stressitase, kaugpildistamine<\/td>\n<\/tr>\n<\/tbody>\n<\/table>\n<\/div>\n","protected":false},"excerpt":{"rendered":"<p>SmartRing Colmi R06 18.1MM 8 (kuldne) SmartRing Colmi R06 on kaasaegne lahendus neile, kes hindavad funktsionaalsust kompaktses vormis. Bluetooth 5.0 tehnoloogia abil \u00fchendub r\u00f5ngas teie nutitelefoniga, pakkudes stabiilset \u00fchendust kuni 10 meetri kauguselt. Olenemata sellest, kas olete liikvel v\u00f5i puhkate, pakub Colmi R06 laia valikut funktsioone, mis aitavad teil oma aktiivsust ja tervist j\u00e4lgida. Elegantne [&#8230;]\n","protected":false},"featured_media":36424,"comment_status":"open","ping_status":"closed","template":"","meta":[],"product_brand":[471],"product_cat":[990],"product_tag":[],"class_list":{"0":"post-36423","1":"product","2":"type-product","3":"status-publish","4":"has-post-thumbnail","6":"product_brand-colmi","7":"product_cat-smartrings-smartwatches","9":"first","10":"outofstock","11":"taxable","12":"shipping-taxable","13":"purchasable","14":"product-type-simple"},"aioseo_notices":[],"_links":{"self":[{"href":"https:\/\/asura.lv\/et\/wp-json\/wp\/v2\/product\/36423","targetHints":{"allow":["GET"]}}],"collection":[{"href":"https:\/\/asura.lv\/et\/wp-json\/wp\/v2\/product"}],"about":[{"href":"https:\/\/asura.lv\/et\/wp-json\/wp\/v2\/types\/product"}],"replies":[{"embeddable":true,"href":"https:\/\/asura.lv\/et\/wp-json\/wp\/v2\/comments?post=36423"}],"wp:featuredmedia":[{"embeddable":true,"href":"https:\/\/asura.lv\/et\/wp-json\/wp\/v2\/media\/36424"}],"wp:attachment":[{"href":"https:\/\/asura.lv\/et\/wp-json\/wp\/v2\/media?parent=36423"}],"wp:term":[{"taxonomy":"product_brand","embeddable":true,"href":"https:\/\/asura.lv\/et\/wp-json\/wp\/v2\/product_brand?post=36423"},{"taxonomy":"product_cat","embeddable":true,"href":"https:\/\/asura.lv\/et\/wp-json\/wp\/v2\/product_cat?post=36423"},{"taxonomy":"product_tag","embeddable":true,"href":"https:\/\/asura.lv\/et\/wp-json\/wp\/v2\/product_tag?post=36423"}],"curies":[{"name":"wp","href":"https:\/\/api.w.org\/{rel}","templated":true}]}}