{"id":36489,"date":"2025-11-28T23:03:44","date_gmt":"2025-11-28T23:03:44","guid":{"rendered":"https:\/\/asura.lv\/product\/smartring-colmi-r03-18-1mm-8-z%d0%b5oty\/"},"modified":"2025-12-12T15:10:05","modified_gmt":"2025-12-12T13:10:05","slug":"smartring-colmi-r03-18-1mm-8-z%d0%b5oty","status":"publish","type":"product","link":"https:\/\/asura.lv\/et\/toode\/smartring-colmi-r03-18-1mm-8-z%d0%b5oty\/","title":{"rendered":"Smartring Colmi R03 18.1MM 8 (Z\u0415\u201aoty)"},"content":{"rendered":"<h3>Nutir\u00f5ngas Colmi R03 18.1MM 8 (kuldne)<\/h3>\n<p>N\u00fc\u00fcd on teil juurdep\u00e4\u00e4s oma k\u00f5ige olulisemale teabele k\u00e4eulatuses. Colmi R03 nutir\u00f5ngas pakub mugavat juurdep\u00e4\u00e4su tervise- ja treeningaruannetele QRing rakenduse kaudu. Lisaks on see veekindel (5ATM), korrosioonikindel ja kulumiskindel, nii et saate seda mugavalt iga p\u00e4ev kasutada. Kaasasolev \u00fcmbris v\u00f5imaldab teil r\u00f5ngast turvaliselt hoida ja selle energiat taastada. Lisaks t\u00e4hendab kerge (4,7 g) disain mugavust.<\/p>\n<p>\n<img decoding=\"async\" alt=\"\" border=\"0\" src=\"https:\/\/assets.innpro.pl\/9423\/10993\/8.jpg\"\/>\n<\/p>\n<h3>J\u00e4lgige oma terviseseisundit<\/h3>\n<p>Colmi R03 v\u00f5imaldab teil oma tervise eest hoolitseda. Nutir\u00f5ngas j\u00e4lgib und, selle faase ja kvaliteeti, et saaksite halvad harjumused v\u00e4listada. Lisaks m\u00f5\u00f5dab see teie pulssi 24 tunni jooksul, mis v\u00f5imaldab teil m\u00f5ista oma keha seisundit nii puhkeolekus kui ka treeningu ajal. Samuti saate m\u00f5\u00f5ta oma vere hapnikusisaldust ja kontrollida kogu oma terviseteavet spetsiaalses QR-koodi rakenduses.<\/p>\n<p>\n<img decoding=\"async\" alt=\"\" border=\"0\" src=\"https:\/\/assets.innpro.pl\/9423\/10993\/3.jpg\"\/>\n<\/p>\n<h3>Suurendage oma treeningute t\u00f5husust<\/h3>\n<p>Treenige Colmi R03-ga t\u00f5husamalt. Nutikas r\u00f5ngas salvestab t\u00e4pselt andmeid sammude arvu, p\u00f5letatud kalorite ja l\u00e4bitud vahemaa kohta. Lisaks saate valida 21 spordire\u017eiimi vahel. Lisaks on nutikell 5ATM veekindel, mis t\u00e4hendab, et saate seda kasutada intensiivsete treeningute ja ujumise ajal, ilma et peaksite kahjustuste p\u00e4rast muretsema.<\/p>\n<p>\n<img decoding=\"async\" alt=\"\" border=\"0\" src=\"https:\/\/assets.innpro.pl\/9423\/10993\/10.jpg\"\/>\n<\/p>\n<h3>Spetsiaalne rakendus<\/h3>\n<p>Laadige alla Androidi ja iOS-iga \u00fchilduv QRing-rakendus ja kasutage Colmi R03-e t\u00e4iel m\u00e4\u00e4ral. Sellelt loodilt saate j\u00e4lgida k\u00f5iki parameetreid ja f\u00fc\u00fcsilist aktiivsust. See genereerib teie m\u00f5\u00f5tmiste kohta p\u00e4eva-, n\u00e4dala- ja kuuaruandeid, et saaksite kiiresti reageerida mis tahes ebakorrap\u00e4rasustele.<\/p>\n<p>\n<img decoding=\"async\" alt=\"\" border=\"0\" src=\"https:\/\/assets.innpro.pl\/9423\/10993\/9.jpg\"\/>\n<\/p>\n<h3>Pikk t\u00f6\u00f6aeg<\/h3>\n<p>Kasutage Colmi R03-e mitu p\u00e4eva, muretsemata t\u00fchjenemise p\u00e4rast. Nutir\u00f5ngas t\u00f6\u00f6tab umbes 3-5 p\u00e4eva ja selle laadimine v\u00f5tab aega umbes 1 tund. Kaasasolev \u00fcmbris mitte ainult ei lihtsusta hoiustamist, vaid v\u00f5imaldab teil ka seadet laadida. Selle v\u00f5imas aku v\u00f5imaldab s\u00f5rmusel \u00fche laadimisega kuni 13 korda oma energiat uuendada.<\/p>\n<p>\n<img decoding=\"async\" alt=\"\" border=\"0\" src=\"https:\/\/assets.innpro.pl\/9423\/10993\/7.jpg\"\/>\n<\/p>\n<h3>Kaasas<\/h3>\n<ul class=\"list-disc pl-5\">\n<li>nutiring<\/li>\n<li>\n<p style=\"text-align:justify\">USB-C kaabel<\/p>\n<\/li>\n<li>\n<p style=\"text-align:justify\">laadimis\u00fcmbris<\/p>\n<\/li>\n<li>\n<p style=\"text-align:justify\">kasutusjuhend<\/p>\n<\/li>\n<\/ul>\n<div class=\"table-wrapper\">\n<p>B\u00a0<\/p>\n<h3><\/h3>\n<table>\n<tbody>\n<tr>\n<th>Tootja<\/th>\n<td>Colmi<\/td>\n<\/tr>\n<tr>\n<th>Mudel<\/th>\n<td>R03<\/td>\n<\/tr>\n<tr>\n<th>V\u00e4rv<\/th>\n<td>Kuldne<\/td>\n<\/tr>\n<tr>\n<th>Suurus<\/th>\n<td>8<\/td>\n<\/tr>\n<tr>\n<th>Kiibistik<\/th>\n<\/tr>\n<tr>\n<th>Peamine kiibistik<\/th>\n<td>BlueX Micro RF03<\/td>\n<\/tr>\n<tr>\n<th>M\u00e4lu<\/th>\n<td>ROM 512 KB<\/td>\n<\/tr>\n<tr>\n<th>Pulsiandur<\/th>\n<td>Vcare VC30F<\/td>\n<\/tr>\n<tr>\n<th>Kiirendusm\u00f5\u00f5tur (G-andur)<\/th>\n<td>STK8321<\/td>\n<\/tr>\n<tr>\n<th>\u00dchendus<\/th>\n<\/tr>\n<tr>\n<th>Bluetooth<\/th>\n<td>5.0<\/td>\n<\/tr>\n<tr>\n<th>Laetav aku (nutir\u00f5ngas)<\/th>\n<\/tr>\n<tr>\n<th>Aku t\u00fc\u00fcp<\/th>\n<td>Liitiumpol\u00fcmeer<\/td>\n<\/tr>\n<tr>\n<th>Mahutavus<\/th>\n<td>15 mAh<\/td>\n<\/tr>\n<tr>\n<th>Laadimismeetod<\/th>\n<td>magnetiline<\/td>\n<\/tr>\n<tr>\n<th>Laadimists\u00fcklite arv<\/th>\n<td>\u00fcle 300<\/td>\n<\/tr>\n<tr>\n<th>Laadimisaeg<\/th>\n<td>umbes 1 h<\/td>\n<\/tr>\n<tr>\n<th>T\u00f6\u00f6aeg<\/th>\n<td>3-5 p\u00e4eva<\/td>\n<\/tr>\n<tr>\n<th>Laetav aku (laadimine korpus)<\/th>\n<\/tr>\n<tr>\n<th>T\u00fc\u00fcp<\/th>\n<td>Liitiumpol\u00fcmeer<\/td>\n<\/tr>\n<tr>\n<th>Mahutavus<\/th>\n<td>200 mAh<\/td>\n<\/tr>\n<tr>\n<th>Laadimismeetod<\/th>\n<td>USB-C<\/td>\n<\/tr>\n<tr>\n<th>Laadimists\u00fcklite arv<\/th>\n<td>umbes 300<\/td>\n<\/tr>\n<tr>\n<th>Laadimisaeg<\/th>\n<td>umbes 1 h<\/td>\n<\/tr>\n<tr>\n<th>Disain<\/th>\n<\/tr>\n<tr>\n<th>Sisel\u00e4bim\u00f5\u00f5t<\/th>\n<td>18,1 mm<\/td>\n<\/tr>\n<tr>\n<th>Materjal<\/th>\n<td>titaanisulam<\/td>\n<\/tr>\n<tr>\n<th>Kaal<\/th>\n<td>4,7 g<\/td>\n<\/tr>\n<tr>\n<th>Laadimis\u00fcmbrise m\u00f5\u00f5tmed<\/th>\n<td>43 x 43 x 25 mm<\/td>\n<\/tr>\n<tr>\n<th>S\u00fcsteem<\/th>\n<\/tr>\n<tr>\n<th>\u00dchilduvus<\/th>\n<td>Android 4.4 v\u00f5i uuem, iOS 8.0 v\u00f5i uuem, Harmony OS<\/td>\n<\/tr>\n<tr>\n<th>Rakendus<\/th>\n<td>QRing<\/td>\n<\/tr>\n<tr>\n<th>Muu<\/th>\n<\/tr>\n<tr>\n<th>Veekindel<\/th>\n<td>5ATM<\/td>\n<\/tr>\n<tr>\n<th>Uuendused<\/th>\n<td>OTA<\/td>\n<\/tr>\n<tr>\n<th>Keeled<\/th>\n<\/tr>\n<tr>\n<th>Toetatud keeled<\/th>\n<td>Rakendus: taani, ukraina, vene, horvaadi, ungari, hindi, indoneesia, t\u00fcrgi, heebrea, kreeka, saksa, itaalia, l\u00e4ti, t\u0161ehhi, slovaki, sloveeni, jaapani, prantsuse, poola, tai, eesti, rootsi, leedu, lihtsustatud hiina, traditsiooniline hiina, rumeenia, inglise, hollandi, portugali, hispaania, vietnami, araabia, korea, malai, Itaalia keel<\/td>\n<\/tr>\n<tr>\n<th>Omadused<\/th>\n<\/tr>\n<tr>\n<th>Rakenduses saadaval<\/th>\n<td>Sammude loendur, kalorite loendur, vahemaa m\u00f5\u00f5tmine, pulsisageduse m\u00f5\u00f5tmine, une j\u00e4lgimine, 21 spordire\u017eiimi, treeninglogi, verer\u00f5hu m\u00f5\u00f5tmine, vere k\u00fcllastuse m\u00f5\u00f5tmine, stressitase, kaugpildistamine<\/td>\n<\/tr>\n<\/tbody>\n<\/table>\n<\/div>\n","protected":false},"excerpt":{"rendered":"<p>Nutir\u00f5ngas Colmi R03 18.1MM 8 (kuldne) N\u00fc\u00fcd on teil juurdep\u00e4\u00e4s oma k\u00f5ige olulisemale teabele k\u00e4eulatuses. Colmi R03 nutir\u00f5ngas pakub mugavat juurdep\u00e4\u00e4su tervise- ja treeningaruannetele QRing rakenduse kaudu. Lisaks on see veekindel (5ATM), korrosioonikindel ja kulumiskindel, nii et saate seda mugavalt iga p\u00e4ev kasutada. Kaasasolev \u00fcmbris v\u00f5imaldab teil r\u00f5ngast turvaliselt hoida ja selle energiat taastada. Lisaks [&#8230;]\n","protected":false},"featured_media":36490,"comment_status":"open","ping_status":"closed","template":"","meta":[],"product_brand":[471],"product_cat":[990],"product_tag":[],"class_list":{"0":"post-36489","1":"product","2":"type-product","3":"status-publish","4":"has-post-thumbnail","6":"product_brand-colmi","7":"product_cat-smartrings-smartwatches","9":"first","10":"outofstock","11":"taxable","12":"shipping-taxable","13":"purchasable","14":"product-type-simple"},"aioseo_notices":[],"_links":{"self":[{"href":"https:\/\/asura.lv\/et\/wp-json\/wp\/v2\/product\/36489","targetHints":{"allow":["GET"]}}],"collection":[{"href":"https:\/\/asura.lv\/et\/wp-json\/wp\/v2\/product"}],"about":[{"href":"https:\/\/asura.lv\/et\/wp-json\/wp\/v2\/types\/product"}],"replies":[{"embeddable":true,"href":"https:\/\/asura.lv\/et\/wp-json\/wp\/v2\/comments?post=36489"}],"wp:featuredmedia":[{"embeddable":true,"href":"https:\/\/asura.lv\/et\/wp-json\/wp\/v2\/media\/36490"}],"wp:attachment":[{"href":"https:\/\/asura.lv\/et\/wp-json\/wp\/v2\/media?parent=36489"}],"wp:term":[{"taxonomy":"product_brand","embeddable":true,"href":"https:\/\/asura.lv\/et\/wp-json\/wp\/v2\/product_brand?post=36489"},{"taxonomy":"product_cat","embeddable":true,"href":"https:\/\/asura.lv\/et\/wp-json\/wp\/v2\/product_cat?post=36489"},{"taxonomy":"product_tag","embeddable":true,"href":"https:\/\/asura.lv\/et\/wp-json\/wp\/v2\/product_tag?post=36489"}],"curies":[{"name":"wp","href":"https:\/\/api.w.org\/{rel}","templated":true}]}}