{"id":36501,"date":"2025-11-28T22:09:21","date_gmt":"2025-11-28T22:09:21","guid":{"rendered":"https:\/\/asura.lv\/product\/phone-case-with-stand-baseus-skyring-360%d0%b2-for-ip-14-pro-tempered-glass-and-cleaning-kit-purple\/"},"modified":"2025-12-12T15:04:25","modified_gmt":"2025-12-12T13:04:25","slug":"phone-case-with-stand-baseus-skyring-360%d0%b2-for-ip-14-pro-tempered-glass-and-cleaning-kit-purple","status":"publish","type":"product","link":"https:\/\/asura.lv\/et\/toode\/phone-case-with-stand-baseus-skyring-360%d0%b2-for-ip-14-pro-tempered-glass-and-cleaning-kit-purple\/","title":{"rendered":"Telefoni\u00fcmbris alusega Baseus SkyRing 360\u00b0 iPhone 14 Pro jaoks + karastatud klaas ja puhastuskomplekt (lilla)"},"content":{"rendered":"<h3>Baseus SkyRing 360\u00b0 \u00fcmbris alusega iP 14 Pro-le + karastatud klaas ja puhastuskomplekt (lilla).<\/h3>\n<p>Baseus SkyRing 360\u00b0 \u00fcmbris, mis on p\u00fchendatud iPhone 14 Pro-le, \u00fchendab endas usaldusv\u00e4\u00e4rse kaitse ja mugavuse. Selle uuenduslik 360-kraadine alus v\u00f5imaldab teil telefoni vabalt kasutada nii horisontaal- kui ka vertikaalses re\u017eiimis, mis sobib ideaalselt videote vaatamiseks, videokonverentsideks v\u00f5i lugemiseks. Kvaliteetsetest materjalidest valmistatud \u00fcmbris pakub usaldusv\u00e4\u00e4rset kaitset kriimustuste, kukkumiste ja muude kahjustuste eest, hoides teie iPhone&#8217;i pikka aega suurep\u00e4rases seisukorras. Lisaks on sellel karastatud kaitseklaas, mis pakub telefoni ekraanile t\u00e4iendavat kaitsekihti, minimeerides pragude ja kahjustuste ohtu.<\/p>\n<p>\n<img decoding=\"async\" border=\"0\" src=\"https:\/\/assets.innpro.pl\/6942\/8083\/1.jpg\"\/>\n<\/p>\n<h3>Komplektis:<\/h3>\n<ul class=\"list-disc pl-5\">\n<li>\u00fcmbris<\/li>\n<li>karastatud klaas<\/li>\n<li>puhastuskomplekt<\/li>\n<\/ul>\n<div class=\"table-wrapper\">\n<p>\u0412\u00a0<\/p>\n<h3><\/h3>\n<table>\n<tbody>\n<tr>\n<th>Tootja<\/th>\n<td>Baseus<\/td>\n<\/tr>\n<tr>\n<th>Mudel<\/th>\n<td>SkyRing 360\u00b0<\/td>\n<\/tr>\n<tr>\n<th>V\u00e4rv<\/th>\n<td>Lilla<\/td>\n<\/tr>\n<tr>\n<th>\u00dchilduvus<\/th>\n<td>iPhone 14 Pro<\/td>\n<\/tr>\n<\/tbody>\n<\/table>\n<\/div>\n","protected":false},"excerpt":{"rendered":"<p>Baseus SkyRing 360\u00b0 \u00fcmbris alusega iP 14 Pro-le + karastatud klaas ja puhastuskomplekt (lilla). Baseus SkyRing 360\u00b0 \u00fcmbris, mis on p\u00fchendatud iPhone 14 Pro-le, \u00fchendab endas usaldusv\u00e4\u00e4rse kaitse ja mugavuse. Selle uuenduslik 360-kraadine alus v\u00f5imaldab teil telefoni vabalt kasutada nii horisontaal- kui ka vertikaalses re\u017eiimis, mis sobib ideaalselt videote vaatamiseks, videokonverentsideks v\u00f5i lugemiseks. Kvaliteetsetest materjalidest [&#8230;]\n","protected":false},"featured_media":36502,"comment_status":"open","ping_status":"closed","template":"","meta":[],"product_brand":[95],"product_cat":[1248],"product_tag":[],"class_list":{"0":"post-36501","1":"product","2":"type-product","3":"status-publish","4":"has-post-thumbnail","6":"product_brand-baseus","7":"product_cat-protective-cases-for-smartphones-cases-gsm-accessories","9":"first","10":"outofstock","11":"taxable","12":"shipping-taxable","13":"purchasable","14":"product-type-simple"},"aioseo_notices":[],"_links":{"self":[{"href":"https:\/\/asura.lv\/et\/wp-json\/wp\/v2\/product\/36501","targetHints":{"allow":["GET"]}}],"collection":[{"href":"https:\/\/asura.lv\/et\/wp-json\/wp\/v2\/product"}],"about":[{"href":"https:\/\/asura.lv\/et\/wp-json\/wp\/v2\/types\/product"}],"replies":[{"embeddable":true,"href":"https:\/\/asura.lv\/et\/wp-json\/wp\/v2\/comments?post=36501"}],"wp:featuredmedia":[{"embeddable":true,"href":"https:\/\/asura.lv\/et\/wp-json\/wp\/v2\/media\/36502"}],"wp:attachment":[{"href":"https:\/\/asura.lv\/et\/wp-json\/wp\/v2\/media?parent=36501"}],"wp:term":[{"taxonomy":"product_brand","embeddable":true,"href":"https:\/\/asura.lv\/et\/wp-json\/wp\/v2\/product_brand?post=36501"},{"taxonomy":"product_cat","embeddable":true,"href":"https:\/\/asura.lv\/et\/wp-json\/wp\/v2\/product_cat?post=36501"},{"taxonomy":"product_tag","embeddable":true,"href":"https:\/\/asura.lv\/et\/wp-json\/wp\/v2\/product_tag?post=36501"}],"curies":[{"name":"wp","href":"https:\/\/api.w.org\/{rel}","templated":true}]}}