{"id":36555,"date":"2025-11-28T22:09:16","date_gmt":"2025-11-28T22:09:16","guid":{"rendered":"https:\/\/asura.lv\/product\/lens-screen-cover-sunnylife-for-insta360-x4\/"},"modified":"2025-12-12T15:04:21","modified_gmt":"2025-12-12T13:04:21","slug":"lens-screen-cover-sunnylife-for-insta360-x4","status":"publish","type":"product","link":"https:\/\/asura.lv\/et\/toode\/lens-screen-cover-sunnylife-for-insta360-x4\/","title":{"rendered":"Objektiivi ekraanikate SUNNYLIFE Insta360 X4 jaoks"},"content":{"rendered":"<h3>SUNNYLIFE objektiivikate Insta360 X4-le<\/h3>\n<p>Sunnylife&#8217;i objektiivikate on ideaalne lahendus teie Insta360 X4 kaamera igak\u00fclgseks kaitsmiseks, v\u00f5imaldades samal ajal takistusteta juurdep\u00e4\u00e4su k\u00f5igile funktsioonidele. See v\u00f5imaldab teil aku laetuse taset reaalajas j\u00e4lgida ilma seda eemaldamata. Selle hoolikalt l\u00e4bim\u00f5eldud disain kaitseb nii objektiivi kui ka ekraani, kaitstes t\u00f5husalt kriimustuste, l\u00f6\u00f6kide ja tolmu eest. T\u00e4nu allosas olevale augule saate h\u00f5lpsalt \u00fchendada pikenduskaabli, statiivi, jalgrattahoidiku v\u00f5i muid lisatarvikuid ilma kaitset ohverdamata.<\/p>\n<p>\n<img decoding=\"async\" border=\"0\" src=\"https:\/\/assets.innpro.pl\/6898\/8037\/3.jpg\"\/>\n<\/p>\n<div class=\"table-wrapper\">\n<p>\u0412\u00a0<\/p>\n<h3><\/h3>\n<table>\n<tbody>\n<tr>\n<th>Tootja<\/th>\n<td>Sunnylife<\/td>\n<\/tr>\n<tr>\n<th>Mudel<\/th>\n<td>X4-K811<\/td>\n<\/tr>\n<tr>\n<th>\u00dchilduvus<\/th>\n<td>Insta360 X4 kaamera<\/td>\n<\/tr>\n<tr>\n<th>Materjal<\/th>\n<td>Plast<\/td>\n<\/tr>\n<tr>\n<th>Kaal<\/th>\n<td>31 g<\/td>\n<\/tr>\n<tr>\n<th>M\u00f5\u00f5tmed<\/th>\n<td>104 x 54 x 42 mm<\/td>\n<\/tr>\n<\/tbody>\n<\/table>\n<\/div>\n","protected":false},"excerpt":{"rendered":"<p>SUNNYLIFE objektiivikate Insta360 X4-le Sunnylife&#8217;i objektiivikate on ideaalne lahendus teie Insta360 X4 kaamera igak\u00fclgseks kaitsmiseks, v\u00f5imaldades samal ajal takistusteta juurdep\u00e4\u00e4su k\u00f5igile funktsioonidele. See v\u00f5imaldab teil aku laetuse taset reaalajas j\u00e4lgida ilma seda eemaldamata. Selle hoolikalt l\u00e4bim\u00f5eldud disain kaitseb nii objektiivi kui ka ekraani, kaitstes t\u00f5husalt kriimustuste, l\u00f6\u00f6kide ja tolmu eest. T\u00e4nu allosas olevale augule saate [&#8230;]\n","protected":false},"featured_media":36556,"comment_status":"open","ping_status":"closed","template":"","meta":[],"product_brand":[432],"product_cat":[936],"product_tag":[],"class_list":{"0":"post-36555","1":"product","2":"type-product","3":"status-publish","4":"has-post-thumbnail","6":"product_brand-sunnylife","7":"product_cat-for-sports-cameras","9":"first","10":"outofstock","11":"taxable","12":"shipping-taxable","13":"purchasable","14":"product-type-simple"},"aioseo_notices":[],"_links":{"self":[{"href":"https:\/\/asura.lv\/et\/wp-json\/wp\/v2\/product\/36555","targetHints":{"allow":["GET"]}}],"collection":[{"href":"https:\/\/asura.lv\/et\/wp-json\/wp\/v2\/product"}],"about":[{"href":"https:\/\/asura.lv\/et\/wp-json\/wp\/v2\/types\/product"}],"replies":[{"embeddable":true,"href":"https:\/\/asura.lv\/et\/wp-json\/wp\/v2\/comments?post=36555"}],"wp:featuredmedia":[{"embeddable":true,"href":"https:\/\/asura.lv\/et\/wp-json\/wp\/v2\/media\/36556"}],"wp:attachment":[{"href":"https:\/\/asura.lv\/et\/wp-json\/wp\/v2\/media?parent=36555"}],"wp:term":[{"taxonomy":"product_brand","embeddable":true,"href":"https:\/\/asura.lv\/et\/wp-json\/wp\/v2\/product_brand?post=36555"},{"taxonomy":"product_cat","embeddable":true,"href":"https:\/\/asura.lv\/et\/wp-json\/wp\/v2\/product_cat?post=36555"},{"taxonomy":"product_tag","embeddable":true,"href":"https:\/\/asura.lv\/et\/wp-json\/wp\/v2\/product_tag?post=36555"}],"curies":[{"name":"wp","href":"https:\/\/api.w.org\/{rel}","templated":true}]}}