{"id":36573,"date":"2025-11-28T22:09:15","date_gmt":"2025-11-28T22:09:15","guid":{"rendered":"https:\/\/asura.lv\/product\/propeller-guard-protector-sunnylife-for-dji-avata-2-orange\/"},"modified":"2025-12-12T15:04:20","modified_gmt":"2025-12-12T13:04:20","slug":"propeller-guard-protector-sunnylife-for-dji-avata-2-orange","status":"publish","type":"product","link":"https:\/\/asura.lv\/et\/toode\/propeller-guard-protector-sunnylife-for-dji-avata-2-orange\/","title":{"rendered":"Propellerikaitse SUNNYLIFE DJI Avata 2 droonile (oran\u017e)"},"content":{"rendered":"<h3>SUNNYLIFE propellerikaitse DJI Avata 2 jaoks (oran\u017e)<\/h3>\n<p>Sunnylife propellerikaitse DJI Avata 2 jaoks ei ole mitte ainult kaitsev ese, vaid ka teie drooni ohutuse garantii isegi k\u00f5ige raskemates tingimustes. T\u00e4nu oma ainulaadsele disainile pakub see kilpkonnare\u017eiimis igak\u00fclgset kaitset, v\u00e4listades kriimustuste ja kahjustuste ohu maandumise ajal. Vastupidavast plastist valmistatud kate neelab t\u00f5husalt l\u00f6\u00f6kide ja l\u00f6\u00f6kide j\u00f5udu, nii et teie Avata 2 j\u00e4\u00e4b terveks isegi etten\u00e4gematute s\u00fcndmuste korral. Kaaludes vaid 10 grammi, ei m\u00f5juta see oluliselt teie drooni j\u00f5udlust ega man\u00f6\u00f6verdusv\u00f5imet ning selle paigaldamine ei ole teile probleem.<\/p>\n<p>\n<img decoding=\"async\" border=\"0\" src=\"https:\/\/assets.innpro.pl\/6892\/8031\/2.jpg\"\/>\n<\/p>\n<div class=\"table-wrapper\">\n<p>\u0412\u00a0<\/p>\n<h3><\/h3>\n<table>\n<tbody>\n<tr>\n<th>Tootja<\/th>\n<td>Sunnylife<\/td>\n<\/tr>\n<tr>\n<th>Mudel<\/th>\n<td>AT2-KC820-C<\/td>\n<\/tr>\n<tr>\n<th>V\u00e4rv<\/th>\n<td>Oran\u017e<\/td>\n<\/tr>\n<tr>\n<th>Materjal<\/th>\n<td>Plast<\/td>\n<\/tr>\n<tr>\n<th>Kaal<\/th>\n<td>10 g<\/td>\n<\/tr>\n<\/tbody>\n<\/table>\n<\/div>\n","protected":false},"excerpt":{"rendered":"<p>SUNNYLIFE propellerikaitse DJI Avata 2 jaoks (oran\u017e) Sunnylife propellerikaitse DJI Avata 2 jaoks ei ole mitte ainult kaitsev ese, vaid ka teie drooni ohutuse garantii isegi k\u00f5ige raskemates tingimustes. T\u00e4nu oma ainulaadsele disainile pakub see kilpkonnare\u017eiimis igak\u00fclgset kaitset, v\u00e4listades kriimustuste ja kahjustuste ohu maandumise ajal. Vastupidavast plastist valmistatud kate neelab t\u00f5husalt l\u00f6\u00f6kide ja l\u00f6\u00f6kide j\u00f5udu, [&#8230;]\n","protected":false},"featured_media":36574,"comment_status":"open","ping_status":"closed","template":"","meta":[],"product_brand":[432],"product_cat":[1026],"product_tag":[],"class_list":{"0":"post-36573","1":"product","2":"type-product","3":"status-publish","4":"has-post-thumbnail","6":"product_brand-sunnylife","7":"product_cat-dji","9":"first","10":"outofstock","11":"taxable","12":"shipping-taxable","13":"purchasable","14":"product-type-simple"},"aioseo_notices":[],"_links":{"self":[{"href":"https:\/\/asura.lv\/et\/wp-json\/wp\/v2\/product\/36573","targetHints":{"allow":["GET"]}}],"collection":[{"href":"https:\/\/asura.lv\/et\/wp-json\/wp\/v2\/product"}],"about":[{"href":"https:\/\/asura.lv\/et\/wp-json\/wp\/v2\/types\/product"}],"replies":[{"embeddable":true,"href":"https:\/\/asura.lv\/et\/wp-json\/wp\/v2\/comments?post=36573"}],"wp:featuredmedia":[{"embeddable":true,"href":"https:\/\/asura.lv\/et\/wp-json\/wp\/v2\/media\/36574"}],"wp:attachment":[{"href":"https:\/\/asura.lv\/et\/wp-json\/wp\/v2\/media?parent=36573"}],"wp:term":[{"taxonomy":"product_brand","embeddable":true,"href":"https:\/\/asura.lv\/et\/wp-json\/wp\/v2\/product_brand?post=36573"},{"taxonomy":"product_cat","embeddable":true,"href":"https:\/\/asura.lv\/et\/wp-json\/wp\/v2\/product_cat?post=36573"},{"taxonomy":"product_tag","embeddable":true,"href":"https:\/\/asura.lv\/et\/wp-json\/wp\/v2\/product_tag?post=36573"}],"curies":[{"name":"wp","href":"https:\/\/api.w.org\/{rel}","templated":true}]}}