{"id":36729,"date":"2025-11-28T22:09:01","date_gmt":"2025-11-28T22:09:01","guid":{"rendered":"https:\/\/asura.lv\/product\/motorcycle-intercom-ejeas-ms8-se\/"},"modified":"2025-12-12T15:04:09","modified_gmt":"2025-12-12T13:04:09","slug":"motorcycle-intercom-ejeas-ms8-se","status":"publish","type":"product","link":"https:\/\/asura.lv\/et\/toode\/motorcycle-intercom-ejeas-ms8-se\/","title":{"rendered":"Mootorratta sisetelefon EJEAS MS8-SE"},"content":{"rendered":"<h3>EJEAS MS8-SE mootorratta interkom<\/h3>\n<p>EJEAS MS8-SE mootorratta interkom v\u00f5imaldab teil s\u00f5idu ajal turvaliselt ja mugavalt suhelda. T\u00e4nu uusimale Mesh 3.0 tehnoloogiale v\u00f5imaldab seade kuni 6 inimesel suhelda kuni 1000 meetri kaugusel. 1200 mAh aku tagab pika t\u00f6\u00f6aja ning IP67 veekindlus v\u00f5imaldab teil vabalt suhelda ja muusikat kuulata igasugustes ilmastikutingimustes.<\/p>\n<p>\n<img decoding=\"async\" border=\"0\" src=\"https:\/\/assets.innpro.pl\/6878\/8017\/7.jpg\"\/>\n<\/p>\n<h3>Pikk t\u00f6\u00f6aeg<\/h3>\n<p>MS8-SE interkom kasutab 1200 mAh laetavat akut, mis tagab pika t\u00f6\u00f6aja \u2013 kuni 29 tundi muusika kuulamist ja 9 tundi k\u00f5neaega Mesh re\u017eiimis. K\u00f5ik see vaid 3-tunnise laadimisajaga. Pikkade jooksude ajal ei pea te muretsema sagedase toite uuendamise p\u00e4rast.<\/p>\n<p>\n<img decoding=\"async\" border=\"0\" src=\"https:\/\/assets.innpro.pl\/6878\/8017\/8.jpg\"\/>\n<\/p>\n<h3>Mesh 3.0 tehnoloogia<\/h3>\n<p>Seade toetab uusimat Mesh 3.0 tehnoloogiat, mis v\u00f5imaldab kuni 6-liikmelisel grupil \u00fchenduda kuni 1000 meetri kauguselt. See v\u00f5imaldab igal osalejal teistega takistusteta suhelda, mis parandab oluliselt s\u00f5idu ohutust ja mugavust. Intercom tagab stabiilse \u00fchenduse isegi keerulistes maastikutingimustes.<\/p>\n<p>\n<img decoding=\"async\" border=\"0\" src=\"https:\/\/assets.innpro.pl\/6878\/8017\/2.jpg\"\/>\n<\/p>\n<h3>IP67 veekindlus<\/h3>\n<p>MS8-SE on veekindel, mida kinnitab IP67 sertifikaat. Seadet saab kasutada vihmas ilma kahjustuste riskita. Tugev disain kaitseb ka tolmu eest. Intercomi saab isegi 30 minutiks 1 meetri s\u00fcgavusele uputada.<\/p>\n<p>\n<img decoding=\"async\" border=\"0\" src=\"https:\/\/assets.innpro.pl\/6878\/8017\/1.jpg\"\/>\n<\/p>\n<h3>M\u00fcra v\u00e4hendamine<\/h3>\n<p>CVC-tehnoloogia v\u00e4hendab m\u00fcra ja 3D-heliefekte, pakkudes kristallselget heli isegi suurel kiirusel. Mikrofoni tundlikkuse automaatne reguleerimine vastavalt s\u00f5idukiirusele v\u00f5imaldab mugavaid vestlusi ilma h\u00e4ireteta.<\/p>\n<p>\n<img decoding=\"async\" border=\"0\" src=\"https:\/\/assets.innpro.pl\/6878\/8017\/4.jpg\"\/>\n<\/p>\n<h3>Muusika ja FM-raadio tugi<\/h3>\n<p>EJEAS MS8-SE toetab muusika ja FM-raadio taasesitust. Koost\u00f6\u00f6s kuulamise funktsiooniga saavad k\u00f5ik grupi liikmed nautida samu lugusid, mis parandab s\u00f5idu ajal atmosf\u00e4\u00e4ri. V\u00f5imalus samaaegselt telefonik\u00f5nedele vastata ja muusikat kuulata on lisav\u00e4\u00e4rtus, mis suurendab mugavust.<\/p>\n<p>\n<img decoding=\"async\" border=\"0\" src=\"https:\/\/assets.innpro.pl\/6878\/8017\/9.jpg\"\/>\n<\/p>\n<h3>H\u00e4\u00e4lassistendi tugi<\/h3>\n<p>Seade toetab h\u00e4\u00e4lassistente, sealhulgas Sirit, mis muudab telefoni funktsioonide kasutamise veelgi mugavamaks ilma k\u00e4si roolilt v\u00f5tmata. N\u00e4iteks k\u00f5nele vastamiseks v\u00f5i loo vahetamiseks andke lihtsalt h\u00e4\u00e4lk\u00e4sklus.<\/p>\n<p>\n<img decoding=\"async\" border=\"0\" src=\"https:\/\/assets.innpro.pl\/6878\/8017\/5.jpg\"\/>\n<\/p>\n<h3>Mitmek\u00fclgsus ja kasutusmugavus<\/h3>\n<p>SafeRidingi rakendus v\u00f5imaldab grupihaldust, muusika juhtimist, FM-raadio kasutamist ja tarkvarauuendusi. Intercom pakub ka automaatset k\u00f5nedele vastamist ja kanalite vahetamist, mis v\u00f5imaldab teil helikvaliteeti vastavalt oma s\u00f5idutingimustele reguleerida.<\/p>\n<p>\n<img decoding=\"async\" border=\"0\" src=\"https:\/\/assets.innpro.pl\/6878\/8017\/6.jpg\"\/>\n<\/p>\n<h3>Kaasas:<\/h3>\n<ul class=\"list-disc pl-5\">\n<li>EJEAS MS8-SE intercom<\/li>\n<li>USB-t\u00fc\u00fcpi C-kaabel<\/li>\n<li>Kasutusjuhend<\/li>\n<li>Paigaldustarvikud<\/li>\n<\/ul>\n<div class=\"table-wrapper\">\n<p>\u0412\u00a0<\/p>\n<h3><\/h3>\n<table>\n<tbody>\n<tr>\n<th>Tootja<\/th>\n<td>EJEAS<\/td>\n<\/tr>\n<tr>\n<th>Mudel<\/th>\n<td>MS8-SE<\/td>\n<\/tr>\n<tr>\n<th>Bluetooth versioon<\/th>\n<td>5.1<\/td>\n<\/tr>\n<tr>\n<th>Sideulatus<\/th>\n<td>1000 m<\/td>\n<\/tr>\n<tr>\n<th>Veekindluse tase<\/th>\n<td>IP67<\/td>\n<\/tr>\n<tr>\n<th>Lisafunktsioonid<\/th>\n<td>CVC m\u00fcrasummutus, 3D-heliefektid<\/td>\n<\/tr>\n<tr>\n<th>Laetav aku<\/th>\n<td>3,7 V\/1200 mAh<\/td>\n<\/tr>\n<tr>\n<th>T\u00f6\u00f6aeg<\/th>\n<td>9 tundi v\u00f5rgure\u017eiimis \/ 17 tundi Bluetooth-re\u017eiimis \/ 29 tundi muusika taasesituse ajal \/ 230 tundi ootere\u017eiimis<\/td>\n<\/tr>\n<tr>\n<th>Laadimisaeg<\/th>\n<td>3 tundi<\/td>\n<\/tr>\n<tr>\n<th>T\u00f6\u00f6temperatuur<\/th>\n<td>-10 kuni 50 \u00b0C<\/td>\n<\/tr>\n<tr>\n<th>Toide toide<\/th>\n<td>DC5V\/1A (USB-C)<\/td>\n<\/tr>\n<\/tbody>\n<\/table>\n<\/div>\n","protected":false},"excerpt":{"rendered":"<p>EJEAS MS8-SE mootorratta interkom EJEAS MS8-SE mootorratta interkom v\u00f5imaldab teil s\u00f5idu ajal turvaliselt ja mugavalt suhelda. T\u00e4nu uusimale Mesh 3.0 tehnoloogiale v\u00f5imaldab seade kuni 6 inimesel suhelda kuni 1000 meetri kaugusel. 1200 mAh aku tagab pika t\u00f6\u00f6aja ning IP67 veekindlus v\u00f5imaldab teil vabalt suhelda ja muusikat kuulata igasugustes ilmastikutingimustes. Pikk t\u00f6\u00f6aeg MS8-SE interkom kasutab 1200 [&#8230;]\n","protected":false},"featured_media":36730,"comment_status":"open","ping_status":"closed","template":"","meta":[],"product_brand":[603],"product_cat":[1263],"product_tag":[],"class_list":{"0":"post-36729","1":"product","2":"type-product","3":"status-publish","4":"has-post-thumbnail","6":"product_brand-ejeas","7":"product_cat-intercoms","9":"first","10":"outofstock","11":"taxable","12":"shipping-taxable","13":"purchasable","14":"product-type-simple"},"aioseo_notices":[],"_links":{"self":[{"href":"https:\/\/asura.lv\/et\/wp-json\/wp\/v2\/product\/36729","targetHints":{"allow":["GET"]}}],"collection":[{"href":"https:\/\/asura.lv\/et\/wp-json\/wp\/v2\/product"}],"about":[{"href":"https:\/\/asura.lv\/et\/wp-json\/wp\/v2\/types\/product"}],"replies":[{"embeddable":true,"href":"https:\/\/asura.lv\/et\/wp-json\/wp\/v2\/comments?post=36729"}],"wp:featuredmedia":[{"embeddable":true,"href":"https:\/\/asura.lv\/et\/wp-json\/wp\/v2\/media\/36730"}],"wp:attachment":[{"href":"https:\/\/asura.lv\/et\/wp-json\/wp\/v2\/media?parent=36729"}],"wp:term":[{"taxonomy":"product_brand","embeddable":true,"href":"https:\/\/asura.lv\/et\/wp-json\/wp\/v2\/product_brand?post=36729"},{"taxonomy":"product_cat","embeddable":true,"href":"https:\/\/asura.lv\/et\/wp-json\/wp\/v2\/product_cat?post=36729"},{"taxonomy":"product_tag","embeddable":true,"href":"https:\/\/asura.lv\/et\/wp-json\/wp\/v2\/product_tag?post=36729"}],"curies":[{"name":"wp","href":"https:\/\/api.w.org\/{rel}","templated":true}]}}