{"id":36759,"date":"2025-11-28T22:08:59","date_gmt":"2025-11-28T22:08:59","guid":{"rendered":"https:\/\/asura.lv\/product\/puluz-helmet-mount-for-sports-cameras-dji-gopro-insta360\/"},"modified":"2025-12-12T15:04:07","modified_gmt":"2025-12-12T13:04:07","slug":"puluz-helmet-mount-for-sports-cameras-dji-gopro-insta360","status":"publish","type":"product","link":"https:\/\/asura.lv\/et\/toode\/puluz-helmet-mount-for-sports-cameras-dji-gopro-insta360\/","title":{"rendered":"Puluz kiivrikinnitus spordikaameratele (DJI, GoPro, Insta360)"},"content":{"rendered":"<h3>Puluzi kiivrikinnitus spordikaameratele (DJI, GoPro, Insta360)<\/h3>\n<p>Taga oma spordikaamera stabiilne ja turvaline kinnitus Puluzi kiivrikinnitusega. See sobib ideaalselt ekstreemspordihuvilistele, mootorratturitele ja k\u00f5igile, kes soovivad j\u00e4\u00e4dvustada oma seiklusi esimese isiku vaatenurgast. See paistab silma oma kindla, vastupidava konstruktsiooni ja laia \u00fchilduvuse poolest.<\/p>\n<p>\n<img decoding=\"async\" alt=\"\" border=\"0\" src=\"https:\/\/assets.innpro.pl\/6633\/7735\/2.jpg\"\/>\n<\/p>\n<h3>Mitmek\u00fclgne rakendus<\/h3>\n<p>Puluzi kinnitus \u00fchildub paljude kiivrialustega, sealhulgas NVG, FAST, M88, MICH ja Wendy taktikaliste alustega. See teeb selle ideaalseks paljudes olukordades. J\u00e4ta piirangutega h\u00fcvasti!<\/p>\n<p>\n<img decoding=\"async\" alt=\"\" border=\"0\" src=\"https:\/\/assets.innpro.pl\/6633\/7735\/3.jpg\"\/>\n<\/p>\n<h3>Vastupidav ja kerge disain<\/h3>\n<p>Puluzi kiivrikinnitus on valmistatud lennukikvaliteediga alumiiniumisulamist, mis annab sellele suure tugevuse ja vastupidavuse, hoides samal ajal kaalu madalana. See muudab lisatarviku vastupidavaks karmidele tingimustele ega koorma kiivrit maha, mis on d\u00fcnaamiliste tegevuste ajal v\u00e4ga oluline.<\/p>\n<p>\n<img decoding=\"async\" alt=\"\" border=\"0\" src=\"https:\/\/assets.innpro.pl\/6633\/7735\/5.jpg\"\/>\n<\/p>\n<h3>Universaalne \u00fchilduvus<\/h3>\n<p>See mitmek\u00fclgne kinnitus \u00fchildub laia valiku spordikaameratega, sealhulgas tuntud kaubam\u00e4rkide nagu DJI, Insta360 ja GoPro populaarseimate mudelitega. Pole vahet, millist varustust sa igap\u00e4evaselt kasutad \u2013 n\u00fc\u00fcd saad h\u00f5lpsalt palju suurep\u00e4raseid kaadreid teha.<\/p>\n<p>\n<img decoding=\"async\" alt=\"\" border=\"0\" src=\"https:\/\/assets.innpro.pl\/6633\/7735\/4.jpg\"\/>\n<\/p>\n<h3>Lihtne paigaldus<\/h3>\n<p>T\u00e4nu kiirele paigaldusmehhanismile v\u00f5imaldab Puluzi kinnitus sul kaamera koheselt \u00fche kl\u00f5psuga paigaldada ja eemaldada. Lihtsalt vajuta, et seade kinnitada v\u00f5i sama lihtsalt eemaldada! Selline lahendus pole mitte ainult kiire, vaid ka \u00e4\u00e4rmiselt mugav, eriti d\u00fcnaamilistes tingimustes.<\/p>\n<p>\n<img decoding=\"async\" alt=\"\" border=\"0\" src=\"https:\/\/assets.innpro.pl\/6633\/7735\/6.jpg\"\/>\n<\/p>\n<h3>Kaamera kalde reguleerimine<\/h3>\n<p>Puluzi kinnitus v\u00f5imaldab sul kaamera kallet reguleerida, et saaksid salvestusnurka vastavalt oma vajadustele reguleerida. Mootorrattaga s\u00f5itmine v\u00f5i n\u00f5udlik matk m\u00e4gedes \u2013 n\u00fc\u00fcd saate h\u00f5lpsalt luua t\u00e4pselt sellise videomaterjali, nagu soovite!<\/p>\n<p>\n<img decoding=\"async\" alt=\"\" border=\"0\" src=\"https:\/\/assets.innpro.pl\/6633\/7735\/1.jpg\"\/>\n<\/p>\n<div class=\"table-wrapper\">\n<p>\u0412\u00a0<\/p>\n<h3><\/h3>\n<table>\n<tbody>\n<tr>\n<th>Tootja<\/th>\n<td>Puluz<\/td>\n<\/tr>\n<tr>\n<th>Mudel<\/th>\n<td>PU935B<\/td>\n<\/tr>\n<tr>\n<th>Materjal<\/th>\n<td>Alumiiniumisulam<\/td>\n<\/tr>\n<tr>\n<th>M\u00f5\u00f5tmed<\/th>\n<td>4,1 x 4,5 x 1 cm<\/td>\n<\/tr>\n<tr>\n<th>\u00dchilduvus<\/th>\n<td>DJI: Osmo Action 4, Osmo Action 3, Action 2, Osmo Action \/ GoPro: HERO12 Black, HERO11 Black Mini, HERO11 Black, HERO10 Black, HERO9 Black, HERO8 Black, MAX, HERO7 White, HERO7 Black, HERO7 Silver, UUS HERO, Fusion, HERO6 Black, HERO5 Black, HERO5 Session, Hero Session, HERO4 Session, HERO4, HERO3+, HERO3, HERO2, HERO \/ Insta360: Ace, Ace Pro, GO 3, X3, ONE RS 1-tolline 360 \u200b\u200bv\u00e4ljaanne, Insta360 ONE RS 360 v\u00e4ljaanne, Insta360 ONE RS 1-TOLLINE V\u00c4LJAANNE, GO 2, ONE X2, ONE R, GO, EVO, ONE X, Nano S Air, ONE, Nano<\/td>\n<\/tr>\n<\/tbody>\n<\/table>\n<\/div>\n","protected":false},"excerpt":{"rendered":"<p>Puluzi kiivrikinnitus spordikaameratele (DJI, GoPro, Insta360) Taga oma spordikaamera stabiilne ja turvaline kinnitus Puluzi kiivrikinnitusega. See sobib ideaalselt ekstreemspordihuvilistele, mootorratturitele ja k\u00f5igile, kes soovivad j\u00e4\u00e4dvustada oma seiklusi esimese isiku vaatenurgast. See paistab silma oma kindla, vastupidava konstruktsiooni ja laia \u00fchilduvuse poolest. Mitmek\u00fclgne rakendus Puluzi kinnitus \u00fchildub paljude kiivrialustega, sealhulgas NVG, FAST, M88, MICH ja Wendy [&#8230;]\n","protected":false},"featured_media":36760,"comment_status":"open","ping_status":"closed","template":"","meta":[],"product_brand":[149],"product_cat":[1044],"product_tag":[],"class_list":{"0":"post-36759","1":"product","2":"type-product","3":"status-publish","4":"has-post-thumbnail","6":"product_brand-puluz","7":"product_cat-straps-mounts-and-holders","9":"first","10":"outofstock","11":"taxable","12":"shipping-taxable","13":"purchasable","14":"product-type-simple"},"aioseo_notices":[],"_links":{"self":[{"href":"https:\/\/asura.lv\/et\/wp-json\/wp\/v2\/product\/36759","targetHints":{"allow":["GET"]}}],"collection":[{"href":"https:\/\/asura.lv\/et\/wp-json\/wp\/v2\/product"}],"about":[{"href":"https:\/\/asura.lv\/et\/wp-json\/wp\/v2\/types\/product"}],"replies":[{"embeddable":true,"href":"https:\/\/asura.lv\/et\/wp-json\/wp\/v2\/comments?post=36759"}],"wp:featuredmedia":[{"embeddable":true,"href":"https:\/\/asura.lv\/et\/wp-json\/wp\/v2\/media\/36760"}],"wp:attachment":[{"href":"https:\/\/asura.lv\/et\/wp-json\/wp\/v2\/media?parent=36759"}],"wp:term":[{"taxonomy":"product_brand","embeddable":true,"href":"https:\/\/asura.lv\/et\/wp-json\/wp\/v2\/product_brand?post=36759"},{"taxonomy":"product_cat","embeddable":true,"href":"https:\/\/asura.lv\/et\/wp-json\/wp\/v2\/product_cat?post=36759"},{"taxonomy":"product_tag","embeddable":true,"href":"https:\/\/asura.lv\/et\/wp-json\/wp\/v2\/product_tag?post=36759"}],"curies":[{"name":"wp","href":"https:\/\/api.w.org\/{rel}","templated":true}]}}