{"id":36783,"date":"2025-11-28T22:08:57","date_gmt":"2025-11-28T22:08:57","guid":{"rendered":"https:\/\/asura.lv\/product\/magnetic-mount-with-quick-release-puluz-for-dji-osmo-action-5-pro-4-3\/"},"modified":"2025-12-12T15:04:04","modified_gmt":"2025-12-12T13:04:04","slug":"magnetic-mount-with-quick-release-puluz-for-dji-osmo-action-5-pro-4-3","status":"publish","type":"product","link":"https:\/\/asura.lv\/et\/toode\/magnetic-mount-with-quick-release-puluz-for-dji-osmo-action-5-pro-4-3\/","title":{"rendered":"Magnetiline kinnitus kiirkinnitusega PULUZ DJI Osmo Action 5 Pro \/ 4 \/ 3 kaamerale"},"content":{"rendered":"<h3>PULUZ kiirkinnitusega magnetkinnitus DJI Osmo Action 5 Pro \/ 4 \/ 3 kaamerale<\/h3>\n<p>Andke oma DJI Osmo Action 5 Pro \/ 4 \/ 3 kaamerale stabiilne ja turvaline kinnitus PULUZ kiirkinnitusega magnetkinnitusega. See on asendamatu lisatarvik igale sisuloojale, kes hindab mugavust ja funktsionaalsust.<\/p>\n<p>\n<img decoding=\"async\" alt=\"\" border=\"0\" src=\"https:\/\/assets.innpro.pl\/6626\/7726\/2.jpg\"\/>\n<\/p>\n<h3>Vastupidav ja kerge disain<\/h3>\n<p>PULUZ magnetkinnitus on valmistatud kvaliteetsest ABS-materjalist ja alumiiniumsulamist, mis tagab selle vastupidavuse ja kerge kaalu. Alus on kaetud libisemiskindla silikooniga, mis hoiab \u00e4ra kaamera kriimustamise ja tagab kindla haarde. Seega v\u00f5ite olla kindel, et teie seadmed on ohutult ja kindlalt paigaldatud.<\/p>\n<p>\n<img decoding=\"async\" alt=\"\" border=\"0\" src=\"https:\/\/assets.innpro.pl\/6626\/7726\/5.jpg\"\/>\n<\/p>\n<h3>Lihtne paigaldamine<\/h3>\n<p>PULUZ-kinnitus on loodud lihtsust ja mugavust silmas pidades. Sisseehitatud tugevad magnetid v\u00f5imaldavad teil kaamera kiiresti ja h\u00f5lpsalt alusele kinnitada. Lisaks peate seadme eemaldamiseks vaid kergelt vabastusnuppe vajutama. See sobib ideaalselt d\u00fcnaamiliste salvestusstsenaariumide jaoks, kus iga sekund on oluline.<\/p>\n<p>\n<img decoding=\"async\" alt=\"\" border=\"0\" src=\"https:\/\/assets.innpro.pl\/6626\/7726\/4.jpg\"\/>\n<\/p>\n<h3>Mitmek\u00fclgsus vertikaalsel ja horisontaalsel salvestamisel<\/h3>\n<p>PULUZ-magnetkinnitus v\u00f5imaldab teil kaamerat h\u00f5lpsalt horisontaalse ja vertikaalse re\u017eiimi vahel vahetada. See annab sulle vabaduse oma salvestamise viisi kohandada, olenemata sellest, kas lood sisu sotsiaalmeedia jaoks v\u00f5i professionaalsete salvestiste tegemiseks.<\/p>\n<p>\n<img decoding=\"async\" alt=\"\" border=\"0\" src=\"https:\/\/assets.innpro.pl\/6626\/7726\/1.jpg\"\/>\n<\/p>\n<h3>Kompaktne suurus ja lai \u00fchilduvus<\/h3>\n<p>PULUZ-kinnitus on kompaktse suurusega, mist\u00f5ttu on seda lihtne kaasas kanda ja hoiustada. See \u00fchildub ka mitmesuguste lisatarvikutega, n\u00e4iteks selfie-pulkade, k\u00e4epidemete, statiivide ja muuga. Adapteri universaalne alus t\u00e4hendab, et saate seda kasutada paljudes erinevates konfiguratsioonides.<\/p>\n<p>\n<img decoding=\"async\" alt=\"\" border=\"0\" src=\"https:\/\/assets.innpro.pl\/6626\/7726\/3.jpg\"\/>\n<\/p>\n<div class=\"table-wrapper\">\n<p>\u0412\u00a0<\/p>\n<h3><\/h3>\n<table>\n<tbody>\n<tr>\n<th>Tootja<\/th>\n<td>Puluz<\/td>\n<\/tr>\n<tr>\n<th>Mudel<\/th>\n<td>PU934B<\/td>\n<\/tr>\n<tr>\n<th>Materjal<\/th>\n<td>ABS + alumiiniumisulam<\/td>\n<\/tr>\n<tr>\n<th>\u00dchilduvus<\/th>\n<td>DJI Osmo Action 5 Pro \/ 4 \/ 3<\/td>\n<\/tr>\n<\/tbody>\n<\/table>\n<\/div>\n","protected":false},"excerpt":{"rendered":"<p>PULUZ kiirkinnitusega magnetkinnitus DJI Osmo Action 5 Pro \/ 4 \/ 3 kaamerale Andke oma DJI Osmo Action 5 Pro \/ 4 \/ 3 kaamerale stabiilne ja turvaline kinnitus PULUZ kiirkinnitusega magnetkinnitusega. See on asendamatu lisatarvik igale sisuloojale, kes hindab mugavust ja funktsionaalsust. Vastupidav ja kerge disain PULUZ magnetkinnitus on valmistatud kvaliteetsest ABS-materjalist ja alumiiniumsulamist, [&#8230;]\n","protected":false},"featured_media":36784,"comment_status":"open","ping_status":"closed","template":"","meta":[],"product_brand":[149],"product_cat":[936],"product_tag":[],"class_list":{"0":"post-36783","1":"product","2":"type-product","3":"status-publish","4":"has-post-thumbnail","6":"product_brand-puluz","7":"product_cat-for-sports-cameras","9":"first","10":"outofstock","11":"taxable","12":"shipping-taxable","13":"purchasable","14":"product-type-simple"},"aioseo_notices":[],"_links":{"self":[{"href":"https:\/\/asura.lv\/et\/wp-json\/wp\/v2\/product\/36783","targetHints":{"allow":["GET"]}}],"collection":[{"href":"https:\/\/asura.lv\/et\/wp-json\/wp\/v2\/product"}],"about":[{"href":"https:\/\/asura.lv\/et\/wp-json\/wp\/v2\/types\/product"}],"replies":[{"embeddable":true,"href":"https:\/\/asura.lv\/et\/wp-json\/wp\/v2\/comments?post=36783"}],"wp:featuredmedia":[{"embeddable":true,"href":"https:\/\/asura.lv\/et\/wp-json\/wp\/v2\/media\/36784"}],"wp:attachment":[{"href":"https:\/\/asura.lv\/et\/wp-json\/wp\/v2\/media?parent=36783"}],"wp:term":[{"taxonomy":"product_brand","embeddable":true,"href":"https:\/\/asura.lv\/et\/wp-json\/wp\/v2\/product_brand?post=36783"},{"taxonomy":"product_cat","embeddable":true,"href":"https:\/\/asura.lv\/et\/wp-json\/wp\/v2\/product_cat?post=36783"},{"taxonomy":"product_tag","embeddable":true,"href":"https:\/\/asura.lv\/et\/wp-json\/wp\/v2\/product_tag?post=36783"}],"curies":[{"name":"wp","href":"https:\/\/api.w.org\/{rel}","templated":true}]}}