{"id":36999,"date":"2025-11-28T22:08:39","date_gmt":"2025-11-28T22:08:39","guid":{"rendered":"https:\/\/asura.lv\/product\/sonoff-r5-smart-wall-switch-white-ewelink\/"},"modified":"2025-12-12T15:03:44","modified_gmt":"2025-12-12T13:03:44","slug":"sonoff-r5-smart-wall-switch-white-ewelink","status":"publish","type":"product","link":"https:\/\/asura.lv\/et\/toode\/sonoff-r5-smart-wall-switch-white-ewelink\/","title":{"rendered":"Sonoff R5 nutikas seinal\u00fcliti (valge) eWeLink"},"content":{"rendered":"<div class=\"longdesc d-flex flex-column mt-5\" id=\"description\">\n<div class=\"desc_right d-flex flex-column flex-md-row justify-content-end column-gap-64 mx-md-auto py-3\">\n<div class=\"desc_content col-md-5 p-md-0 d-flex flex-column justify-content-center align-items-center align-items-md-start text-center text-md-start gap-16\">\n<h3 class=\"text-black text-18 text-md-24 smooth_load --left --delay-150\">Sonoff R5 nutikas seinal\u00fcliti (valge) eWeLink<\/h3>\n<div class=\"text-black text-14 text-md-16 smooth_load --left --delay-200\">\n<p>Sonoff R5 on 6 nupuga seinal\u00fcliti, mis t\u00e4nu eWeLink-Remote l\u00fc\u00fcsile funktsioon v\u00f5imaldab teil eWeLinki rakendusega \u00fchendatud seadmeid kaugjuhtimise teel juhtida (funktsiooni korrektseks toimimiseks peate varustama end toodetega, mis toimivad eWeLinki kaugl\u00fc\u00fcsina, n\u00e4iteks MINIR4, NSPanel Pro v\u00f5i iHost). Seadme ulatus on kuni 90 meetrit ja see toetab 3 t\u00fc\u00fcpi vajutusi. See v\u00f5imaldab nii \u00fche toimingu kui ka tervete stseenide aktiveerimist. Paigaldamine on lihtne ja kaasasolevad kleebised v\u00f5imaldavad teil nuppe m\u00e4rgistada.<\/p>\n<\/div>\n<\/div>\n<div class=\"desc_img col-md-6 p-md-0 d-flex justify-content-center align-items-center\">\n<img decoding=\"async\" alt=\"Zdj\u0414\u2122cie przedstawia intelligentny prze\u0415\u201aD\u2026cznik \u0415\u203acienny przymocowany do lameli. W tle widoczny jest \u0413\u0456\u0415\u201a z kwiatami \u0438 \u043a\u0440\u0443\u0436\u0435\u0441\u044f.\" class=\"d-block w-100 border-radius-24 smooth_load --right --delay-100\" src=\"https:\/\/assets.innpro.pl\/6537\/15822\/Intelligentne pildiotsija Sonoff R5.jpg\"\/>\n<\/div>\n<\/div>\n<div class=\"desc_left d-flex flex-column flex-md-row-reverse justify-content-end column-gap-64 mx-md-auto py-3\">\n<div class=\"desc_content col-md-5 p-md-0 d-flex flex-column justify-content-center align-items-center align-items-md-start text-center text-md-start gap-16\">\n<h3 class=\"text-black text-18 text-md-24 smooth_load --right --delay-150\">M\u00f5eldud nutikatele kodu<\/h3>\n<div class=\"text-black text-14 text-md-16 smooth_load --right --delay-200\">\n<p>Nutika kodu haldamine pole kunagi varem olnud nii lihtne. Kui te ei soovi rakendusega eri tubades asuvaid seadmeid juhtida, kasutage R5 l\u00fclitit. eWeLink-Remote l\u00fc\u00fcsi funktsiooniga on teil v\u00f5imalus juhtida nutiseadmeid lokaalselt kuni 90 meetri kauguselt. Kahesuunaline valgustuse juhtimine on v\u00f5imalik ka t\u00e4iendava M5 l\u00fclitiga (m\u00fc\u00fcgil eraldi).<\/p>\n<\/div>\n<\/div>\n<div class=\"desc_img col-md-6 p-md-0 d-flex justify-content-center align-items-center\">\n<img decoding=\"async\" alt=\"T\u00f5elise koduhalduse ja praktilise juhtimise eelistus: k\u00f6\u00f6gi, k\u00f6\u00f6gi ja s\u00fclearvutite vahelised piirangud.\" class=\"d-block w-100 border-radius-24 smooth_load --left --delay-100\" src=\"https:\/\/assets.innpro.pl\/6537\/15822\/Intelligentne Sonoff R5 graafikakaart.jpg\"\/>\n<\/div>\n<\/div>\n<div class=\"desc_center d-flex flex-column gap-32 mx-md-auto py-3\">\n<div class=\"desc_content d-flex flex-column justify-content-center align-items-center text-center gap-16\">\n<h3 class=\"text-black text-18 text-md-24 smooth_load --top --delay-150\">Veelgi lihtsam kasutamine<\/h3>\n<div class=\"text-black text-14 text-md-16 smooth_load --top --delay-200\">\n<p>Ainult Nupuvajutusega saate rakenduse abil k\u00e4ivitada eelprogrammeeritud stseeni. Interneti\u00fchenduse abil saate \u00fche kl\u00f5psuga sisse l\u00fclitada k\u00f5ik k\u00f6\u00f6gi tuled v\u00f5i v\u00e4lja l\u00fclitada magamistoa \u00f6\u00f6lambid. Lisaks saab \u00fcks eWeLinki kaugjuhtimispuldi seade juhtida kuni 8 R5 l\u00fclitit, mis v\u00f5imaldab teil \u00fchte lampi mitme l\u00fcliti abil juhtida.<\/p>\n<\/div>\n<\/div>\n<div class=\"desc_img d-flex justify-content-center align-items-center\">\n<img decoding=\"async\" alt=\"3 zdj\u0414\u2122cia przedstawiaj\u0414\u2026ce sypialni\u0414\u2122 z\u0415\u201a\u0414\u2026czonymi i w\u0415\u201a\u0414\u2026czonymi lampami.\" class=\"d-block w-100 border-radius-24 smooth_load --scale --delay-100\" src=\"https:\/\/assets.innpro.pl\/6537\/15822\/Intelligentne graafikakaart Sonoff R5 (bia\u0415y) eWeLink.jpg\"\/>\n<\/div>\n<\/div>\n<div class=\"desc_right d-flex flex-column flex-md-row justify-content-end column-gap-64 mx-md-auto py-3\">\n<div class=\"desc_content col-md-5 p-md-0 d-flex flex-column justify-content-center align-items-center align-items-md-start text-center text-md-start gap-16\">\n<h3 class=\"text-black text-18 text-md-24 smooth_load --left --delay-150\">3 nupuvajutuse viisi<\/h3>\n<div class=\"text-black text-14 text-md-16 smooth_load --left --delay-200\">\n<p>Kolme nupuvajutuse valikuga \u2013 \u00fchekordne kl\u00f5ps, topeltkl\u00f5ps ja pikk kl\u00f5ps \u2013 on teil veelgi rohkem valikuid. Igale toimingule saate m\u00e4\u00e4rata erineva funktsiooni. N\u00e4iteks \u00fche kl\u00f5psuga saab sisse l\u00fclitada k\u00f5ik magamistoa tuled, topeltkl\u00f5psuga ainult \u00f6\u00f6lambid ja pika kl\u00f5psuga saab tuled v\u00e4lja l\u00fclitada. Valikuid on palju ja valik on teie!<\/p>\n<\/div>\n<\/div>\n<div class=\"desc_img col-md-6 p-md-0 d-flex justify-content-center align-items-center\">\n<img decoding=\"async\" alt=\"Selles kontekstis... 2 on see, mida sa vajad, et n\u00e4ha, kuidas Sonoff on siin.\" class=\"d-block w-100 border-radius-24 smooth_load --right --delay-100\" src=\"https:\/\/assets.innpro.pl\/6537\/15822\/Intelligentne pildiotsija.jpg\"\/>\n<\/div>\n<\/div>\n<div class=\"desc_left d-flex flex-column flex-md-row-reverse justify-content-end column-gap-64 mx-md-auto py-3\">\n<div class=\"desc_content col-md-5 p-md-0 d-flex flex-column justify-content-center align-items-center align-items-md-start text-center text-md-start gap-16\">\n<h3 class=\"text-black text-18 text-md-24 smooth_load --right --delay-150\">Lihtne paigaldus &#8211; pikk t\u00f6\u00f6iga aeg<\/h3>\n<div class=\"text-black text-14 text-md-16 smooth_load --right --delay-200\">\n<p>Seadme paigaldamine on v\u00e4ga lihtne. Lihtsalt kleepige see komplektis olevate isekleepuvate kleebistega seinale. Te ei pea juhtmestiku p\u00e4rast muretsema! L\u00fclitit saab kasutada ka tavalise kaugjuhtimispuldina, asetades selle lauale v\u00f5i riiulile. See t\u00f6\u00f6tab kahe CR2032 patareiga ja t\u00f6\u00f6tab kuni 2 aastat.<\/p>\n<\/div>\n<\/div>\n<div class=\"desc_img col-md-6 p-md-0 d-flex justify-content-center align-items-center\">\n<img decoding=\"async\" alt=\"Zdj\u0414\u2122cie przedstawia inteligentny prze\u0415\u201a\u0414\u2026cznik \u0415\u203acienny i be\u0415\u0458ow\u0414\u2026 kanap\u0414\u2122 z poduszkami. Na \u0415\u203arodku znajduje si\u0414\u2122 stolik z ksi\u0414\u2026.\" class=\"d-block w-100 border-radius-24 smooth_load --left --delay-100\" src=\"https:\/\/assets.innpro.pl\/6537\/15822\/Intelligentne ekraanipilt Sonoff R5 (bia\u0415y).jpg\"\/>\n<\/div>\n<\/div>\n<div class=\"desc_center d-flex flex-column gap-32 mx-md-auto py-3\">\n<div class=\"desc_content d-flex flex-column justify-content-center align-items-center text-center gap-16\">\n<h3 class=\"text-black text-18 text-md-24 smooth_load --top --delay-150\">Kleebised kaasas<\/h3>\n<div class=\"text-black text-14 text-md-16 smooth_load --top --delay-200\">\n<p>See Komplektiga on kaasas 20 kleebist, mis aitavad teil nuppude funktsioone m\u00e4rgistada. Nii saate luua oma vajadustele vastava isikup\u00e4rastatud l\u00fcliti ja nautida nutiseadmete mugavat haldamist oma kodus!<\/p>\n<\/div>\n<\/div>\n<div class=\"desc_img d-flex justify-content-center align-items-center\">\n<img decoding=\"async\" alt=\"Zdj\u0414\u2122cie przedstawia monta\u0415\u0458 \u0438 praktiline intelligentnego haldamine D\u2026cznika \u0415\u203aciennego.\" class=\"d-block w-100 border-radius-24 smooth_load --scale --delay-100\" src=\"https:\/\/assets.innpro.pl\/6537\/15822\/Intelligentne moodul Sonoff R5 ja eWeLinki vahel.jpg\"\/>\n<\/div>\n<\/div>\n<\/div>\n<div class=\"d-flex flex-column gap-32\" id=\"specification\">\n<h2 class=\"w-100 text-center text-black text-24 text-md-36 smooth_load --scale\">Spetsifikatsioonid<\/h2>\n<div class=\"spec_nav__wrapper d-flex overflow-auto\"><\/div>\n<div class=\"spec_items__wrapper\">\n<div class=\"spec_item__wrapper d-flex flex-column flex-md-row\" data-name=\"\">\n<table class=\"table_wrapper w-100 w-md-50 h-50 h-md-100\">\n<tr>\n<th>Tootja<\/th>\n<td>Sonoff<\/td>\n<\/tr>\n<tr>\n<th>Mudel<\/th>\n<td>R5W<\/td>\n<\/tr>\n<tr>\n<th>Nuppude arv<\/th>\n<td>6<\/td>\n<\/tr>\n<tr>\n<th>Toiteallikas<\/th>\n<td>2x 3V CR2032 patareid<\/td>\n<\/tr>\n<\/table>\n<table class=\"table_wrapper w-100 w-md-50 h-50 h-md-100\">\n<tr>\n<th>T\u00f6\u00f6temperatuur<\/th>\n<td>0\u00b0C &#8211; 40\u00b0C<\/td>\n<\/tr>\n<tr>\n<th>Materjal<\/th>\n<td>PC V0<\/td>\n<\/tr>\n<tr>\n<th>M\u00f5\u00f5tmed<\/th>\n<td>86 x 86 x 13,5 mm<\/td>\n<\/tr>\n<tr>\n<th>V\u00e4rv<\/th>\n<td>Valge<\/td>\n<\/tr>\n<\/table>\n<\/div>\n<\/div>\n<\/div>\n","protected":false},"excerpt":{"rendered":"<p>Sonoff R5 nutikas seinal\u00fcliti (valge) eWeLink Sonoff R5 on 6 nupuga seinal\u00fcliti, mis t\u00e4nu eWeLink-Remote l\u00fc\u00fcsile funktsioon v\u00f5imaldab teil eWeLinki rakendusega \u00fchendatud seadmeid kaugjuhtimise teel juhtida (funktsiooni korrektseks toimimiseks peate varustama end toodetega, mis toimivad eWeLinki kaugl\u00fc\u00fcsina, n\u00e4iteks MINIR4, NSPanel Pro v\u00f5i iHost). Seadme ulatus on kuni 90 meetrit ja see toetab 3 t\u00fc\u00fcpi vajutusi. [&#8230;]\n","protected":false},"featured_media":37000,"comment_status":"open","ping_status":"closed","template":"","meta":[],"product_brand":[203],"product_cat":[930],"product_tag":[],"class_list":{"0":"post-36999","1":"product","2":"type-product","3":"status-publish","4":"has-post-thumbnail","6":"product_brand-sonoff","7":"product_cat-switches","9":"first","10":"outofstock","11":"taxable","12":"shipping-taxable","13":"purchasable","14":"product-type-simple"},"aioseo_notices":[],"_links":{"self":[{"href":"https:\/\/asura.lv\/et\/wp-json\/wp\/v2\/product\/36999","targetHints":{"allow":["GET"]}}],"collection":[{"href":"https:\/\/asura.lv\/et\/wp-json\/wp\/v2\/product"}],"about":[{"href":"https:\/\/asura.lv\/et\/wp-json\/wp\/v2\/types\/product"}],"replies":[{"embeddable":true,"href":"https:\/\/asura.lv\/et\/wp-json\/wp\/v2\/comments?post=36999"}],"wp:featuredmedia":[{"embeddable":true,"href":"https:\/\/asura.lv\/et\/wp-json\/wp\/v2\/media\/37000"}],"wp:attachment":[{"href":"https:\/\/asura.lv\/et\/wp-json\/wp\/v2\/media?parent=36999"}],"wp:term":[{"taxonomy":"product_brand","embeddable":true,"href":"https:\/\/asura.lv\/et\/wp-json\/wp\/v2\/product_brand?post=36999"},{"taxonomy":"product_cat","embeddable":true,"href":"https:\/\/asura.lv\/et\/wp-json\/wp\/v2\/product_cat?post=36999"},{"taxonomy":"product_tag","embeddable":true,"href":"https:\/\/asura.lv\/et\/wp-json\/wp\/v2\/product_tag?post=36999"}],"curies":[{"name":"wp","href":"https:\/\/api.w.org\/{rel}","templated":true}]}}