{"id":37041,"date":"2025-11-28T22:08:35","date_gmt":"2025-11-28T22:08:35","guid":{"rendered":"https:\/\/asura.lv\/product\/shelly-blu-tough-1-action-and-scenes-activation-button-mocha\/"},"modified":"2025-12-12T15:03:41","modified_gmt":"2025-12-12T13:03:41","slug":"shelly-blu-tough-1-action-and-scenes-activation-button-mocha","status":"publish","type":"product","link":"https:\/\/asura.lv\/et\/toode\/shelly-blu-tough-1-action-and-scenes-activation-button-mocha\/","title":{"rendered":"Shelly BLU Tough 1 tegevuse ja stseenide aktiveerimisnupp (Mocha)"},"content":{"rendered":"<h3>Shelly Blu Button Tough 1 (mocha) tegevus- ja stseeniaktiveerimisnupp<\/h3>\n<p>Shelly BLU Button Tough 1 on nutikas ja kompaktne Bluetooth-nupp, mis on p\u00f5rutus-, vee- ja tolmukindel. See toetab erinevat t\u00fc\u00fcpi kl\u00f5pse ja paistab silma pika aku t\u00f6\u00f6ea poolest (kuni 2 aastat). Selle abil saate mugavalt juhtida n\u00e4iteks valgustust, garaa\u017eiust v\u00f5i kardinaid. See on ideaalne lahendus iga nutika kodu jaoks!<\/p>\n<p>\n<img decoding=\"async\" border=\"0\" src=\"https:\/\/assets.innpro.pl\/6054\/7114\/5.jpg\"\/>\n<\/p>\n<h3>Funktsionaalsus ja vastupidavus<\/h3>\n<p>Nupp eristub oma vastupidava disaini poolest, mist\u00f5ttu on see vastupidav karmidele tingimustele, nagu niiskus, tolm ja l\u00f6\u00f6gid \u2013 see t\u00f6\u00f6tab ideaalselt peaaegu igas olukorras. Selle toiteks on vaja vaid \u00fchte CR2032 patareid (kaasas), mis tagab kuni 2-aastase t\u00f6\u00f6aja. Sa ei pea seda liiga tihti vahetama!<\/p>\n<p>\n<img decoding=\"async\" border=\"0\" src=\"https:\/\/assets.innpro.pl\/6054\/7114\/3.jpg\"\/>\n<\/p>\n<h3>Mitmed rakendused<\/h3>\n<p>Shelly BLU Button Tough 1 v\u00f5imaldab sul muuhulgas juhtida tulesid, avada ja sulgeda garaa\u017eiuksi ning kasutada nutikaid kardinaid. Samuti saad m\u00e4\u00e4rata individuaalseid toiminguid erinevat t\u00fc\u00fcpi kl\u00f5psudele, n\u00e4iteks l\u00fchike vajutus l\u00fclitab tule sisse ja pikk vajutus suurendab selle heledust. Samuti on olemas majakare\u017eiim, mis v\u00f5imaldab teil teatud toiminguid automatiseerida olenevalt sellest, kas olete Bluetoothi \u200b\u200bleviala piires.<\/p>\n<p>\n<img decoding=\"async\" border=\"0\" src=\"https:\/\/assets.innpro.pl\/6054\/7114\/4.jpg\"\/>\n<\/p>\n<h3>Turvalisus ja kasutusmugavus<\/h3>\n<p>Andmete kr\u00fcptimine tagab turvalise suhtluse Shelly BLU Button Tough 1 ja teiste koduv\u00f5rgus olevate seadmete vahel, kaitstes volitamata juurdep\u00e4\u00e4su eest. Seadet on ka v\u00e4ga lihtne paigaldada ja t\u00e4nu kompaktsele suurusele (42 x 42 x 13 mm) ei v\u00f5ta see liiga palju v\u00e4\u00e4rtuslikku ruumi.<\/p>\n<p>\n<img decoding=\"async\" border=\"0\" src=\"https:\/\/assets.innpro.pl\/6054\/7114\/6.jpg\"\/>\n<\/p>\n<div class=\"table-wrapper\">\n<p>\u0412\u00a0<\/p>\n<h3><\/h3>\n<table>\n<tbody>\n<tr>\n<th>Tootja<\/th>\n<td>Shelly<\/td>\n<\/tr>\n<tr>\n<th>Mudel<\/th>\n<td>BLUB1Tougmocha<\/td>\n<\/tr>\n<tr>\n<th>V\u00e4rv<\/th>\n<td>Mokka<\/td>\n<\/tr>\n<tr>\n<th>Toiteallikas<\/th>\n<td>1x CR2032 3 C patarei (kaasas)<\/td>\n<\/tr>\n<tr>\n<th>Kasutamine aeg<\/th>\n<td>Kuni 2 aastat<\/td>\n<\/tr>\n<tr>\n<th>Bluetoothi \u200b\u200bversioon<\/th>\n<td>4.2<\/td>\n<\/tr>\n<tr>\n<th>RF-sagedusala<\/th>\n<td>2400\u20132483,5 MHz<\/td>\n<\/tr>\n<tr>\n<th>Maksimaalne raadiosagedusv\u00f5imsus<\/th>\n<td>&lt; 4 dBm<\/td>\n<\/tr>\n<tr>\n<th>Ulatus<\/th>\n<td>Kuni 30 m \u00f5ues \/ kuni 10 m siseruumides<\/td>\n<\/tr>\n<tr>\n<th>Kr\u00fcpteering<\/th>\n<td>AEC (CCM-re\u017eiim)<\/td>\n<\/tr>\n<tr>\n<th>T\u00f6\u00f6temperatuur<\/th>\n<td>Alates -20 \u00b0C kuni 60 \u00b0C<\/td>\n<\/tr>\n<tr>\n<th>T\u00f6\u00f6keskkonna niiskus<\/th>\n<td>0% kuni 90% suhteline \u00f5huniiskus<\/td>\n<\/tr>\n<tr>\n<th>Materjal<\/th>\n<td>Plast<\/td>\n<\/tr>\n<tr>\n<th>M\u00f5\u00f5tmed<\/th>\n<td>42 x 42 x 13 mm<\/td>\n<\/tr>\n<tr>\n<th>Kaal<\/th>\n<td>15 g<\/td>\n<\/tr>\n<\/tbody>\n<\/table>\n<\/div>\n","protected":false},"excerpt":{"rendered":"<p>Shelly Blu Button Tough 1 (mocha) tegevus- ja stseeniaktiveerimisnupp Shelly BLU Button Tough 1 on nutikas ja kompaktne Bluetooth-nupp, mis on p\u00f5rutus-, vee- ja tolmukindel. See toetab erinevat t\u00fc\u00fcpi kl\u00f5pse ja paistab silma pika aku t\u00f6\u00f6ea poolest (kuni 2 aastat). Selle abil saate mugavalt juhtida n\u00e4iteks valgustust, garaa\u017eiust v\u00f5i kardinaid. See on ideaalne lahendus iga [&#8230;]\n","protected":false},"featured_media":37042,"comment_status":"open","ping_status":"closed","template":"","meta":[],"product_brand":[551],"product_cat":[930],"product_tag":[],"class_list":{"0":"post-37041","1":"product","2":"type-product","3":"status-publish","4":"has-post-thumbnail","6":"product_brand-shelly","7":"product_cat-switches","9":"first","10":"outofstock","11":"taxable","12":"shipping-taxable","13":"purchasable","14":"product-type-simple"},"aioseo_notices":[],"_links":{"self":[{"href":"https:\/\/asura.lv\/et\/wp-json\/wp\/v2\/product\/37041","targetHints":{"allow":["GET"]}}],"collection":[{"href":"https:\/\/asura.lv\/et\/wp-json\/wp\/v2\/product"}],"about":[{"href":"https:\/\/asura.lv\/et\/wp-json\/wp\/v2\/types\/product"}],"replies":[{"embeddable":true,"href":"https:\/\/asura.lv\/et\/wp-json\/wp\/v2\/comments?post=37041"}],"wp:featuredmedia":[{"embeddable":true,"href":"https:\/\/asura.lv\/et\/wp-json\/wp\/v2\/media\/37042"}],"wp:attachment":[{"href":"https:\/\/asura.lv\/et\/wp-json\/wp\/v2\/media?parent=37041"}],"wp:term":[{"taxonomy":"product_brand","embeddable":true,"href":"https:\/\/asura.lv\/et\/wp-json\/wp\/v2\/product_brand?post=37041"},{"taxonomy":"product_cat","embeddable":true,"href":"https:\/\/asura.lv\/et\/wp-json\/wp\/v2\/product_cat?post=37041"},{"taxonomy":"product_tag","embeddable":true,"href":"https:\/\/asura.lv\/et\/wp-json\/wp\/v2\/product_tag?post=37041"}],"curies":[{"name":"wp","href":"https:\/\/api.w.org\/{rel}","templated":true}]}}