{"id":37281,"date":"2025-11-28T21:09:04","date_gmt":"2025-11-28T21:09:04","guid":{"rendered":"https:\/\/asura.lv\/product\/torras-phone-case-ostand-matte-for-iphone-15-navy-blue\/"},"modified":"2025-12-12T14:57:19","modified_gmt":"2025-12-12T12:57:19","slug":"torras-phone-case-ostand-matte-for-iphone-15-navy-blue","status":"publish","type":"product","link":"https:\/\/asura.lv\/et\/toode\/torras-phone-case-ostand-matte-for-iphone-15-navy-blue\/","title":{"rendered":"Torras telefoni\u00fcmbris Ostand Matte iPhone 15 jaoks (tumesinine)"},"content":{"rendered":"<h3>Torras UPRO Ostand Matte \u00fcmbris iPhone 15-le (tumesinine)<\/h3>\n<p>Kaitse oma nutitelefoni multifunktsionaalse Torras UPRO Ostand Matte magnet\u00fcmbrisega, mis on oma erakordse disaini eest p\u00e4lvinud rahvusvahelisi auhindu. Seda eristavad ka tugevad magnetid, mis v\u00f5imaldavad tasuta laadimist k\u00f5ikjal. Praktiline r\u00f5ngas suurendab kasutusmugavust ja v\u00f5imaldab toodet alusena kasutada. Rafineeritud disain tagab seadme usaldusv\u00e4\u00e4rse kaitse. Teine eelis on \u00fchilduvus k\u00f5igi magnetiliste lisatarvikutega.<\/p>\n<p><img decoding=\"async\" src=\"https:\/\/b2b.innpro.pl\/data\/include\/cms\/Torras\/UPRO-OSTAND-NAVY-BLU\/5.jpg\" alt=\"Torras\/UPRO-OSTAND-NAVY-BLU\/5\"><\/p>\n<h3>Usaldusv\u00e4\u00e4rsed magnetid<\/h3>\n<p>Torras UPRO Ostand Matte \u00fcmbris kasutab Halbachi magneteid ja 38 neod\u00fc\u00fcmmagnetit, et kinnitada telefon kindlalt mitmesuguste magnetiliste lisatarvikute k\u00fclge ja v\u00f5imaldada mugavat laadimist. See v\u00f5imaldab teil autoga reisides vabalt navigatsiooni kasutada, muretsemata seadme valel ajal t\u00fchjenemise p\u00e4rast.<\/p>\n<p><img decoding=\"async\" src=\"https:\/\/b2b.innpro.pl\/data\/include\/cms\/Torras\/UPRO-OSTAND-NAVY-BLU\/3.jpg\" alt=\"Torras\/UPRO-OSTAND-NAVY-BLU\/3\"><\/p>\n<h3>Teie seadme turvalisuse tagamiseks<\/h3>\n<p>Torrase toode on saanud SGS-sertifikaadi ja pakub teie nutitelefonile t\u00f5husat kaitset. Seda \u00fcmbritseb 360\u00b0 \u00f5hkpadi ja see on varustatud t\u00e4iendavate X-shock 4.0 \u00f5hkpatjadega. Ohutust suurendab ka mitmekihiline konstruktsioon. Kaamera juures 2,5 mm ja ekraani juures 1,5 mm k\u00f5rgusega \u00fcmbris kaitseb telefoni t\u00f5husalt kukkumiste, l\u00f6\u00f6kide ja muude etten\u00e4gematute s\u00fcndmuste eest.<\/p>\n<p><img decoding=\"async\" src=\"https:\/\/b2b.innpro.pl\/data\/include\/cms\/Torras\/UPRO-OSTAND-NAVY-BLU\/7.jpg\" alt=\"Torras\/UPRO-OSTAND-NAVY-BLU\/7\"><\/p>\n<h3>Silmapaistev disain<\/h3>\n<p>Kogege, kuidas funktsionaalsus saab \u00fchenduda esteetikaga. Torras UPRO Ostand Matte \u00fcmbris \u00fchendab elegantsi ja minimalismi ning on t\u00e4nu lennukikvaliteediga alumiiniumile kerge ja vastupidav. \u00d5huke ja siidiselt sile disain pakub mugavat juurdep\u00e4\u00e4su k\u00f5igile telefoni funktsioonidele. Lisaks toimib r\u00f5ngakujuline hoidik ka alusena, v\u00f5imaldades teil nutitelefoni vertikaalselt v\u00f5i horisontaalselt paigutada ja kaldenurka 40\u2013120\u00b0 reguleerida.<\/p>\n<p><img decoding=\"async\" src=\"https:\/\/b2b.innpro.pl\/data\/include\/cms\/Torras\/UPRO-OSTAND-NAVY-BLU\/6.jpg\" alt=\"Torras\/UPRO-OSTAND-NAVY-BLU\/6\"><\/p>\n<div class=\"table-wrapper\">\n<table>\n<tbody>\n<tr>\n<th>Tootja<\/th>\n<td>Torras<\/td>\n<\/tr>\n<tr>\n<th>Mudel<\/th>\n<td>UPRO Ostand Matte<\/td>\n<\/tr>\n<tr>\n<th>\u00dchilduvus<\/th>\n<td>iPhone 15<\/td>\n<\/tr>\n<tr>\n<th>V\u00e4rv<\/th>\n<td>merev\u00e4e v\u00e4rv<\/td>\n<\/tr>\n<\/tbody>\n<\/table>\n<\/div>\n","protected":false},"excerpt":{"rendered":"<p>Torras UPRO Ostand Matte \u00fcmbris iPhone 15-le (tumesinine) Kaitse oma nutitelefoni multifunktsionaalse Torras UPRO Ostand Matte magnet\u00fcmbrisega, mis on oma erakordse disaini eest p\u00e4lvinud rahvusvahelisi auhindu. Seda eristavad ka tugevad magnetid, mis v\u00f5imaldavad tasuta laadimist k\u00f5ikjal. Praktiline r\u00f5ngas suurendab kasutusmugavust ja v\u00f5imaldab toodet alusena kasutada. Rafineeritud disain tagab seadme usaldusv\u00e4\u00e4rse kaitse. Teine eelis on \u00fchilduvus [&#8230;]\n","protected":false},"featured_media":37282,"comment_status":"open","ping_status":"closed","template":"","meta":[],"product_brand":[538],"product_cat":[1248],"product_tag":[],"class_list":{"0":"post-37281","1":"product","2":"type-product","3":"status-publish","4":"has-post-thumbnail","6":"product_brand-torras","7":"product_cat-protective-cases-for-smartphones-cases-gsm-accessories","9":"first","10":"outofstock","11":"taxable","12":"shipping-taxable","13":"purchasable","14":"product-type-simple"},"aioseo_notices":[],"_links":{"self":[{"href":"https:\/\/asura.lv\/et\/wp-json\/wp\/v2\/product\/37281","targetHints":{"allow":["GET"]}}],"collection":[{"href":"https:\/\/asura.lv\/et\/wp-json\/wp\/v2\/product"}],"about":[{"href":"https:\/\/asura.lv\/et\/wp-json\/wp\/v2\/types\/product"}],"replies":[{"embeddable":true,"href":"https:\/\/asura.lv\/et\/wp-json\/wp\/v2\/comments?post=37281"}],"wp:featuredmedia":[{"embeddable":true,"href":"https:\/\/asura.lv\/et\/wp-json\/wp\/v2\/media\/37282"}],"wp:attachment":[{"href":"https:\/\/asura.lv\/et\/wp-json\/wp\/v2\/media?parent=37281"}],"wp:term":[{"taxonomy":"product_brand","embeddable":true,"href":"https:\/\/asura.lv\/et\/wp-json\/wp\/v2\/product_brand?post=37281"},{"taxonomy":"product_cat","embeddable":true,"href":"https:\/\/asura.lv\/et\/wp-json\/wp\/v2\/product_cat?post=37281"},{"taxonomy":"product_tag","embeddable":true,"href":"https:\/\/asura.lv\/et\/wp-json\/wp\/v2\/product_tag?post=37281"}],"curies":[{"name":"wp","href":"https:\/\/api.w.org\/{rel}","templated":true}]}}