{"id":37347,"date":"2025-11-28T21:08:59","date_gmt":"2025-11-28T21:08:59","guid":{"rendered":"https:\/\/asura.lv\/product\/case-esr-air-armor-for-iphone-15-pro-magsafe-black\/"},"modified":"2025-12-12T14:57:13","modified_gmt":"2025-12-12T12:57:13","slug":"case-esr-air-armor-for-iphone-15-pro-magsafe-black","status":"publish","type":"product","link":"https:\/\/asura.lv\/et\/toode\/case-esr-air-armor-for-iphone-15-pro-magsafe-black\/","title":{"rendered":"ESR Air Armor \u00fcmbris iPhone 15 Pro jaoks, Magsafe (must)"},"content":{"rendered":"<h3>ESR Air Armor \u00fcmbris iPhone 15 Pro-le, MagSafe (must)<\/h3>\n<p>Kaitsev ESR Air Armor \u00fcmbris on loodud spetsiaalselt iPhone 15 Pro-le. Selle \u00fchilduvus HaloLocki ja MagSafe&#8217;i tehnoloogiatega v\u00f5imaldab kiiret ja mugavat juhtmevaba laadimist. Toode tagab teie telefoni ohutuse kukkumiste ajal ja pakub s\u00f5jav\u00e4eklassi kaitset. See on ka kriimustuskindel ning t\u00e4psed v\u00e4ljal\u00f5iked v\u00f5imaldavad h\u00f5lpsat ja probleemivaba juurdep\u00e4\u00e4su k\u00f5igile seadme funktsioonidele.<\/p>\n<p><img decoding=\"async\" src=\"https:\/\/b2b.innpro.pl\/data\/include\/cms\/ESR\/Etui-ESR-Air-Armor-do-iPhone-15-Pro-Magsafe-czarne\/2.jpg\" alt=\"ESR\/Etui-ESR-Air-Armor-do-iPhone-15-Pro-Magsafe-czarne\/2\"><\/p>\n<h3>Usaldusv\u00e4\u00e4rne kaitse<\/h3>\n<p>Oleme teinud k\u00f5ik endast oleneva, et tagada teie nutitelefoni t\u00e4ielik ohutus. ESR-\u00fcmbris on varustatud l\u00f6\u00f6ke neelavate servade ja kaamerakaitsega, pakkudes kaitset kukkumiste, l\u00f6\u00f6kide ja kriimustuste eest. Olenemata sellest, kas teie iPhone kukub kogemata maha v\u00f5i satub k\u00f5vale pinnale, v\u00f5ite olla kindel, et \u00fcmbris pehmendab t\u00f5husalt l\u00f6\u00f6ke ja kaitseb seadet.<\/p>\n<p><img decoding=\"async\" src=\"https:\/\/b2b.innpro.pl\/data\/include\/cms\/ESR\/Etui-ESR-Air-Armor-do-iPhone-15-Pro-Magsafe-czarne\/4.jpg\" alt=\"ESR\/Etui-ESR-Air-Armor-do-iPhone-15-Pro-Magsafe-czarne\/4\"><\/p>\n<h3>MagSafe&#8217;i \u00fchilduvus<\/h3>\n<p>T\u00e4nu v\u00f5imsatele 1500 g magnetitele tagab \u00fcmbris stabiilse \u00fchenduse k\u00f5igi HaloLocki ja MagSafe&#8217;i tehnoloogiatega \u00fchilduvate lisatarvikutega. Lisaks v\u00f5imaldab ESR-toode kiiret ja turvalist juhtmevaba laadimist.<\/p>\n<p><img decoding=\"async\" src=\"https:\/\/b2b.innpro.pl\/data\/include\/cms\/ESR\/Etui-ESR-Air-Armor-do-iPhone-15-Pro-Magsafe-czarne\/3.jpg\" alt=\"ESR\/Etui-ESR-Air-Armor-do-iPhone-15-Pro-Magsafe-czarne\/3\"><\/p>\n<h3>Esteetilised eelised<\/h3>\n<p>Toode on valmistatud vastupidavatest materjalidest, nagu PC ja TPU, mis on t\u00f5husalt kriimustuskindlad ja aja jooksul ei kolletu. See tagab, et teie \u00fcmbris n\u00e4eb alati v\u00e4lja nagu uus.<\/p>\n<p><img decoding=\"async\" src=\"https:\/\/b2b.innpro.pl\/data\/include\/cms\/ESR\/Etui-ESR-Air-Armor-do-iPhone-15-Pro-Magsafe-czarne\/5.jpg\" alt=\"ESR\/Etui-ESR-Air-Armor-do-iPhone-15-Pro-Magsafe-czarne\/5\"><\/p>\n<div class=\"table-wrapper\">\n<table>\n<tbody>\n<tr>\n<th>Tootja<\/th>\n<td>ESR<\/td>\n<\/tr>\n<tr>\n<th>\u00dchilduvus<\/th>\n<td>iPhone 15 Pro<\/td>\n<\/tr>\n<tr>\n<th>Materjal<\/th>\n<td>PC, TPU<\/td>\n<\/tr>\n<tr>\n<th>V\u00e4rv<\/th>\n<td>Must<\/td>\n<\/tr>\n<\/tbody>\n<\/table>\n<\/div>\n","protected":false},"excerpt":{"rendered":"<p>ESR Air Armor \u00fcmbris iPhone 15 Pro-le, MagSafe (must) Kaitsev ESR Air Armor \u00fcmbris on loodud spetsiaalselt iPhone 15 Pro-le. Selle \u00fchilduvus HaloLocki ja MagSafe&#8217;i tehnoloogiatega v\u00f5imaldab kiiret ja mugavat juhtmevaba laadimist. Toode tagab teie telefoni ohutuse kukkumiste ajal ja pakub s\u00f5jav\u00e4eklassi kaitset. See on ka kriimustuskindel ning t\u00e4psed v\u00e4ljal\u00f5iked v\u00f5imaldavad h\u00f5lpsat ja probleemivaba juurdep\u00e4\u00e4su [&#8230;]\n","protected":false},"featured_media":37348,"comment_status":"open","ping_status":"closed","template":"","meta":[],"product_brand":[500],"product_cat":[1248],"product_tag":[],"class_list":{"0":"post-37347","1":"product","2":"type-product","3":"status-publish","4":"has-post-thumbnail","6":"product_brand-esr","7":"product_cat-protective-cases-for-smartphones-cases-gsm-accessories","9":"first","10":"outofstock","11":"taxable","12":"shipping-taxable","13":"purchasable","14":"product-type-simple"},"aioseo_notices":[],"_links":{"self":[{"href":"https:\/\/asura.lv\/et\/wp-json\/wp\/v2\/product\/37347","targetHints":{"allow":["GET"]}}],"collection":[{"href":"https:\/\/asura.lv\/et\/wp-json\/wp\/v2\/product"}],"about":[{"href":"https:\/\/asura.lv\/et\/wp-json\/wp\/v2\/types\/product"}],"replies":[{"embeddable":true,"href":"https:\/\/asura.lv\/et\/wp-json\/wp\/v2\/comments?post=37347"}],"wp:featuredmedia":[{"embeddable":true,"href":"https:\/\/asura.lv\/et\/wp-json\/wp\/v2\/media\/37348"}],"wp:attachment":[{"href":"https:\/\/asura.lv\/et\/wp-json\/wp\/v2\/media?parent=37347"}],"wp:term":[{"taxonomy":"product_brand","embeddable":true,"href":"https:\/\/asura.lv\/et\/wp-json\/wp\/v2\/product_brand?post=37347"},{"taxonomy":"product_cat","embeddable":true,"href":"https:\/\/asura.lv\/et\/wp-json\/wp\/v2\/product_cat?post=37347"},{"taxonomy":"product_tag","embeddable":true,"href":"https:\/\/asura.lv\/et\/wp-json\/wp\/v2\/product_tag?post=37347"}],"curies":[{"name":"wp","href":"https:\/\/api.w.org\/{rel}","templated":true}]}}