{"id":37371,"date":"2025-11-28T21:08:57","date_gmt":"2025-11-28T21:08:57","guid":{"rendered":"https:\/\/asura.lv\/product\/propeller-stabilizers-sunnylife-for-dji-air-3-orange-a3-sj663-c\/"},"modified":"2025-12-12T14:57:11","modified_gmt":"2025-12-12T12:57:11","slug":"propeller-stabilizers-sunnylife-for-dji-air-3-orange-a3-sj663-c","status":"publish","type":"product","link":"https:\/\/asura.lv\/et\/toode\/propeller-stabilizers-sunnylife-for-dji-air-3-orange-a3-sj663-c\/","title":{"rendered":"Sunnylife propelleri stabilisaatorid DJI Air 3 droonile &#8211; oran\u017eid (A3-SJ663-C)"},"content":{"rendered":"<h3>Sunnylife propellerilukk DJI Air 3 jaoks (oran\u017e, A3-SJ663-C)<\/h3>\n<p>Kaitse oma DJI Air 3 usaldusv\u00e4\u00e4rse Sunnylife propellerilukuga. Lisatarviku uuenduslik kokkupandav disain sobib ideaalselt drooni disainiga, tagades, et propellerid on \u00f5iges asendis kinnitatud ilma t\u00e4iendavat survet avaldamata. Toode kaitseb mitte ainult teie s\u00f5rmi drooni juhtimise ajal l\u00f5ikehaavade eest, vaid ka seadme alumist k\u00fclge ja selle n\u00e4gemiss\u00fcsteemi. Samal ajal on see p\u00f5rutus- ja tolmukindel ning silikoonmaterjal v\u00f5imaldab v\u00e4listada Air 3 \u00f5rnade osade kriimustamise ohu. Lisatarviku paigaldamine ei tekita teile mingeid raskusi. Lisaks saate lukku koos drooniga ohutult hoida spetsiaalsetes Sunnylife kottides, sealhulgas B658, B659, B660 ja AQX-10\/AQX-11 turva\u00fcmbristes, et nautida transportimise ajal igak\u00fclgset kaitset. <\/p>\n<p><img decoding=\"async\" src=\"https:\/\/b2b.innpro.pl\/data\/include\/cms\/Sunnylife\/A3-SJ663-C\/3.jpg\" alt=\"Sunnylife\/A3-SJ663-C\/1\"><\/p>\n<div class=\"table-wrapper\">\n<table>\n<tbody>\n<tr>\n<th>Tootja<\/th>\n<td>Sunnylife<\/td>\n<\/tr>\n<tr>\n<th>Mudel<\/th>\n<td>A3-SJ663-C<\/td>\n<\/tr>\n<tr>\n<th>\u00dchilduvus<\/th>\n<td>DJI Air 3<\/td>\n<\/tr>\n<tr>\n<th>Materjal<\/th>\n<td>plastik + silikoon<\/td>\n<\/tr>\n<tr>\n<th>Netokaal<\/th>\n<td>34 g<\/td>\n<\/tr>\n<tr>\n<th>V\u00e4rv<\/th>\n<td>oran\u017e<\/td>\n<\/tr>\n<\/tbody>\n<\/table>\n<\/div>\n","protected":false},"excerpt":{"rendered":"<p>Sunnylife propellerilukk DJI Air 3 jaoks (oran\u017e, A3-SJ663-C) Kaitse oma DJI Air 3 usaldusv\u00e4\u00e4rse Sunnylife propellerilukuga. Lisatarviku uuenduslik kokkupandav disain sobib ideaalselt drooni disainiga, tagades, et propellerid on \u00f5iges asendis kinnitatud ilma t\u00e4iendavat survet avaldamata. Toode kaitseb mitte ainult teie s\u00f5rmi drooni juhtimise ajal l\u00f5ikehaavade eest, vaid ka seadme alumist k\u00fclge ja selle n\u00e4gemiss\u00fcsteemi. Samal [&#8230;]\n","protected":false},"featured_media":37372,"comment_status":"open","ping_status":"closed","template":"","meta":[],"product_brand":[432],"product_cat":[1026],"product_tag":[],"class_list":{"0":"post-37371","1":"product","2":"type-product","3":"status-publish","4":"has-post-thumbnail","6":"product_brand-sunnylife","7":"product_cat-dji","9":"first","10":"outofstock","11":"taxable","12":"shipping-taxable","13":"purchasable","14":"product-type-simple"},"aioseo_notices":[],"_links":{"self":[{"href":"https:\/\/asura.lv\/et\/wp-json\/wp\/v2\/product\/37371","targetHints":{"allow":["GET"]}}],"collection":[{"href":"https:\/\/asura.lv\/et\/wp-json\/wp\/v2\/product"}],"about":[{"href":"https:\/\/asura.lv\/et\/wp-json\/wp\/v2\/types\/product"}],"replies":[{"embeddable":true,"href":"https:\/\/asura.lv\/et\/wp-json\/wp\/v2\/comments?post=37371"}],"wp:featuredmedia":[{"embeddable":true,"href":"https:\/\/asura.lv\/et\/wp-json\/wp\/v2\/media\/37372"}],"wp:attachment":[{"href":"https:\/\/asura.lv\/et\/wp-json\/wp\/v2\/media?parent=37371"}],"wp:term":[{"taxonomy":"product_brand","embeddable":true,"href":"https:\/\/asura.lv\/et\/wp-json\/wp\/v2\/product_brand?post=37371"},{"taxonomy":"product_cat","embeddable":true,"href":"https:\/\/asura.lv\/et\/wp-json\/wp\/v2\/product_cat?post=37371"},{"taxonomy":"product_tag","embeddable":true,"href":"https:\/\/asura.lv\/et\/wp-json\/wp\/v2\/product_tag?post=37371"}],"curies":[{"name":"wp","href":"https:\/\/api.w.org\/{rel}","templated":true}]}}