{"id":37413,"date":"2025-11-28T21:08:52","date_gmt":"2025-11-28T21:08:52","guid":{"rendered":"https:\/\/asura.lv\/product\/torras-phone-case-sparka-for-iphone-15-transparent\/"},"modified":"2025-12-12T14:57:06","modified_gmt":"2025-12-12T12:57:06","slug":"torras-phone-case-sparka-for-iphone-15-transparent","status":"publish","type":"product","link":"https:\/\/asura.lv\/et\/toode\/torras-phone-case-sparka-for-iphone-15-transparent\/","title":{"rendered":"Torras telefoni\u00fcmbris Sparka iPhone 15 jaoks (l\u00e4bipaistev)"},"content":{"rendered":"<h3>Torras Sparki \u00fcmbris iPhone 15-le (l\u00e4bipaistev)<\/h3>\n<p>\u00dcmbris on disainitud iPhone 15 jaoks ja t\u00e4nu \u00f5hukesele disainile v\u00f5imaldab see kiiret ja mugavat juhtmevaba laadimist. Lisaks kaitseb see t\u00e4nu t\u00f5stetud servadele nii ekraani kui ka kaamera objektiivi kriimustuste ja pragunemise eest. Pealegi ei kolletu see aja jooksul ja v\u00f5imaldab nuppe mugavalt kasutada. See \u00fchildub ka k\u00f5igi Magsafe&#8217;i lisatarvikutega.<\/p>\n<p><img decoding=\"async\" src=\"https:\/\/b2b.innpro.pl\/data\/include\/cms\/Torras\/Sparka-iPhone-15\/7.jpg\" alt=\"Torras\/Sparka-iPhone-15\/7\"><\/p>\n<h3>Vastupidav disain t\u00f5husa kaitse tagamiseks<\/h3>\n<p>\u00dcmbris on varustatud 38 magnetiga koguj\u00f5uga 18 N, mis muudab selle 5 korda stabiilsemaks kui teised sarnased tooted. Magnetiline r\u00f5ngas lihtsustab induktsioonlaadimist v\u00f5i iPhone&#8217;i autohoidikule kinnitamist. Lisaks v\u00e4hendab see kukkumise ajal kahjustuste ohtu 98%. <\/p>\n<p><img decoding=\"async\" src=\"https:\/\/b2b.innpro.pl\/data\/include\/cms\/Torras\/Sparka-iPhone-15\/4.jpg\" alt=\"Torras\/Sparka-iPhone-15\/4\"><\/p>\n<div class=\"table-wrapper\">\n<table>\n<tbody>\n<tr>\n<th>Tootja<\/th>\n<td>Torras<\/td>\n<\/tr>\n<tr>\n<th>Mudel<\/th>\n<td>Sparka<\/td>\n<\/tr>\n<tr>\n<th>V\u00e4rv<\/th>\n<td>l\u00e4bipaistev<\/td>\n<\/tr>\n<tr>\n<th>\u00dchilduvus<\/th>\n<td>iPhone 15<\/td>\n<\/tr>\n<\/tbody>\n<\/table>\n<\/div>\n","protected":false},"excerpt":{"rendered":"<p>Torras Sparki \u00fcmbris iPhone 15-le (l\u00e4bipaistev) \u00dcmbris on disainitud iPhone 15 jaoks ja t\u00e4nu \u00f5hukesele disainile v\u00f5imaldab see kiiret ja mugavat juhtmevaba laadimist. Lisaks kaitseb see t\u00e4nu t\u00f5stetud servadele nii ekraani kui ka kaamera objektiivi kriimustuste ja pragunemise eest. Pealegi ei kolletu see aja jooksul ja v\u00f5imaldab nuppe mugavalt kasutada. See \u00fchildub ka k\u00f5igi Magsafe&#8217;i [&#8230;]\n","protected":false},"featured_media":37414,"comment_status":"open","ping_status":"closed","template":"","meta":[],"product_brand":[538],"product_cat":[1248],"product_tag":[],"class_list":{"0":"post-37413","1":"product","2":"type-product","3":"status-publish","4":"has-post-thumbnail","6":"product_brand-torras","7":"product_cat-protective-cases-for-smartphones-cases-gsm-accessories","9":"first","10":"outofstock","11":"taxable","12":"shipping-taxable","13":"purchasable","14":"product-type-simple"},"aioseo_notices":[],"_links":{"self":[{"href":"https:\/\/asura.lv\/et\/wp-json\/wp\/v2\/product\/37413","targetHints":{"allow":["GET"]}}],"collection":[{"href":"https:\/\/asura.lv\/et\/wp-json\/wp\/v2\/product"}],"about":[{"href":"https:\/\/asura.lv\/et\/wp-json\/wp\/v2\/types\/product"}],"replies":[{"embeddable":true,"href":"https:\/\/asura.lv\/et\/wp-json\/wp\/v2\/comments?post=37413"}],"wp:featuredmedia":[{"embeddable":true,"href":"https:\/\/asura.lv\/et\/wp-json\/wp\/v2\/media\/37414"}],"wp:attachment":[{"href":"https:\/\/asura.lv\/et\/wp-json\/wp\/v2\/media?parent=37413"}],"wp:term":[{"taxonomy":"product_brand","embeddable":true,"href":"https:\/\/asura.lv\/et\/wp-json\/wp\/v2\/product_brand?post=37413"},{"taxonomy":"product_cat","embeddable":true,"href":"https:\/\/asura.lv\/et\/wp-json\/wp\/v2\/product_cat?post=37413"},{"taxonomy":"product_tag","embeddable":true,"href":"https:\/\/asura.lv\/et\/wp-json\/wp\/v2\/product_tag?post=37413"}],"curies":[{"name":"wp","href":"https:\/\/api.w.org\/{rel}","templated":true}]}}