{"id":37431,"date":"2025-11-28T21:08:51","date_gmt":"2025-11-28T21:08:51","guid":{"rendered":"https:\/\/asura.lv\/product\/torras-phone-case-auqanova-for-iphone-15-transparent\/"},"modified":"2025-12-12T14:57:05","modified_gmt":"2025-12-12T12:57:05","slug":"torras-phone-case-auqanova-for-iphone-15-transparent","status":"publish","type":"product","link":"https:\/\/asura.lv\/et\/toode\/torras-phone-case-auqanova-for-iphone-15-transparent\/","title":{"rendered":"Torras telefoni\u00fcmbris Auqanova iPhone 15 jaoks (l\u00e4bipaistev)"},"content":{"rendered":"<h3>Torras Auqanova \u00fcmbris iPhone 15-le (l\u00e4bipaistev)<\/h3>\n<p>Veendu, et sinu iPhone 15 oleks korralikult kaitstud. Toode kaitseb sinu nutitelefoni t\u00f5husalt kahjustuste eest \u2013 see kaitseb ka objektiivi ja ekraani. See paistab silma ka k\u00f5igest 0,06-tollise paksusega, nii et saate oma seadet mugavalt juhtmevabalt laadida. Lisaks muudavad \u00fcmarad servad iPhone&#8217;i kasutamise lihtsamaks.<\/p>\n<p><img decoding=\"async\" src=\"https:\/\/b2b.innpro.pl\/data\/include\/cms\/Torras\/AuqanovaPro\/5.jpg\" alt=\"Torras\/AuqanovaPro\/5\"><\/p>\n<h3>Teie iPhone&#8217;i turvalisuse tagamiseks<\/h3>\n<p>\u00dcmbris on valmistatud vastupidavast DE Bayeri silikoonist, seega see ei kolletu aja jooksul ja on kahjustustele vastupidav. Lisaks on servad veelgi k\u00f5rgemad ja tugevdatud ning toimivad \u00f5hkpadjana, mis absorbeerib kuni 99,9% kukkumistest. Need kaitsevad t\u00f5husalt ka iPhone 15 ekraani ja objektiivi \u2013 Torras Auqanovaga on teie seade t\u00e4iesti ohutu.<\/p>\n<p><img decoding=\"async\" src=\"https:\/\/b2b.innpro.pl\/data\/include\/cms\/Torras\/AuqanovaPro\/4.jpg\" alt=\"Torras\/AuqanovaPro\/4\"><\/p>\n<div class=\"table-wrapper\">\n<table>\n<tbody>\n<tr>\n<th>Tootja<\/th>\n<td>Torras<\/td>\n<\/tr>\n<tr>\n<th>Mudel<\/th>\n<td>Auqanova iPhone 15<\/td>\n<\/tr>\n<tr>\n<th>V\u00e4rv<\/th>\n<td>l\u00e4bipaistev<\/td>\n<\/tr>\n<tr>\n<th>Materjal<\/th>\n<td>silikoon<\/td>\n<\/tr>\n<tr>\n<th>Paksus<\/th>\n<td>1.5&#8243;<\/td>\n<\/tr>\n<tr>\n<th>\u00dchilduvus<\/th>\n<td>iPhone 15<\/td>\n<\/tr>\n<\/tbody>\n<\/table>\n<\/div>\n","protected":false},"excerpt":{"rendered":"<p>Torras Auqanova \u00fcmbris iPhone 15-le (l\u00e4bipaistev) Veendu, et sinu iPhone 15 oleks korralikult kaitstud. Toode kaitseb sinu nutitelefoni t\u00f5husalt kahjustuste eest \u2013 see kaitseb ka objektiivi ja ekraani. See paistab silma ka k\u00f5igest 0,06-tollise paksusega, nii et saate oma seadet mugavalt juhtmevabalt laadida. Lisaks muudavad \u00fcmarad servad iPhone&#8217;i kasutamise lihtsamaks. Teie iPhone&#8217;i turvalisuse tagamiseks \u00dcmbris [&#8230;]\n","protected":false},"featured_media":37432,"comment_status":"open","ping_status":"closed","template":"","meta":[],"product_brand":[538],"product_cat":[1248],"product_tag":[],"class_list":{"0":"post-37431","1":"product","2":"type-product","3":"status-publish","4":"has-post-thumbnail","6":"product_brand-torras","7":"product_cat-protective-cases-for-smartphones-cases-gsm-accessories","9":"first","10":"outofstock","11":"taxable","12":"shipping-taxable","13":"purchasable","14":"product-type-simple"},"aioseo_notices":[],"_links":{"self":[{"href":"https:\/\/asura.lv\/et\/wp-json\/wp\/v2\/product\/37431","targetHints":{"allow":["GET"]}}],"collection":[{"href":"https:\/\/asura.lv\/et\/wp-json\/wp\/v2\/product"}],"about":[{"href":"https:\/\/asura.lv\/et\/wp-json\/wp\/v2\/types\/product"}],"replies":[{"embeddable":true,"href":"https:\/\/asura.lv\/et\/wp-json\/wp\/v2\/comments?post=37431"}],"wp:featuredmedia":[{"embeddable":true,"href":"https:\/\/asura.lv\/et\/wp-json\/wp\/v2\/media\/37432"}],"wp:attachment":[{"href":"https:\/\/asura.lv\/et\/wp-json\/wp\/v2\/media?parent=37431"}],"wp:term":[{"taxonomy":"product_brand","embeddable":true,"href":"https:\/\/asura.lv\/et\/wp-json\/wp\/v2\/product_brand?post=37431"},{"taxonomy":"product_cat","embeddable":true,"href":"https:\/\/asura.lv\/et\/wp-json\/wp\/v2\/product_cat?post=37431"},{"taxonomy":"product_tag","embeddable":true,"href":"https:\/\/asura.lv\/et\/wp-json\/wp\/v2\/product_tag?post=37431"}],"curies":[{"name":"wp","href":"https:\/\/api.w.org\/{rel}","templated":true}]}}