{"id":37437,"date":"2025-11-28T21:08:50","date_gmt":"2025-11-28T21:08:50","guid":{"rendered":"https:\/\/asura.lv\/product\/torras-phone-case-diamond-clear-for-iphone-15-pro-transparent\/"},"modified":"2025-12-12T14:57:01","modified_gmt":"2025-12-12T12:57:01","slug":"torras-phone-case-diamond-clear-for-iphone-15-pro-transparent","status":"publish","type":"product","link":"https:\/\/asura.lv\/et\/toode\/torras-phone-case-diamond-clear-for-iphone-15-pro-transparent\/","title":{"rendered":"Torras telefoni\u00fcmbris Diamond Clear iPhone 15 PRO jaoks (l\u00e4bipaistev)"},"content":{"rendered":"<h3>Torras Diamond Clear \u00fcmbris iPhone 15 Pro-le (l\u00e4bipaistev)<\/h3>\n<p>Torras Diamond Clear \u00fcmbris pakub teie iPhone 15 Pro-le igak\u00fclgset kaitset. See koosneb kolmest kihist, mis tagab suure vastupidavuse kahjustustele. Lisaks v\u00f5imaldab see teil nuppe mugavalt kasutada ning t\u00e4nu 0,04-tollisele paksusele disainile saate oma seadet edukalt induktiivselt laadida ja magnetilisi k\u00e4epidemeid kasutada. \u00dcmbrisel on ka tugevad magnetid ja see on kollasusekindel.<\/p>\n<p><img decoding=\"async\" src=\"https:\/\/b2b.innpro.pl\/data\/include\/cms\/Torras\/DIAMOND-CLEAR-PRO\/1.jpg\" alt=\"Torras\/DIAMOND-CLEAR-PRO\/1\"><\/p>\n<h3>T\u00e4iustatud kaitse<\/h3>\n<p>\u00dcmbris koosneb kolmest kihist, mis kaitsevad teie iPhone&#8217;i kahjustuste ja kukkumiste eest. Lisaks on \u00fcmbrise servad veelgi k\u00f5rgemad, et kaitsta objektiivi ja ekraani. Lisaks kaitseb pol\u00fcmeerkate \u00fcmbrist p\u00e4ikesevalguse, vee ja s\u00f5rmej\u00e4lgede eest. Seet\u00f5ttu ei kolletu toode aja jooksul.<\/p>\n<p><img decoding=\"async\" src=\"https:\/\/b2b.innpro.pl\/data\/include\/cms\/Torras\/DIAMOND-CLEAR-PRO\/6.jpg\" alt=\"Torras\/DIAMOND-CLEAR-PRO\/6\"><\/p>\n<h3>Magnetiline r\u00f5ngas<\/h3>\n<p>\u00dcmbris on varustatud 38 magnetiga, mille koguj\u00f5ud on 18 N, mis tagab enneolematu stabiilsuse. Nii saate oma iPhone&#8217;i h\u00f5lpsalt juhtmevabalt laadida v\u00f5i kasutada magnetilisi kinnitusi. <\/p>\n<p><img decoding=\"async\" src=\"https:\/\/b2b.innpro.pl\/data\/include\/cms\/Torras\/DIAMOND-CLEAR-PRO\/3.jpg\" alt=\"Torras\/DIAMOND-CLEAR-PRO\/3\"><\/p>\n<div class=\"table-wrapper\">\n<table>\n<tbody>\n<tr>\n<th>Tootja<\/th>\n<td>Torras<\/td>\n<\/tr>\n<tr>\n<th>Mudel<\/th>\n<td>Diamond Clear-Pro<\/td>\n<\/tr>\n<tr>\n<th>V\u00e4rv<\/th>\n<td>l\u00e4bipaistev<\/td>\n<\/tr>\n<tr>\n<th>Paksus<\/th>\n<td>0,04&#8243;<\/td>\n<\/tr>\n<tr>\n<th>\u00dchilduvus<\/th>\n<td>iPhone 15 Pro<\/td>\n<\/tr>\n<\/tbody>\n<\/table>\n<\/div>\n","protected":false},"excerpt":{"rendered":"<p>Torras Diamond Clear \u00fcmbris iPhone 15 Pro-le (l\u00e4bipaistev) Torras Diamond Clear \u00fcmbris pakub teie iPhone 15 Pro-le igak\u00fclgset kaitset. See koosneb kolmest kihist, mis tagab suure vastupidavuse kahjustustele. Lisaks v\u00f5imaldab see teil nuppe mugavalt kasutada ning t\u00e4nu 0,04-tollisele paksusele disainile saate oma seadet edukalt induktiivselt laadida ja magnetilisi k\u00e4epidemeid kasutada. \u00dcmbrisel on ka tugevad magnetid [&#8230;]\n","protected":false},"featured_media":37438,"comment_status":"open","ping_status":"closed","template":"","meta":[],"product_brand":[538],"product_cat":[1248],"product_tag":[],"class_list":{"0":"post-37437","1":"product","2":"type-product","3":"status-publish","4":"has-post-thumbnail","6":"product_brand-torras","7":"product_cat-protective-cases-for-smartphones-cases-gsm-accessories","9":"first","10":"outofstock","11":"taxable","12":"shipping-taxable","13":"purchasable","14":"product-type-simple"},"aioseo_notices":[],"_links":{"self":[{"href":"https:\/\/asura.lv\/et\/wp-json\/wp\/v2\/product\/37437","targetHints":{"allow":["GET"]}}],"collection":[{"href":"https:\/\/asura.lv\/et\/wp-json\/wp\/v2\/product"}],"about":[{"href":"https:\/\/asura.lv\/et\/wp-json\/wp\/v2\/types\/product"}],"replies":[{"embeddable":true,"href":"https:\/\/asura.lv\/et\/wp-json\/wp\/v2\/comments?post=37437"}],"wp:featuredmedia":[{"embeddable":true,"href":"https:\/\/asura.lv\/et\/wp-json\/wp\/v2\/media\/37438"}],"wp:attachment":[{"href":"https:\/\/asura.lv\/et\/wp-json\/wp\/v2\/media?parent=37437"}],"wp:term":[{"taxonomy":"product_brand","embeddable":true,"href":"https:\/\/asura.lv\/et\/wp-json\/wp\/v2\/product_brand?post=37437"},{"taxonomy":"product_cat","embeddable":true,"href":"https:\/\/asura.lv\/et\/wp-json\/wp\/v2\/product_cat?post=37437"},{"taxonomy":"product_tag","embeddable":true,"href":"https:\/\/asura.lv\/et\/wp-json\/wp\/v2\/product_tag?post=37437"}],"curies":[{"name":"wp","href":"https:\/\/api.w.org\/{rel}","templated":true}]}}