{"id":37491,"date":"2025-11-28T21:08:46","date_gmt":"2025-11-28T21:08:46","guid":{"rendered":"https:\/\/asura.lv\/product\/torras-phone-case-originfit-mag-for-iphone-15-pro-black\/"},"modified":"2025-12-12T14:56:57","modified_gmt":"2025-12-12T12:56:57","slug":"torras-phone-case-originfit-mag-for-iphone-15-pro-black","status":"publish","type":"product","link":"https:\/\/asura.lv\/et\/toode\/torras-phone-case-originfit-mag-for-iphone-15-pro-black\/","title":{"rendered":"Torras telefoni\u00fcmbris OriginFit-Mag iPhone 15 PRO-le (must)"},"content":{"rendered":"<h3>Torras OriginFit-Mag \u00fcmbris iPhone 15 Pro jaoks (must)<\/h3>\n<p>Kaitse oma nutitelefoni kvaliteetse Torras OriginFit-Mag \u00fcmbrisega. See toode paistab silma muljetavaldava magnetilise tugevuse, laia \u00fchilduvuse MagSafe&#8217;i lisatarvikutega ja tugeva konstruktsiooniga. T\u00e4nu l\u00e4bim\u00f5eldud lahendustele pakub see seadmele kaitset kukkumiste korral.<\/p>\n<p><img decoding=\"async\" src=\"https:\/\/b2b.innpro.pl\/data\/include\/cms\/Torras\/ORIGINFIT-PRO\/1.jpg\" alt=\"Torras\/ORIGINFIT-PRO\/1\"><\/p>\n<h3>\u00dcli\u00f5huke disain<\/h3>\n<p>OriginFit-Mag \u00fcmbrist iseloomustab selle \u00f5huke pind \u2013 see on vaid 0,03 tolli paksune, mist\u00f5ttu on see seadmel peaaegu m\u00e4rkamatu. Lisatarvik ei ole ka \u00fcleliigne koorem ning Soft-touch tehnoloogia kasutamine on pakkunud mugavust telefoni k\u00e4es hoides ja suurendanud libisemiskindlust 20%.<\/p>\n<p><img decoding=\"async\" src=\"https:\/\/b2b.innpro.pl\/data\/include\/cms\/Torras\/ORIGINFIT-PRO\/5.jpg\" alt=\"Torras\/ORIGINFIT-PRO\/5\"><\/p>\n<h3>Suur magnetiline tugevus<\/h3>\n<p>19 N magnetiline j\u00f5ud tagab magnetiliste tarvikute usaldusv\u00e4\u00e4rse kinnituse. \u00dcmbris kasutab Halbachi ja N56 magneteid, mis pakuvad kuni 120% suuremat stabiilsust kui sarnased tooted ja v\u00f5imaldavad mugavat juhtmevaba laadimist.<\/p>\n<p><img decoding=\"async\" src=\"https:\/\/b2b.innpro.pl\/data\/include\/cms\/Torras\/ORIGINFIT-PRO\/6.jpg\" alt=\"Torras\/ORIGINFIT-PRO\/6\"><\/p>\n<h3>T\u00e4iustatud kaitse<\/h3>\n<p>T\u00e4iustatud X-shock 4.0 tehnoloogia neelab l\u00f6\u00f6ke ning tugevdatud nurgad ja k\u00f5rgendatud servad kaitsevad telefoni ekraani ja kaamerat kriimustuste ja pragude eest. Lisaks suurendab Bayeri materjal veelgi l\u00f6\u00f6gikindlust. K\u00f5ik teie telefoni eest hoolitsemiseks!<\/p>\n<p><img decoding=\"async\" src=\"https:\/\/b2b.innpro.pl\/data\/include\/cms\/Torras\/ORIGINFIT-PRO\/2.jpg\" alt=\"Torras\/ORIGINFIT-PRO\/2\"><\/p>\n<div class=\"table-wrapper\">\n<table>\n<tbody>\n<tr>\n<th>Tootja<\/th>\n<td>Torras<\/td>\n<\/tr>\n<tr>\n<th>Mudel<\/th>\n<td>OriginFit-Mag<\/td>\n<\/tr>\n<tr>\n<th>\u00dchilduvus<\/th>\n<td>iPhone 15 Pro<\/td>\n<\/tr>\n<tr>\n<th>V\u00e4rv<\/th>\n<td>Must<\/td>\n<\/tr>\n<\/tbody>\n<\/table>\n<\/div>\n","protected":false},"excerpt":{"rendered":"<p>Torras OriginFit-Mag \u00fcmbris iPhone 15 Pro jaoks (must) Kaitse oma nutitelefoni kvaliteetse Torras OriginFit-Mag \u00fcmbrisega. See toode paistab silma muljetavaldava magnetilise tugevuse, laia \u00fchilduvuse MagSafe&#8217;i lisatarvikutega ja tugeva konstruktsiooniga. T\u00e4nu l\u00e4bim\u00f5eldud lahendustele pakub see seadmele kaitset kukkumiste korral. \u00dcli\u00f5huke disain OriginFit-Mag \u00fcmbrist iseloomustab selle \u00f5huke pind \u2013 see on vaid 0,03 tolli paksune, mist\u00f5ttu on [&#8230;]\n","protected":false},"featured_media":37492,"comment_status":"open","ping_status":"closed","template":"","meta":[],"product_brand":[538],"product_cat":[1248],"product_tag":[],"class_list":{"0":"post-37491","1":"product","2":"type-product","3":"status-publish","4":"has-post-thumbnail","6":"product_brand-torras","7":"product_cat-protective-cases-for-smartphones-cases-gsm-accessories","9":"first","10":"outofstock","11":"taxable","12":"shipping-taxable","13":"purchasable","14":"product-type-simple"},"aioseo_notices":[],"_links":{"self":[{"href":"https:\/\/asura.lv\/et\/wp-json\/wp\/v2\/product\/37491","targetHints":{"allow":["GET"]}}],"collection":[{"href":"https:\/\/asura.lv\/et\/wp-json\/wp\/v2\/product"}],"about":[{"href":"https:\/\/asura.lv\/et\/wp-json\/wp\/v2\/types\/product"}],"replies":[{"embeddable":true,"href":"https:\/\/asura.lv\/et\/wp-json\/wp\/v2\/comments?post=37491"}],"wp:featuredmedia":[{"embeddable":true,"href":"https:\/\/asura.lv\/et\/wp-json\/wp\/v2\/media\/37492"}],"wp:attachment":[{"href":"https:\/\/asura.lv\/et\/wp-json\/wp\/v2\/media?parent=37491"}],"wp:term":[{"taxonomy":"product_brand","embeddable":true,"href":"https:\/\/asura.lv\/et\/wp-json\/wp\/v2\/product_brand?post=37491"},{"taxonomy":"product_cat","embeddable":true,"href":"https:\/\/asura.lv\/et\/wp-json\/wp\/v2\/product_cat?post=37491"},{"taxonomy":"product_tag","embeddable":true,"href":"https:\/\/asura.lv\/et\/wp-json\/wp\/v2\/product_tag?post=37491"}],"curies":[{"name":"wp","href":"https:\/\/api.w.org\/{rel}","templated":true}]}}