{"id":37497,"date":"2025-11-28T21:08:46","date_gmt":"2025-11-28T21:08:46","guid":{"rendered":"https:\/\/asura.lv\/product\/torras-phone-case-upro-pstand-for-iphone-15-transparent\/"},"modified":"2025-12-12T14:56:57","modified_gmt":"2025-12-12T12:56:57","slug":"torras-phone-case-upro-pstand-for-iphone-15-transparent","status":"publish","type":"product","link":"https:\/\/asura.lv\/et\/toode\/torras-phone-case-upro-pstand-for-iphone-15-transparent\/","title":{"rendered":"Torras telefoni\u00fcmbris UPRO Pstand iPhone 15 jaoks (l\u00e4bipaistev)"},"content":{"rendered":"<h3>Torras UPRO Pstand \u00fcmbris iPhone 15-le (l\u00e4bipaistev)<\/h3>\n<p>Torras UPRO Pstand \u00fcmbris pakub teie nutitelefonile maksimaalset kaitset, parandades samal ajal selle funktsionaalsust. Samuti on sellel praktiline sisset\u00f5mmatav alus ja magnetilise konstruktsiooniga juhtmevaba laadimine.<\/p>\n<p><img decoding=\"async\" src=\"https:\/\/b2b.innpro.pl\/data\/include\/cms\/Torras\/UPRO-TRANSPARENT-15\/5.jpg\" alt=\"Torras\/UPRO-TRANSPARENT-15\/5\"><\/p>\n<h3>Teie telefoni kaitsmine<\/h3>\n<p>Vastupidava konstruktsiooni, PC-materjali, X-shock\u00ae s\u00fcsteemi, \u00f5hkpatjade ja mitmekihilise disainiga kaitseb Torrase \u00fcmbris teie nutitelefoni kriimustuste, l\u00f6\u00f6kide ja kukkumiste eest. N\u00fc\u00fcd saate oma telefoni rahuliku s\u00fcdamega kasutada igas kohas, muretsemata selle ohutuse p\u00e4rast.<\/p>\n<p><img decoding=\"async\" src=\"https:\/\/b2b.innpro.pl\/data\/include\/cms\/Torras\/UPRO-TRANSPARENT-15\/1.jpg\" alt=\"Torras\/UPRO-TRANSPARENT-15\/1\"><\/p>\n<h3>Magnetiline Konstruktsioon<\/h3>\n<p>HablbachMagnet Array magnets\u00fcsteem v\u00f5imaldab kiiret laadimist ja tagab stabiilsuse. \u00dcmbris sobib laialdaselt magnetiliste autohoidikute ja erinevate lisatarvikutega, sh laadijate ja rahakottidega.<\/p>\n<p><img decoding=\"async\" src=\"https:\/\/b2b.innpro.pl\/data\/include\/cms\/Torras\/UPRO-TRANSPARENT-15\/3.jpg\" alt=\"Torras\/UPRO-TRANSPARENT-15\/3\"><\/p>\n<h3>Praktiline alus<\/h3>\n<p>\u00dcmbrisega on kaasas sisset\u00f5mmatav alus, mis v\u00f5imaldab mugavat videote vaatamist v\u00f5i videok\u00f5nesid \u2013 pole vaja enam randmeid seadme hoidmisega pingutada!<\/p>\n<p><img decoding=\"async\" src=\"https:\/\/b2b.innpro.pl\/data\/include\/cms\/Torras\/UPRO-TRANSPARENT-15\/6.jpg\" alt=\"Torras\/UPRO-TRANSPARENT-15\/6\"><\/p>\n<div class=\"table-wrapper\">\n<table>\n<tbody>\n<tr>\n<th>Tootja<\/th>\n<td>Torras<\/td>\n<\/tr>\n<tr>\n<th>Mudel<\/th>\n<td>UPRO Pstand<\/td>\n<\/tr>\n<tr>\n<th>\u00dchilduvus<\/th>\n<td>iPhone 15 <\/td>\n<\/tr>\n<tr>\n<th>V\u00e4rv <\/th>\n<td>L\u00e4bipaistev<\/td>\n<\/tr>\n<\/tbody>\n<\/table>\n<\/div>\n","protected":false},"excerpt":{"rendered":"<p>Torras UPRO Pstand \u00fcmbris iPhone 15-le (l\u00e4bipaistev) Torras UPRO Pstand \u00fcmbris pakub teie nutitelefonile maksimaalset kaitset, parandades samal ajal selle funktsionaalsust. Samuti on sellel praktiline sisset\u00f5mmatav alus ja magnetilise konstruktsiooniga juhtmevaba laadimine. Teie telefoni kaitsmine Vastupidava konstruktsiooni, PC-materjali, X-shock\u00ae s\u00fcsteemi, \u00f5hkpatjade ja mitmekihilise disainiga kaitseb Torrase \u00fcmbris teie nutitelefoni kriimustuste, l\u00f6\u00f6kide ja kukkumiste eest. N\u00fc\u00fcd [&#8230;]\n","protected":false},"featured_media":37498,"comment_status":"open","ping_status":"closed","template":"","meta":[],"product_brand":[538],"product_cat":[1248],"product_tag":[],"class_list":{"0":"post-37497","1":"product","2":"type-product","3":"status-publish","4":"has-post-thumbnail","6":"product_brand-torras","7":"product_cat-protective-cases-for-smartphones-cases-gsm-accessories","9":"first","10":"outofstock","11":"taxable","12":"shipping-taxable","13":"purchasable","14":"product-type-simple"},"aioseo_notices":[],"_links":{"self":[{"href":"https:\/\/asura.lv\/et\/wp-json\/wp\/v2\/product\/37497","targetHints":{"allow":["GET"]}}],"collection":[{"href":"https:\/\/asura.lv\/et\/wp-json\/wp\/v2\/product"}],"about":[{"href":"https:\/\/asura.lv\/et\/wp-json\/wp\/v2\/types\/product"}],"replies":[{"embeddable":true,"href":"https:\/\/asura.lv\/et\/wp-json\/wp\/v2\/comments?post=37497"}],"wp:featuredmedia":[{"embeddable":true,"href":"https:\/\/asura.lv\/et\/wp-json\/wp\/v2\/media\/37498"}],"wp:attachment":[{"href":"https:\/\/asura.lv\/et\/wp-json\/wp\/v2\/media?parent=37497"}],"wp:term":[{"taxonomy":"product_brand","embeddable":true,"href":"https:\/\/asura.lv\/et\/wp-json\/wp\/v2\/product_brand?post=37497"},{"taxonomy":"product_cat","embeddable":true,"href":"https:\/\/asura.lv\/et\/wp-json\/wp\/v2\/product_cat?post=37497"},{"taxonomy":"product_tag","embeddable":true,"href":"https:\/\/asura.lv\/et\/wp-json\/wp\/v2\/product_tag?post=37497"}],"curies":[{"name":"wp","href":"https:\/\/api.w.org\/{rel}","templated":true}]}}