{"id":37509,"date":"2025-11-28T21:08:45","date_gmt":"2025-11-28T21:08:45","guid":{"rendered":"https:\/\/asura.lv\/product\/torras-phone-case-diamond-clear-mag-for-iphone-15-pro-transparent\/"},"modified":"2025-12-12T14:56:56","modified_gmt":"2025-12-12T12:56:56","slug":"torras-phone-case-diamond-clear-mag-for-iphone-15-pro-transparent","status":"publish","type":"product","link":"https:\/\/asura.lv\/et\/toode\/torras-phone-case-diamond-clear-mag-for-iphone-15-pro-transparent\/","title":{"rendered":"Torras telefoni\u00fcmbris Diamond Clear-Mag iPhone 15 PRO-le (l\u00e4bipaistev)"},"content":{"rendered":"<h3>Torras Diamond Clear-Mag \u00fcmbris iPhone 15 Pro-le (l\u00e4bipaistev)<\/h3>\n<p>Torras Ultra Clear Mag \u00fcmbris tagab t\u00e4iustatud kaitse. Selle satiinviimistlus on meeldiv puudutusele ja pehme raam h\u00f5lbustab haarduvust. Lisatarviku paksus on vaid 0,04 tolli, mis suurendab kasutusmugavust.<\/p>\n<p><img decoding=\"async\" src=\"https:\/\/b2b.innpro.pl\/data\/include\/cms\/Torras\/DIAMOND-CLEAR-PRO\/2.jpg\" alt=\"Torras\/DIAMOND-CLEAR-PRO\/2\"><\/p>\n<h3>S\u00f5jav\u00e4eklassi vastupidavus<\/h3>\n<p>Toode vastab s\u00f5jav\u00e4e kukkumiskindluse standarditele. P\u00f5hjalikku kaitset pakuvad sellised funktsioonid nagu \u00f5hkpadjad ja X-SHOCK\u2122 4.0 tehnoloogia rakendamine. Seet\u00f5ttu ei pea te oma nutitelefoni turvalisuse p\u00e4rast muretsema. SGS-sertifikaat kinnitab \u00fcmbrise tugevat konstruktsiooni.<\/p>\n<p><img decoding=\"async\" src=\"https:\/\/b2b.innpro.pl\/data\/include\/cms\/Torras\/DIAMOND-CLEAR-PRO\/6.jpg\" alt=\"Torras\/DIAMOND-CLEAR-PRO\/6\"><\/p>\n<h3>Magnetiline tugevus<\/h3>\n<p>Tugevad Halbachi magnetid v\u00f5imaldavad kiiret ja stabiilset kinnitust MagSafe&#8217;i lisatarvikutele, tagades ohutuse ja funktsionaalsuse. Seega saate oma nutitelefoni potentsiaali k\u00f5ikjal t\u00e4ielikult \u00e4ra kasutada.<\/p>\n<p><img decoding=\"async\" src=\"https:\/\/b2b.innpro.pl\/data\/include\/cms\/Torras\/DIAMOND-CLEAR-PRO\/4.jpg\" alt=\"Torras\/DIAMOND-CLEAR-PRO\/4\"><\/p>\n<h3>T\u00e4helepanu detailidele<\/h3>\n<p>Tugevdatud servad, 1,5-millimeetrine kaamerakaitse ja 1,2-millimeetrised ekraaniservad pakuvad nutitelefoni k\u00f5ige \u00f5rnematele osadele t\u00e4iendavat kaitset. Torrase \u00fcmbrisega v\u00f5ite olla kindel, et teie seade on t\u00e4iesti ohutu.<\/p>\n<p><img decoding=\"async\" src=\"https:\/\/b2b.innpro.pl\/data\/include\/cms\/Torras\/DIAMOND-CLEAR-PRO\/3.jpg\" alt=\"Torras\/DIAMOND-CLEAR-PRO\/3\"><\/p>\n<div class=\"table-wrapper\">\n<table>\n<tbody>\n<tr>\n<th>Tootja<\/th>\n<td>Torras<\/td>\n<\/tr>\n<tr>\n<th>Mudel<\/th>\n<td>Diamond Clear-Mag<\/td>\n<\/tr>\n<tr>\n<th>\u00dchilduvus<\/th>\n<td>iPhone 15 Pro<\/td>\n<\/tr>\n<tr>\n<th>V\u00e4rv<\/th>\n<td>L\u00e4bipaistev<\/td>\n<\/tr>\n<\/tbody>\n<\/table>\n<\/div>\n","protected":false},"excerpt":{"rendered":"<p>Torras Diamond Clear-Mag \u00fcmbris iPhone 15 Pro-le (l\u00e4bipaistev) Torras Ultra Clear Mag \u00fcmbris tagab t\u00e4iustatud kaitse. Selle satiinviimistlus on meeldiv puudutusele ja pehme raam h\u00f5lbustab haarduvust. Lisatarviku paksus on vaid 0,04 tolli, mis suurendab kasutusmugavust. S\u00f5jav\u00e4eklassi vastupidavus Toode vastab s\u00f5jav\u00e4e kukkumiskindluse standarditele. P\u00f5hjalikku kaitset pakuvad sellised funktsioonid nagu \u00f5hkpadjad ja X-SHOCK\u2122 4.0 tehnoloogia rakendamine. Seet\u00f5ttu [&#8230;]\n","protected":false},"featured_media":37510,"comment_status":"open","ping_status":"closed","template":"","meta":[],"product_brand":[538],"product_cat":[1248],"product_tag":[],"class_list":{"0":"post-37509","1":"product","2":"type-product","3":"status-publish","4":"has-post-thumbnail","6":"product_brand-torras","7":"product_cat-protective-cases-for-smartphones-cases-gsm-accessories","9":"first","10":"outofstock","11":"taxable","12":"shipping-taxable","13":"purchasable","14":"product-type-simple"},"aioseo_notices":[],"_links":{"self":[{"href":"https:\/\/asura.lv\/et\/wp-json\/wp\/v2\/product\/37509","targetHints":{"allow":["GET"]}}],"collection":[{"href":"https:\/\/asura.lv\/et\/wp-json\/wp\/v2\/product"}],"about":[{"href":"https:\/\/asura.lv\/et\/wp-json\/wp\/v2\/types\/product"}],"replies":[{"embeddable":true,"href":"https:\/\/asura.lv\/et\/wp-json\/wp\/v2\/comments?post=37509"}],"wp:featuredmedia":[{"embeddable":true,"href":"https:\/\/asura.lv\/et\/wp-json\/wp\/v2\/media\/37510"}],"wp:attachment":[{"href":"https:\/\/asura.lv\/et\/wp-json\/wp\/v2\/media?parent=37509"}],"wp:term":[{"taxonomy":"product_brand","embeddable":true,"href":"https:\/\/asura.lv\/et\/wp-json\/wp\/v2\/product_brand?post=37509"},{"taxonomy":"product_cat","embeddable":true,"href":"https:\/\/asura.lv\/et\/wp-json\/wp\/v2\/product_cat?post=37509"},{"taxonomy":"product_tag","embeddable":true,"href":"https:\/\/asura.lv\/et\/wp-json\/wp\/v2\/product_tag?post=37509"}],"curies":[{"name":"wp","href":"https:\/\/api.w.org\/{rel}","templated":true}]}}