{"id":37515,"date":"2025-11-28T21:08:44","date_gmt":"2025-11-28T21:08:44","guid":{"rendered":"https:\/\/asura.lv\/product\/torras-phone-case-upro-lstand-clear-mag-for-iphone-15-pro-transparent\/"},"modified":"2025-12-12T14:56:55","modified_gmt":"2025-12-12T12:56:55","slug":"torras-phone-case-upro-lstand-clear-mag-for-iphone-15-pro-transparent","status":"publish","type":"product","link":"https:\/\/asura.lv\/et\/toode\/torras-phone-case-upro-lstand-clear-mag-for-iphone-15-pro-transparent\/","title":{"rendered":"Torras telefoni\u00fcmbris UPRO Lstand Clear-Mag iPhone 15 PRO-le (l\u00e4bipaistev)"},"content":{"rendered":"<h3>Torras UPRO Lstand Clear-Mag \u00fcmbris iPhone 15 Pro-le (l\u00e4bipaistev)<\/h3>\n<p>Torras UPRO Lstand Clear-Mag \u00fcmbris on disainitud iPhone 15 Pro-le. Seda eristab 135\u00b0 v\u00e4ljavolditav k\u00e4epide objektiivi taga, nii et saate mugavalt t\u00f6\u00f6tada, videoid vaadata v\u00f5i videok\u00f5nesid teha. See pakub nutitelefonile t\u00f5husat kaitset kahjustuste eest ja v\u00f5imaldab juhtmevaba laadimist.<\/p>\n<p><img decoding=\"async\" src=\"https:\/\/b2b.innpro.pl\/data\/include\/cms\/Torras\/UPRO-PRO-TRANSPAREN\/4.jpg\" alt=\"Torras\/UPRO-PRO-TRANSPAREN\/4\"><\/p>\n<h3>Praktiline ja stiilne<\/h3>\n<p>Tugevate magnetitega \u00fcmbris pakub stabiilsust ja v\u00f5imaldab teil iPhone 15 Pro-d juhtmevabalt laadida. Magnetiline r\u00f5ngas v\u00f5imaldab teil iPhone&#8217;i paigutada ka magnetilisse autohoidikusse, et saaksite navigeerimist ohutult kasutada. Lisaks on toode vastupidav kollasusele, kukkumistele, pritsmetele ja kriimustustele. Lisaks on seda lihtne puhtana hoida. <\/p>\n<p><img decoding=\"async\" src=\"https:\/\/b2b.innpro.pl\/data\/include\/cms\/Torras\/UPRO-PRO-TRANSPAREN\/2.jpg\" alt=\"Torras\/UPRO-PRO-TRANSPAREN\/2\"><\/p>\n<div class=\"table-wrapper\">\n<table>\n<tbody>\n<tr>\n<th>Tootja<\/th>\n<td>Torras<\/td>\n<\/tr>\n<tr>\n<th>Mudel<\/th>\n<td>SIMPLI PRO TRANSPARENT<\/td>\n<\/tr>\n<tr>\n<th>V\u00e4rv<\/th>\n<td>l\u00e4bipaistev<\/td>\n<\/tr>\n<tr>\n<th>Sobib <\/th>\n<td>iPhone 15 Pro<\/td>\n<\/tr>\n<\/tbody>\n<\/table>\n<\/div>\n","protected":false},"excerpt":{"rendered":"<p>Torras UPRO Lstand Clear-Mag \u00fcmbris iPhone 15 Pro-le (l\u00e4bipaistev) Torras UPRO Lstand Clear-Mag \u00fcmbris on disainitud iPhone 15 Pro-le. Seda eristab 135\u00b0 v\u00e4ljavolditav k\u00e4epide objektiivi taga, nii et saate mugavalt t\u00f6\u00f6tada, videoid vaadata v\u00f5i videok\u00f5nesid teha. See pakub nutitelefonile t\u00f5husat kaitset kahjustuste eest ja v\u00f5imaldab juhtmevaba laadimist. Praktiline ja stiilne Tugevate magnetitega \u00fcmbris pakub stabiilsust [&#8230;]\n","protected":false},"featured_media":37516,"comment_status":"open","ping_status":"closed","template":"","meta":[],"product_brand":[538],"product_cat":[1248],"product_tag":[],"class_list":{"0":"post-37515","1":"product","2":"type-product","3":"status-publish","4":"has-post-thumbnail","6":"product_brand-torras","7":"product_cat-protective-cases-for-smartphones-cases-gsm-accessories","9":"first","10":"outofstock","11":"taxable","12":"shipping-taxable","13":"purchasable","14":"product-type-simple"},"aioseo_notices":[],"_links":{"self":[{"href":"https:\/\/asura.lv\/et\/wp-json\/wp\/v2\/product\/37515","targetHints":{"allow":["GET"]}}],"collection":[{"href":"https:\/\/asura.lv\/et\/wp-json\/wp\/v2\/product"}],"about":[{"href":"https:\/\/asura.lv\/et\/wp-json\/wp\/v2\/types\/product"}],"replies":[{"embeddable":true,"href":"https:\/\/asura.lv\/et\/wp-json\/wp\/v2\/comments?post=37515"}],"wp:featuredmedia":[{"embeddable":true,"href":"https:\/\/asura.lv\/et\/wp-json\/wp\/v2\/media\/37516"}],"wp:attachment":[{"href":"https:\/\/asura.lv\/et\/wp-json\/wp\/v2\/media?parent=37515"}],"wp:term":[{"taxonomy":"product_brand","embeddable":true,"href":"https:\/\/asura.lv\/et\/wp-json\/wp\/v2\/product_brand?post=37515"},{"taxonomy":"product_cat","embeddable":true,"href":"https:\/\/asura.lv\/et\/wp-json\/wp\/v2\/product_cat?post=37515"},{"taxonomy":"product_tag","embeddable":true,"href":"https:\/\/asura.lv\/et\/wp-json\/wp\/v2\/product_tag?post=37515"}],"curies":[{"name":"wp","href":"https:\/\/api.w.org\/{rel}","templated":true}]}}