{"id":37527,"date":"2025-11-28T21:08:43","date_gmt":"2025-11-28T21:08:43","guid":{"rendered":"https:\/\/asura.lv\/product\/torras-phone-case-upro-ostand-clear-for-iphone-15-pro-transparent\/"},"modified":"2025-12-12T14:56:54","modified_gmt":"2025-12-12T12:56:54","slug":"torras-phone-case-upro-ostand-clear-for-iphone-15-pro-transparent","status":"publish","type":"product","link":"https:\/\/asura.lv\/et\/toode\/torras-phone-case-upro-ostand-clear-for-iphone-15-pro-transparent\/","title":{"rendered":"Torras telefoni\u00fcmbris UPRO Ostand Clear iPhone 15 PRO jaoks (l\u00e4bipaistev)"},"content":{"rendered":"<h3>Torras UPRO Ostand Clear \u00fcmbris iPhone 15 Pro jaoks (l\u00e4bipaistev)<\/h3>\n<p>Paku oma nutitelefonile optimaalset kaitset ja naudi v\u00f5rratut mugavust Torras UPRO Ostand Clear \u00fcmbrisega. Lisatarvik on varustatud alusega, mis v\u00f5imaldab nurga reguleerimist 40\u00b0 kuni 120\u00b0 ja kasutab ka tugevaid magneteid. T\u00e4nu oma tugevale konstruktsioonile pakub see seadmele kaitset kukkumise korral.<\/p>\n<p><img decoding=\"async\" src=\"https:\/\/b2b.innpro.pl\/data\/include\/cms\/Torras\/UPRO-OSTAND-PRO-TRAN\/6.jpg\" alt=\"Torras\/UPRO-OSTAND-PRO-TRAN\/6\"><\/p>\n<h3>Magnetiline konstruktsioon<\/h3>\n<p>Torras UPRO Ostand Clear \u00fcmbris kasutab Halbachi magneteid, mis on tuntud oma usaldusv\u00e4\u00e4rse tugevuse poolest. Saate vabalt kasutada mitmesuguseid magnetilisi tarvikuid, n\u00e4iteks laadijaid, v\u00f5i kinnitada telefoni k\u00fclmkapi k\u00fclge, et mugavalt s\u00fc\u00fca teha, samal ajal kui professionaalsed salvestised teid abistavad.<\/p>\n<p><img decoding=\"async\" src=\"https:\/\/b2b.innpro.pl\/data\/include\/cms\/Torras\/UPRO-OSTAND-PRO-TRAN\/2.jpg\" alt=\"Torras\/UPRO-OSTAND-PRO-TRAN\/2\"><\/p>\n<h3>Garanteeritud kaitse<\/h3>\n<p>Te ei pea enam iga kord muretsema, kui oma nutitelefoni maha kukutate. Torras UPRO Ostand Clear \u00fcmbris pakub s\u00f5jav\u00e4estandarditele vastavat kaitset ning tugevdatud nurgad ja servad neelavad l\u00f6\u00f6ke, kaitstes seadet l\u00f6\u00f6kide eest.<\/p>\n<p><img decoding=\"async\" src=\"https:\/\/b2b.innpro.pl\/data\/include\/cms\/Torras\/UPRO-OSTAND-PRO-TRAN\/1.jpg\" alt=\"Torras\/UPRO-OSTAND-PRO-TRAN\/1\"><\/p>\n<h3>Kasutajamugavus<\/h3>\n<p>Torras \u00fcmbris on varustatud praktilise alusega, mis laiendab nutitelefoni kasutatavust. Mugavaks filmide vaatamiseks v\u00f5i videok\u00f5nede tegemiseks saate seda reguleerida 40\u00b0 kuni 120\u00b0.<\/p>\n<p><img decoding=\"async\" src=\"https:\/\/b2b.innpro.pl\/data\/include\/cms\/Torras\/UPRO-OSTAND-PRO-TRAN\/7.jpg\" alt=\"Torras\/UPRO-OSTAND-PRO-TRAN\/7\"><\/p>\n<h3>Klassikaline disain<\/h3>\n<p>Torras UPRO Ostand Clear \u00fcmbrise disain \u00fchendab endas elegantsi ja minimalismi, r\u00f5hutades teie nutitelefoni rafineeritud v\u00e4limust. Selle \u00f5huke profiil ja l\u00e4bipaistev konstruktsioon v\u00f5imaldavad teil nautida seadme originaalset disaini.<\/p>\n<p><img decoding=\"async\" src=\"https:\/\/b2b.innpro.pl\/data\/include\/cms\/Torras\/UPRO-OSTAND-PRO-TRAN\/5.jpg\" alt=\"Torras\/UPRO-OSTAND-PRO-TRAN\/5\"><\/p>\n<div class=\"table-wrapper\">\n<table>\n<tbody>\n<tr>\n<th>Tootja<\/th>\n<td>Torras<\/td>\n<\/tr>\n<tr>\n<th>Mudel<\/th>\n<td>L\u00e4bipaistev \u00fcmbris<\/td>\n<\/tr>\n<tr>\n<th>\u00dchilduvus<\/th>\n<td>iPhone 15 Pro<\/td>\n<\/tr>\n<tr>\n<th>V\u00e4rv<\/th>\n<td>L\u00e4bipaistev<\/td>\n<\/tr>\n<\/tbody>\n<\/table>\n<\/div>\n","protected":false},"excerpt":{"rendered":"<p>Torras UPRO Ostand Clear \u00fcmbris iPhone 15 Pro jaoks (l\u00e4bipaistev) Paku oma nutitelefonile optimaalset kaitset ja naudi v\u00f5rratut mugavust Torras UPRO Ostand Clear \u00fcmbrisega. Lisatarvik on varustatud alusega, mis v\u00f5imaldab nurga reguleerimist 40\u00b0 kuni 120\u00b0 ja kasutab ka tugevaid magneteid. T\u00e4nu oma tugevale konstruktsioonile pakub see seadmele kaitset kukkumise korral. Magnetiline konstruktsioon Torras UPRO Ostand [&#8230;]\n","protected":false},"featured_media":37528,"comment_status":"open","ping_status":"closed","template":"","meta":[],"product_brand":[538],"product_cat":[1248],"product_tag":[],"class_list":{"0":"post-37527","1":"product","2":"type-product","3":"status-publish","4":"has-post-thumbnail","6":"product_brand-torras","7":"product_cat-protective-cases-for-smartphones-cases-gsm-accessories","9":"first","10":"outofstock","11":"taxable","12":"shipping-taxable","13":"purchasable","14":"product-type-simple"},"aioseo_notices":[],"_links":{"self":[{"href":"https:\/\/asura.lv\/et\/wp-json\/wp\/v2\/product\/37527","targetHints":{"allow":["GET"]}}],"collection":[{"href":"https:\/\/asura.lv\/et\/wp-json\/wp\/v2\/product"}],"about":[{"href":"https:\/\/asura.lv\/et\/wp-json\/wp\/v2\/types\/product"}],"replies":[{"embeddable":true,"href":"https:\/\/asura.lv\/et\/wp-json\/wp\/v2\/comments?post=37527"}],"wp:featuredmedia":[{"embeddable":true,"href":"https:\/\/asura.lv\/et\/wp-json\/wp\/v2\/media\/37528"}],"wp:attachment":[{"href":"https:\/\/asura.lv\/et\/wp-json\/wp\/v2\/media?parent=37527"}],"wp:term":[{"taxonomy":"product_brand","embeddable":true,"href":"https:\/\/asura.lv\/et\/wp-json\/wp\/v2\/product_brand?post=37527"},{"taxonomy":"product_cat","embeddable":true,"href":"https:\/\/asura.lv\/et\/wp-json\/wp\/v2\/product_cat?post=37527"},{"taxonomy":"product_tag","embeddable":true,"href":"https:\/\/asura.lv\/et\/wp-json\/wp\/v2\/product_tag?post=37527"}],"curies":[{"name":"wp","href":"https:\/\/api.w.org\/{rel}","templated":true}]}}